{"id":702,"date":"2025-03-26T01:14:28","date_gmt":"2025-03-26T01:14:28","guid":{"rendered":"https:\/\/importadoracristinateran.com\/?post_type=product&#038;p=702"},"modified":"2025-10-08T21:49:52","modified_gmt":"2025-10-08T21:49:52","slug":"floxavet-50ml","status":"publish","type":"product","link":"https:\/\/importadoracristinateran.com\/?product=floxavet-50ml","title":{"rendered":"Floxavet 50ML"},"content":{"rendered":"<h2>Descripci\u00f3n<\/h2>\n<h5>Composici\u00f3n:<\/h5>\n<p>Cada 100 mL contienen:<\/p>\n<ul>\n<li>Ketoprofeno 10 g<\/li>\n<li>Excipiente, c.s.p. 100 mL<\/li>\n<\/ul>\n<h5>Propiedades:<\/h5>\n<p>De elecci\u00f3n en caso de c\u00f3lico equino, mastitis y traumatismos causados por golpes, accidentes y cirug\u00edas.<br \/>\nEn caso de tendinitis, artritis, sinovitis, esguinces, heridas e inflamaci\u00f3n y dolor de tejidos blandos.<\/p>\n<p><strong>MECANISMO DE ACCI\u00d3N:<\/strong><br \/>\nKetoprofeno tiene doble mecanismo de acci\u00f3n: Celular y Vascular: Los signos de inflamaci\u00f3n (rubor, tumor, calor, dolor y p\u00e9rdida de la funci\u00f3n) se presentan por la liberaci\u00f3n de sustancias vaso activas (prostaglandinas, histamina y bradiquinina). La inhibici\u00f3n de la s\u00edntesis y liberaci\u00f3n de estas sustancias, as\u00ed como el control de la respuesta celular producen un efecto antiinflamatorio completo.<\/p>\n<p><strong>1) Mecanismo celular:<\/strong>\u00a0Inhibe la s\u00edntesis de leucotrienos, por lo tanto disminuye la migraci\u00f3n de leucocitos al sitio del problema. Modera la respuesta celular.<\/p>\n<p><strong>2) Mecanismo vascular:<\/strong>\u00a0Inhibe de la s\u00edntesis y liberaci\u00f3n de sustancias vasoactivas (prostaglandinas y tromboxanos) por bloqueo de la enzima ciclooxigenasa, que convierte el \u00e1cido araquid\u00f3nico (de los fosfol\u00edpidos de las membranas celulares) en prostaglandinas y tromboxanos. Tiene efecto antipir\u00e9tico, analg\u00e9sico, moderador de la vasodilataci\u00f3n y el edema inflamatorio.<\/p>\n<h5>Indicaciones:<\/h5>\n<p>Control del dolor visceral profundo como el c\u00f3lico equino, previa valoraci\u00f3n por parte del M\u00e9dico Veterinario. Antiinflamatorio no esteroide (AINE) con actividad analg\u00e9sica y antipir\u00e9tica en patolog\u00edas de origen no infeccioso a nivel musculoesquel\u00e9tico y osteoarticular. Dolor asociado al trauma y la cirug\u00eda.<\/p>\n<h5>Dosis y v\u00eda de Administraci\u00f3n:<\/h5>\n<p>Aplicar las siguientes dosis seg\u00fan la especie. DOSIS DE FLOXAVET V\u00cdA DE APLICACI\u00d3N<\/p>\n<p><strong>EQUINOS<\/strong><br \/>\n2,2 mg\/Kg<br \/>\n1 mL\/45 Kg<br \/>\n10 mL para<br \/>\n450 Kg<br \/>\nIntravenosa<\/p>\n<p><strong>BOVINOS<\/strong><br \/>\n3 mg\/Kg<br \/>\n3 mL\/100 Kg<br \/>\n9 mL para 300 Kg<br \/>\nIntramuscular o Intravenosa<\/p>\n<p><strong>PORCINOS<\/strong><br \/>\n3 mg\/Kg<br \/>\n0,2 mL\/10 Kg<br \/>\n3 mL para 100 Kg<br \/>\nIntramuscular<\/p>\n<p><strong>CANINOS Y GATOS<\/strong><br \/>\n2 mg\/Kg<br \/>\n0,2 mL\/10 Kg<br \/>\n0,5 mL para 25 Kg<br \/>\nIntramuscular o Subcut\u00e1nea<\/p>\n<p>La frecuencia y duraci\u00f3n del tratamiento quedan a criterio del m\u00e9dico veterinario.<\/p>\n<h5>Precauciones:<\/h5>\n<p>Venta por prescripci\u00f3n del M\u00e9dico Veterinario. No asociar con otros antiinflamatorios no esteroides, ni con diur\u00e9ticos, ni con anticoagulantes.<\/p>\n<h5>Presentaci\u00f3n:<\/h5>\n<p>Frasco x 10 mL y 50 mL.<\/p>\n<h5>Reg ICA:<\/h5>\n<p>5550 D.B.<\/p>\n<h5>Uso en:<\/h5>\n<p>Bovinos, Caninos, Gatos, Ovinos y Porcinos<\/p>\n<hr \/>\n<p><em>*La informaci\u00f3n sobre este producto es de car\u00e1cter informativo, para su uso consultar con su m\u00e9dico veterinario.\u00a0<\/em><\/p>\n","protected":false},"excerpt":{"rendered":"<h5>Composici\u00f3n:<\/h5>\n<p>Cada 100 mL contienen:<\/p>\n<ul>\n<li>Ketoprofeno 10 g<\/li>\n<li>Excipiente, c.s.p. 100 mL<\/li>\n<\/ul>\n<h5>Propiedades:<\/h5>\n<p>De elecci\u00f3n en caso de c\u00f3lico equino, mastitis y traumatismos causados por golpes, accidentes y cirug\u00edas.<br \/>\nEn caso de tendinitis, artritis, sinovitis, esguinces, heridas e inflamaci\u00f3n y dolor de tejidos blandos.<\/p>\n","protected":false},"featured_media":703,"comment_status":"open","ping_status":"closed","template":"","meta":{"_uag_custom_page_level_css":"","site-sidebar-layout":"default","site-content-layout":"","ast-site-content-layout":"default","site-content-style":"default","site-sidebar-style":"default","ast-global-header-display":"","ast-banner-title-visibility":"","ast-main-header-display":"","ast-hfb-above-header-display":"","ast-hfb-below-header-display":"","ast-hfb-mobile-header-display":"","site-post-title":"","ast-breadcrumbs-content":"","ast-featured-img":"","footer-sml-layout":"","theme-transparent-header-meta":"default","adv-header-id-meta":"","stick-header-meta":"","header-above-stick-meta":"","header-main-stick-meta":"","header-below-stick-meta":"","astra-migrate-meta-layouts":"set","ast-page-background-enabled":"default","ast-page-background-meta":{"desktop":{"background-color":"var(--ast-global-color-5)","background-image":"","background-repeat":"repeat","background-position":"center center","background-size":"auto","background-attachment":"scroll","background-type":"","background-media":"","overlay-type":"","overlay-color":"","overlay-opacity":"","overlay-gradient":""},"tablet":{"background-color":"","background-image":"","background-repeat":"repeat","background-position":"center center","background-size":"auto","background-attachment":"scroll","background-type":"","background-media":"","overlay-type":"","overlay-color":"","overlay-opacity":"","overlay-gradient":""},"mobile":{"background-color":"","background-image":"","background-repeat":"repeat","background-position":"center center","background-size":"auto","background-attachment":"scroll","background-type":"","background-media":"","overlay-type":"","overlay-color":"","overlay-opacity":"","overlay-gradient":""}},"ast-content-background-meta":{"desktop":{"background-color":"var(--ast-global-color-4)","background-image":"","background-repeat":"repeat","background-position":"center center","background-size":"auto","background-attachment":"scroll","background-type":"","background-media":"","overlay-type":"","overlay-color":"","overlay-opacity":"","overlay-gradient":""},"tablet":{"background-color":"var(--ast-global-color-4)","background-image":"","background-repeat":"repeat","background-position":"center center","background-size":"auto","background-attachment":"scroll","background-type":"","background-media":"","overlay-type":"","overlay-color":"","overlay-opacity":"","overlay-gradient":""},"mobile":{"background-color":"var(--ast-global-color-4)","background-image":"","background-repeat":"repeat","background-position":"center center","background-size":"auto","background-attachment":"scroll","background-type":"","background-media":"","overlay-type":"","overlay-color":"","overlay-opacity":"","overlay-gradient":""}},"_joinchat":[]},"product_brand":[],"product_cat":[51],"product_tag":[],"class_list":{"0":"post-702","1":"product","2":"type-product","3":"status-publish","4":"has-post-thumbnail","6":"product_cat-labermasa","7":"desktop-align-left","8":"tablet-align-left","9":"mobile-align-left","11":"first","12":"instock","13":"shipping-taxable","14":"product-type-external"},"aioseo_notices":[],"uagb_featured_image_src":{"full":["https:\/\/importadoracristinateran.com\/wp-content\/uploads\/2025\/03\/P-Web-Floxavet-50.jpg",1080,1080,false],"thumbnail":["https:\/\/importadoracristinateran.com\/wp-content\/uploads\/2025\/03\/P-Web-Floxavet-50-150x150.jpg",150,150,true],"medium":["https:\/\/importadoracristinateran.com\/wp-content\/uploads\/2025\/03\/P-Web-Floxavet-50-300x300.jpg",300,300,true],"medium_large":["https:\/\/importadoracristinateran.com\/wp-content\/uploads\/2025\/03\/P-Web-Floxavet-50-768x768.jpg",768,768,true],"large":["https:\/\/importadoracristinateran.com\/wp-content\/uploads\/2025\/03\/P-Web-Floxavet-50-1024x1024.jpg",1024,1024,true],"1536x1536":["https:\/\/importadoracristinateran.com\/wp-content\/uploads\/2025\/03\/P-Web-Floxavet-50.jpg",1080,1080,false],"2048x2048":["https:\/\/importadoracristinateran.com\/wp-content\/uploads\/2025\/03\/P-Web-Floxavet-50.jpg",1080,1080,false],"woocommerce_thumbnail":["https:\/\/importadoracristinateran.com\/wp-content\/uploads\/2025\/03\/P-Web-Floxavet-50-300x300.jpg",300,300,true],"woocommerce_single":["https:\/\/importadoracristinateran.com\/wp-content\/uploads\/2025\/03\/P-Web-Floxavet-50-600x600.jpg",600,600,true],"woocommerce_gallery_thumbnail":["https:\/\/importadoracristinateran.com\/wp-content\/uploads\/2025\/03\/P-Web-Floxavet-50-100x100.jpg",100,100,true],"dgwt-wcas-product-suggestion":["https:\/\/importadoracristinateran.com\/wp-content\/uploads\/2025\/03\/P-Web-Floxavet-50-64x64.jpg",64,64,true]},"uagb_author_info":{"display_name":"mcris.import@gmail.com","author_link":"https:\/\/importadoracristinateran.com\/?author=0"},"uagb_comment_info":0,"uagb_excerpt":"Composici\u00f3n: Cada 100 mL contienen: Ketoprofeno 10 g Excipiente, c.s.p. 100 mL Propiedades: De elecci\u00f3n en caso de c\u00f3lico equino, mastitis y traumatismos causados por golpes, accidentes y cirug\u00edas. En caso de tendinitis, artritis, sinovitis, esguinces, heridas e inflamaci\u00f3n y dolor de tejidos blandos.","_links":{"self":[{"href":"https:\/\/importadoracristinateran.com\/index.php?rest_route=\/wp\/v2\/product\/702","targetHints":{"allow":["GET"]}}],"collection":[{"href":"https:\/\/importadoracristinateran.com\/index.php?rest_route=\/wp\/v2\/product"}],"about":[{"href":"https:\/\/importadoracristinateran.com\/index.php?rest_route=\/wp\/v2\/types\/product"}],"replies":[{"embeddable":true,"href":"https:\/\/importadoracristinateran.com\/index.php?rest_route=%2Fwp%2Fv2%2Fcomments&post=702"}],"wp:featuredmedia":[{"embeddable":true,"href":"https:\/\/importadoracristinateran.com\/index.php?rest_route=\/wp\/v2\/media\/703"}],"wp:attachment":[{"href":"https:\/\/importadoracristinateran.com\/index.php?rest_route=%2Fwp%2Fv2%2Fmedia&parent=702"}],"wp:term":[{"taxonomy":"product_brand","embeddable":true,"href":"https:\/\/importadoracristinateran.com\/index.php?rest_route=%2Fwp%2Fv2%2Fproduct_brand&post=702"},{"taxonomy":"product_cat","embeddable":true,"href":"https:\/\/importadoracristinateran.com\/index.php?rest_route=%2Fwp%2Fv2%2Fproduct_cat&post=702"},{"taxonomy":"product_tag","embeddable":true,"href":"https:\/\/importadoracristinateran.com\/index.php?rest_route=%2Fwp%2Fv2%2Fproduct_tag&post=702"}],"curies":[{"name":"wp","href":"https:\/\/api.w.org\/{rel}","templated":true}]}}