{"id":704,"date":"2025-03-26T01:23:09","date_gmt":"2025-03-26T01:23:09","guid":{"rendered":"https:\/\/importadoracristinateran.com\/?post_type=product&#038;p=704"},"modified":"2025-04-25T18:19:49","modified_gmt":"2025-04-25T18:19:49","slug":"jabon-piojiderma","status":"publish","type":"product","link":"https:\/\/importadoracristinateran.com\/?product=jabon-piojiderma","title":{"rendered":"Jab\u00f3n Piojiderma"},"content":{"rendered":"<h2>Descripci\u00f3n<\/h2>\n<h5>Composici\u00f3n:<\/h5>\n<p>Cada 100 g contienen:<\/p>\n<ul>\n<li>Permetrina 1 g.<\/li>\n<li>Excipientes c.s.p. 100 g.<\/li>\n<\/ul>\n<h5>Propiedades:<\/h5>\n<p>La Permetrina es una sustancia extremadamente t\u00f3xica para los par\u00e1sitos externos pero muy segura para los mam\u00edferos. Paraliza, mata y desprende a los artr\u00f3podos al bloquear el cierre de los canales de Sodio en la membrana de la c\u00e9lula nerviosa, causando despolarizaci\u00f3n sostenida del SNC (retraso de la repolarizaci\u00f3n) hiperexitaci\u00f3n y par\u00e1lisis muscular permanente hasta la muerte. Act\u00faa como repelente de insectos con un efecto residual hasta por 7 d\u00edas.<\/p>\n<h5>Indicaciones:<\/h5>\n<p>En perros y gatos para el tratamiento contra par\u00e1sitos externos: pulgas (Pulex irritans, Ctenocephalides felis y canis); piojos (Trichodectes canis, Felicola subrostrata, Linognathus setosus, Heterodoxus spiniger) y garrapatas (Rhipicephalus sanguineus, Dermacentor variabilis, Ixodes y Amblyomma).<\/p>\n<h5>Contraindicaciones y Precauciones:<\/h5>\n<p>Leer la informaci\u00f3n de la caja antes de usar el producto. No rociar ni verter aguas residuales a estanques con peces. Es irritante para los ojos. En caso de contacto, lavar con abundante agua. En caso de intoxicaci\u00f3n, llamar o llevar al paciente al M\u00e9dico y mostrarle el empaque del Jab\u00f3n.<\/p>\n<p>En caso de intoxicaci\u00f3n del animal, llamar al M\u00e9dico Veterinario.<\/p>\n<p>No comer, no beber y no fumar durante el uso del producto.<\/p>\n<p>Los residuos y\/o empaques vac\u00edos deben tener una disposici\u00f3n final de acuerdo a las normas legales vigentes.<\/p>\n<h5>Modo de Empleo:<\/h5>\n<p>Uso externo \u00fanicamente. Mojar el pelo y la piel del animal, frotar en todo el cuerpo hasta formar abundante espuma, masajear a contrapelo y dejar actuar 5 minutos. Enjuagar con abundante agua. Ante la presencia de nuevos par\u00e1sitos externos, repetir el tratamiento cuantas veces sea necesario y fumigar con AMITRAZ-Erma para controlar los par\u00e1sitos en todos los sitios que frecuente la mascota.<\/p>\n<h5>Presentaci\u00f3n:<\/h5>\n<p>Pasta X 100 g.<\/p>\n<h5>Reg ICA:<\/h5>\n<p>5472 D.B.<\/p>\n<h5>Uso en:<\/h5>\n<p>Caninos y Gatos<\/p>\n<hr \/>\n<p><em>*La informaci\u00f3n sobre este producto es de car\u00e1cter informativo, para su uso consultar con su m\u00e9dico veterinario.\u00a0<\/em><\/p>\n","protected":false},"excerpt":{"rendered":"<h5>Composici\u00f3n:<\/h5>\n<p>Cada 100 g contienen:<\/p>\n<ul>\n<li>Permetrina 1 g.<\/li>\n<li>Excipientes c.s.p. 100 g.<\/li>\n<\/ul>\n<h5>Propiedades:<\/h5>\n<p>La Permetrina es una sustancia extremadamente t\u00f3xica para los par\u00e1sitos externos pero muy segura para los mam\u00edferos. Paraliza, mata y desprende a los artr\u00f3podos al bloquear el cierre de los canales de Sodio en la membrana de la c\u00e9lula nerviosa, causando despolarizaci\u00f3n sostenida del SNC (retraso de la repolarizaci\u00f3n) hiperexitaci\u00f3n y par\u00e1lisis muscular permanente hasta la muerte. Act\u00faa como repelente de insectos con un efecto residual hasta por 7 d\u00edas.<\/p>\n","protected":false},"featured_media":705,"comment_status":"open","ping_status":"closed","template":"","meta":{"_uag_custom_page_level_css":"","site-sidebar-layout":"default","site-content-layout":"","ast-site-content-layout":"default","site-content-style":"default","site-sidebar-style":"default","ast-global-header-display":"","ast-banner-title-visibility":"","ast-main-header-display":"","ast-hfb-above-header-display":"","ast-hfb-below-header-display":"","ast-hfb-mobile-header-display":"","site-post-title":"","ast-breadcrumbs-content":"","ast-featured-img":"","footer-sml-layout":"","theme-transparent-header-meta":"default","adv-header-id-meta":"","stick-header-meta":"","header-above-stick-meta":"","header-main-stick-meta":"","header-below-stick-meta":"","astra-migrate-meta-layouts":"set","ast-page-background-enabled":"default","ast-page-background-meta":{"desktop":{"background-color":"var(--ast-global-color-5)","background-image":"","background-repeat":"repeat","background-position":"center center","background-size":"auto","background-attachment":"scroll","background-type":"","background-media":"","overlay-type":"","overlay-color":"","overlay-opacity":"","overlay-gradient":""},"tablet":{"background-color":"","background-image":"","background-repeat":"repeat","background-position":"center center","background-size":"auto","background-attachment":"scroll","background-type":"","background-media":"","overlay-type":"","overlay-color":"","overlay-opacity":"","overlay-gradient":""},"mobile":{"background-color":"","background-image":"","background-repeat":"repeat","background-position":"center center","background-size":"auto","background-attachment":"scroll","background-type":"","background-media":"","overlay-type":"","overlay-color":"","overlay-opacity":"","overlay-gradient":""}},"ast-content-background-meta":{"desktop":{"background-color":"var(--ast-global-color-4)","background-image":"","background-repeat":"repeat","background-position":"center center","background-size":"auto","background-attachment":"scroll","background-type":"","background-media":"","overlay-type":"","overlay-color":"","overlay-opacity":"","overlay-gradient":""},"tablet":{"background-color":"var(--ast-global-color-4)","background-image":"","background-repeat":"repeat","background-position":"center center","background-size":"auto","background-attachment":"scroll","background-type":"","background-media":"","overlay-type":"","overlay-color":"","overlay-opacity":"","overlay-gradient":""},"mobile":{"background-color":"var(--ast-global-color-4)","background-image":"","background-repeat":"repeat","background-position":"center center","background-size":"auto","background-attachment":"scroll","background-type":"","background-media":"","overlay-type":"","overlay-color":"","overlay-opacity":"","overlay-gradient":""}},"_joinchat":[]},"product_brand":[],"product_cat":[51],"product_tag":[],"class_list":{"0":"post-704","1":"product","2":"type-product","3":"status-publish","4":"has-post-thumbnail","6":"product_cat-labermasa","7":"desktop-align-left","8":"tablet-align-left","9":"mobile-align-left","11":"first","12":"instock","13":"shipping-taxable","14":"product-type-external"},"aioseo_notices":[],"uagb_featured_image_src":{"full":["https:\/\/importadoracristinateran.com\/wp-content\/uploads\/2025\/03\/P-Web-Piojiderma.jpg",1080,1080,false],"thumbnail":["https:\/\/importadoracristinateran.com\/wp-content\/uploads\/2025\/03\/P-Web-Piojiderma-150x150.jpg",150,150,true],"medium":["https:\/\/importadoracristinateran.com\/wp-content\/uploads\/2025\/03\/P-Web-Piojiderma-300x300.jpg",300,300,true],"medium_large":["https:\/\/importadoracristinateran.com\/wp-content\/uploads\/2025\/03\/P-Web-Piojiderma-768x768.jpg",768,768,true],"large":["https:\/\/importadoracristinateran.com\/wp-content\/uploads\/2025\/03\/P-Web-Piojiderma-1024x1024.jpg",1024,1024,true],"1536x1536":["https:\/\/importadoracristinateran.com\/wp-content\/uploads\/2025\/03\/P-Web-Piojiderma.jpg",1080,1080,false],"2048x2048":["https:\/\/importadoracristinateran.com\/wp-content\/uploads\/2025\/03\/P-Web-Piojiderma.jpg",1080,1080,false],"woocommerce_thumbnail":["https:\/\/importadoracristinateran.com\/wp-content\/uploads\/2025\/03\/P-Web-Piojiderma-300x300.jpg",300,300,true],"woocommerce_single":["https:\/\/importadoracristinateran.com\/wp-content\/uploads\/2025\/03\/P-Web-Piojiderma-600x600.jpg",600,600,true],"woocommerce_gallery_thumbnail":["https:\/\/importadoracristinateran.com\/wp-content\/uploads\/2025\/03\/P-Web-Piojiderma-100x100.jpg",100,100,true],"dgwt-wcas-product-suggestion":["https:\/\/importadoracristinateran.com\/wp-content\/uploads\/2025\/03\/P-Web-Piojiderma-64x64.jpg",64,64,true]},"uagb_author_info":{"display_name":"mcris.import@gmail.com","author_link":"https:\/\/importadoracristinateran.com\/?author=0"},"uagb_comment_info":0,"uagb_excerpt":"Composici\u00f3n: Cada 100 g contienen: Permetrina 1 g. Excipientes c.s.p. 100 g. Propiedades: La Permetrina es una sustancia extremadamente t\u00f3xica para los par\u00e1sitos externos pero muy segura para los mam\u00edferos. Paraliza, mata y desprende a los artr\u00f3podos al bloquear el cierre de los canales de Sodio en la membrana de la c\u00e9lula nerviosa, causando despolarizaci\u00f3n&hellip;","_links":{"self":[{"href":"https:\/\/importadoracristinateran.com\/index.php?rest_route=\/wp\/v2\/product\/704","targetHints":{"allow":["GET"]}}],"collection":[{"href":"https:\/\/importadoracristinateran.com\/index.php?rest_route=\/wp\/v2\/product"}],"about":[{"href":"https:\/\/importadoracristinateran.com\/index.php?rest_route=\/wp\/v2\/types\/product"}],"replies":[{"embeddable":true,"href":"https:\/\/importadoracristinateran.com\/index.php?rest_route=%2Fwp%2Fv2%2Fcomments&post=704"}],"wp:featuredmedia":[{"embeddable":true,"href":"https:\/\/importadoracristinateran.com\/index.php?rest_route=\/wp\/v2\/media\/705"}],"wp:attachment":[{"href":"https:\/\/importadoracristinateran.com\/index.php?rest_route=%2Fwp%2Fv2%2Fmedia&parent=704"}],"wp:term":[{"taxonomy":"product_brand","embeddable":true,"href":"https:\/\/importadoracristinateran.com\/index.php?rest_route=%2Fwp%2Fv2%2Fproduct_brand&post=704"},{"taxonomy":"product_cat","embeddable":true,"href":"https:\/\/importadoracristinateran.com\/index.php?rest_route=%2Fwp%2Fv2%2Fproduct_cat&post=704"},{"taxonomy":"product_tag","embeddable":true,"href":"https:\/\/importadoracristinateran.com\/index.php?rest_route=%2Fwp%2Fv2%2Fproduct_tag&post=704"}],"curies":[{"name":"wp","href":"https:\/\/api.w.org\/{rel}","templated":true}]}}