{"id":706,"date":"2025-03-26T01:30:42","date_gmt":"2025-03-26T01:30:42","guid":{"rendered":"https:\/\/importadoracristinateran.com\/?post_type=product&#038;p=706"},"modified":"2025-05-10T00:31:07","modified_gmt":"2025-05-10T00:31:07","slug":"verdemint-50gr","status":"publish","type":"product","link":"https:\/\/importadoracristinateran.com\/?product=verdemint-50gr","title":{"rendered":"Verdemint 50gr"},"content":{"rendered":"<h2>Descripci\u00f3n<\/h2>\n<h5>Composici\u00f3n:<\/h5>\n<p>Cada 100 g de Verdemint contienen:<\/p>\n<ul>\n<li>Bacitracina de zinc 675.5 mg<\/li>\n<li>Neomicina 500 mg<\/li>\n<li>Oxido de zinc 15 g<\/li>\n<li>Excipientes c.s.p. 100 g<\/li>\n<\/ul>\n<p><strong>Neomicina:<\/strong>\u00a0Antibi\u00f3tico aminogluc\u00f3sido que inhibe de la s\u00edntesis de prote\u00edna mediante uni\u00f3n y bloqueo de la subunidad 30 s del ribosoma bacteriano.<\/p>\n<p><strong>\u00d3xido de Zinc:<\/strong>\u00a0astringente que alivia irritaciones e inflamaciones locales al disminuir el flujo de mucosa y de otras secreciones.<\/p>\n<p><strong>Secante y cicatrizante. Zinc:<\/strong>\u00a0es un potente antioxidante natural y hace parte de la enzima antioxidante superoxidodismutasa, aumenta la absorci\u00f3n de la vitamina A. Interviene en la s\u00edntesis de col\u00e1geno para la queratinizaci\u00f3n de la epidermis. El \u00d3xido de Zinc act\u00faa como astringente-secante. Promueve el alivio de irritaciones e inflamaciones locales al disminuir el flujo de mucosa y de otras secreciones.<\/p>\n<p><strong>Bacitracina de Zinc:<\/strong>\u00a0Antibi\u00f3tico poli p\u00e9ptido. Tratamiento de las infecciones bacterianas de la piel y prevenci\u00f3n de infecci\u00f3n de quemaduras, cortadas o raspaduras superficiales y profundas. Interfiere en la des fosforilaci\u00f3n del C55-fosfato de isoprenil, una mol\u00e9cula que transporta los elementos estructurales del p\u00e9ptido glicano en la membrana celular bacteriana<\/p>\n<h5>Indicaciones:<\/h5>\n<p>Tratamiento de infecciones externas post- traumatismos o post-operatorios; eczemas y piodermas producidos por Staphylococcus sp., Streptococcus sp., Corynebacterium sp. y Proteus sp.<\/p>\n<h5>USOS:<\/h5>\n<p>Tratamiento de todo tipo de heridas (por trauma, infecci\u00f3n o cirug\u00eda), quemaduras, escoriaciones, eczema y piodermas (dermatitis con pus).<\/p>\n<p>VERDEMINT se utiliza diariamente para desinfecci\u00f3n de ombligos en reci\u00e9n nacidos, en heridas de ubre y grietas en pezones, heridas de dif\u00edcil cicatrizaci\u00f3n (\u00falceras) y laceraciones causadas por sillas y arneses en equinos.<\/p>\n<p>VERDEMINT se puede usar para el control de miasis o gusaneras mezclado con productos insecticidas de uso t\u00f3pico que contengan coumaphos, metrifonato o diclorv\u00f3s.<\/p>\n<h5>Dosis y v\u00eda de Administraci\u00f3n:<\/h5>\n<p>Aplicar de 2 a 5 veces al d\u00eda en cantidad suficiente para cubrir la herida, hasta el cierre y la completa cicatrizaci\u00f3n. La frecuencia y duraci\u00f3n del tratamiento quedan a criterio del M\u00e9dico Veterinario.<\/p>\n<p>En caso de heridas sucias o contaminadas, antes de la primera aplicaci\u00f3n, lavar con jab\u00f3n o soluciones antis\u00e9pticas, secar y aplicar uniformemente durante el tiempo que sea necesario hasta la recuperaci\u00f3n total del tejido.<\/p>\n<h5>Contraindicaciones y Precauciones:<\/h5>\n<p>Cons\u00e9rvese a temperatura inferior a 30\u00b0C. Venta por prescripci\u00f3n del M\u00e9dico Veterinario. Mant\u00e9ngase fuera del alcance de los ni\u00f1os.<\/p>\n<h5>Presentaci\u00f3n:<\/h5>\n<p>Frasco de 50 g. Frasco de 300 g<\/p>\n<h5>Reg ICA:<\/h5>\n<p>4384 D.B.<\/p>\n<h5>Uso en:<\/h5>\n<p>Bovinos, Caninos, Equinos, Ovinos y Porcinos.<\/p>\n<hr \/>\n<p><em>*La informaci\u00f3n sobre este producto es de car\u00e1cter informativo, para su uso consultar con su m\u00e9dico veterinario.<\/em><\/p>\n","protected":false},"excerpt":{"rendered":"<h5>Composici\u00f3n:<\/h5>\n<p>Cada 100 g de Verdemint contienen:<\/p>\n<ul>\n<li>Bacitracina de zinc 675.5 mg<\/li>\n<li>Neomicina 500 mg<\/li>\n<li>Oxido de zinc 15 g<\/li>\n<li>Excipientes c.s.p. 100 g<\/li>\n<\/ul>\n<p><strong>Neomicina:<\/strong>\u00a0Antibi\u00f3tico aminogluc\u00f3sido que inhibe de la s\u00edntesis de prote\u00edna mediante uni\u00f3n y bloqueo de la subunidad 30 s del ribosoma bacteriano.<\/p>\n","protected":false},"featured_media":707,"comment_status":"open","ping_status":"closed","template":"","meta":{"_uag_custom_page_level_css":"","site-sidebar-layout":"default","site-content-layout":"","ast-site-content-layout":"default","site-content-style":"default","site-sidebar-style":"default","ast-global-header-display":"","ast-banner-title-visibility":"","ast-main-header-display":"","ast-hfb-above-header-display":"","ast-hfb-below-header-display":"","ast-hfb-mobile-header-display":"","site-post-title":"","ast-breadcrumbs-content":"","ast-featured-img":"","footer-sml-layout":"","theme-transparent-header-meta":"default","adv-header-id-meta":"","stick-header-meta":"","header-above-stick-meta":"","header-main-stick-meta":"","header-below-stick-meta":"","astra-migrate-meta-layouts":"set","ast-page-background-enabled":"default","ast-page-background-meta":{"desktop":{"background-color":"var(--ast-global-color-5)","background-image":"","background-repeat":"repeat","background-position":"center center","background-size":"auto","background-attachment":"scroll","background-type":"","background-media":"","overlay-type":"","overlay-color":"","overlay-opacity":"","overlay-gradient":""},"tablet":{"background-color":"","background-image":"","background-repeat":"repeat","background-position":"center center","background-size":"auto","background-attachment":"scroll","background-type":"","background-media":"","overlay-type":"","overlay-color":"","overlay-opacity":"","overlay-gradient":""},"mobile":{"background-color":"","background-image":"","background-repeat":"repeat","background-position":"center center","background-size":"auto","background-attachment":"scroll","background-type":"","background-media":"","overlay-type":"","overlay-color":"","overlay-opacity":"","overlay-gradient":""}},"ast-content-background-meta":{"desktop":{"background-color":"var(--ast-global-color-4)","background-image":"","background-repeat":"repeat","background-position":"center center","background-size":"auto","background-attachment":"scroll","background-type":"","background-media":"","overlay-type":"","overlay-color":"","overlay-opacity":"","overlay-gradient":""},"tablet":{"background-color":"var(--ast-global-color-4)","background-image":"","background-repeat":"repeat","background-position":"center center","background-size":"auto","background-attachment":"scroll","background-type":"","background-media":"","overlay-type":"","overlay-color":"","overlay-opacity":"","overlay-gradient":""},"mobile":{"background-color":"var(--ast-global-color-4)","background-image":"","background-repeat":"repeat","background-position":"center center","background-size":"auto","background-attachment":"scroll","background-type":"","background-media":"","overlay-type":"","overlay-color":"","overlay-opacity":"","overlay-gradient":""}},"_joinchat":[]},"product_brand":[],"product_cat":[51],"product_tag":[],"class_list":{"0":"post-706","1":"product","2":"type-product","3":"status-publish","4":"has-post-thumbnail","6":"product_cat-labermasa","7":"desktop-align-left","8":"tablet-align-left","9":"mobile-align-left","11":"first","12":"instock","13":"shipping-taxable","14":"product-type-external"},"aioseo_notices":[],"uagb_featured_image_src":{"full":["https:\/\/importadoracristinateran.com\/wp-content\/uploads\/2025\/03\/P-Web-Verdemint-50.jpg",1080,1080,false],"thumbnail":["https:\/\/importadoracristinateran.com\/wp-content\/uploads\/2025\/03\/P-Web-Verdemint-50-150x150.jpg",150,150,true],"medium":["https:\/\/importadoracristinateran.com\/wp-content\/uploads\/2025\/03\/P-Web-Verdemint-50-300x300.jpg",300,300,true],"medium_large":["https:\/\/importadoracristinateran.com\/wp-content\/uploads\/2025\/03\/P-Web-Verdemint-50-768x768.jpg",768,768,true],"large":["https:\/\/importadoracristinateran.com\/wp-content\/uploads\/2025\/03\/P-Web-Verdemint-50-1024x1024.jpg",1024,1024,true],"1536x1536":["https:\/\/importadoracristinateran.com\/wp-content\/uploads\/2025\/03\/P-Web-Verdemint-50.jpg",1080,1080,false],"2048x2048":["https:\/\/importadoracristinateran.com\/wp-content\/uploads\/2025\/03\/P-Web-Verdemint-50.jpg",1080,1080,false],"woocommerce_thumbnail":["https:\/\/importadoracristinateran.com\/wp-content\/uploads\/2025\/03\/P-Web-Verdemint-50-300x300.jpg",300,300,true],"woocommerce_single":["https:\/\/importadoracristinateran.com\/wp-content\/uploads\/2025\/03\/P-Web-Verdemint-50-600x600.jpg",600,600,true],"woocommerce_gallery_thumbnail":["https:\/\/importadoracristinateran.com\/wp-content\/uploads\/2025\/03\/P-Web-Verdemint-50-100x100.jpg",100,100,true],"dgwt-wcas-product-suggestion":["https:\/\/importadoracristinateran.com\/wp-content\/uploads\/2025\/03\/P-Web-Verdemint-50-64x64.jpg",64,64,true]},"uagb_author_info":{"display_name":"mcris.import@gmail.com","author_link":"https:\/\/importadoracristinateran.com\/?author=0"},"uagb_comment_info":0,"uagb_excerpt":"Composici\u00f3n: Cada 100 g de Verdemint contienen: Bacitracina de zinc 675.5 mg Neomicina 500 mg Oxido de zinc 15 g Excipientes c.s.p. 100 g Neomicina:\u00a0Antibi\u00f3tico aminogluc\u00f3sido que inhibe de la s\u00edntesis de prote\u00edna mediante uni\u00f3n y bloqueo de la subunidad 30 s del ribosoma bacteriano.","_links":{"self":[{"href":"https:\/\/importadoracristinateran.com\/index.php?rest_route=\/wp\/v2\/product\/706","targetHints":{"allow":["GET"]}}],"collection":[{"href":"https:\/\/importadoracristinateran.com\/index.php?rest_route=\/wp\/v2\/product"}],"about":[{"href":"https:\/\/importadoracristinateran.com\/index.php?rest_route=\/wp\/v2\/types\/product"}],"replies":[{"embeddable":true,"href":"https:\/\/importadoracristinateran.com\/index.php?rest_route=%2Fwp%2Fv2%2Fcomments&post=706"}],"wp:featuredmedia":[{"embeddable":true,"href":"https:\/\/importadoracristinateran.com\/index.php?rest_route=\/wp\/v2\/media\/707"}],"wp:attachment":[{"href":"https:\/\/importadoracristinateran.com\/index.php?rest_route=%2Fwp%2Fv2%2Fmedia&parent=706"}],"wp:term":[{"taxonomy":"product_brand","embeddable":true,"href":"https:\/\/importadoracristinateran.com\/index.php?rest_route=%2Fwp%2Fv2%2Fproduct_brand&post=706"},{"taxonomy":"product_cat","embeddable":true,"href":"https:\/\/importadoracristinateran.com\/index.php?rest_route=%2Fwp%2Fv2%2Fproduct_cat&post=706"},{"taxonomy":"product_tag","embeddable":true,"href":"https:\/\/importadoracristinateran.com\/index.php?rest_route=%2Fwp%2Fv2%2Fproduct_tag&post=706"}],"curies":[{"name":"wp","href":"https:\/\/api.w.org\/{rel}","templated":true}]}}