{"id":708,"date":"2025-03-26T01:38:32","date_gmt":"2025-03-26T01:38:32","guid":{"rendered":"https:\/\/importadoracristinateran.com\/?post_type=product&#038;p=708"},"modified":"2025-05-06T17:35:26","modified_gmt":"2025-05-06T17:35:26","slug":"albex-comprimidos","status":"publish","type":"product","link":"https:\/\/importadoracristinateran.com\/?product=albex-comprimidos","title":{"rendered":"Albex comprimidos"},"content":{"rendered":"<h4>Antiparasitario interno de amplio espectro<\/h4>\n<p><strong><br \/>\nF\u00f3rmula:<\/strong>\u00a0Cada comprimido de 650 mg contiene: Albendazol 500 mg, Praziquantel 50 mg y saborizante.<\/p>\n<p><strong>Indicaciones:<\/strong>\u00a0Tratamiento de parasitosis internas producidas por nematodes y cestodes. No administrar en hembras en el primer mes de pre\u00f1ez.<\/p>\n<p><strong>Dosis:<\/strong>\u00a01 comprimido cada 10 kg de peso (50 mg\/kg de Albendazol y 5 mg\/kg de Praziquantel). Intervalo entre dosis: Cada 24 horas. Duraci\u00f3n del tratamiento: Caninos: 2 d\u00edas consecutivos. Repetir a los 15 d\u00edas de igual forma. Felinos: 2 d\u00edas consecutivos. En caso de trichuriasis administrar durante 3 a 5 d\u00edas.<\/p>\n<p><strong>V\u00eda de administraci\u00f3n:<\/strong>\u00a0Oral.<br \/>\n<strong>Presentaci\u00f3n:<\/strong>\u00a0Caja hospitalaria de 30 flow packs por 10 comprimidos. Caja premium con un bl\u00edster con 10 comprimidos.<br \/>\n<strong>Exportaci\u00f3n:<\/strong>\u00a0Caja hospitalaria de 10 flow packs.<\/p>\n<p>\u2022 Amplio espectro parasitario.<\/p>\n<p>\u2022 Alta actividad en tenias.<\/p>\n","protected":false},"excerpt":{"rendered":"<p><strong>F\u00f3rmula:<\/strong>\u00a0Cada comprimido de 650 mg contiene: Albendazol 500 mg, Praziquantel 50 mg y saborizante.<\/p>\n<p><strong>Indicaciones:<\/strong>\u00a0Tratamiento de parasitosis internas producidas por nematodes y cestodes. No administrar en hembras en el primer mes de pre\u00f1ez.<\/p>\n","protected":false},"featured_media":709,"comment_status":"open","ping_status":"closed","template":"","meta":{"_uag_custom_page_level_css":"","site-sidebar-layout":"default","site-content-layout":"","ast-site-content-layout":"default","site-content-style":"default","site-sidebar-style":"default","ast-global-header-display":"","ast-banner-title-visibility":"","ast-main-header-display":"","ast-hfb-above-header-display":"","ast-hfb-below-header-display":"","ast-hfb-mobile-header-display":"","site-post-title":"","ast-breadcrumbs-content":"","ast-featured-img":"","footer-sml-layout":"","theme-transparent-header-meta":"default","adv-header-id-meta":"","stick-header-meta":"","header-above-stick-meta":"","header-main-stick-meta":"","header-below-stick-meta":"","astra-migrate-meta-layouts":"set","ast-page-background-enabled":"default","ast-page-background-meta":{"desktop":{"background-color":"var(--ast-global-color-5)","background-image":"","background-repeat":"repeat","background-position":"center center","background-size":"auto","background-attachment":"scroll","background-type":"","background-media":"","overlay-type":"","overlay-color":"","overlay-opacity":"","overlay-gradient":""},"tablet":{"background-color":"","background-image":"","background-repeat":"repeat","background-position":"center center","background-size":"auto","background-attachment":"scroll","background-type":"","background-media":"","overlay-type":"","overlay-color":"","overlay-opacity":"","overlay-gradient":""},"mobile":{"background-color":"","background-image":"","background-repeat":"repeat","background-position":"center center","background-size":"auto","background-attachment":"scroll","background-type":"","background-media":"","overlay-type":"","overlay-color":"","overlay-opacity":"","overlay-gradient":""}},"ast-content-background-meta":{"desktop":{"background-color":"var(--ast-global-color-4)","background-image":"","background-repeat":"repeat","background-position":"center center","background-size":"auto","background-attachment":"scroll","background-type":"","background-media":"","overlay-type":"","overlay-color":"","overlay-opacity":"","overlay-gradient":""},"tablet":{"background-color":"var(--ast-global-color-4)","background-image":"","background-repeat":"repeat","background-position":"center center","background-size":"auto","background-attachment":"scroll","background-type":"","background-media":"","overlay-type":"","overlay-color":"","overlay-opacity":"","overlay-gradient":""},"mobile":{"background-color":"var(--ast-global-color-4)","background-image":"","background-repeat":"repeat","background-position":"center center","background-size":"auto","background-attachment":"scroll","background-type":"","background-media":"","overlay-type":"","overlay-color":"","overlay-opacity":"","overlay-gradient":""}},"_joinchat":[]},"product_brand":[],"product_cat":[42],"product_tag":[95],"class_list":{"0":"post-708","1":"product","2":"type-product","3":"status-publish","4":"has-post-thumbnail","6":"product_cat-labzoovet","7":"product_tag-comprimidos","8":"desktop-align-left","9":"tablet-align-left","10":"mobile-align-left","12":"first","13":"instock","14":"shipping-taxable","15":"product-type-external"},"aioseo_notices":[],"uagb_featured_image_src":{"full":["https:\/\/importadoracristinateran.com\/wp-content\/uploads\/2025\/03\/albexcomprimidos.jpg",900,567,false],"thumbnail":["https:\/\/importadoracristinateran.com\/wp-content\/uploads\/2025\/03\/albexcomprimidos-150x150.jpg",150,150,true],"medium":["https:\/\/importadoracristinateran.com\/wp-content\/uploads\/2025\/03\/albexcomprimidos-300x189.jpg",300,189,true],"medium_large":["https:\/\/importadoracristinateran.com\/wp-content\/uploads\/2025\/03\/albexcomprimidos-768x484.jpg",768,484,true],"large":["https:\/\/importadoracristinateran.com\/wp-content\/uploads\/2025\/03\/albexcomprimidos.jpg",900,567,false],"1536x1536":["https:\/\/importadoracristinateran.com\/wp-content\/uploads\/2025\/03\/albexcomprimidos.jpg",900,567,false],"2048x2048":["https:\/\/importadoracristinateran.com\/wp-content\/uploads\/2025\/03\/albexcomprimidos.jpg",900,567,false],"woocommerce_thumbnail":["https:\/\/importadoracristinateran.com\/wp-content\/uploads\/2025\/03\/albexcomprimidos-300x300.jpg",300,300,true],"woocommerce_single":["https:\/\/importadoracristinateran.com\/wp-content\/uploads\/2025\/03\/albexcomprimidos-600x378.jpg",600,378,true],"woocommerce_gallery_thumbnail":["https:\/\/importadoracristinateran.com\/wp-content\/uploads\/2025\/03\/albexcomprimidos-100x100.jpg",100,100,true],"dgwt-wcas-product-suggestion":["https:\/\/importadoracristinateran.com\/wp-content\/uploads\/2025\/03\/albexcomprimidos-64x40.jpg",64,40,true]},"uagb_author_info":{"display_name":"mcris.import@gmail.com","author_link":"https:\/\/importadoracristinateran.com\/?author=0"},"uagb_comment_info":0,"uagb_excerpt":"F\u00f3rmula:\u00a0Cada comprimido de 650 mg contiene: Albendazol 500 mg, Praziquantel 50 mg y saborizante. Indicaciones:\u00a0Tratamiento de parasitosis internas producidas por nematodes y cestodes. No administrar en hembras en el primer mes de pre\u00f1ez.","_links":{"self":[{"href":"https:\/\/importadoracristinateran.com\/index.php?rest_route=\/wp\/v2\/product\/708","targetHints":{"allow":["GET"]}}],"collection":[{"href":"https:\/\/importadoracristinateran.com\/index.php?rest_route=\/wp\/v2\/product"}],"about":[{"href":"https:\/\/importadoracristinateran.com\/index.php?rest_route=\/wp\/v2\/types\/product"}],"replies":[{"embeddable":true,"href":"https:\/\/importadoracristinateran.com\/index.php?rest_route=%2Fwp%2Fv2%2Fcomments&post=708"}],"wp:featuredmedia":[{"embeddable":true,"href":"https:\/\/importadoracristinateran.com\/index.php?rest_route=\/wp\/v2\/media\/709"}],"wp:attachment":[{"href":"https:\/\/importadoracristinateran.com\/index.php?rest_route=%2Fwp%2Fv2%2Fmedia&parent=708"}],"wp:term":[{"taxonomy":"product_brand","embeddable":true,"href":"https:\/\/importadoracristinateran.com\/index.php?rest_route=%2Fwp%2Fv2%2Fproduct_brand&post=708"},{"taxonomy":"product_cat","embeddable":true,"href":"https:\/\/importadoracristinateran.com\/index.php?rest_route=%2Fwp%2Fv2%2Fproduct_cat&post=708"},{"taxonomy":"product_tag","embeddable":true,"href":"https:\/\/importadoracristinateran.com\/index.php?rest_route=%2Fwp%2Fv2%2Fproduct_tag&post=708"}],"curies":[{"name":"wp","href":"https:\/\/api.w.org\/{rel}","templated":true}]}}