{"id":710,"date":"2025-03-26T01:43:28","date_gmt":"2025-03-26T01:43:28","guid":{"rendered":"https:\/\/importadoracristinateran.com\/?post_type=product&#038;p=710"},"modified":"2025-10-08T21:53:30","modified_gmt":"2025-10-08T21:53:30","slug":"sincelar-i-zoovet","status":"publish","type":"product","link":"https:\/\/importadoracristinateran.com\/?product=sincelar-i-zoovet","title":{"rendered":"Sincelar I Zoovet"},"content":{"rendered":"<h4>Anticonceptivo inyectable<\/h4>\n<p><strong>F\u00f3rmula:<\/strong>\u00a0Medroxiprogesterona Acetato 5 %.<\/p>\n<p><strong>Indicaciones:<\/strong>\u00a0Prevenci\u00f3n del estro en caninos y felinos (hembras) en anestro.<\/p>\n<p><strong>Dosis:<\/strong>\u00a0Caninos peque\u00f1os\/medianos y felinos (hembras): 1 ml (50 mg) dosis total y \u00fanica. Caninos grandes (de m\u00e1s de 30 kg de peso): 1,5 ml (75 mg) dosis total y \u00fanica. Repetir cada 5 &#8211; 6 meses.<br \/>\n<strong>V\u00eda de administraci\u00f3n:<\/strong> Subcut\u00e1nea.<br \/>\n<strong>Presentaci\u00f3n:<\/strong> Caja de 10 ampollas por 1 ml o 1,5 ml y frasco multidosis por 10 ml.<br \/>\n\u2022 Envase multidosis, ideal para el uso en consultorios.<\/p>\n","protected":false},"excerpt":{"rendered":"<p><strong>F\u00f3rmula:<\/strong>\u00a0Medroxiprogesterona Acetato 5 %.<\/p>\n<p><strong>Indicaciones:<\/strong>\u00a0Prevenci\u00f3n del estro en caninos y felinos (hembras) en anestro.<\/p>\n","protected":false},"featured_media":711,"comment_status":"open","ping_status":"closed","template":"","meta":{"_uag_custom_page_level_css":"","site-sidebar-layout":"default","site-content-layout":"","ast-site-content-layout":"default","site-content-style":"default","site-sidebar-style":"default","ast-global-header-display":"","ast-banner-title-visibility":"","ast-main-header-display":"","ast-hfb-above-header-display":"","ast-hfb-below-header-display":"","ast-hfb-mobile-header-display":"","site-post-title":"","ast-breadcrumbs-content":"","ast-featured-img":"","footer-sml-layout":"","theme-transparent-header-meta":"default","adv-header-id-meta":"","stick-header-meta":"","header-above-stick-meta":"","header-main-stick-meta":"","header-below-stick-meta":"","astra-migrate-meta-layouts":"set","ast-page-background-enabled":"default","ast-page-background-meta":{"desktop":{"background-color":"var(--ast-global-color-5)","background-image":"","background-repeat":"repeat","background-position":"center center","background-size":"auto","background-attachment":"scroll","background-type":"","background-media":"","overlay-type":"","overlay-color":"","overlay-opacity":"","overlay-gradient":""},"tablet":{"background-color":"","background-image":"","background-repeat":"repeat","background-position":"center center","background-size":"auto","background-attachment":"scroll","background-type":"","background-media":"","overlay-type":"","overlay-color":"","overlay-opacity":"","overlay-gradient":""},"mobile":{"background-color":"","background-image":"","background-repeat":"repeat","background-position":"center center","background-size":"auto","background-attachment":"scroll","background-type":"","background-media":"","overlay-type":"","overlay-color":"","overlay-opacity":"","overlay-gradient":""}},"ast-content-background-meta":{"desktop":{"background-color":"var(--ast-global-color-4)","background-image":"","background-repeat":"repeat","background-position":"center center","background-size":"auto","background-attachment":"scroll","background-type":"","background-media":"","overlay-type":"","overlay-color":"","overlay-opacity":"","overlay-gradient":""},"tablet":{"background-color":"var(--ast-global-color-4)","background-image":"","background-repeat":"repeat","background-position":"center center","background-size":"auto","background-attachment":"scroll","background-type":"","background-media":"","overlay-type":"","overlay-color":"","overlay-opacity":"","overlay-gradient":""},"mobile":{"background-color":"var(--ast-global-color-4)","background-image":"","background-repeat":"repeat","background-position":"center center","background-size":"auto","background-attachment":"scroll","background-type":"","background-media":"","overlay-type":"","overlay-color":"","overlay-opacity":"","overlay-gradient":""}},"_joinchat":[]},"product_brand":[],"product_cat":[42],"product_tag":[],"class_list":{"0":"post-710","1":"product","2":"type-product","3":"status-publish","4":"has-post-thumbnail","6":"product_cat-labzoovet","7":"desktop-align-left","8":"tablet-align-left","9":"mobile-align-left","11":"first","12":"instock","13":"shipping-taxable","14":"product-type-external"},"aioseo_notices":[],"uagb_featured_image_src":{"full":["https:\/\/importadoracristinateran.com\/wp-content\/uploads\/2025\/03\/sincelar.jpg",900,511,false],"thumbnail":["https:\/\/importadoracristinateran.com\/wp-content\/uploads\/2025\/03\/sincelar-150x150.jpg",150,150,true],"medium":["https:\/\/importadoracristinateran.com\/wp-content\/uploads\/2025\/03\/sincelar-300x170.jpg",300,170,true],"medium_large":["https:\/\/importadoracristinateran.com\/wp-content\/uploads\/2025\/03\/sincelar-768x436.jpg",768,436,true],"large":["https:\/\/importadoracristinateran.com\/wp-content\/uploads\/2025\/03\/sincelar.jpg",900,511,false],"1536x1536":["https:\/\/importadoracristinateran.com\/wp-content\/uploads\/2025\/03\/sincelar.jpg",900,511,false],"2048x2048":["https:\/\/importadoracristinateran.com\/wp-content\/uploads\/2025\/03\/sincelar.jpg",900,511,false],"woocommerce_thumbnail":["https:\/\/importadoracristinateran.com\/wp-content\/uploads\/2025\/03\/sincelar-300x300.jpg",300,300,true],"woocommerce_single":["https:\/\/importadoracristinateran.com\/wp-content\/uploads\/2025\/03\/sincelar-600x341.jpg",600,341,true],"woocommerce_gallery_thumbnail":["https:\/\/importadoracristinateran.com\/wp-content\/uploads\/2025\/03\/sincelar-100x100.jpg",100,100,true],"dgwt-wcas-product-suggestion":["https:\/\/importadoracristinateran.com\/wp-content\/uploads\/2025\/03\/sincelar-64x36.jpg",64,36,true]},"uagb_author_info":{"display_name":"mcris.import@gmail.com","author_link":"https:\/\/importadoracristinateran.com\/?author=0"},"uagb_comment_info":0,"uagb_excerpt":"F\u00f3rmula:\u00a0Medroxiprogesterona Acetato 5 %. Indicaciones:\u00a0Prevenci\u00f3n del estro en caninos y felinos (hembras) en anestro.","_links":{"self":[{"href":"https:\/\/importadoracristinateran.com\/index.php?rest_route=\/wp\/v2\/product\/710","targetHints":{"allow":["GET"]}}],"collection":[{"href":"https:\/\/importadoracristinateran.com\/index.php?rest_route=\/wp\/v2\/product"}],"about":[{"href":"https:\/\/importadoracristinateran.com\/index.php?rest_route=\/wp\/v2\/types\/product"}],"replies":[{"embeddable":true,"href":"https:\/\/importadoracristinateran.com\/index.php?rest_route=%2Fwp%2Fv2%2Fcomments&post=710"}],"wp:featuredmedia":[{"embeddable":true,"href":"https:\/\/importadoracristinateran.com\/index.php?rest_route=\/wp\/v2\/media\/711"}],"wp:attachment":[{"href":"https:\/\/importadoracristinateran.com\/index.php?rest_route=%2Fwp%2Fv2%2Fmedia&parent=710"}],"wp:term":[{"taxonomy":"product_brand","embeddable":true,"href":"https:\/\/importadoracristinateran.com\/index.php?rest_route=%2Fwp%2Fv2%2Fproduct_brand&post=710"},{"taxonomy":"product_cat","embeddable":true,"href":"https:\/\/importadoracristinateran.com\/index.php?rest_route=%2Fwp%2Fv2%2Fproduct_cat&post=710"},{"taxonomy":"product_tag","embeddable":true,"href":"https:\/\/importadoracristinateran.com\/index.php?rest_route=%2Fwp%2Fv2%2Fproduct_tag&post=710"}],"curies":[{"name":"wp","href":"https:\/\/api.w.org\/{rel}","templated":true}]}}