{"id":712,"date":"2025-03-26T01:53:58","date_gmt":"2025-03-26T01:53:58","guid":{"rendered":"https:\/\/importadoracristinateran.com\/?post_type=product&#038;p=712"},"modified":"2025-04-25T18:56:33","modified_gmt":"2025-04-25T18:56:33","slug":"fip-forte","status":"publish","type":"product","link":"https:\/\/importadoracristinateran.com\/?product=fip-forte","title":{"rendered":"Fip Forte"},"content":{"rendered":"<p><strong>Indicaciones:<\/strong><\/p>\n<p>Antiparasitario externo y sist\u00e9mico, pulguicida, garrapaticida, para caninos.<br \/>\nEl Fluazur\u00f3n posee un efecto sist\u00e9mico que afecta el ciclo no parasitario (ambiental) de las garrapatas.<br \/>\n<strong>Dosis:<\/strong> Perros hasta 04 kg: 1 pipeta de 0,67 ml. Perros de 4 a 9 kg: 1 pipeta de 1,50 ml. Perros de 9 a 24 kg: 1 pipeta de 4 ml. Perros de 24 a 40 kg: 1 pipeta de 6,70 ml. Perros hasta 60 kg: 1 pipeta de 10 ml.<\/p>\n<p><strong>V\u00eda de administraci\u00f3n:<\/strong> T\u00f3pica en forma spot on.<br style=\"box-sizing: border-box;\" \/>Separar los pelos entre los om\u00f3platos, hasta ver la piel, verter la totalidad del contenido de la pipeta, procurando el contacto del producto con la piel.<br \/>\n<strong>Duraci\u00f3n del tratamiento:<\/strong> Una dosis protege durante 30 d\u00edas el control de pulgas y garrapatas.<br \/>\n<strong>Recomendaciones:<\/strong> Para lograr mayor efectividad se sugiere no ba\u00f1ar al animal 3 d\u00edas antes y 15 d\u00edas despu\u00e9s de la aplicaci\u00f3n.<br \/>\n<strong>Precauciones:<\/strong> No usar en cachorros menores de 8 semanas.<\/p>\n","protected":false},"excerpt":{"rendered":"<p>Indicaciones: Antiparasitario externo y sist\u00e9mico, pulguicida, garrapaticida, para caninos. El Fluazur\u00f3n posee un efecto sist\u00e9mico que afecta el ciclo no parasitario (ambiental) de las garrapatas. Dosis: Perros hasta 04 kg: 1 pipeta de 0,67 ml. Perros de 4 a 9 kg: 1 pipeta de 1,50 ml. Perros de 9 a 24 kg: 1 pipeta de 4 ml. Perros de 24 a 40 kg: 1 pipeta de 6,70 ml. Perros hasta 60 kg: 1 pipeta de 10 ml. V\u00eda de administraci\u00f3n: T\u00f3pica en forma spot on.Separar los pelos entre los om\u00f3platos, hasta ver la piel, verter la totalidad del contenido de la pipeta, procurando el contacto del producto con la piel. Duraci\u00f3n del tratamiento: Una dosis protege durante 30 d\u00edas el control de pulgas y garrapatas. Recomendaciones: Para lograr mayor efectividad se sugiere no ba\u00f1ar al animal 3 d\u00edas antes y 15 d\u00edas despu\u00e9s de la aplicaci\u00f3n. Precauciones: No usar en cachorros menores de 8 semanas.<\/p>\n","protected":false},"featured_media":713,"comment_status":"open","ping_status":"closed","template":"","meta":{"_uag_custom_page_level_css":"","site-sidebar-layout":"default","site-content-layout":"","ast-site-content-layout":"default","site-content-style":"default","site-sidebar-style":"default","ast-global-header-display":"","ast-banner-title-visibility":"","ast-main-header-display":"","ast-hfb-above-header-display":"","ast-hfb-below-header-display":"","ast-hfb-mobile-header-display":"","site-post-title":"","ast-breadcrumbs-content":"","ast-featured-img":"","footer-sml-layout":"","theme-transparent-header-meta":"default","adv-header-id-meta":"","stick-header-meta":"","header-above-stick-meta":"","header-main-stick-meta":"","header-below-stick-meta":"","astra-migrate-meta-layouts":"set","ast-page-background-enabled":"default","ast-page-background-meta":{"desktop":{"background-color":"var(--ast-global-color-5)","background-image":"","background-repeat":"repeat","background-position":"center center","background-size":"auto","background-attachment":"scroll","background-type":"","background-media":"","overlay-type":"","overlay-color":"","overlay-opacity":"","overlay-gradient":""},"tablet":{"background-color":"","background-image":"","background-repeat":"repeat","background-position":"center center","background-size":"auto","background-attachment":"scroll","background-type":"","background-media":"","overlay-type":"","overlay-color":"","overlay-opacity":"","overlay-gradient":""},"mobile":{"background-color":"","background-image":"","background-repeat":"repeat","background-position":"center center","background-size":"auto","background-attachment":"scroll","background-type":"","background-media":"","overlay-type":"","overlay-color":"","overlay-opacity":"","overlay-gradient":""}},"ast-content-background-meta":{"desktop":{"background-color":"var(--ast-global-color-4)","background-image":"","background-repeat":"repeat","background-position":"center center","background-size":"auto","background-attachment":"scroll","background-type":"","background-media":"","overlay-type":"","overlay-color":"","overlay-opacity":"","overlay-gradient":""},"tablet":{"background-color":"var(--ast-global-color-4)","background-image":"","background-repeat":"repeat","background-position":"center center","background-size":"auto","background-attachment":"scroll","background-type":"","background-media":"","overlay-type":"","overlay-color":"","overlay-opacity":"","overlay-gradient":""},"mobile":{"background-color":"var(--ast-global-color-4)","background-image":"","background-repeat":"repeat","background-position":"center center","background-size":"auto","background-attachment":"scroll","background-type":"","background-media":"","overlay-type":"","overlay-color":"","overlay-opacity":"","overlay-gradient":""}},"_joinchat":[]},"product_brand":[],"product_cat":[42],"product_tag":[],"class_list":{"0":"post-712","1":"product","2":"type-product","3":"status-publish","4":"has-post-thumbnail","6":"product_cat-labzoovet","7":"desktop-align-left","8":"tablet-align-left","9":"mobile-align-left","11":"first","12":"instock","13":"shipping-taxable","14":"product-type-external"},"aioseo_notices":[],"uagb_featured_image_src":{"full":["https:\/\/importadoracristinateran.com\/wp-content\/uploads\/2025\/03\/fipforte.jpg",550,281,false],"thumbnail":["https:\/\/importadoracristinateran.com\/wp-content\/uploads\/2025\/03\/fipforte-150x150.jpg",150,150,true],"medium":["https:\/\/importadoracristinateran.com\/wp-content\/uploads\/2025\/03\/fipforte-300x153.jpg",300,153,true],"medium_large":["https:\/\/importadoracristinateran.com\/wp-content\/uploads\/2025\/03\/fipforte.jpg",550,281,false],"large":["https:\/\/importadoracristinateran.com\/wp-content\/uploads\/2025\/03\/fipforte.jpg",550,281,false],"1536x1536":["https:\/\/importadoracristinateran.com\/wp-content\/uploads\/2025\/03\/fipforte.jpg",550,281,false],"2048x2048":["https:\/\/importadoracristinateran.com\/wp-content\/uploads\/2025\/03\/fipforte.jpg",550,281,false],"woocommerce_thumbnail":["https:\/\/importadoracristinateran.com\/wp-content\/uploads\/2025\/03\/fipforte-300x281.jpg",300,281,true],"woocommerce_single":["https:\/\/importadoracristinateran.com\/wp-content\/uploads\/2025\/03\/fipforte.jpg",550,281,false],"woocommerce_gallery_thumbnail":["https:\/\/importadoracristinateran.com\/wp-content\/uploads\/2025\/03\/fipforte-100x100.jpg",100,100,true],"dgwt-wcas-product-suggestion":["https:\/\/importadoracristinateran.com\/wp-content\/uploads\/2025\/03\/fipforte-64x33.jpg",64,33,true]},"uagb_author_info":{"display_name":"mcris.import@gmail.com","author_link":"https:\/\/importadoracristinateran.com\/?author=0"},"uagb_comment_info":0,"uagb_excerpt":"Indicaciones: Antiparasitario externo y sist\u00e9mico, pulguicida, garrapaticida, para caninos. El Fluazur\u00f3n posee un efecto sist\u00e9mico que afecta el ciclo no parasitario (ambiental) de las garrapatas. Dosis: Perros hasta 04 kg: 1 pipeta de 0,67 ml. Perros de 4 a 9 kg: 1 pipeta de 1,50 ml. Perros de 9 a 24 kg: 1 pipeta de&hellip;","_links":{"self":[{"href":"https:\/\/importadoracristinateran.com\/index.php?rest_route=\/wp\/v2\/product\/712","targetHints":{"allow":["GET"]}}],"collection":[{"href":"https:\/\/importadoracristinateran.com\/index.php?rest_route=\/wp\/v2\/product"}],"about":[{"href":"https:\/\/importadoracristinateran.com\/index.php?rest_route=\/wp\/v2\/types\/product"}],"replies":[{"embeddable":true,"href":"https:\/\/importadoracristinateran.com\/index.php?rest_route=%2Fwp%2Fv2%2Fcomments&post=712"}],"wp:featuredmedia":[{"embeddable":true,"href":"https:\/\/importadoracristinateran.com\/index.php?rest_route=\/wp\/v2\/media\/713"}],"wp:attachment":[{"href":"https:\/\/importadoracristinateran.com\/index.php?rest_route=%2Fwp%2Fv2%2Fmedia&parent=712"}],"wp:term":[{"taxonomy":"product_brand","embeddable":true,"href":"https:\/\/importadoracristinateran.com\/index.php?rest_route=%2Fwp%2Fv2%2Fproduct_brand&post=712"},{"taxonomy":"product_cat","embeddable":true,"href":"https:\/\/importadoracristinateran.com\/index.php?rest_route=%2Fwp%2Fv2%2Fproduct_cat&post=712"},{"taxonomy":"product_tag","embeddable":true,"href":"https:\/\/importadoracristinateran.com\/index.php?rest_route=%2Fwp%2Fv2%2Fproduct_tag&post=712"}],"curies":[{"name":"wp","href":"https:\/\/api.w.org\/{rel}","templated":true}]}}