{"id":725,"date":"2025-03-28T02:13:37","date_gmt":"2025-03-28T02:13:37","guid":{"rendered":"https:\/\/importadoracristinateran.com\/?post_type=product&#038;p=725"},"modified":"2025-10-08T21:50:47","modified_gmt":"2025-10-08T21:50:47","slug":"ketonal-100","status":"publish","type":"product","link":"https:\/\/importadoracristinateran.com\/?product=ketonal-100","title":{"rendered":"Ketonal 100"},"content":{"rendered":"<p><strong>Acci\u00f3n<\/strong>: Anest\u00e9sico general disociativo.<br \/>\n<strong>Composici\u00f3n<\/strong>: Ketamina 50 mg\/ml y Ketamina 100 mg\/ml.<br \/>\n<strong>Indicaciones<\/strong>: Agente anest\u00e9sico general de acci\u00f3n r\u00e1pida, no barbit\u00farico, no narc\u00f3tico. Hipn\u00f3tico y analg\u00e9sico som\u00e1tico. Uso como anest\u00e9sico general \u00fanico o combinado con otros agentes.<br \/>\n<strong>Uso en:<\/strong>\u00a0Caballos, Bovinos, Ovinos, Porcinos, Perros, Gatos, Aves y animales ex\u00f3ticos.<br \/>\n<strong>Administraci\u00f3n<\/strong>: Inyectable. V\u00eda EV, IM. Dosis: Gatos: 11 a 33 mg\/kg; Perros: 11 a 22 mg\/kg; Primates: 1 a 5 mg\/ kg;<br \/>\n<strong>Aves<\/strong>: 10 a 20 mg\/kg; Conejos: 20 a 40 mg\/kg; Ovinos y Porcinos: 15 a 20 mg\/kg; Bovinos: 2 mg\/kg; Caballos: 2,2 mg\/kg (las dosis expresadas son solamente indicativas, las mismas variar\u00e1n seg\u00fan los diferentes protocolos y v\u00edas utilizadas para cada caso en particular).<br \/>\n<strong>Presentaci\u00f3n<\/strong>: Viales por 50 ml. Soluci\u00f3n inyectable est\u00e9ril.<\/p>\n","protected":false},"excerpt":{"rendered":"<p><strong>Acci\u00f3n<\/strong>: Anest\u00e9sico general disociativo.<br \/>\n<strong>Composici\u00f3n<\/strong>: Ketamina 50 mg\/ml y Ketamina 100 mg\/ml.<br \/>\n<strong>Indicaciones<\/strong>: Agente anest\u00e9sico general de acci\u00f3n r\u00e1pida, no barbit\u00farico, no narc\u00f3tico. Hipn\u00f3tico y analg\u00e9sico som\u00e1tico. Uso como anest\u00e9sico general \u00fanico o combinado con otros agentes.<br \/>\n<strong>Uso en:<\/strong>\u00a0Caballos, Bovinos, Ovinos, Porcinos, Perros, Gatos, Aves y animales ex\u00f3ticos.<br \/>\n<strong>Administraci\u00f3n<\/strong>: Inyectable. V\u00eda EV, IM. Dosis: Gatos: 11 a 33 mg\/kg; Perros: 11 a 22 mg\/kg; Primates: 1 a 5 mg\/ kg;<br \/>\n<strong>Aves<\/strong>: 10 a 20 mg\/kg; Conejos: 20 a 40 mg\/kg; Ovinos y Porcinos: 15 a 20 mg\/kg; Bovinos: 2 mg\/kg; Caballos: 2,2 mg\/kg (las dosis expresadas son solamente indicativas, las mismas variar\u00e1n seg\u00fan los diferentes protocolos y v\u00edas utilizadas para cada caso en particular).<br \/>\n<strong>Presentaci\u00f3n<\/strong>: Viales por 50 ml. Soluci\u00f3n inyectable est\u00e9ril.<\/p>\n","protected":false},"featured_media":726,"comment_status":"open","ping_status":"closed","template":"","meta":{"_uag_custom_page_level_css":"","site-sidebar-layout":"default","site-content-layout":"","ast-site-content-layout":"default","site-content-style":"default","site-sidebar-style":"default","ast-global-header-display":"","ast-banner-title-visibility":"","ast-main-header-display":"","ast-hfb-above-header-display":"","ast-hfb-below-header-display":"","ast-hfb-mobile-header-display":"","site-post-title":"","ast-breadcrumbs-content":"","ast-featured-img":"","footer-sml-layout":"","theme-transparent-header-meta":"default","adv-header-id-meta":"","stick-header-meta":"","header-above-stick-meta":"","header-main-stick-meta":"","header-below-stick-meta":"","astra-migrate-meta-layouts":"set","ast-page-background-enabled":"default","ast-page-background-meta":{"desktop":{"background-color":"var(--ast-global-color-5)","background-image":"","background-repeat":"repeat","background-position":"center center","background-size":"auto","background-attachment":"scroll","background-type":"","background-media":"","overlay-type":"","overlay-color":"","overlay-opacity":"","overlay-gradient":""},"tablet":{"background-color":"","background-image":"","background-repeat":"repeat","background-position":"center center","background-size":"auto","background-attachment":"scroll","background-type":"","background-media":"","overlay-type":"","overlay-color":"","overlay-opacity":"","overlay-gradient":""},"mobile":{"background-color":"","background-image":"","background-repeat":"repeat","background-position":"center center","background-size":"auto","background-attachment":"scroll","background-type":"","background-media":"","overlay-type":"","overlay-color":"","overlay-opacity":"","overlay-gradient":""}},"ast-content-background-meta":{"desktop":{"background-color":"var(--ast-global-color-4)","background-image":"","background-repeat":"repeat","background-position":"center center","background-size":"auto","background-attachment":"scroll","background-type":"","background-media":"","overlay-type":"","overlay-color":"","overlay-opacity":"","overlay-gradient":""},"tablet":{"background-color":"var(--ast-global-color-4)","background-image":"","background-repeat":"repeat","background-position":"center center","background-size":"auto","background-attachment":"scroll","background-type":"","background-media":"","overlay-type":"","overlay-color":"","overlay-opacity":"","overlay-gradient":""},"mobile":{"background-color":"var(--ast-global-color-4)","background-image":"","background-repeat":"repeat","background-position":"center center","background-size":"auto","background-attachment":"scroll","background-type":"","background-media":"","overlay-type":"","overlay-color":"","overlay-opacity":"","overlay-gradient":""}},"_joinchat":[]},"product_brand":[],"product_cat":[36],"product_tag":[],"class_list":{"0":"post-725","1":"product","2":"type-product","3":"status-publish","4":"has-post-thumbnail","6":"product_cat-labrichmond","7":"desktop-align-left","8":"tablet-align-left","9":"mobile-align-left","11":"first","12":"instock","13":"shipping-taxable","14":"product-type-external"},"aioseo_notices":[],"uagb_featured_image_src":{"full":["https:\/\/importadoracristinateran.com\/wp-content\/uploads\/2025\/03\/ketonal100.jpg",876,790,false],"thumbnail":["https:\/\/importadoracristinateran.com\/wp-content\/uploads\/2025\/03\/ketonal100-150x150.jpg",150,150,true],"medium":["https:\/\/importadoracristinateran.com\/wp-content\/uploads\/2025\/03\/ketonal100-300x271.jpg",300,271,true],"medium_large":["https:\/\/importadoracristinateran.com\/wp-content\/uploads\/2025\/03\/ketonal100-768x693.jpg",768,693,true],"large":["https:\/\/importadoracristinateran.com\/wp-content\/uploads\/2025\/03\/ketonal100.jpg",876,790,false],"1536x1536":["https:\/\/importadoracristinateran.com\/wp-content\/uploads\/2025\/03\/ketonal100.jpg",876,790,false],"2048x2048":["https:\/\/importadoracristinateran.com\/wp-content\/uploads\/2025\/03\/ketonal100.jpg",876,790,false],"woocommerce_thumbnail":["https:\/\/importadoracristinateran.com\/wp-content\/uploads\/2025\/03\/ketonal100-300x300.jpg",300,300,true],"woocommerce_single":["https:\/\/importadoracristinateran.com\/wp-content\/uploads\/2025\/03\/ketonal100-600x541.jpg",600,541,true],"woocommerce_gallery_thumbnail":["https:\/\/importadoracristinateran.com\/wp-content\/uploads\/2025\/03\/ketonal100-100x100.jpg",100,100,true],"dgwt-wcas-product-suggestion":["https:\/\/importadoracristinateran.com\/wp-content\/uploads\/2025\/03\/ketonal100-64x58.jpg",64,58,true]},"uagb_author_info":{"display_name":"mcris.import@gmail.com","author_link":"https:\/\/importadoracristinateran.com\/?author=0"},"uagb_comment_info":0,"uagb_excerpt":"Acci\u00f3n: Anest\u00e9sico general disociativo. Composici\u00f3n: Ketamina 50 mg\/ml y Ketamina 100 mg\/ml. Indicaciones: Agente anest\u00e9sico general de acci\u00f3n r\u00e1pida, no barbit\u00farico, no narc\u00f3tico. Hipn\u00f3tico y analg\u00e9sico som\u00e1tico. Uso como anest\u00e9sico general \u00fanico o combinado con otros agentes. Uso en:\u00a0Caballos, Bovinos, Ovinos, Porcinos, Perros, Gatos, Aves y animales ex\u00f3ticos. Administraci\u00f3n: Inyectable. V\u00eda EV, IM. Dosis: Gatos:&hellip;","_links":{"self":[{"href":"https:\/\/importadoracristinateran.com\/index.php?rest_route=\/wp\/v2\/product\/725","targetHints":{"allow":["GET"]}}],"collection":[{"href":"https:\/\/importadoracristinateran.com\/index.php?rest_route=\/wp\/v2\/product"}],"about":[{"href":"https:\/\/importadoracristinateran.com\/index.php?rest_route=\/wp\/v2\/types\/product"}],"replies":[{"embeddable":true,"href":"https:\/\/importadoracristinateran.com\/index.php?rest_route=%2Fwp%2Fv2%2Fcomments&post=725"}],"wp:featuredmedia":[{"embeddable":true,"href":"https:\/\/importadoracristinateran.com\/index.php?rest_route=\/wp\/v2\/media\/726"}],"wp:attachment":[{"href":"https:\/\/importadoracristinateran.com\/index.php?rest_route=%2Fwp%2Fv2%2Fmedia&parent=725"}],"wp:term":[{"taxonomy":"product_brand","embeddable":true,"href":"https:\/\/importadoracristinateran.com\/index.php?rest_route=%2Fwp%2Fv2%2Fproduct_brand&post=725"},{"taxonomy":"product_cat","embeddable":true,"href":"https:\/\/importadoracristinateran.com\/index.php?rest_route=%2Fwp%2Fv2%2Fproduct_cat&post=725"},{"taxonomy":"product_tag","embeddable":true,"href":"https:\/\/importadoracristinateran.com\/index.php?rest_route=%2Fwp%2Fv2%2Fproduct_tag&post=725"}],"curies":[{"name":"wp","href":"https:\/\/api.w.org\/{rel}","templated":true}]}}