{"id":727,"date":"2025-03-28T02:23:23","date_gmt":"2025-03-28T02:23:23","guid":{"rendered":"https:\/\/importadoracristinateran.com\/?post_type=product&#038;p=727"},"modified":"2025-05-06T17:31:02","modified_gmt":"2025-05-06T17:31:02","slug":"ciprofloxacina-triton-200","status":"publish","type":"product","link":"https:\/\/importadoracristinateran.com\/?product=ciprofloxacina-triton-200","title":{"rendered":"Ciprofloxacina Triton 200"},"content":{"rendered":"<p><strong>Indicaciones:<\/strong><br \/>\nQuimioter\u00e1pico de amplio espectro indicado para toda infecci\u00f3n producida por g\u00e9rmenes sensibles a la ciprofloxacina en el tracto gastrointestinal, g\u00e9nito-urinario, respiratorio, piel y tegumentos, aparato m\u00fasculo-esquel\u00e9tico o infecciones sist\u00e9micas.<br \/>\nEspectro antimicrobiano: Pseudomona aeruginosa, Staphilococcus coagulasa positivos y negativos, Staphilococcus beta-hemol\u00edticos, Staphilococcus intermedius, Staphilococcus aureus, Streptococcus spp, Pausterella multocida, Moraxella spp, Eikenella corrodens, Escherichia coli, Salmonella spp, Shigella spp, Brucella canis, Klebsiella spp, Campylobacter spp, Proteus spp, Bordetella bronchiseptica, Mycoplasma spp, Micobacterias, Arcanobacterium pyogenes, Yersinia, Enterobacter.<br \/>\n<strong>V\u00eda de administraci\u00f3n:<\/strong><br \/>\nOral.<br \/>\n<strong>Dosificaci\u00f3n:<\/strong><br \/>\nCaninos y felinos: 1 comprimido cada 20 kg de peso (10 mg\/kg), cada 12 hs.<br \/>\ndurante 7 a 21 d\u00edas o seg\u00fan criterio profesional.<br \/>\n<strong>Efectos colaterales:<\/strong><br \/>\nCiprofloxacina: Los efectos colaterales son raros, pero ocasionalmente puede<br \/>\npresentarse v\u00f3mito y\/o diarrea.<br \/>\n<strong>Precauciones de Uso:<\/strong><br \/>\nCiprofloxacina: La ciprofloxacina puede causar erosi\u00f3n de cart\u00edlago de crecimiento e infosura permanente en animales j\u00f3venes. Por ello, no est\u00e1 recomendado su uso en perras lactantes ni en animales de razas chicas y medianas entre los 2 a 8 meses de edad; en razas grandes, antes del a\u00f1o de vida y en razas gigantes, se sugiere esperar hasta los 18 meses. La absorci\u00f3n del<br \/>\nalimento, sucralfato, compuestos que contengan cationes di y trivalentes (Ca2+, Mg2+), y anti\u00e1cidos puede disminuir la absorci\u00f3n de la ciprofloxacina, por lo que se recomienda administrar lejos de las comidas y otras medicaciones. La ciprofloxacina puede incrementar los niveles plasm\u00e1ticos de teofilina, cuando se administran en forma simult\u00e1nea. En pacientes con enfermedad renal, la dosis deber\u00eda ser disminuida. Las fluoroquinolonas pueden exacerbar el potencial nefrot\u00f3xico de la ciclosporina.<br \/>\nEl uso de este producto sin un diagn\u00f3stico correcto, puede generar resistencia antimicrobiana. Se deber\u00e1 respetarla dosis, intervalos y duraci\u00f3n del tratamiento.<br \/>\n<strong>Contraindicaciones:<\/strong><br \/>\nLa ciprofloxacina no debe ser administrada en perras pre\u00f1adas por su potencial<br \/>\nteratog\u00e9nico.<\/p>\n","protected":false},"excerpt":{"rendered":"<p><strong>Indicaciones:<\/strong><br \/>\nQuimioter\u00e1pico de amplio espectro indicado para toda infecci\u00f3n producida por g\u00e9rmenes sensibles a la ciprofloxacina en el tracto gastrointestinal, g\u00e9nito-urinario, respiratorio, piel y tegumentos, aparato m\u00fasculo-esquel\u00e9tico o infecciones sist\u00e9micas.<br \/>\nEspectro antimicrobiano: Pseudomona aeruginosa, Staphilococcus coagulasa positivos y negativos, Staphilococcus beta-hemol\u00edticos, Staphilococcus intermedius, Staphilococcus aureus, Streptococcus spp, Pausterella multocida, Moraxella spp, Eikenella corrodens, Escherichia coli, Salmonella spp, Shigella spp, Brucella canis, Klebsiella spp, Campylobacter spp, Proteus spp, Bordetella bronchiseptica, Mycoplasma spp, Micobacterias, Arcanobacterium pyogenes, Yersinia, Enterobacter.<\/p>\n","protected":false},"featured_media":728,"comment_status":"open","ping_status":"closed","template":"","meta":{"_uag_custom_page_level_css":"","site-sidebar-layout":"default","site-content-layout":"","ast-site-content-layout":"default","site-content-style":"default","site-sidebar-style":"default","ast-global-header-display":"","ast-banner-title-visibility":"","ast-main-header-display":"","ast-hfb-above-header-display":"","ast-hfb-below-header-display":"","ast-hfb-mobile-header-display":"","site-post-title":"","ast-breadcrumbs-content":"","ast-featured-img":"","footer-sml-layout":"","theme-transparent-header-meta":"default","adv-header-id-meta":"","stick-header-meta":"","header-above-stick-meta":"","header-main-stick-meta":"","header-below-stick-meta":"","astra-migrate-meta-layouts":"set","ast-page-background-enabled":"default","ast-page-background-meta":{"desktop":{"background-color":"var(--ast-global-color-5)","background-image":"","background-repeat":"repeat","background-position":"center center","background-size":"auto","background-attachment":"scroll","background-type":"","background-media":"","overlay-type":"","overlay-color":"","overlay-opacity":"","overlay-gradient":""},"tablet":{"background-color":"","background-image":"","background-repeat":"repeat","background-position":"center center","background-size":"auto","background-attachment":"scroll","background-type":"","background-media":"","overlay-type":"","overlay-color":"","overlay-opacity":"","overlay-gradient":""},"mobile":{"background-color":"","background-image":"","background-repeat":"repeat","background-position":"center center","background-size":"auto","background-attachment":"scroll","background-type":"","background-media":"","overlay-type":"","overlay-color":"","overlay-opacity":"","overlay-gradient":""}},"ast-content-background-meta":{"desktop":{"background-color":"var(--ast-global-color-4)","background-image":"","background-repeat":"repeat","background-position":"center center","background-size":"auto","background-attachment":"scroll","background-type":"","background-media":"","overlay-type":"","overlay-color":"","overlay-opacity":"","overlay-gradient":""},"tablet":{"background-color":"var(--ast-global-color-4)","background-image":"","background-repeat":"repeat","background-position":"center center","background-size":"auto","background-attachment":"scroll","background-type":"","background-media":"","overlay-type":"","overlay-color":"","overlay-opacity":"","overlay-gradient":""},"mobile":{"background-color":"var(--ast-global-color-4)","background-image":"","background-repeat":"repeat","background-position":"center center","background-size":"auto","background-attachment":"scroll","background-type":"","background-media":"","overlay-type":"","overlay-color":"","overlay-opacity":"","overlay-gradient":""}},"_joinchat":[]},"product_brand":[],"product_cat":[17],"product_tag":[95],"class_list":{"0":"post-727","1":"product","2":"type-product","3":"status-publish","4":"has-post-thumbnail","6":"product_cat-labtritonvet","7":"product_tag-comprimidos","8":"desktop-align-left","9":"tablet-align-left","10":"mobile-align-left","12":"first","13":"instock","14":"shipping-taxable","15":"product-type-external"},"aioseo_notices":[],"uagb_featured_image_src":{"full":["https:\/\/importadoracristinateran.com\/wp-content\/uploads\/2025\/03\/ciprofloxacina.jpg",700,800,false],"thumbnail":["https:\/\/importadoracristinateran.com\/wp-content\/uploads\/2025\/03\/ciprofloxacina-150x150.jpg",150,150,true],"medium":["https:\/\/importadoracristinateran.com\/wp-content\/uploads\/2025\/03\/ciprofloxacina-263x300.jpg",263,300,true],"medium_large":["https:\/\/importadoracristinateran.com\/wp-content\/uploads\/2025\/03\/ciprofloxacina.jpg",700,800,false],"large":["https:\/\/importadoracristinateran.com\/wp-content\/uploads\/2025\/03\/ciprofloxacina.jpg",700,800,false],"1536x1536":["https:\/\/importadoracristinateran.com\/wp-content\/uploads\/2025\/03\/ciprofloxacina.jpg",700,800,false],"2048x2048":["https:\/\/importadoracristinateran.com\/wp-content\/uploads\/2025\/03\/ciprofloxacina.jpg",700,800,false],"woocommerce_thumbnail":["https:\/\/importadoracristinateran.com\/wp-content\/uploads\/2025\/03\/ciprofloxacina-300x300.jpg",300,300,true],"woocommerce_single":["https:\/\/importadoracristinateran.com\/wp-content\/uploads\/2025\/03\/ciprofloxacina-600x686.jpg",600,686,true],"woocommerce_gallery_thumbnail":["https:\/\/importadoracristinateran.com\/wp-content\/uploads\/2025\/03\/ciprofloxacina-100x100.jpg",100,100,true],"dgwt-wcas-product-suggestion":["https:\/\/importadoracristinateran.com\/wp-content\/uploads\/2025\/03\/ciprofloxacina-64x73.jpg",64,73,true]},"uagb_author_info":{"display_name":"mcris.import@gmail.com","author_link":"https:\/\/importadoracristinateran.com\/?author=0"},"uagb_comment_info":0,"uagb_excerpt":"Indicaciones: Quimioter\u00e1pico de amplio espectro indicado para toda infecci\u00f3n producida por g\u00e9rmenes sensibles a la ciprofloxacina en el tracto gastrointestinal, g\u00e9nito-urinario, respiratorio, piel y tegumentos, aparato m\u00fasculo-esquel\u00e9tico o infecciones sist\u00e9micas. Espectro antimicrobiano: Pseudomona aeruginosa, Staphilococcus coagulasa positivos y negativos, Staphilococcus beta-hemol\u00edticos, Staphilococcus intermedius, Staphilococcus aureus, Streptococcus spp, Pausterella multocida, Moraxella spp, Eikenella corrodens, Escherichia coli,&hellip;","_links":{"self":[{"href":"https:\/\/importadoracristinateran.com\/index.php?rest_route=\/wp\/v2\/product\/727","targetHints":{"allow":["GET"]}}],"collection":[{"href":"https:\/\/importadoracristinateran.com\/index.php?rest_route=\/wp\/v2\/product"}],"about":[{"href":"https:\/\/importadoracristinateran.com\/index.php?rest_route=\/wp\/v2\/types\/product"}],"replies":[{"embeddable":true,"href":"https:\/\/importadoracristinateran.com\/index.php?rest_route=%2Fwp%2Fv2%2Fcomments&post=727"}],"wp:featuredmedia":[{"embeddable":true,"href":"https:\/\/importadoracristinateran.com\/index.php?rest_route=\/wp\/v2\/media\/728"}],"wp:attachment":[{"href":"https:\/\/importadoracristinateran.com\/index.php?rest_route=%2Fwp%2Fv2%2Fmedia&parent=727"}],"wp:term":[{"taxonomy":"product_brand","embeddable":true,"href":"https:\/\/importadoracristinateran.com\/index.php?rest_route=%2Fwp%2Fv2%2Fproduct_brand&post=727"},{"taxonomy":"product_cat","embeddable":true,"href":"https:\/\/importadoracristinateran.com\/index.php?rest_route=%2Fwp%2Fv2%2Fproduct_cat&post=727"},{"taxonomy":"product_tag","embeddable":true,"href":"https:\/\/importadoracristinateran.com\/index.php?rest_route=%2Fwp%2Fv2%2Fproduct_tag&post=727"}],"curies":[{"name":"wp","href":"https:\/\/api.w.org\/{rel}","templated":true}]}}