{"id":729,"date":"2025-03-28T02:33:06","date_gmt":"2025-03-28T02:33:06","guid":{"rendered":"https:\/\/importadoracristinateran.com\/?post_type=product&#038;p=729"},"modified":"2025-05-06T16:54:10","modified_gmt":"2025-05-06T16:54:10","slug":"mepromazin-10-mg-y-25-mg","status":"publish","type":"product","link":"https:\/\/importadoracristinateran.com\/?product=mepromazin-10-mg-y-25-mg","title":{"rendered":"Mepromazin 10 mg y 25 mg"},"content":{"rendered":"<p><strong>Presentaciones:<\/strong><br \/>\nMEPROMAZIN 10 mg: estuches conteniendo 1 y 10 blisters con 10 comprimidos c\/u.<br \/>\nMEPROMAZIN 25 mg: estuches conteniendo 1 y 10 blisters con 8 comprimidos c\/u.<br \/>\n<strong>V\u00eda de administraci\u00f3n:<\/strong> Oral.<br \/>\n<strong>Informaci\u00f3n general:<\/strong><br \/>\nLa levomepromacina es un neurol\u00e9ptico sedante indicado para producir indiferencia sensorial y control motriz a dosis bajas y medias, as\u00ed como tambi\u00e9n un estado cercano al sue\u00f1o profundo a dosis altas en caninos.<br \/>\nLa levomepromacina posee amplias ventajas con respecto a otras mol\u00e9culas del mismo grupo ya que carece de los efectos secundarios a dosis terap\u00e9uticas que posee la clorpromazina o la acepromacina. Esto hace que su administraci\u00f3n sea mejor tolerada por el paciente. Comparativamente, los tratamientos con levomepromacina son ampliamente tolerados por los propietarios ya que carecen de los efectos secundarios propios de la acepromazina como el efecto atar\u00e1xico, prolapso del tercer p\u00e1rpado y la potencial desinhibici\u00f3n que sumada a la confusi\u00f3n puede desencadenar agresiones pasado su efecto m\u00e1ximo.<br \/>\nSu amplio margen terap\u00e9utico, sumado a su baja toxicidad hace de la levomepromazina el neurol\u00e9ptico de elecci\u00f3n para las situaciones estresantes poco frecuentes, el manejo de las fobias a ruidos y detonaciones en forma paliativa y una alternativa segura y eficaz para el manejo del transporte de animales. As\u00ed mismo, a dosis bajas es \u00fatil para ser utilizado en el contexto de una terapia comportamental para fobias e hiperestesia por no interferir con los aprendizajes<\/p>\n","protected":false},"excerpt":{"rendered":"<p><strong>Acciones terap\u00e9uticas de la levomepromacina:<\/strong><br \/>\n<strong>Control de la hiperestesia:<\/strong> Por su efecto adrenol\u00edtico (bloqueo a-adren\u00e9rgico) es \u00fatil para controlar las manifestaciones de hiperestesia en la especie canina y puede ser utilizada en tratamientos cortos para disminuir el per\u00edodo de adaptaci\u00f3n a los cambios de ambiente.<br \/>\n<strong>Control de la ansiedad:<\/strong> Posee efecto ansiol\u00edtico moderado (bloqueo 5HT2) y disminuye la amplitud y frecuencia de las manifestaciones ansiosas en forma secundaria.<br \/>\n<strong>Analgesia leve:<\/strong> Aditivamente, el principio activo posee propiedades analg\u00e9sicas, por lo que su uso puede estar indicado en todos aquellos estados donde un grado leve de analgesia sea requerido, como por ej. manejo del dolor cr\u00f3nico moderado a bajo, maniobras estresantes, manejo del dolor oncol\u00f3gico moderado, etc.<br \/>\nTambi\u00e9n el empleo de levomepromacina permite reducir significativamente las dosis de otros agentes analg\u00e9sicos como por ejemplo, opi\u00e1ceos, de modo de proporcionar una m\u00e1s segura terapia analg\u00e9sica.<br \/>\n<strong>Manejo del prurito:<\/strong> Debido a su antihistam\u00ednico (bloqueo H1) la levomepromacina puede ser \u00fatil como adyuvante en el manejo de s\u00edndromes prur\u00edticos.<br \/>\n<strong>Antiem\u00e9tico:<\/strong> La levomepromacina puede ser considerada un buen agente antiem\u00e9tico, con reconocida acci\u00f3n inhibitoria sobre la zona quimiorreceptora gatillo del bulbo raqu\u00eddeo, efecto antiem\u00e9tico que se observa a\u00fan a bajas dosis.<br \/>\n<strong>Control de agresividad:<\/strong> Como todos los neurol\u00e9pticos sedantes puede disminuir la aparici\u00f3n de secuencias agresivas, principalmente por temor (agresi\u00f3n por irritaci\u00f3n) o por miedo, no siendo el tratamiento de elecci\u00f3n para la agresividad en general<\/p>\n","protected":false},"featured_media":730,"comment_status":"open","ping_status":"closed","template":"","meta":{"_uag_custom_page_level_css":"","site-sidebar-layout":"default","site-content-layout":"","ast-site-content-layout":"default","site-content-style":"default","site-sidebar-style":"default","ast-global-header-display":"","ast-banner-title-visibility":"","ast-main-header-display":"","ast-hfb-above-header-display":"","ast-hfb-below-header-display":"","ast-hfb-mobile-header-display":"","site-post-title":"","ast-breadcrumbs-content":"","ast-featured-img":"","footer-sml-layout":"","theme-transparent-header-meta":"default","adv-header-id-meta":"","stick-header-meta":"","header-above-stick-meta":"","header-main-stick-meta":"","header-below-stick-meta":"","astra-migrate-meta-layouts":"set","ast-page-background-enabled":"default","ast-page-background-meta":{"desktop":{"background-color":"var(--ast-global-color-5)","background-image":"","background-repeat":"repeat","background-position":"center center","background-size":"auto","background-attachment":"scroll","background-type":"","background-media":"","overlay-type":"","overlay-color":"","overlay-opacity":"","overlay-gradient":""},"tablet":{"background-color":"","background-image":"","background-repeat":"repeat","background-position":"center center","background-size":"auto","background-attachment":"scroll","background-type":"","background-media":"","overlay-type":"","overlay-color":"","overlay-opacity":"","overlay-gradient":""},"mobile":{"background-color":"","background-image":"","background-repeat":"repeat","background-position":"center center","background-size":"auto","background-attachment":"scroll","background-type":"","background-media":"","overlay-type":"","overlay-color":"","overlay-opacity":"","overlay-gradient":""}},"ast-content-background-meta":{"desktop":{"background-color":"var(--ast-global-color-4)","background-image":"","background-repeat":"repeat","background-position":"center center","background-size":"auto","background-attachment":"scroll","background-type":"","background-media":"","overlay-type":"","overlay-color":"","overlay-opacity":"","overlay-gradient":""},"tablet":{"background-color":"var(--ast-global-color-4)","background-image":"","background-repeat":"repeat","background-position":"center center","background-size":"auto","background-attachment":"scroll","background-type":"","background-media":"","overlay-type":"","overlay-color":"","overlay-opacity":"","overlay-gradient":""},"mobile":{"background-color":"var(--ast-global-color-4)","background-image":"","background-repeat":"repeat","background-position":"center center","background-size":"auto","background-attachment":"scroll","background-type":"","background-media":"","overlay-type":"","overlay-color":"","overlay-opacity":"","overlay-gradient":""}},"_joinchat":[]},"product_brand":[],"product_cat":[17],"product_tag":[95],"class_list":{"0":"post-729","1":"product","2":"type-product","3":"status-publish","4":"has-post-thumbnail","6":"product_cat-labtritonvet","7":"product_tag-comprimidos","8":"desktop-align-left","9":"tablet-align-left","10":"mobile-align-left","12":"first","13":"instock","14":"shipping-taxable","15":"product-type-external"},"aioseo_notices":[],"uagb_featured_image_src":{"full":["https:\/\/importadoracristinateran.com\/wp-content\/uploads\/2025\/03\/Mepromazin_10.jpg",700,800,false],"thumbnail":["https:\/\/importadoracristinateran.com\/wp-content\/uploads\/2025\/03\/Mepromazin_10-150x150.jpg",150,150,true],"medium":["https:\/\/importadoracristinateran.com\/wp-content\/uploads\/2025\/03\/Mepromazin_10-263x300.jpg",263,300,true],"medium_large":["https:\/\/importadoracristinateran.com\/wp-content\/uploads\/2025\/03\/Mepromazin_10.jpg",700,800,false],"large":["https:\/\/importadoracristinateran.com\/wp-content\/uploads\/2025\/03\/Mepromazin_10.jpg",700,800,false],"1536x1536":["https:\/\/importadoracristinateran.com\/wp-content\/uploads\/2025\/03\/Mepromazin_10.jpg",700,800,false],"2048x2048":["https:\/\/importadoracristinateran.com\/wp-content\/uploads\/2025\/03\/Mepromazin_10.jpg",700,800,false],"woocommerce_thumbnail":["https:\/\/importadoracristinateran.com\/wp-content\/uploads\/2025\/03\/Mepromazin_10-300x300.jpg",300,300,true],"woocommerce_single":["https:\/\/importadoracristinateran.com\/wp-content\/uploads\/2025\/03\/Mepromazin_10-600x686.jpg",600,686,true],"woocommerce_gallery_thumbnail":["https:\/\/importadoracristinateran.com\/wp-content\/uploads\/2025\/03\/Mepromazin_10-100x100.jpg",100,100,true],"dgwt-wcas-product-suggestion":["https:\/\/importadoracristinateran.com\/wp-content\/uploads\/2025\/03\/Mepromazin_10-64x73.jpg",64,73,true]},"uagb_author_info":{"display_name":"mcris.import@gmail.com","author_link":"https:\/\/importadoracristinateran.com\/?author=0"},"uagb_comment_info":0,"uagb_excerpt":"Acciones terap\u00e9uticas de la levomepromacina: Control de la hiperestesia: Por su efecto adrenol\u00edtico (bloqueo a-adren\u00e9rgico) es \u00fatil para controlar las manifestaciones de hiperestesia en la especie canina y puede ser utilizada en tratamientos cortos para disminuir el per\u00edodo de adaptaci\u00f3n a los cambios de ambiente. Control de la ansiedad: Posee efecto ansiol\u00edtico moderado (bloqueo 5HT2)&hellip;","_links":{"self":[{"href":"https:\/\/importadoracristinateran.com\/index.php?rest_route=\/wp\/v2\/product\/729","targetHints":{"allow":["GET"]}}],"collection":[{"href":"https:\/\/importadoracristinateran.com\/index.php?rest_route=\/wp\/v2\/product"}],"about":[{"href":"https:\/\/importadoracristinateran.com\/index.php?rest_route=\/wp\/v2\/types\/product"}],"replies":[{"embeddable":true,"href":"https:\/\/importadoracristinateran.com\/index.php?rest_route=%2Fwp%2Fv2%2Fcomments&post=729"}],"wp:featuredmedia":[{"embeddable":true,"href":"https:\/\/importadoracristinateran.com\/index.php?rest_route=\/wp\/v2\/media\/730"}],"wp:attachment":[{"href":"https:\/\/importadoracristinateran.com\/index.php?rest_route=%2Fwp%2Fv2%2Fmedia&parent=729"}],"wp:term":[{"taxonomy":"product_brand","embeddable":true,"href":"https:\/\/importadoracristinateran.com\/index.php?rest_route=%2Fwp%2Fv2%2Fproduct_brand&post=729"},{"taxonomy":"product_cat","embeddable":true,"href":"https:\/\/importadoracristinateran.com\/index.php?rest_route=%2Fwp%2Fv2%2Fproduct_cat&post=729"},{"taxonomy":"product_tag","embeddable":true,"href":"https:\/\/importadoracristinateran.com\/index.php?rest_route=%2Fwp%2Fv2%2Fproduct_tag&post=729"}],"curies":[{"name":"wp","href":"https:\/\/api.w.org\/{rel}","templated":true}]}}