{"id":744,"date":"2025-03-31T21:10:15","date_gmt":"2025-03-31T21:10:15","guid":{"rendered":"https:\/\/importadoracristinateran.com\/?post_type=product&#038;p=744"},"modified":"2025-03-31T21:36:17","modified_gmt":"2025-03-31T21:36:17","slug":"rapid-test-kit","status":"publish","type":"product","link":"https:\/\/importadoracristinateran.com\/?product=rapid-test-kit","title":{"rendered":"Rapid Test Kit toxoplama IgG\\Igm"},"content":{"rendered":"<p><strong>USO PREVISTO<\/strong><br \/>\nLa Prueba R\u00e1pida de Anticuerpos IgG\/IgM de Toxoplasma es un casete de prueba para diagnosticar la presencia de anticuerpos IgG e IgM anti-Toxoplasma en muestras de sangre de animales. Tiempo de an\u00e1lisis: 5-10 minutos<br \/>\n<strong>PRINCIPIO<\/strong><br \/>\nLa prueba de anticuerpos IgG\/IgM contra toxoplasma se basa en un ensayo inmunocromatogr\u00e1fico de flujo lateral tipo s\u00e1ndwich.<\/p>\n<p><strong> REACTIVOS Y MATERIALES<\/strong><br \/>\n&#8211; Dispositivos de prueba<br \/>\n&#8211; Goteros capilares desechables<br \/>\n&#8211; Tamp\u00f3n de ensayo<br \/>\n&#8211; Manual del producto<\/p>\n<p><strong>ALMACENAMIENTO Y ESTABILIDAD<\/strong><br \/>\nEl kit se puede almacenar a temperatura ambiente (4-30 \u00b0C). El kit de prueba es estable hasta la fecha de caducidad (24 meses) indicada en la etiqueta del envase. NO CONGELAR. No almacenar el kit de prueba expuesto a la luz solar directa.<\/p>\n<p><strong>REACTIVOS Y MATERIALES<\/strong><br \/>\n&#8211; Dispositivos de prueba<br \/>\n&#8211; Goteros capilares desechables<br \/>\n&#8211; Tamp\u00f3n de ensayo<br \/>\n&#8211; Manual del producto<br \/>\n<strong>\u00a0ALMACENAMIENTO Y ESTABILIDAD<\/strong><br \/>\nEl kit se puede almacenar a temperatura ambiente (4-30 \u00b0C). El kit de prueba es estable hasta la fecha de caducidad (24 meses) indicada en la etiqueta del envase.<\/p>\n<p><strong>NO CONGELAR.<\/strong> No almacenar el kit de prueba expuesto a la luz solar directa.<\/p>\n","protected":false},"excerpt":{"rendered":"<p><strong>PREPARACI\u00d3N Y ALMACENAMIENTO DE LAS MUESTRAS<\/strong><br \/>\n&#8211; Las muestras deben obtenerse y tratarse como se indica a continuaci\u00f3n. Recolecte la sangre completa del animal paciente, centrifug\u00faela para obtener el suero o col\u00f3quela en un tubo con anticoagulantes para obtener plasma. &#8211; Todas las muestras deben analizarse inmediatamente. Si no se van a analizar inmediatamente, deben almacenarse a 2-8 \u00b0C.\u00bb<\/p>\n","protected":false},"featured_media":745,"comment_status":"open","ping_status":"closed","template":"","meta":{"_uag_custom_page_level_css":"","site-sidebar-layout":"default","site-content-layout":"","ast-site-content-layout":"default","site-content-style":"default","site-sidebar-style":"default","ast-global-header-display":"","ast-banner-title-visibility":"","ast-main-header-display":"","ast-hfb-above-header-display":"","ast-hfb-below-header-display":"","ast-hfb-mobile-header-display":"","site-post-title":"","ast-breadcrumbs-content":"","ast-featured-img":"","footer-sml-layout":"","theme-transparent-header-meta":"default","adv-header-id-meta":"","stick-header-meta":"","header-above-stick-meta":"","header-main-stick-meta":"","header-below-stick-meta":"","astra-migrate-meta-layouts":"set","ast-page-background-enabled":"default","ast-page-background-meta":{"desktop":{"background-color":"var(--ast-global-color-5)","background-image":"","background-repeat":"repeat","background-position":"center center","background-size":"auto","background-attachment":"scroll","background-type":"","background-media":"","overlay-type":"","overlay-color":"","overlay-opacity":"","overlay-gradient":""},"tablet":{"background-color":"","background-image":"","background-repeat":"repeat","background-position":"center center","background-size":"auto","background-attachment":"scroll","background-type":"","background-media":"","overlay-type":"","overlay-color":"","overlay-opacity":"","overlay-gradient":""},"mobile":{"background-color":"","background-image":"","background-repeat":"repeat","background-position":"center center","background-size":"auto","background-attachment":"scroll","background-type":"","background-media":"","overlay-type":"","overlay-color":"","overlay-opacity":"","overlay-gradient":""}},"ast-content-background-meta":{"desktop":{"background-color":"var(--ast-global-color-4)","background-image":"","background-repeat":"repeat","background-position":"center center","background-size":"auto","background-attachment":"scroll","background-type":"","background-media":"","overlay-type":"","overlay-color":"","overlay-opacity":"","overlay-gradient":""},"tablet":{"background-color":"var(--ast-global-color-4)","background-image":"","background-repeat":"repeat","background-position":"center center","background-size":"auto","background-attachment":"scroll","background-type":"","background-media":"","overlay-type":"","overlay-color":"","overlay-opacity":"","overlay-gradient":""},"mobile":{"background-color":"var(--ast-global-color-4)","background-image":"","background-repeat":"repeat","background-position":"center center","background-size":"auto","background-attachment":"scroll","background-type":"","background-media":"","overlay-type":"","overlay-color":"","overlay-opacity":"","overlay-gradient":""}},"_joinchat":[]},"product_brand":[],"product_cat":[60],"product_tag":[],"class_list":{"0":"post-744","1":"product","2":"type-product","3":"status-publish","4":"has-post-thumbnail","6":"product_cat-pruebasprotectores","7":"desktop-align-left","8":"tablet-align-left","9":"mobile-align-left","11":"first","12":"instock","13":"featured","14":"shipping-taxable","15":"product-type-external"},"aioseo_notices":[],"uagb_featured_image_src":{"full":["https:\/\/importadoracristinateran.com\/wp-content\/uploads\/2025\/03\/rapidtest2.jpg",1080,1080,false],"thumbnail":["https:\/\/importadoracristinateran.com\/wp-content\/uploads\/2025\/03\/rapidtest2-150x150.jpg",150,150,true],"medium":["https:\/\/importadoracristinateran.com\/wp-content\/uploads\/2025\/03\/rapidtest2-300x300.jpg",300,300,true],"medium_large":["https:\/\/importadoracristinateran.com\/wp-content\/uploads\/2025\/03\/rapidtest2-768x768.jpg",768,768,true],"large":["https:\/\/importadoracristinateran.com\/wp-content\/uploads\/2025\/03\/rapidtest2-1024x1024.jpg",1024,1024,true],"1536x1536":["https:\/\/importadoracristinateran.com\/wp-content\/uploads\/2025\/03\/rapidtest2.jpg",1080,1080,false],"2048x2048":["https:\/\/importadoracristinateran.com\/wp-content\/uploads\/2025\/03\/rapidtest2.jpg",1080,1080,false],"woocommerce_thumbnail":["https:\/\/importadoracristinateran.com\/wp-content\/uploads\/2025\/03\/rapidtest2-300x300.jpg",300,300,true],"woocommerce_single":["https:\/\/importadoracristinateran.com\/wp-content\/uploads\/2025\/03\/rapidtest2-600x600.jpg",600,600,true],"woocommerce_gallery_thumbnail":["https:\/\/importadoracristinateran.com\/wp-content\/uploads\/2025\/03\/rapidtest2-100x100.jpg",100,100,true],"dgwt-wcas-product-suggestion":["https:\/\/importadoracristinateran.com\/wp-content\/uploads\/2025\/03\/rapidtest2-64x64.jpg",64,64,true]},"uagb_author_info":{"display_name":"mcris.import@gmail.com","author_link":"https:\/\/importadoracristinateran.com\/?author=0"},"uagb_comment_info":0,"uagb_excerpt":"PREPARACI\u00d3N Y ALMACENAMIENTO DE LAS MUESTRAS - Las muestras deben obtenerse y tratarse como se indica a continuaci\u00f3n. Recolecte la sangre completa del animal paciente, centrifug\u00faela para obtener el suero o col\u00f3quela en un tubo con anticoagulantes para obtener plasma. - Todas las muestras deben analizarse inmediatamente. Si no se van a analizar inmediatamente, deben&hellip;","_links":{"self":[{"href":"https:\/\/importadoracristinateran.com\/index.php?rest_route=\/wp\/v2\/product\/744","targetHints":{"allow":["GET"]}}],"collection":[{"href":"https:\/\/importadoracristinateran.com\/index.php?rest_route=\/wp\/v2\/product"}],"about":[{"href":"https:\/\/importadoracristinateran.com\/index.php?rest_route=\/wp\/v2\/types\/product"}],"replies":[{"embeddable":true,"href":"https:\/\/importadoracristinateran.com\/index.php?rest_route=%2Fwp%2Fv2%2Fcomments&post=744"}],"wp:featuredmedia":[{"embeddable":true,"href":"https:\/\/importadoracristinateran.com\/index.php?rest_route=\/wp\/v2\/media\/745"}],"wp:attachment":[{"href":"https:\/\/importadoracristinateran.com\/index.php?rest_route=%2Fwp%2Fv2%2Fmedia&parent=744"}],"wp:term":[{"taxonomy":"product_brand","embeddable":true,"href":"https:\/\/importadoracristinateran.com\/index.php?rest_route=%2Fwp%2Fv2%2Fproduct_brand&post=744"},{"taxonomy":"product_cat","embeddable":true,"href":"https:\/\/importadoracristinateran.com\/index.php?rest_route=%2Fwp%2Fv2%2Fproduct_cat&post=744"},{"taxonomy":"product_tag","embeddable":true,"href":"https:\/\/importadoracristinateran.com\/index.php?rest_route=%2Fwp%2Fv2%2Fproduct_tag&post=744"}],"curies":[{"name":"wp","href":"https:\/\/api.w.org\/{rel}","templated":true}]}}