{"id":749,"date":"2025-03-31T21:50:42","date_gmt":"2025-03-31T21:50:42","guid":{"rendered":"https:\/\/importadoracristinateran.com\/?post_type=product&#038;p=749"},"modified":"2025-05-06T16:52:38","modified_gmt":"2025-05-06T16:52:38","slug":"one-atiparasitario-interno-integral","status":"publish","type":"product","link":"https:\/\/importadoracristinateran.com\/?product=one-atiparasitario-interno-integral","title":{"rendered":"ONE-Atiparasitario interno integral"},"content":{"rendered":"<p><strong>INDICACIONES<\/strong><\/p>\n<p>Indicado en perros como antiparasitario oral de amplio espectro para el control y tratamiento de parasitosis ocasionadas por protozoarios, cestodos y nematodos.<\/p>\n<p><strong>COMPOSICI\u00d3N<\/strong><\/p>\n<p>Cada tableta contiene:<\/p>\n<p>Fenbendazol:&#8230;&#8230;&#8230;&#8230;&#8230;&#8230;.. 500 mg<\/p>\n<p>Toltrazuril:&#8230;&#8230;&#8230;&#8230;&#8230;&#8230;.. 150 mg<\/p>\n<p>Prazicuantel:&#8230;&#8230;&#8230;&#8230;&#8230;&#8230;. 50 mg<\/p>\n<p>Excipiente c.b.p.:&#8230;&#8230;&#8230;&#8230;.. 1 tableta<\/p>\n<p><strong>DOSIS Y ADMINISTRACI\u00d3N<\/strong><\/p>\n<p>Fenbendazol 50 mg\/kg, Prazicuantel 5 mg\/kg, Toltrazuril 15 mg\/kg Dosis pr\u00e1ctica: 1 tableta por cada 10 kg de peso, v\u00eda oral. Para tratar cestodos, nematodos, giardias y coccidias, administrar una dosis seg\u00fan corresponda al peso del animal cada 24 horas durante 3 d\u00edas. El tratamiento contra giardias y\/o coccidias puede extenderse hasta 5 d\u00edas seguidos de ser necesario seg\u00fan la carga parasitaria y el criterio del m\u00e9dico veterinario. Se recomienda administrar una segunda toma para cortar el ciclo biol\u00f3gico de los par\u00e1sitos. La frecuencia de administraci\u00f3n de la segunda toma depender\u00e1 del par\u00e1sito a tratar.<\/p>\n<p><strong>PRECAUCIONES<\/strong><\/p>\n<p><strong>No administrar en perros menores de 4 semanas.<\/strong><\/p>\n<p>No usar en caso de hipersensibilidad conocida a las sustancias activas<\/p>\n<p>Se recomienda que todos los perros y gatos que convivan en el mismo h\u00e1bitat deben recibir tratamiento desparasitante al mismo tiempo.<\/p>\n<p>L\u00e1vese las manos despu\u00e9s de haber medicado al paciente. Mant\u00e9ngase fuera del alcance de ni\u00f1os y animales dom\u00e9sticos.<\/p>\n","protected":false},"excerpt":{"rendered":"<p><strong>PRECAUCIONES<\/strong><\/p>\n<p><strong>No administrar en perros menores de 4 semanas.<\/strong><\/p>\n<p>No usar en caso de hipersensibilidad conocida a las sustancias activas<\/p>\n<p>Se recomienda que todos los perros y gatos que convivan en el mismo h\u00e1bitat deben recibir tratamiento desparasitante al mismo tiempo.<\/p>\n<p>L\u00e1vese las manos despu\u00e9s de haber medicado al paciente. Mant\u00e9ngase fuera del alcance de ni\u00f1os y animales dom\u00e9sticos.<\/p>\n","protected":false},"featured_media":750,"comment_status":"open","ping_status":"closed","template":"","meta":{"_uag_custom_page_level_css":"","site-sidebar-layout":"default","site-content-layout":"","ast-site-content-layout":"default","site-content-style":"default","site-sidebar-style":"default","ast-global-header-display":"","ast-banner-title-visibility":"","ast-main-header-display":"","ast-hfb-above-header-display":"","ast-hfb-below-header-display":"","ast-hfb-mobile-header-display":"","site-post-title":"","ast-breadcrumbs-content":"","ast-featured-img":"","footer-sml-layout":"","theme-transparent-header-meta":"default","adv-header-id-meta":"","stick-header-meta":"","header-above-stick-meta":"","header-main-stick-meta":"","header-below-stick-meta":"","astra-migrate-meta-layouts":"set","ast-page-background-enabled":"default","ast-page-background-meta":{"desktop":{"background-color":"var(--ast-global-color-5)","background-image":"","background-repeat":"repeat","background-position":"center center","background-size":"auto","background-attachment":"scroll","background-type":"","background-media":"","overlay-type":"","overlay-color":"","overlay-opacity":"","overlay-gradient":""},"tablet":{"background-color":"","background-image":"","background-repeat":"repeat","background-position":"center center","background-size":"auto","background-attachment":"scroll","background-type":"","background-media":"","overlay-type":"","overlay-color":"","overlay-opacity":"","overlay-gradient":""},"mobile":{"background-color":"","background-image":"","background-repeat":"repeat","background-position":"center center","background-size":"auto","background-attachment":"scroll","background-type":"","background-media":"","overlay-type":"","overlay-color":"","overlay-opacity":"","overlay-gradient":""}},"ast-content-background-meta":{"desktop":{"background-color":"var(--ast-global-color-4)","background-image":"","background-repeat":"repeat","background-position":"center center","background-size":"auto","background-attachment":"scroll","background-type":"","background-media":"","overlay-type":"","overlay-color":"","overlay-opacity":"","overlay-gradient":""},"tablet":{"background-color":"var(--ast-global-color-4)","background-image":"","background-repeat":"repeat","background-position":"center center","background-size":"auto","background-attachment":"scroll","background-type":"","background-media":"","overlay-type":"","overlay-color":"","overlay-opacity":"","overlay-gradient":""},"mobile":{"background-color":"var(--ast-global-color-4)","background-image":"","background-repeat":"repeat","background-position":"center center","background-size":"auto","background-attachment":"scroll","background-type":"","background-media":"","overlay-type":"","overlay-color":"","overlay-opacity":"","overlay-gradient":""}},"_joinchat":[]},"product_brand":[],"product_cat":[41],"product_tag":[95],"class_list":{"0":"post-749","1":"product","2":"type-product","3":"status-publish","4":"has-post-thumbnail","6":"product_cat-lab-biozoo","7":"product_tag-comprimidos","8":"desktop-align-left","9":"tablet-align-left","10":"mobile-align-left","12":"first","13":"instock","14":"shipping-taxable","15":"product-type-external"},"aioseo_notices":[],"uagb_featured_image_src":{"full":["https:\/\/importadoracristinateran.com\/wp-content\/uploads\/2025\/03\/one-antiparasitario.jpg",857,632,false],"thumbnail":["https:\/\/importadoracristinateran.com\/wp-content\/uploads\/2025\/03\/one-antiparasitario-150x150.jpg",150,150,true],"medium":["https:\/\/importadoracristinateran.com\/wp-content\/uploads\/2025\/03\/one-antiparasitario-300x221.jpg",300,221,true],"medium_large":["https:\/\/importadoracristinateran.com\/wp-content\/uploads\/2025\/03\/one-antiparasitario-768x566.jpg",768,566,true],"large":["https:\/\/importadoracristinateran.com\/wp-content\/uploads\/2025\/03\/one-antiparasitario.jpg",857,632,false],"1536x1536":["https:\/\/importadoracristinateran.com\/wp-content\/uploads\/2025\/03\/one-antiparasitario.jpg",857,632,false],"2048x2048":["https:\/\/importadoracristinateran.com\/wp-content\/uploads\/2025\/03\/one-antiparasitario.jpg",857,632,false],"woocommerce_thumbnail":["https:\/\/importadoracristinateran.com\/wp-content\/uploads\/2025\/03\/one-antiparasitario-300x300.jpg",300,300,true],"woocommerce_single":["https:\/\/importadoracristinateran.com\/wp-content\/uploads\/2025\/03\/one-antiparasitario-600x442.jpg",600,442,true],"woocommerce_gallery_thumbnail":["https:\/\/importadoracristinateran.com\/wp-content\/uploads\/2025\/03\/one-antiparasitario-100x100.jpg",100,100,true],"dgwt-wcas-product-suggestion":["https:\/\/importadoracristinateran.com\/wp-content\/uploads\/2025\/03\/one-antiparasitario-64x47.jpg",64,47,true]},"uagb_author_info":{"display_name":"mcris.import@gmail.com","author_link":"https:\/\/importadoracristinateran.com\/?author=0"},"uagb_comment_info":0,"uagb_excerpt":"PRECAUCIONES No administrar en perros menores de 4 semanas. No usar en caso de hipersensibilidad conocida a las sustancias activas Se recomienda que todos los perros y gatos que convivan en el mismo h\u00e1bitat deben recibir tratamiento desparasitante al mismo tiempo. L\u00e1vese las manos despu\u00e9s de haber medicado al paciente. Mant\u00e9ngase fuera del alcance de&hellip;","_links":{"self":[{"href":"https:\/\/importadoracristinateran.com\/index.php?rest_route=\/wp\/v2\/product\/749","targetHints":{"allow":["GET"]}}],"collection":[{"href":"https:\/\/importadoracristinateran.com\/index.php?rest_route=\/wp\/v2\/product"}],"about":[{"href":"https:\/\/importadoracristinateran.com\/index.php?rest_route=\/wp\/v2\/types\/product"}],"replies":[{"embeddable":true,"href":"https:\/\/importadoracristinateran.com\/index.php?rest_route=%2Fwp%2Fv2%2Fcomments&post=749"}],"wp:featuredmedia":[{"embeddable":true,"href":"https:\/\/importadoracristinateran.com\/index.php?rest_route=\/wp\/v2\/media\/750"}],"wp:attachment":[{"href":"https:\/\/importadoracristinateran.com\/index.php?rest_route=%2Fwp%2Fv2%2Fmedia&parent=749"}],"wp:term":[{"taxonomy":"product_brand","embeddable":true,"href":"https:\/\/importadoracristinateran.com\/index.php?rest_route=%2Fwp%2Fv2%2Fproduct_brand&post=749"},{"taxonomy":"product_cat","embeddable":true,"href":"https:\/\/importadoracristinateran.com\/index.php?rest_route=%2Fwp%2Fv2%2Fproduct_cat&post=749"},{"taxonomy":"product_tag","embeddable":true,"href":"https:\/\/importadoracristinateran.com\/index.php?rest_route=%2Fwp%2Fv2%2Fproduct_tag&post=749"}],"curies":[{"name":"wp","href":"https:\/\/api.w.org\/{rel}","templated":true}]}}