{"id":753,"date":"2025-03-31T22:06:43","date_gmt":"2025-03-31T22:06:43","guid":{"rendered":"https:\/\/importadoracristinateran.com\/?post_type=product&#038;p=753"},"modified":"2025-05-06T16:52:06","modified_gmt":"2025-05-06T16:52:06","slug":"meloximax-1","status":"publish","type":"product","link":"https:\/\/importadoracristinateran.com\/?product=meloximax-1","title":{"rendered":"Meloximax 1"},"content":{"rendered":"<p><strong>Indicaciones.<\/strong><\/p>\n<p>Indicado en perros y gatos para tratar el dolor, inflamaci\u00f3n y fiebre en procesos m\u00fasculo esquel\u00e9ticos agudos y cr\u00f3nicos, en procesos infecciosos (siempre que se acompa\u00f1e de la terapia antimicrobiana adecuada). \u00datil antes y despu\u00e9s de la realizaci\u00f3n de procedimientos quir\u00fargicos.<\/p>\n<p><strong>F\u00f3rmula<\/strong><\/p>\n<p><strong>Cada tableta contiene:<\/strong><\/p>\n<p>Meloxicam 1 mg<br \/>\nExcipiente c.b.p 1 tableta<\/p>\n<p>D\u00f3sis y v\u00eda de administraci\u00f3n<\/p>\n<p><strong>Perros y gatos:<\/strong> 0.1 mg\/kg cada 24 horas, v\u00eda oral.<\/p>\n<p><strong>Dosis pr\u00e1ctica:<\/strong> 1 tableta por cada 10 kg de peso.<\/p>\n<p><strong>Presentaci\u00f3n<\/strong><\/p>\n<p>Caja con 30 tabletas.<\/p>\n<p><strong>Precauciones.<\/strong><\/p>\n<p>El uso de este producto est\u00e1 contraindicado en animales con hipersensibilidad a la f\u00f3rmula. No administrarse a animales que presenten trastornos gastrointestinales (\u00falceras), as\u00ed como deterioro de la funci\u00f3n hep\u00e1tica, cardiaca, renal y trastornos hemorr\u00e1gicos.<\/p>\n<p>En caso de anafilaxia administrar epinefrina y\/o corticoides parenteralmente.<\/p>\n","protected":false},"excerpt":{"rendered":"<p><strong>Indicaciones.<\/strong><\/p>\n<p>Indicado en perros y gatos para tratar el dolor, inflamaci\u00f3n y fiebre en procesos m\u00fasculo esquel\u00e9ticos agudos y cr\u00f3nicos, en procesos infecciosos (siempre que se acompa\u00f1e de la terapia antimicrobiana adecuada). \u00datil antes y despu\u00e9s de la realizaci\u00f3n de procedimientos quir\u00fargicos.<\/p>\n","protected":false},"featured_media":754,"comment_status":"open","ping_status":"closed","template":"","meta":{"_uag_custom_page_level_css":"","site-sidebar-layout":"default","site-content-layout":"","ast-site-content-layout":"default","site-content-style":"default","site-sidebar-style":"default","ast-global-header-display":"","ast-banner-title-visibility":"","ast-main-header-display":"","ast-hfb-above-header-display":"","ast-hfb-below-header-display":"","ast-hfb-mobile-header-display":"","site-post-title":"","ast-breadcrumbs-content":"","ast-featured-img":"","footer-sml-layout":"","theme-transparent-header-meta":"default","adv-header-id-meta":"","stick-header-meta":"","header-above-stick-meta":"","header-main-stick-meta":"","header-below-stick-meta":"","astra-migrate-meta-layouts":"set","ast-page-background-enabled":"default","ast-page-background-meta":{"desktop":{"background-color":"var(--ast-global-color-5)","background-image":"","background-repeat":"repeat","background-position":"center center","background-size":"auto","background-attachment":"scroll","background-type":"","background-media":"","overlay-type":"","overlay-color":"","overlay-opacity":"","overlay-gradient":""},"tablet":{"background-color":"","background-image":"","background-repeat":"repeat","background-position":"center center","background-size":"auto","background-attachment":"scroll","background-type":"","background-media":"","overlay-type":"","overlay-color":"","overlay-opacity":"","overlay-gradient":""},"mobile":{"background-color":"","background-image":"","background-repeat":"repeat","background-position":"center center","background-size":"auto","background-attachment":"scroll","background-type":"","background-media":"","overlay-type":"","overlay-color":"","overlay-opacity":"","overlay-gradient":""}},"ast-content-background-meta":{"desktop":{"background-color":"var(--ast-global-color-4)","background-image":"","background-repeat":"repeat","background-position":"center center","background-size":"auto","background-attachment":"scroll","background-type":"","background-media":"","overlay-type":"","overlay-color":"","overlay-opacity":"","overlay-gradient":""},"tablet":{"background-color":"var(--ast-global-color-4)","background-image":"","background-repeat":"repeat","background-position":"center center","background-size":"auto","background-attachment":"scroll","background-type":"","background-media":"","overlay-type":"","overlay-color":"","overlay-opacity":"","overlay-gradient":""},"mobile":{"background-color":"var(--ast-global-color-4)","background-image":"","background-repeat":"repeat","background-position":"center center","background-size":"auto","background-attachment":"scroll","background-type":"","background-media":"","overlay-type":"","overlay-color":"","overlay-opacity":"","overlay-gradient":""}},"_joinchat":[]},"product_brand":[],"product_cat":[41],"product_tag":[95],"class_list":{"0":"post-753","1":"product","2":"type-product","3":"status-publish","4":"has-post-thumbnail","6":"product_cat-lab-biozoo","7":"product_tag-comprimidos","8":"desktop-align-left","9":"tablet-align-left","10":"mobile-align-left","12":"first","13":"instock","14":"shipping-taxable","15":"product-type-external"},"aioseo_notices":[],"uagb_featured_image_src":{"full":["https:\/\/importadoracristinateran.com\/wp-content\/uploads\/2025\/03\/Meloximax1.jpg",765,563,false],"thumbnail":["https:\/\/importadoracristinateran.com\/wp-content\/uploads\/2025\/03\/Meloximax1-150x150.jpg",150,150,true],"medium":["https:\/\/importadoracristinateran.com\/wp-content\/uploads\/2025\/03\/Meloximax1-300x221.jpg",300,221,true],"medium_large":["https:\/\/importadoracristinateran.com\/wp-content\/uploads\/2025\/03\/Meloximax1.jpg",765,563,false],"large":["https:\/\/importadoracristinateran.com\/wp-content\/uploads\/2025\/03\/Meloximax1.jpg",765,563,false],"1536x1536":["https:\/\/importadoracristinateran.com\/wp-content\/uploads\/2025\/03\/Meloximax1.jpg",765,563,false],"2048x2048":["https:\/\/importadoracristinateran.com\/wp-content\/uploads\/2025\/03\/Meloximax1.jpg",765,563,false],"woocommerce_thumbnail":["https:\/\/importadoracristinateran.com\/wp-content\/uploads\/2025\/03\/Meloximax1-300x300.jpg",300,300,true],"woocommerce_single":["https:\/\/importadoracristinateran.com\/wp-content\/uploads\/2025\/03\/Meloximax1-600x442.jpg",600,442,true],"woocommerce_gallery_thumbnail":["https:\/\/importadoracristinateran.com\/wp-content\/uploads\/2025\/03\/Meloximax1-100x100.jpg",100,100,true],"dgwt-wcas-product-suggestion":["https:\/\/importadoracristinateran.com\/wp-content\/uploads\/2025\/03\/Meloximax1-64x47.jpg",64,47,true]},"uagb_author_info":{"display_name":"mcris.import@gmail.com","author_link":"https:\/\/importadoracristinateran.com\/?author=0"},"uagb_comment_info":0,"uagb_excerpt":"Indicaciones. Indicado en perros y gatos para tratar el dolor, inflamaci\u00f3n y fiebre en procesos m\u00fasculo esquel\u00e9ticos agudos y cr\u00f3nicos, en procesos infecciosos (siempre que se acompa\u00f1e de la terapia antimicrobiana adecuada). \u00datil antes y despu\u00e9s de la realizaci\u00f3n de procedimientos quir\u00fargicos.","_links":{"self":[{"href":"https:\/\/importadoracristinateran.com\/index.php?rest_route=\/wp\/v2\/product\/753","targetHints":{"allow":["GET"]}}],"collection":[{"href":"https:\/\/importadoracristinateran.com\/index.php?rest_route=\/wp\/v2\/product"}],"about":[{"href":"https:\/\/importadoracristinateran.com\/index.php?rest_route=\/wp\/v2\/types\/product"}],"replies":[{"embeddable":true,"href":"https:\/\/importadoracristinateran.com\/index.php?rest_route=%2Fwp%2Fv2%2Fcomments&post=753"}],"wp:featuredmedia":[{"embeddable":true,"href":"https:\/\/importadoracristinateran.com\/index.php?rest_route=\/wp\/v2\/media\/754"}],"wp:attachment":[{"href":"https:\/\/importadoracristinateran.com\/index.php?rest_route=%2Fwp%2Fv2%2Fmedia&parent=753"}],"wp:term":[{"taxonomy":"product_brand","embeddable":true,"href":"https:\/\/importadoracristinateran.com\/index.php?rest_route=%2Fwp%2Fv2%2Fproduct_brand&post=753"},{"taxonomy":"product_cat","embeddable":true,"href":"https:\/\/importadoracristinateran.com\/index.php?rest_route=%2Fwp%2Fv2%2Fproduct_cat&post=753"},{"taxonomy":"product_tag","embeddable":true,"href":"https:\/\/importadoracristinateran.com\/index.php?rest_route=%2Fwp%2Fv2%2Fproduct_tag&post=753"}],"curies":[{"name":"wp","href":"https:\/\/api.w.org\/{rel}","templated":true}]}}