{"id":756,"date":"2025-03-31T22:14:05","date_gmt":"2025-03-31T22:14:05","guid":{"rendered":"https:\/\/importadoracristinateran.com\/?post_type=product&#038;p=756"},"modified":"2025-10-08T21:57:28","modified_gmt":"2025-10-08T21:57:28","slug":"aminotonic-500-ml","status":"publish","type":"product","link":"https:\/\/importadoracristinateran.com\/?product=aminotonic-500-ml","title":{"rendered":"Aminotonic 500 ml"},"content":{"rendered":"<div class=\"button-product button-product-produccion-vitaminicosYReconstituyentes producttheme\">\n<p class=\"paragraphbuttonproduct\"><strong>Indicaciones<\/strong><\/p>\n<\/div>\n<div id=\"indicaciones\" class=\"div-block-indicaciones block-detalle\">\n<p><strong>Aminotonic\u00ae<\/strong>\u00a0est\u00e1 indicado como rehidratante y reconstituyente energ\u00e9tico con vitaminas, minerales y amino\u00e1cidos para ser aplicado en bovinos de engorda y producci\u00f3n de leche, equinos, porcinos, caprinos, ovinos, caninos y felinos. Debido a la exacta proporci\u00f3n de electrolitos, favorece la r\u00e1pida recuperaci\u00f3n de fluidos corporales, permitiendo que sea de gran utilidad en casos de v\u00f3mitos, diarrea, deshidrataci\u00f3n, hipoproteinemia y convalecencia quir\u00fargica o infecciosa.<\/p>\n<p>Adem\u00e1s es el coadyuvante ideal en condiciones de debilidad, desnutrici\u00f3n, enfermedades cr\u00f3nicas, exceso de trabajo, p\u00e9rdida de apetito y estados de debilidad.<\/p>\n<div class=\"button-product button-product-produccion-vitaminicosYReconstituyentes producttheme\">\n<p class=\"paragraphbuttonproduct\"><strong>F\u00f3rmula<\/strong><\/p>\n<\/div>\n<div id=\"formula\" class=\"div-block-formula\">\n<p>Cada 500 mL contienen:<\/p>\n<p>Dextrosa \u2026\u2026\u2026\u2026\u2026\u2026\u2026\u2026\u2026\u2026&#8230;&#8230;&#8230;. 28 g<\/p>\n<p>Cloruro de calcio \u2026\u2026\u2026\u2026\u2026\u2026&#8230;. 80 mg<\/p>\n<p>Cloruro de potasio \u2026\u2026\u2026\u2026\u2026. 100 mg<\/p>\n<p>Cloruro de magnesio \u2026\u2026\u2026\u2026.100 mg<\/p>\n<p>Acetato de sodio \u2026\u2026\u2026\u2026\u2026.1,250 mg<\/p>\n<p>Hidrocloruro de<br \/>\nL-histidina \u2026\u2026\u2026\u2026\u2026\u2026\u2026\u2026\u2026\u2026&#8230;&#8230;. 5 mg<\/p>\n<p>L-metionina \u2026\u2026\u2026\u2026\u2026\u2026\u2026\u2026\u2026&#8230;.. 5 mg<\/p>\n<p>DL-triptofano \u2026\u2026\u2026\u2026\u2026\u2026\u2026\u2026&#8230;&#8230; 5 mg<\/p>\n<p>Hidrocloruro de<br \/>\nL-ciste\u00edna \u2026\u2026\u2026\u2026\u2026\u2026\u2026\u2026\u2026\u2026&#8230;&#8230;.. 5 mg<\/p>\n<p>L-treonina \u2026\u2026\u2026\u2026\u2026\u2026\u2026\u2026\u2026\u2026&#8230;. 10 mg<\/p>\n<p>DL-isoleucina \u2026\u2026\u2026\u2026\u2026\u2026\u2026\u2026\u2026. 10 mg<\/p>\n<p>Hidrocloruro de<br \/>\nL-arginina \u2026\u2026\u2026\u2026\u2026\u2026\u2026\u2026\u2026\u2026.12.5 mg<\/p>\n<p>DL-fenilalanina \u2026\u2026\u2026\u2026\u2026\u2026\u2026&#8230;.15 mg<\/p>\n<p>DL-valina \u2026\u2026\u2026\u2026\u2026\u2026\u2026\u2026\u2026\u2026\u2026 150 mg<\/p>\n<p>Hidrocloruro de<br \/>\nL-lisina \u2026\u2026\u2026\u2026\u2026\u2026\u2026\u2026\u2026\u2026\u2026\u2026.. 185 mg<\/p>\n<p>L-leucina \u2026\u2026\u2026\u2026\u2026\u2026\u2026\u2026\u2026\u2026\u2026\u2026 20 mg<\/p>\n<p>DL-alanina \u2026\u2026\u2026\u2026\u2026\u2026\u2026\u2026\u2026\u2026\u2026 80 mg<\/p>\n<p>Ac. Asp\u00e1rtico \u2026\u2026\u2026\u2026\u2026\u2026\u2026\u2026.. 140 mg<\/p>\n<p>Cistina \u2026\u2026\u2026\u2026\u2026\u2026\u2026\u2026\u2026\u2026\u2026\u2026\u2026.10 mg<\/p>\n<p>Glicina \u2026\u2026\u2026\u2026\u2026\u2026\u2026\u2026\u2026\u2026\u2026\u2026.40 mg<\/p>\n<p>Prolina \u2026\u2026\u2026\u2026\u2026\u2026\u2026\u2026\u2026\u2026\u2026\u2026.100 mg<\/p>\n<p>Serina \u2026\u2026\u2026\u2026\u2026\u2026\u2026\u2026\u2026\u2026\u2026\u2026\u2026 150 mg<\/p>\n<p>Tirosina \u2026\u2026\u2026\u2026\u2026\u2026\u2026\u2026\u2026\u2026\u2026\u2026.. 80 mg<\/p>\n<p>Glutamato<br \/>\nmonos\u00f3dico \u2026\u2026\u2026\u2026\u2026\u2026\u2026\u2026\u2026&#8230;. 20 mg<\/p>\n<p>Vitamina B1<br \/>\n(Tiamina) \u2026\u2026\u2026\u2026\u2026\u2026\u2026\u2026\u2026\u2026\u2026&#8230; 60 mg<\/p>\n<p>Vitamina B2<br \/>\n(Riboflavina) \u2026\u2026\u2026\u2026\u2026\u2026\u2026\u2026\u2026&#8230; 30 mg<\/p>\n<p>Vitamina B3<br \/>\n(Nicotinamida) \u2026\u2026\u2026\u2026\u2026\u2026\u2026&#8230; 750 mg<\/p>\n<p>Vitamina B6<br \/>\n(Piridoxina) \u2026\u2026\u2026\u2026\u2026\u2026\u2026\u2026\u2026\u2026.. 60 mg<\/p>\n<p>Vitamina B12<br \/>\n(Cianocobalamina) \u2026\u2026\u2026\u2026\u2026\u2026&#8230; 5 mg<\/p>\n<p>Veh\u00edculo c.b.p. \u2026\u2026\u2026\u2026\u2026\u2026\u2026.. 500 mL<\/p>\n<div class=\"button-product button-product-produccion-vitaminicosYReconstituyentes producttheme\">\n<p class=\"paragraphbuttonproduct\"><strong>Dosis y v\u00eda de administraci\u00f3n<\/strong><\/p>\n<\/div>\n<div id=\"dosis\" class=\"div-block-dosis\">\n<p>Dosis: De acuerdo a la condici\u00f3n corporal, estado hidroelectrol\u00edtico y edad administre de 2-6 mL\/kg de peso.<\/p>\n<p>V\u00eda de administraci\u00f3n: Intramuscular, intravenosa, subcut\u00e1nea, intraperitoneal u oral.<\/p>\n<div class=\"button-product button-product-produccion-vitaminicosYReconstituyentes producttheme\">\n<p class=\"paragraphbuttonproduct\"><strong>Presentaciones<\/strong><\/p>\n<\/div>\n<div id=\"presentaciones\" class=\"div-block-presentacion w-clearfix\">\n<p>Frasco de 500 mL<\/p>\n<div class=\"button-product button-product-produccion-vitaminicosYReconstituyentes producttheme\">\n<p class=\"paragraphbuttonproduct\"><strong>Precauciones<\/strong><\/p>\n<\/div>\n<div id=\"precauciones\" class=\"div-block-precaucion\">\n<p>La administraci\u00f3n de cualquier f\u00e1rmaco puede causar reacciones anafil\u00e1cticas. Realizar lentamente la aplicaci\u00f3n endovenosa. Conservar fuera del alcance de los ni\u00f1os y animales dom\u00e9sticos.<\/p>\n<\/div>\n<\/div>\n<\/div>\n<\/div>\n<\/div>\n","protected":false},"excerpt":{"rendered":"<div class=\"button-product button-product-produccion-vitaminicosYReconstituyentes producttheme\">\n<p class=\"paragraphbuttonproduct\"><strong>Dosis y v\u00eda de administraci\u00f3n<\/strong><\/p>\n<\/div>\n<div id=\"dosis\" class=\"div-block-dosis\">\n<p>Dosis: De acuerdo a la condici\u00f3n corporal, estado hidroelectrol\u00edtico y edad administre de 2-6 mL\/kg de peso.<\/p>\n<p>V\u00eda de administraci\u00f3n: Intramuscular, intravenosa, subcut\u00e1nea, intraperitoneal u oral.<\/p>\n<div class=\"button-product button-product-produccion-vitaminicosYReconstituyentes producttheme\">\n<p class=\"paragraphbuttonproduct\"><strong>Presentaciones<\/strong><\/p>\n<\/div>\n<\/div>\n","protected":false},"featured_media":757,"comment_status":"open","ping_status":"closed","template":"","meta":{"_uag_custom_page_level_css":"","site-sidebar-layout":"default","site-content-layout":"","ast-site-content-layout":"default","site-content-style":"default","site-sidebar-style":"default","ast-global-header-display":"","ast-banner-title-visibility":"","ast-main-header-display":"","ast-hfb-above-header-display":"","ast-hfb-below-header-display":"","ast-hfb-mobile-header-display":"","site-post-title":"","ast-breadcrumbs-content":"","ast-featured-img":"","footer-sml-layout":"","theme-transparent-header-meta":"default","adv-header-id-meta":"","stick-header-meta":"","header-above-stick-meta":"","header-main-stick-meta":"","header-below-stick-meta":"","astra-migrate-meta-layouts":"set","ast-page-background-enabled":"default","ast-page-background-meta":{"desktop":{"background-color":"var(--ast-global-color-5)","background-image":"","background-repeat":"repeat","background-position":"center center","background-size":"auto","background-attachment":"scroll","background-type":"","background-media":"","overlay-type":"","overlay-color":"","overlay-opacity":"","overlay-gradient":""},"tablet":{"background-color":"","background-image":"","background-repeat":"repeat","background-position":"center center","background-size":"auto","background-attachment":"scroll","background-type":"","background-media":"","overlay-type":"","overlay-color":"","overlay-opacity":"","overlay-gradient":""},"mobile":{"background-color":"","background-image":"","background-repeat":"repeat","background-position":"center center","background-size":"auto","background-attachment":"scroll","background-type":"","background-media":"","overlay-type":"","overlay-color":"","overlay-opacity":"","overlay-gradient":""}},"ast-content-background-meta":{"desktop":{"background-color":"var(--ast-global-color-4)","background-image":"","background-repeat":"repeat","background-position":"center center","background-size":"auto","background-attachment":"scroll","background-type":"","background-media":"","overlay-type":"","overlay-color":"","overlay-opacity":"","overlay-gradient":""},"tablet":{"background-color":"var(--ast-global-color-4)","background-image":"","background-repeat":"repeat","background-position":"center center","background-size":"auto","background-attachment":"scroll","background-type":"","background-media":"","overlay-type":"","overlay-color":"","overlay-opacity":"","overlay-gradient":""},"mobile":{"background-color":"var(--ast-global-color-4)","background-image":"","background-repeat":"repeat","background-position":"center center","background-size":"auto","background-attachment":"scroll","background-type":"","background-media":"","overlay-type":"","overlay-color":"","overlay-opacity":"","overlay-gradient":""}},"_joinchat":[]},"product_brand":[],"product_cat":[41],"product_tag":[],"class_list":{"0":"post-756","1":"product","2":"type-product","3":"status-publish","4":"has-post-thumbnail","6":"product_cat-lab-biozoo","7":"desktop-align-left","8":"tablet-align-left","9":"mobile-align-left","11":"first","12":"instock","13":"shipping-taxable","14":"product-type-external"},"aioseo_notices":[],"uagb_featured_image_src":{"full":["https:\/\/importadoracristinateran.com\/wp-content\/uploads\/2025\/03\/Aminotonic500ml-C1-A_750.png",750,750,false],"thumbnail":["https:\/\/importadoracristinateran.com\/wp-content\/uploads\/2025\/03\/Aminotonic500ml-C1-A_750-150x150.png",150,150,true],"medium":["https:\/\/importadoracristinateran.com\/wp-content\/uploads\/2025\/03\/Aminotonic500ml-C1-A_750-300x300.png",300,300,true],"medium_large":["https:\/\/importadoracristinateran.com\/wp-content\/uploads\/2025\/03\/Aminotonic500ml-C1-A_750.png",750,750,false],"large":["https:\/\/importadoracristinateran.com\/wp-content\/uploads\/2025\/03\/Aminotonic500ml-C1-A_750.png",750,750,false],"1536x1536":["https:\/\/importadoracristinateran.com\/wp-content\/uploads\/2025\/03\/Aminotonic500ml-C1-A_750.png",750,750,false],"2048x2048":["https:\/\/importadoracristinateran.com\/wp-content\/uploads\/2025\/03\/Aminotonic500ml-C1-A_750.png",750,750,false],"woocommerce_thumbnail":["https:\/\/importadoracristinateran.com\/wp-content\/uploads\/2025\/03\/Aminotonic500ml-C1-A_750-300x300.png",300,300,true],"woocommerce_single":["https:\/\/importadoracristinateran.com\/wp-content\/uploads\/2025\/03\/Aminotonic500ml-C1-A_750-600x600.png",600,600,true],"woocommerce_gallery_thumbnail":["https:\/\/importadoracristinateran.com\/wp-content\/uploads\/2025\/03\/Aminotonic500ml-C1-A_750-100x100.png",100,100,true],"dgwt-wcas-product-suggestion":["https:\/\/importadoracristinateran.com\/wp-content\/uploads\/2025\/03\/Aminotonic500ml-C1-A_750-64x64.png",64,64,true]},"uagb_author_info":{"display_name":"mcris.import@gmail.com","author_link":"https:\/\/importadoracristinateran.com\/?author=0"},"uagb_comment_info":0,"uagb_excerpt":"Dosis y v\u00eda de administraci\u00f3n Dosis: De acuerdo a la condici\u00f3n corporal, estado hidroelectrol\u00edtico y edad administre de 2-6 mL\/kg de peso. V\u00eda de administraci\u00f3n: Intramuscular, intravenosa, subcut\u00e1nea, intraperitoneal u oral. Presentaciones","_links":{"self":[{"href":"https:\/\/importadoracristinateran.com\/index.php?rest_route=\/wp\/v2\/product\/756","targetHints":{"allow":["GET"]}}],"collection":[{"href":"https:\/\/importadoracristinateran.com\/index.php?rest_route=\/wp\/v2\/product"}],"about":[{"href":"https:\/\/importadoracristinateran.com\/index.php?rest_route=\/wp\/v2\/types\/product"}],"replies":[{"embeddable":true,"href":"https:\/\/importadoracristinateran.com\/index.php?rest_route=%2Fwp%2Fv2%2Fcomments&post=756"}],"wp:featuredmedia":[{"embeddable":true,"href":"https:\/\/importadoracristinateran.com\/index.php?rest_route=\/wp\/v2\/media\/757"}],"wp:attachment":[{"href":"https:\/\/importadoracristinateran.com\/index.php?rest_route=%2Fwp%2Fv2%2Fmedia&parent=756"}],"wp:term":[{"taxonomy":"product_brand","embeddable":true,"href":"https:\/\/importadoracristinateran.com\/index.php?rest_route=%2Fwp%2Fv2%2Fproduct_brand&post=756"},{"taxonomy":"product_cat","embeddable":true,"href":"https:\/\/importadoracristinateran.com\/index.php?rest_route=%2Fwp%2Fv2%2Fproduct_cat&post=756"},{"taxonomy":"product_tag","embeddable":true,"href":"https:\/\/importadoracristinateran.com\/index.php?rest_route=%2Fwp%2Fv2%2Fproduct_tag&post=756"}],"curies":[{"name":"wp","href":"https:\/\/api.w.org\/{rel}","templated":true}]}}