{"id":760,"date":"2025-03-31T22:22:43","date_gmt":"2025-03-31T22:22:43","guid":{"rendered":"https:\/\/importadoracristinateran.com\/?post_type=product&#038;p=760"},"modified":"2025-05-06T16:51:53","modified_gmt":"2025-05-06T16:51:53","slug":"genesis-tabletas","status":"publish","type":"product","link":"https:\/\/importadoracristinateran.com\/?product=genesis-tabletas","title":{"rendered":"G\u00e9nesis tabletas"},"content":{"rendered":"<div class=\"button-product button-product-compania-antiparasitarios producttheme\">\n<p class=\"paragraphbuttonproduct\"><strong>Indicaciones<\/strong><\/p>\n<\/div>\n<div id=\"indicaciones\" class=\"div-block-indicaciones block-detalle\">\n<p>G\u00e9nesis tabletas est\u00e1 indicado en perros y gatos para el tratamiento de parasitosis internas y algunos par\u00e1sitos externos sensibles a la abamectina.<\/p>\n<div class=\"button-product button-product-compania-antiparasitarios producttheme\">\n<p class=\"paragraphbuttonproduct\"><strong>F\u00f3rmula<\/strong><\/p>\n<\/div>\n<div id=\"formula\" class=\"div-block-formula\">\n<p>Cada tableta contiene:<br \/>\nAbamectina &#8230;&#8230;&#8230;.. 2 mg<\/p>\n<p>Prazicuantel &#8230;&#8230;&#8230;..50 mg<br \/>\nExcipiente c.b.p. &#8230;.. 1 tableta<\/p>\n<\/div>\n<div class=\"button-product button-product-compania-antiparasitarios producttheme\">\n<div class=\"button-product button-product-compania-antiparasitarios producttheme\">\n<p class=\"paragraphbuttonproduct\"><strong>Dosis y v\u00eda de administraci\u00f3n<\/strong><\/p>\n<\/div>\n<div id=\"dosis\" class=\"div-block-dosis\">\n<p>Caninos y felinos: 1 tableta por cada 10 kilogramos de peso.<\/p>\n<p>V\u00eda de administraci\u00f3n: Oral<\/p>\n<div class=\"button-product button-product-compania-antiparasitarios producttheme\">\n<p class=\"paragraphbuttonproduct\"><strong>Presentaciones<\/strong><\/p>\n<\/div>\n<div id=\"presentaciones\" class=\"div-block-presentacion w-clearfix\">\n<p>Exhibidor de 60 tabletas (15 carteras de 4 tabletas cada una).<\/p>\n<div class=\"button-product button-product-compania-antiparasitarios producttheme\">\n<p class=\"paragraphbuttonproduct\"><strong>Precauciones<\/strong><\/p>\n<\/div>\n<div id=\"precauciones\" class=\"div-block-precaucion\">\n<p>No se recomienda el uso de avermectinas en razas de perros susceptibles como son: Collie, cruza de Collie, Antiguo Pastor Ingl\u00e9s, Pastor Australiano, Pastor Australiano miniatura, Whippet pelo largo, Windhound de seda y Shetland, por la mutaci\u00f3n del gen MDR-1 (gen recesivo que permite que algunos medicamentos atraviesen la barrera hematoencef\u00e1lica) No se administre en perros y gatos menores de seis semanas de edad. Dosificar siempre con relaci\u00f3n al peso exacto para evitar reacciones adversas. Conservar fuera del alcance de los ni\u00f1os y animales dom\u00e9sticos.<\/p>\n<p><b>Condiciones de almacenamiento:<\/b>\u00a0Cons\u00e9rvese en un lugar fresco y seco. Guardar a temperatura entre 10\u00baC y 30\u00baC. Prot\u00e9jase de la luz solar directa. Una vez utilizado incinere el frasco y sobrantes. Dado que las avermectinas tienen efectos adversos sobre algunas especies acu\u00e1ticas, tomar precauciones para evitar contaminaci\u00f3n de cuerpos de agua. Una vez utilizado deseche el envase de acuerdo a la normativa vigente aplicable en su regi\u00f3n.<\/p>\n<p><b>Contraindicaciones:<\/b>\u00a0Si se sospecha o se diagnostica Dirofilaria lmmitis en su fase adulta, no se administre\u00a0<b><i>G\u00e9nesis tabletas<\/i><\/b>\u00a0por tener efectos secundarios indeseables que comprometen la vida de la mascota.<\/p>\n<\/div>\n<\/div>\n<\/div>\n<\/div>\n<\/div>\n","protected":false},"excerpt":{"rendered":"<p>G\u00e9nesis tabletas est\u00e1 indicado en perros y gatos para el tratamiento de parasitosis internas y algunos par\u00e1sitos externos sensibles a la abamectina.<\/p>\n<div class=\"button-product button-product-compania-antiparasitarios producttheme\">\n<p class=\"paragraphbuttonproduct\"><strong>F\u00f3rmula<\/strong><\/p>\n<\/div>\n<div id=\"formula\" class=\"div-block-formula\">\n<p>Cada tableta contiene:<br \/>\nAbamectina &#8230;&#8230;&#8230;.. 2 mg<\/p>\n<p>Prazicuantel &#8230;&#8230;&#8230;..50 mg<br \/>\nExcipiente c.b.p. &#8230;.. 1 tableta<\/p>\n<\/div>\n","protected":false},"featured_media":761,"comment_status":"open","ping_status":"closed","template":"","meta":{"_uag_custom_page_level_css":"","site-sidebar-layout":"default","site-content-layout":"","ast-site-content-layout":"default","site-content-style":"default","site-sidebar-style":"default","ast-global-header-display":"","ast-banner-title-visibility":"","ast-main-header-display":"","ast-hfb-above-header-display":"","ast-hfb-below-header-display":"","ast-hfb-mobile-header-display":"","site-post-title":"","ast-breadcrumbs-content":"","ast-featured-img":"","footer-sml-layout":"","theme-transparent-header-meta":"default","adv-header-id-meta":"","stick-header-meta":"","header-above-stick-meta":"","header-main-stick-meta":"","header-below-stick-meta":"","astra-migrate-meta-layouts":"set","ast-page-background-enabled":"default","ast-page-background-meta":{"desktop":{"background-color":"var(--ast-global-color-5)","background-image":"","background-repeat":"repeat","background-position":"center center","background-size":"auto","background-attachment":"scroll","background-type":"","background-media":"","overlay-type":"","overlay-color":"","overlay-opacity":"","overlay-gradient":""},"tablet":{"background-color":"","background-image":"","background-repeat":"repeat","background-position":"center center","background-size":"auto","background-attachment":"scroll","background-type":"","background-media":"","overlay-type":"","overlay-color":"","overlay-opacity":"","overlay-gradient":""},"mobile":{"background-color":"","background-image":"","background-repeat":"repeat","background-position":"center center","background-size":"auto","background-attachment":"scroll","background-type":"","background-media":"","overlay-type":"","overlay-color":"","overlay-opacity":"","overlay-gradient":""}},"ast-content-background-meta":{"desktop":{"background-color":"var(--ast-global-color-4)","background-image":"","background-repeat":"repeat","background-position":"center center","background-size":"auto","background-attachment":"scroll","background-type":"","background-media":"","overlay-type":"","overlay-color":"","overlay-opacity":"","overlay-gradient":""},"tablet":{"background-color":"var(--ast-global-color-4)","background-image":"","background-repeat":"repeat","background-position":"center center","background-size":"auto","background-attachment":"scroll","background-type":"","background-media":"","overlay-type":"","overlay-color":"","overlay-opacity":"","overlay-gradient":""},"mobile":{"background-color":"var(--ast-global-color-4)","background-image":"","background-repeat":"repeat","background-position":"center center","background-size":"auto","background-attachment":"scroll","background-type":"","background-media":"","overlay-type":"","overlay-color":"","overlay-opacity":"","overlay-gradient":""}},"_joinchat":[]},"product_brand":[],"product_cat":[41],"product_tag":[95],"class_list":{"0":"post-760","1":"product","2":"type-product","3":"status-publish","4":"has-post-thumbnail","6":"product_cat-lab-biozoo","7":"product_tag-comprimidos","8":"desktop-align-left","9":"tablet-align-left","10":"mobile-align-left","12":"first","13":"instock","14":"shipping-taxable","15":"product-type-external"},"aioseo_notices":[],"uagb_featured_image_src":{"full":["https:\/\/importadoracristinateran.com\/wp-content\/uploads\/2025\/03\/Genesis-tabs.jpg",750,750,false],"thumbnail":["https:\/\/importadoracristinateran.com\/wp-content\/uploads\/2025\/03\/Genesis-tabs-150x150.jpg",150,150,true],"medium":["https:\/\/importadoracristinateran.com\/wp-content\/uploads\/2025\/03\/Genesis-tabs-300x300.jpg",300,300,true],"medium_large":["https:\/\/importadoracristinateran.com\/wp-content\/uploads\/2025\/03\/Genesis-tabs.jpg",750,750,false],"large":["https:\/\/importadoracristinateran.com\/wp-content\/uploads\/2025\/03\/Genesis-tabs.jpg",750,750,false],"1536x1536":["https:\/\/importadoracristinateran.com\/wp-content\/uploads\/2025\/03\/Genesis-tabs.jpg",750,750,false],"2048x2048":["https:\/\/importadoracristinateran.com\/wp-content\/uploads\/2025\/03\/Genesis-tabs.jpg",750,750,false],"woocommerce_thumbnail":["https:\/\/importadoracristinateran.com\/wp-content\/uploads\/2025\/03\/Genesis-tabs-300x300.jpg",300,300,true],"woocommerce_single":["https:\/\/importadoracristinateran.com\/wp-content\/uploads\/2025\/03\/Genesis-tabs-600x600.jpg",600,600,true],"woocommerce_gallery_thumbnail":["https:\/\/importadoracristinateran.com\/wp-content\/uploads\/2025\/03\/Genesis-tabs-100x100.jpg",100,100,true],"dgwt-wcas-product-suggestion":["https:\/\/importadoracristinateran.com\/wp-content\/uploads\/2025\/03\/Genesis-tabs-64x64.jpg",64,64,true]},"uagb_author_info":{"display_name":"mcris.import@gmail.com","author_link":"https:\/\/importadoracristinateran.com\/?author=0"},"uagb_comment_info":0,"uagb_excerpt":"G\u00e9nesis tabletas est\u00e1 indicado en perros y gatos para el tratamiento de parasitosis internas y algunos par\u00e1sitos externos sensibles a la abamectina. F\u00f3rmula Cada tableta contiene: Abamectina ........... 2 mg Prazicuantel ...........50 mg Excipiente c.b.p. ..... 1 tableta","_links":{"self":[{"href":"https:\/\/importadoracristinateran.com\/index.php?rest_route=\/wp\/v2\/product\/760","targetHints":{"allow":["GET"]}}],"collection":[{"href":"https:\/\/importadoracristinateran.com\/index.php?rest_route=\/wp\/v2\/product"}],"about":[{"href":"https:\/\/importadoracristinateran.com\/index.php?rest_route=\/wp\/v2\/types\/product"}],"replies":[{"embeddable":true,"href":"https:\/\/importadoracristinateran.com\/index.php?rest_route=%2Fwp%2Fv2%2Fcomments&post=760"}],"wp:featuredmedia":[{"embeddable":true,"href":"https:\/\/importadoracristinateran.com\/index.php?rest_route=\/wp\/v2\/media\/761"}],"wp:attachment":[{"href":"https:\/\/importadoracristinateran.com\/index.php?rest_route=%2Fwp%2Fv2%2Fmedia&parent=760"}],"wp:term":[{"taxonomy":"product_brand","embeddable":true,"href":"https:\/\/importadoracristinateran.com\/index.php?rest_route=%2Fwp%2Fv2%2Fproduct_brand&post=760"},{"taxonomy":"product_cat","embeddable":true,"href":"https:\/\/importadoracristinateran.com\/index.php?rest_route=%2Fwp%2Fv2%2Fproduct_cat&post=760"},{"taxonomy":"product_tag","embeddable":true,"href":"https:\/\/importadoracristinateran.com\/index.php?rest_route=%2Fwp%2Fv2%2Fproduct_tag&post=760"}],"curies":[{"name":"wp","href":"https:\/\/api.w.org\/{rel}","templated":true}]}}