{"id":766,"date":"2025-03-31T23:46:11","date_gmt":"2025-03-31T23:46:11","guid":{"rendered":"https:\/\/importadoracristinateran.com\/?post_type=product&#038;p=766"},"modified":"2025-05-09T23:57:53","modified_gmt":"2025-05-09T23:57:53","slug":"caniplusvit","status":"publish","type":"product","link":"https:\/\/importadoracristinateran.com\/?product=caniplusvit","title":{"rendered":"Caniplusvit"},"content":{"rendered":"<h5 class=\"et_pb_toggle_title\">Composici\u00f3n<\/h5>\n<div class=\"et_pb_toggle_content clearfix\">\n<p>Cada mL contiene:<\/p>\n<p>Sulfato Ferroso 10 mg<br \/>\nCitrato de Colina 3 mg<br \/>\nInositol 3 mg<br \/>\nNiacinamida 3 mg<br \/>\nTiamina Clorhidrato 1 mg<br \/>\nD-Pantenol 0.3 mg<br \/>\nRiboflavina 0.25 mg<br \/>\nVitamina B6 (Piridoxina Clorhidrato) 0.25 mg<br \/>\nVitamina B12 (Cianocobalamina) 3 mcg<br \/>\nLisina Mono Clorhidrato 3 mg<br \/>\nMetionina 0.2 mg<br \/>\nExcipientes c.s.p. 1mL<\/p>\n<h5 class=\"et_pb_toggle_title\">Dosis<\/h5>\n<div class=\"et_pb_toggle_content clearfix\">\n<p>Para perros de razas peque\u00f1as:<br \/>\nUna cucharadita (5 mL) por cada 5 kg de peso.<\/p>\n<p>Para perros de razas medianas:<br \/>\nDos cucharaditas (10 mL) para 12 a 15 kg de peso.<\/p>\n<p>Para perros de razas grandes:<br \/>\nTres cucharaditas (15 mL) para 20 a 30 kg de peso.<\/p>\n<p>El tratamiento puede hacerse a diario durante dos a tres semanas en perros an\u00e9micos, o a criterio del M\u00e9dico Veterinario.<\/p>\n<p>Para favorecer el desarrollo de los animales, se recomienda utilizarlo d\u00eda de por medio, durante dos a tres semanas, o a criterio del M\u00e9dico Veterinario.<\/p>\n<h5 class=\"et_pb_toggle_title\">Via de administraci\u00f3n<\/h5>\n<div class=\"et_pb_toggle_content clearfix\">\n<p>V\u00eda oral<\/p>\n<h5 class=\"et_pb_toggle_title\">Pesentaci\u00f3n<\/h5>\n<div class=\"et_pb_toggle_content clearfix\">\n<p>Frascos por 50 y 120 mL.<\/p>\n<\/div>\n<\/div>\n<\/div>\n<\/div>\n","protected":false},"excerpt":{"rendered":"<p>CAN PLUSVIT es un compuesto antian\u00e9mico, a base de Sulfato Ferroso asociado a varias Vitaminas del complejo B que ejercen un efecto positivo en los animales al estimular el metabolismo energ\u00e9tico y de amino\u00e1cidos, donde las mismas act\u00faan como agentes catalizadores a trav\u00e9s de sus actividades enzim\u00e1ticas.<\/p>\n","protected":false},"featured_media":1158,"comment_status":"open","ping_status":"closed","template":"","meta":{"_uag_custom_page_level_css":"","site-sidebar-layout":"default","site-content-layout":"","ast-site-content-layout":"default","site-content-style":"default","site-sidebar-style":"default","ast-global-header-display":"","ast-banner-title-visibility":"","ast-main-header-display":"","ast-hfb-above-header-display":"","ast-hfb-below-header-display":"","ast-hfb-mobile-header-display":"","site-post-title":"","ast-breadcrumbs-content":"","ast-featured-img":"","footer-sml-layout":"","theme-transparent-header-meta":"default","adv-header-id-meta":"","stick-header-meta":"","header-above-stick-meta":"","header-main-stick-meta":"","header-below-stick-meta":"","astra-migrate-meta-layouts":"set","ast-page-background-enabled":"default","ast-page-background-meta":{"desktop":{"background-color":"var(--ast-global-color-5)","background-image":"","background-repeat":"repeat","background-position":"center center","background-size":"auto","background-attachment":"scroll","background-type":"","background-media":"","overlay-type":"","overlay-color":"","overlay-opacity":"","overlay-gradient":""},"tablet":{"background-color":"","background-image":"","background-repeat":"repeat","background-position":"center center","background-size":"auto","background-attachment":"scroll","background-type":"","background-media":"","overlay-type":"","overlay-color":"","overlay-opacity":"","overlay-gradient":""},"mobile":{"background-color":"","background-image":"","background-repeat":"repeat","background-position":"center center","background-size":"auto","background-attachment":"scroll","background-type":"","background-media":"","overlay-type":"","overlay-color":"","overlay-opacity":"","overlay-gradient":""}},"ast-content-background-meta":{"desktop":{"background-color":"var(--ast-global-color-4)","background-image":"","background-repeat":"repeat","background-position":"center center","background-size":"auto","background-attachment":"scroll","background-type":"","background-media":"","overlay-type":"","overlay-color":"","overlay-opacity":"","overlay-gradient":""},"tablet":{"background-color":"var(--ast-global-color-4)","background-image":"","background-repeat":"repeat","background-position":"center center","background-size":"auto","background-attachment":"scroll","background-type":"","background-media":"","overlay-type":"","overlay-color":"","overlay-opacity":"","overlay-gradient":""},"mobile":{"background-color":"var(--ast-global-color-4)","background-image":"","background-repeat":"repeat","background-position":"center center","background-size":"auto","background-attachment":"scroll","background-type":"","background-media":"","overlay-type":"","overlay-color":"","overlay-opacity":"","overlay-gradient":""}},"_joinchat":[]},"product_brand":[],"product_cat":[57],"product_tag":[97],"class_list":{"0":"post-766","1":"product","2":"type-product","3":"status-publish","4":"has-post-thumbnail","6":"product_cat-labkyrovet","7":"product_tag-solucion-oral","8":"desktop-align-left","9":"tablet-align-left","10":"mobile-align-left","12":"first","13":"instock","14":"shipping-taxable","15":"product-type-external"},"aioseo_notices":[],"uagb_featured_image_src":{"full":["https:\/\/importadoracristinateran.com\/wp-content\/uploads\/2025\/03\/caniplusvit3.jpg",1080,1080,false],"thumbnail":["https:\/\/importadoracristinateran.com\/wp-content\/uploads\/2025\/03\/caniplusvit3-150x150.jpg",150,150,true],"medium":["https:\/\/importadoracristinateran.com\/wp-content\/uploads\/2025\/03\/caniplusvit3-300x300.jpg",300,300,true],"medium_large":["https:\/\/importadoracristinateran.com\/wp-content\/uploads\/2025\/03\/caniplusvit3-768x768.jpg",768,768,true],"large":["https:\/\/importadoracristinateran.com\/wp-content\/uploads\/2025\/03\/caniplusvit3-1024x1024.jpg",1024,1024,true],"1536x1536":["https:\/\/importadoracristinateran.com\/wp-content\/uploads\/2025\/03\/caniplusvit3.jpg",1080,1080,false],"2048x2048":["https:\/\/importadoracristinateran.com\/wp-content\/uploads\/2025\/03\/caniplusvit3.jpg",1080,1080,false],"woocommerce_thumbnail":["https:\/\/importadoracristinateran.com\/wp-content\/uploads\/2025\/03\/caniplusvit3-300x300.jpg",300,300,true],"woocommerce_single":["https:\/\/importadoracristinateran.com\/wp-content\/uploads\/2025\/03\/caniplusvit3-600x600.jpg",600,600,true],"woocommerce_gallery_thumbnail":["https:\/\/importadoracristinateran.com\/wp-content\/uploads\/2025\/03\/caniplusvit3-100x100.jpg",100,100,true],"dgwt-wcas-product-suggestion":["https:\/\/importadoracristinateran.com\/wp-content\/uploads\/2025\/03\/caniplusvit3-64x64.jpg",64,64,true]},"uagb_author_info":{"display_name":"mcris.import@gmail.com","author_link":"https:\/\/importadoracristinateran.com\/?author=0"},"uagb_comment_info":0,"uagb_excerpt":"CAN PLUSVIT es un compuesto antian\u00e9mico, a base de Sulfato Ferroso asociado a varias Vitaminas del complejo B que ejercen un efecto positivo en los animales al estimular el metabolismo energ\u00e9tico y de amino\u00e1cidos, donde las mismas act\u00faan como agentes catalizadores a trav\u00e9s de sus actividades enzim\u00e1ticas.","_links":{"self":[{"href":"https:\/\/importadoracristinateran.com\/index.php?rest_route=\/wp\/v2\/product\/766","targetHints":{"allow":["GET"]}}],"collection":[{"href":"https:\/\/importadoracristinateran.com\/index.php?rest_route=\/wp\/v2\/product"}],"about":[{"href":"https:\/\/importadoracristinateran.com\/index.php?rest_route=\/wp\/v2\/types\/product"}],"replies":[{"embeddable":true,"href":"https:\/\/importadoracristinateran.com\/index.php?rest_route=%2Fwp%2Fv2%2Fcomments&post=766"}],"wp:featuredmedia":[{"embeddable":true,"href":"https:\/\/importadoracristinateran.com\/index.php?rest_route=\/wp\/v2\/media\/1158"}],"wp:attachment":[{"href":"https:\/\/importadoracristinateran.com\/index.php?rest_route=%2Fwp%2Fv2%2Fmedia&parent=766"}],"wp:term":[{"taxonomy":"product_brand","embeddable":true,"href":"https:\/\/importadoracristinateran.com\/index.php?rest_route=%2Fwp%2Fv2%2Fproduct_brand&post=766"},{"taxonomy":"product_cat","embeddable":true,"href":"https:\/\/importadoracristinateran.com\/index.php?rest_route=%2Fwp%2Fv2%2Fproduct_cat&post=766"},{"taxonomy":"product_tag","embeddable":true,"href":"https:\/\/importadoracristinateran.com\/index.php?rest_route=%2Fwp%2Fv2%2Fproduct_tag&post=766"}],"curies":[{"name":"wp","href":"https:\/\/api.w.org\/{rel}","templated":true}]}}