{"id":768,"date":"2025-03-31T23:53:52","date_gmt":"2025-03-31T23:53:52","guid":{"rendered":"https:\/\/importadoracristinateran.com\/?post_type=product&#038;p=768"},"modified":"2025-05-10T00:52:39","modified_gmt":"2025-05-10T00:52:39","slug":"ankofen","status":"publish","type":"product","link":"https:\/\/importadoracristinateran.com\/?product=ankofen","title":{"rendered":"Ankofen"},"content":{"rendered":"<h5 class=\"et_pb_toggle_title\">Composici\u00f3n<\/h5>\n<div class=\"et_pb_toggle_content clearfix\">\n<p>Cada mL contiene:<\/p>\n<p>Ketoprofeno 100 mg<br \/>\nExcipientes c.s.p.<\/p>\n<h5 class=\"et_pb_toggle_title\">Dosis<\/h5>\n<div class=\"et_pb_toggle_content clearfix\">\n<p>En equinos aplicar v\u00eda intravenosa 1 mL por cada 45 kg de peso, lo que corresponde a la dosis recomendada de 2.2 mg de Ketoprofeno por kg de peso, diariamente por 3 a 5 d\u00edas. En bovinos aplicar v\u00eda intravenosa o intramuscular 1 mL por cada 33 kg de peso, lo que corresponde a la dosis recomendada de 3 mg de Ketoprofeno por kg de peso, diariamente por 3 a 5 d\u00edas. En porcinos 1mL por cada 33kg v\u00eda intramuscular. En caninos y gatos aplicar v\u00eda intramuscular o subcut\u00e1nea 0.5 mL por cada 25 kg de peso, lo que corresponde a la dosis recomendada de 2 mg de Ketoprofeno por kg de peso diariamente.<\/p>\n<h5 class=\"et_pb_toggle_title\">Via de administraci\u00f3n<\/h5>\n<div class=\"et_pb_toggle_content clearfix\">\n<p>Equinos: V\u00eda Intravenosa.<\/p>\n<p>Bovinos, Caninos y Gatos: V\u00eda Intramuscular o Intravenosa.<\/p>\n<p>Porcinos: Intramuscular<\/p>\n<h5 class=\"et_pb_toggle_title\">Tiempo de retiro<\/h5>\n<div class=\"et_pb_toggle_content clearfix\">\n<p>Los animales tratados no deben sacrificarse para consumo humano hasta 4 d\u00edas despu\u00e9s de finalizado el tratamiento. Sin tiempo de retiro en leche.<\/p>\n<h5 class=\"et_pb_toggle_title\">Pesentaci\u00f3n<\/h5>\n<div class=\"et_pb_toggle_content clearfix\">\n<p>Frascos por 10, 50 y 100 mL.<\/p>\n<\/div>\n<\/div>\n<\/div>\n<\/div>\n<\/div>\n","protected":false},"excerpt":{"rendered":"<p><em><strong>PRESENTACI\u00d3N<\/strong>: Frasco por 10, 50 y 100 ml<\/em><\/p>\n<p>ANKOFEN 10% ejerce un efecto antiinflamatorio y analg\u00e9sico superior a productos tales como flunixin meglumine, fenil butazona o dipirona, con menos efecto colaterales.<br \/>\nPor lo anterior esta recomendado en artritis, tendinitis, bursitis, contusiones, cojeras, esguinces, y en inflamaciones ocasionadas por heridas, o traumatismos.<\/p>\n<p>En bovinos, ANKOFEN 10% puede indicarse en afecciones tales como artritis, cojeras, lesiones m\u00fasculo esquel\u00e9ticas, infecciones del tracto respiratorio, mastitis, edema de la ubre y endotoxemias, en asociaci\u00f3n con antibi\u00f3tico, si es el caso, de acuerdo al criterio del M\u00e9dico Veterinario.<\/p>\n<p>ANKOFEN 10% no afecta la calidad de la leche, y no ofrece residuos en la misma, por lo tanto se puede utilizar en vacas lecheras, sin riesgos de ninguna clase.<\/p>\n","protected":false},"featured_media":770,"comment_status":"open","ping_status":"closed","template":"","meta":{"_uag_custom_page_level_css":"","site-sidebar-layout":"default","site-content-layout":"","ast-site-content-layout":"default","site-content-style":"default","site-sidebar-style":"default","ast-global-header-display":"","ast-banner-title-visibility":"","ast-main-header-display":"","ast-hfb-above-header-display":"","ast-hfb-below-header-display":"","ast-hfb-mobile-header-display":"","site-post-title":"","ast-breadcrumbs-content":"","ast-featured-img":"","footer-sml-layout":"","theme-transparent-header-meta":"default","adv-header-id-meta":"","stick-header-meta":"","header-above-stick-meta":"","header-main-stick-meta":"","header-below-stick-meta":"","astra-migrate-meta-layouts":"set","ast-page-background-enabled":"default","ast-page-background-meta":{"desktop":{"background-color":"var(--ast-global-color-5)","background-image":"","background-repeat":"repeat","background-position":"center center","background-size":"auto","background-attachment":"scroll","background-type":"","background-media":"","overlay-type":"","overlay-color":"","overlay-opacity":"","overlay-gradient":""},"tablet":{"background-color":"","background-image":"","background-repeat":"repeat","background-position":"center center","background-size":"auto","background-attachment":"scroll","background-type":"","background-media":"","overlay-type":"","overlay-color":"","overlay-opacity":"","overlay-gradient":""},"mobile":{"background-color":"","background-image":"","background-repeat":"repeat","background-position":"center center","background-size":"auto","background-attachment":"scroll","background-type":"","background-media":"","overlay-type":"","overlay-color":"","overlay-opacity":"","overlay-gradient":""}},"ast-content-background-meta":{"desktop":{"background-color":"var(--ast-global-color-4)","background-image":"","background-repeat":"repeat","background-position":"center center","background-size":"auto","background-attachment":"scroll","background-type":"","background-media":"","overlay-type":"","overlay-color":"","overlay-opacity":"","overlay-gradient":""},"tablet":{"background-color":"var(--ast-global-color-4)","background-image":"","background-repeat":"repeat","background-position":"center center","background-size":"auto","background-attachment":"scroll","background-type":"","background-media":"","overlay-type":"","overlay-color":"","overlay-opacity":"","overlay-gradient":""},"mobile":{"background-color":"var(--ast-global-color-4)","background-image":"","background-repeat":"repeat","background-position":"center center","background-size":"auto","background-attachment":"scroll","background-type":"","background-media":"","overlay-type":"","overlay-color":"","overlay-opacity":"","overlay-gradient":""}},"_joinchat":[]},"product_brand":[],"product_cat":[57],"product_tag":[62,63,64,65],"class_list":{"0":"post-768","1":"product","2":"type-product","3":"status-publish","4":"has-post-thumbnail","6":"product_cat-labkyrovet","7":"product_tag-analgesico","8":"product_tag-antiiflamatorio","9":"product_tag-antipiretico","10":"product_tag-solucion-inyectable","11":"desktop-align-left","12":"tablet-align-left","13":"mobile-align-left","15":"first","16":"instock","17":"shipping-taxable","18":"product-type-external"},"aioseo_notices":[],"uagb_featured_image_src":{"full":["https:\/\/importadoracristinateran.com\/wp-content\/uploads\/2025\/03\/ANKOFEN-x100ml8.png",900,900,false],"thumbnail":["https:\/\/importadoracristinateran.com\/wp-content\/uploads\/2025\/03\/ANKOFEN-x100ml8-150x150.png",150,150,true],"medium":["https:\/\/importadoracristinateran.com\/wp-content\/uploads\/2025\/03\/ANKOFEN-x100ml8-300x300.png",300,300,true],"medium_large":["https:\/\/importadoracristinateran.com\/wp-content\/uploads\/2025\/03\/ANKOFEN-x100ml8-768x768.png",768,768,true],"large":["https:\/\/importadoracristinateran.com\/wp-content\/uploads\/2025\/03\/ANKOFEN-x100ml8.png",900,900,false],"1536x1536":["https:\/\/importadoracristinateran.com\/wp-content\/uploads\/2025\/03\/ANKOFEN-x100ml8.png",900,900,false],"2048x2048":["https:\/\/importadoracristinateran.com\/wp-content\/uploads\/2025\/03\/ANKOFEN-x100ml8.png",900,900,false],"woocommerce_thumbnail":["https:\/\/importadoracristinateran.com\/wp-content\/uploads\/2025\/03\/ANKOFEN-x100ml8-300x300.png",300,300,true],"woocommerce_single":["https:\/\/importadoracristinateran.com\/wp-content\/uploads\/2025\/03\/ANKOFEN-x100ml8-600x600.png",600,600,true],"woocommerce_gallery_thumbnail":["https:\/\/importadoracristinateran.com\/wp-content\/uploads\/2025\/03\/ANKOFEN-x100ml8-100x100.png",100,100,true],"dgwt-wcas-product-suggestion":["https:\/\/importadoracristinateran.com\/wp-content\/uploads\/2025\/03\/ANKOFEN-x100ml8-64x64.png",64,64,true]},"uagb_author_info":{"display_name":"mcris.import@gmail.com","author_link":"https:\/\/importadoracristinateran.com\/?author=0"},"uagb_comment_info":0,"uagb_excerpt":"PRESENTACI\u00d3N: Frasco por 10, 50 y 100 ml ANKOFEN 10% ejerce un efecto antiinflamatorio y analg\u00e9sico superior a productos tales como flunixin meglumine, fenil butazona o dipirona, con menos efecto colaterales. Por lo anterior esta recomendado en artritis, tendinitis, bursitis, contusiones, cojeras, esguinces, y en inflamaciones ocasionadas por heridas, o traumatismos. En bovinos, ANKOFEN 10%&hellip;","_links":{"self":[{"href":"https:\/\/importadoracristinateran.com\/index.php?rest_route=\/wp\/v2\/product\/768","targetHints":{"allow":["GET"]}}],"collection":[{"href":"https:\/\/importadoracristinateran.com\/index.php?rest_route=\/wp\/v2\/product"}],"about":[{"href":"https:\/\/importadoracristinateran.com\/index.php?rest_route=\/wp\/v2\/types\/product"}],"replies":[{"embeddable":true,"href":"https:\/\/importadoracristinateran.com\/index.php?rest_route=%2Fwp%2Fv2%2Fcomments&post=768"}],"wp:featuredmedia":[{"embeddable":true,"href":"https:\/\/importadoracristinateran.com\/index.php?rest_route=\/wp\/v2\/media\/770"}],"wp:attachment":[{"href":"https:\/\/importadoracristinateran.com\/index.php?rest_route=%2Fwp%2Fv2%2Fmedia&parent=768"}],"wp:term":[{"taxonomy":"product_brand","embeddable":true,"href":"https:\/\/importadoracristinateran.com\/index.php?rest_route=%2Fwp%2Fv2%2Fproduct_brand&post=768"},{"taxonomy":"product_cat","embeddable":true,"href":"https:\/\/importadoracristinateran.com\/index.php?rest_route=%2Fwp%2Fv2%2Fproduct_cat&post=768"},{"taxonomy":"product_tag","embeddable":true,"href":"https:\/\/importadoracristinateran.com\/index.php?rest_route=%2Fwp%2Fv2%2Fproduct_tag&post=768"}],"curies":[{"name":"wp","href":"https:\/\/api.w.org\/{rel}","templated":true}]}}