{"id":77,"date":"2025-03-10T04:58:22","date_gmt":"2025-03-10T04:58:22","guid":{"rendered":"https:\/\/importadoracristinateran.com\/?post_type=product&#038;p=77"},"modified":"2025-03-25T04:04:21","modified_gmt":"2025-03-25T04:04:21","slug":"hipradog-pv","status":"publish","type":"product","link":"https:\/\/importadoracristinateran.com\/?product=hipradog-pv","title":{"rendered":"HIPRADOG PV"},"content":{"rendered":"<h2>Descripci\u00f3n<\/h2>\n<h5><em>Indicaciones<\/em><\/h5>\n<p>Vacuna viva, parvovirosis canina, en suspensi\u00f3n inyectable.<\/p>\n<p><strong><em>Composici\u00f3n:<\/em><\/strong>POR DOSIS (1 ML): Virus vivo parvovirosis canina (CPV) cepa C-780916 \u2265 107\u00a0DICC50<\/p>\n<h5><em>Dosificaci\u00f3n<\/em><\/h5>\n<p><strong>V\u00cdA DE ADMINISTRACI\u00d3N:<\/strong> Subcut\u00e1nea.<br \/>\n<strong>POSOLOG\u00cdA:<br \/>\nPerros: 1 ml\/perro, independientemente de su peso, edad, sexo y raza.<\/strong><\/p>\n<ul>\n<li>Es aconsejable administrar la primera vacuna a las 8 semanas y revacunar a las 12 semanas.<\/li>\n<li>En situaciones de riesgo, realizar la primovacunaci\u00f3n a las 4-6 semanas de edad y revacunar 3 a 4 semanas m\u00e1s tarde.<\/li>\n<li>Se recomienda una dosis de recuerdo anual.<\/li>\n<\/ul>\n<h5><em>Periodo de Resguardo: No aplica<\/em><\/h5>\n<h5><em>Contraindicaciones<\/em><\/h5>\n<p><em>OBSERVACIONES:<\/em><br \/>\n\u2022No usar la vacuna en animales con posibles par\u00e1sitos intestinales, en estado de estr\u00e9s o que est\u00e9n incubando.<\/p>\n<h5><em>Almacenamiento<\/em><\/h5>\n<ul>\n<li>Usar la vacuna inmediatamente despu\u00e9s de abrir el frasco.<\/li>\n<li>Guardar entre +2 y +8 \u00baC, al abrigo de la luz. No congelar.<\/li>\n<\/ul>\n<h5><em>Presentaciones<\/em><\/h5>\n<p>Envase 10 fr de 1 ds.<\/p>\n<p>&nbsp;<\/p>\n","protected":false},"excerpt":{"rendered":"<p>Vacuna viva frente a la parvovirosis canina, en suspensi\u00f3n inyectable.<\/p>\n","protected":false},"featured_media":88,"comment_status":"open","ping_status":"closed","template":"","meta":{"_uag_custom_page_level_css":"","site-sidebar-layout":"default","site-content-layout":"","ast-site-content-layout":"default","site-content-style":"default","site-sidebar-style":"default","ast-global-header-display":"","ast-banner-title-visibility":"","ast-main-header-display":"","ast-hfb-above-header-display":"","ast-hfb-below-header-display":"","ast-hfb-mobile-header-display":"","site-post-title":"","ast-breadcrumbs-content":"","ast-featured-img":"","footer-sml-layout":"","theme-transparent-header-meta":"default","adv-header-id-meta":"","stick-header-meta":"","header-above-stick-meta":"","header-main-stick-meta":"","header-below-stick-meta":"","astra-migrate-meta-layouts":"set","ast-page-background-enabled":"default","ast-page-background-meta":{"desktop":{"background-color":"var(--ast-global-color-5)","background-image":"","background-repeat":"repeat","background-position":"center center","background-size":"auto","background-attachment":"scroll","background-type":"","background-media":"","overlay-type":"","overlay-color":"","overlay-opacity":"","overlay-gradient":""},"tablet":{"background-color":"","background-image":"","background-repeat":"repeat","background-position":"center center","background-size":"auto","background-attachment":"scroll","background-type":"","background-media":"","overlay-type":"","overlay-color":"","overlay-opacity":"","overlay-gradient":""},"mobile":{"background-color":"","background-image":"","background-repeat":"repeat","background-position":"center center","background-size":"auto","background-attachment":"scroll","background-type":"","background-media":"","overlay-type":"","overlay-color":"","overlay-opacity":"","overlay-gradient":""}},"ast-content-background-meta":{"desktop":{"background-color":"var(--ast-global-color-4)","background-image":"","background-repeat":"repeat","background-position":"center center","background-size":"auto","background-attachment":"scroll","background-type":"","background-media":"","overlay-type":"","overlay-color":"","overlay-opacity":"","overlay-gradient":""},"tablet":{"background-color":"var(--ast-global-color-4)","background-image":"","background-repeat":"repeat","background-position":"center center","background-size":"auto","background-attachment":"scroll","background-type":"","background-media":"","overlay-type":"","overlay-color":"","overlay-opacity":"","overlay-gradient":""},"mobile":{"background-color":"var(--ast-global-color-4)","background-image":"","background-repeat":"repeat","background-position":"center center","background-size":"auto","background-attachment":"scroll","background-type":"","background-media":"","overlay-type":"","overlay-color":"","overlay-opacity":"","overlay-gradient":""}},"_joinchat":[]},"product_brand":[],"product_cat":[26,27],"product_tag":[28],"class_list":{"0":"post-77","1":"product","2":"type-product","3":"status-publish","4":"has-post-thumbnail","6":"product_cat-lab-hipra","7":"product_cat-vacunas","8":"product_tag-vacunas","9":"desktop-align-left","10":"tablet-align-left","11":"mobile-align-left","13":"first","14":"instock","15":"shipping-taxable","16":"product-type-external"},"aioseo_notices":[],"uagb_featured_image_src":{"full":["https:\/\/importadoracristinateran.com\/wp-content\/uploads\/2025\/03\/packaging-hipradog-pv.jpg",768,768,false],"thumbnail":["https:\/\/importadoracristinateran.com\/wp-content\/uploads\/2025\/03\/packaging-hipradog-pv-150x150.jpg",150,150,true],"medium":["https:\/\/importadoracristinateran.com\/wp-content\/uploads\/2025\/03\/packaging-hipradog-pv-300x300.jpg",300,300,true],"medium_large":["https:\/\/importadoracristinateran.com\/wp-content\/uploads\/2025\/03\/packaging-hipradog-pv.jpg",768,768,false],"large":["https:\/\/importadoracristinateran.com\/wp-content\/uploads\/2025\/03\/packaging-hipradog-pv.jpg",768,768,false],"1536x1536":["https:\/\/importadoracristinateran.com\/wp-content\/uploads\/2025\/03\/packaging-hipradog-pv.jpg",768,768,false],"2048x2048":["https:\/\/importadoracristinateran.com\/wp-content\/uploads\/2025\/03\/packaging-hipradog-pv.jpg",768,768,false],"woocommerce_thumbnail":["https:\/\/importadoracristinateran.com\/wp-content\/uploads\/2025\/03\/packaging-hipradog-pv-300x300.jpg",300,300,true],"woocommerce_single":["https:\/\/importadoracristinateran.com\/wp-content\/uploads\/2025\/03\/packaging-hipradog-pv-600x600.jpg",600,600,true],"woocommerce_gallery_thumbnail":["https:\/\/importadoracristinateran.com\/wp-content\/uploads\/2025\/03\/packaging-hipradog-pv-100x100.jpg",100,100,true],"dgwt-wcas-product-suggestion":["https:\/\/importadoracristinateran.com\/wp-content\/uploads\/2025\/03\/packaging-hipradog-pv.jpg",64,64,false]},"uagb_author_info":{"display_name":"mcris.import@gmail.com","author_link":"https:\/\/importadoracristinateran.com\/?author=0"},"uagb_comment_info":0,"uagb_excerpt":"Vacuna viva frente a la parvovirosis canina, en suspensi\u00f3n inyectable.","_links":{"self":[{"href":"https:\/\/importadoracristinateran.com\/index.php?rest_route=\/wp\/v2\/product\/77","targetHints":{"allow":["GET"]}}],"collection":[{"href":"https:\/\/importadoracristinateran.com\/index.php?rest_route=\/wp\/v2\/product"}],"about":[{"href":"https:\/\/importadoracristinateran.com\/index.php?rest_route=\/wp\/v2\/types\/product"}],"replies":[{"embeddable":true,"href":"https:\/\/importadoracristinateran.com\/index.php?rest_route=%2Fwp%2Fv2%2Fcomments&post=77"}],"wp:featuredmedia":[{"embeddable":true,"href":"https:\/\/importadoracristinateran.com\/index.php?rest_route=\/wp\/v2\/media\/88"}],"wp:attachment":[{"href":"https:\/\/importadoracristinateran.com\/index.php?rest_route=%2Fwp%2Fv2%2Fmedia&parent=77"}],"wp:term":[{"taxonomy":"product_brand","embeddable":true,"href":"https:\/\/importadoracristinateran.com\/index.php?rest_route=%2Fwp%2Fv2%2Fproduct_brand&post=77"},{"taxonomy":"product_cat","embeddable":true,"href":"https:\/\/importadoracristinateran.com\/index.php?rest_route=%2Fwp%2Fv2%2Fproduct_cat&post=77"},{"taxonomy":"product_tag","embeddable":true,"href":"https:\/\/importadoracristinateran.com\/index.php?rest_route=%2Fwp%2Fv2%2Fproduct_tag&post=77"}],"curies":[{"name":"wp","href":"https:\/\/api.w.org\/{rel}","templated":true}]}}