{"id":777,"date":"2025-04-01T00:14:54","date_gmt":"2025-04-01T00:14:54","guid":{"rendered":"https:\/\/importadoracristinateran.com\/?post_type=product&#038;p=777"},"modified":"2025-05-10T00:31:40","modified_gmt":"2025-05-10T00:31:40","slug":"ankofen-pomada","status":"publish","type":"product","link":"https:\/\/importadoracristinateran.com\/?product=ankofen-pomada","title":{"rendered":"Ankofen Pomada"},"content":{"rendered":"<h5 class=\"et_pb_toggle_title\">Composici\u00f3n<\/h5>\n<div class=\"et_pb_toggle_content clearfix\">\n<p>Cada 100 g de pomada contienen:<\/p>\n<p>Ketoprofen 3 g<br \/>\nMentol 1 g<br \/>\nAlcanfor 5 g<br \/>\nGuayacol 3 g<br \/>\nSalicilato metilo 10 g<br \/>\nTrementina 3 g<\/p>\n<h5 class=\"et_pb_toggle_title\">Dosis<\/h5>\n<div class=\"et_pb_toggle_content clearfix\">\n<p>Aplicar t\u00f3picamente sobre la zona afectada, realizando un masaje suave y prolongado. El tratamiento debe repetirse 2 a 3 veces al d\u00eda hasta que el dolor y la inflamaci\u00f3n hayan desaparecido. En aplicaciones a nivel de ubre, realizar la misma despu\u00e9s del orde\u00f1o<\/p>\n<h5 class=\"et_pb_toggle_title\">Via de administraci\u00f3n<\/h5>\n<div class=\"et_pb_toggle_content clearfix\">\n<p>T\u00f3pica<\/p>\n<h5 class=\"et_pb_toggle_title\">Pesentaci\u00f3n<\/h5>\n<div class=\"et_pb_toggle_content clearfix\">\n<p>Frascos de polietileno de alta densidad por 250 y 400 g.<\/p>\n<\/div>\n<\/div>\n<\/div>\n<\/div>\n","protected":false},"excerpt":{"rendered":"<div class=\"et_pb_toggle_content clearfix\">\n<p>&nbsp;<\/p>\n<p>ANKOFEN POMADA esta indicado en bovinos, equinos, ovinos, caprinos, porcinos, caninos y gatos como Analg\u00e9sico, Antiflogistico, Antiinflamatorio de uso t\u00f3pico en procesos osteoarticulares, tendinosos y musculares que cursen con inflamaci\u00f3n de car\u00e1cter infeccioso.<\/p>\n<p>ANKOFEN POMADA act\u00faa como coadyuvante en el tratamiento de mastitis y edema de la ubre pos parto, patolog\u00edas en las cuales se deben instaurar terapias orientadas a controlar la causa de las mismas.<\/p>\n<\/div>\n","protected":false},"featured_media":778,"comment_status":"open","ping_status":"closed","template":"","meta":{"_uag_custom_page_level_css":"","site-sidebar-layout":"default","site-content-layout":"","ast-site-content-layout":"default","site-content-style":"default","site-sidebar-style":"default","ast-global-header-display":"","ast-banner-title-visibility":"","ast-main-header-display":"","ast-hfb-above-header-display":"","ast-hfb-below-header-display":"","ast-hfb-mobile-header-display":"","site-post-title":"","ast-breadcrumbs-content":"","ast-featured-img":"","footer-sml-layout":"","theme-transparent-header-meta":"default","adv-header-id-meta":"","stick-header-meta":"","header-above-stick-meta":"","header-main-stick-meta":"","header-below-stick-meta":"","astra-migrate-meta-layouts":"set","ast-page-background-enabled":"default","ast-page-background-meta":{"desktop":{"background-color":"var(--ast-global-color-5)","background-image":"","background-repeat":"repeat","background-position":"center center","background-size":"auto","background-attachment":"scroll","background-type":"","background-media":"","overlay-type":"","overlay-color":"","overlay-opacity":"","overlay-gradient":""},"tablet":{"background-color":"","background-image":"","background-repeat":"repeat","background-position":"center center","background-size":"auto","background-attachment":"scroll","background-type":"","background-media":"","overlay-type":"","overlay-color":"","overlay-opacity":"","overlay-gradient":""},"mobile":{"background-color":"","background-image":"","background-repeat":"repeat","background-position":"center center","background-size":"auto","background-attachment":"scroll","background-type":"","background-media":"","overlay-type":"","overlay-color":"","overlay-opacity":"","overlay-gradient":""}},"ast-content-background-meta":{"desktop":{"background-color":"var(--ast-global-color-4)","background-image":"","background-repeat":"repeat","background-position":"center center","background-size":"auto","background-attachment":"scroll","background-type":"","background-media":"","overlay-type":"","overlay-color":"","overlay-opacity":"","overlay-gradient":""},"tablet":{"background-color":"var(--ast-global-color-4)","background-image":"","background-repeat":"repeat","background-position":"center center","background-size":"auto","background-attachment":"scroll","background-type":"","background-media":"","overlay-type":"","overlay-color":"","overlay-opacity":"","overlay-gradient":""},"mobile":{"background-color":"var(--ast-global-color-4)","background-image":"","background-repeat":"repeat","background-position":"center center","background-size":"auto","background-attachment":"scroll","background-type":"","background-media":"","overlay-type":"","overlay-color":"","overlay-opacity":"","overlay-gradient":""}},"_joinchat":[]},"product_brand":[],"product_cat":[57],"product_tag":[],"class_list":{"0":"post-777","1":"product","2":"type-product","3":"status-publish","4":"has-post-thumbnail","6":"product_cat-labkyrovet","7":"desktop-align-left","8":"tablet-align-left","9":"mobile-align-left","11":"first","12":"instock","13":"shipping-taxable","14":"product-type-external"},"aioseo_notices":[],"uagb_featured_image_src":{"full":["https:\/\/importadoracristinateran.com\/wp-content\/uploads\/2025\/04\/ANKOFEN-POMADA-1000x696-1.jpg",1000,696,false],"thumbnail":["https:\/\/importadoracristinateran.com\/wp-content\/uploads\/2025\/04\/ANKOFEN-POMADA-1000x696-1-150x150.jpg",150,150,true],"medium":["https:\/\/importadoracristinateran.com\/wp-content\/uploads\/2025\/04\/ANKOFEN-POMADA-1000x696-1-300x209.jpg",300,209,true],"medium_large":["https:\/\/importadoracristinateran.com\/wp-content\/uploads\/2025\/04\/ANKOFEN-POMADA-1000x696-1-768x535.jpg",768,535,true],"large":["https:\/\/importadoracristinateran.com\/wp-content\/uploads\/2025\/04\/ANKOFEN-POMADA-1000x696-1.jpg",1000,696,false],"1536x1536":["https:\/\/importadoracristinateran.com\/wp-content\/uploads\/2025\/04\/ANKOFEN-POMADA-1000x696-1.jpg",1000,696,false],"2048x2048":["https:\/\/importadoracristinateran.com\/wp-content\/uploads\/2025\/04\/ANKOFEN-POMADA-1000x696-1.jpg",1000,696,false],"woocommerce_thumbnail":["https:\/\/importadoracristinateran.com\/wp-content\/uploads\/2025\/04\/ANKOFEN-POMADA-1000x696-1-300x300.jpg",300,300,true],"woocommerce_single":["https:\/\/importadoracristinateran.com\/wp-content\/uploads\/2025\/04\/ANKOFEN-POMADA-1000x696-1-600x418.jpg",600,418,true],"woocommerce_gallery_thumbnail":["https:\/\/importadoracristinateran.com\/wp-content\/uploads\/2025\/04\/ANKOFEN-POMADA-1000x696-1-100x100.jpg",100,100,true],"dgwt-wcas-product-suggestion":["https:\/\/importadoracristinateran.com\/wp-content\/uploads\/2025\/04\/ANKOFEN-POMADA-1000x696-1-64x45.jpg",64,45,true]},"uagb_author_info":{"display_name":"mcris.import@gmail.com","author_link":"https:\/\/importadoracristinateran.com\/?author=0"},"uagb_comment_info":0,"uagb_excerpt":"&nbsp; ANKOFEN POMADA esta indicado en bovinos, equinos, ovinos, caprinos, porcinos, caninos y gatos como Analg\u00e9sico, Antiflogistico, Antiinflamatorio de uso t\u00f3pico en procesos osteoarticulares, tendinosos y musculares que cursen con inflamaci\u00f3n de car\u00e1cter infeccioso. ANKOFEN POMADA act\u00faa como coadyuvante en el tratamiento de mastitis y edema de la ubre pos parto, patolog\u00edas en las cuales&hellip;","_links":{"self":[{"href":"https:\/\/importadoracristinateran.com\/index.php?rest_route=\/wp\/v2\/product\/777","targetHints":{"allow":["GET"]}}],"collection":[{"href":"https:\/\/importadoracristinateran.com\/index.php?rest_route=\/wp\/v2\/product"}],"about":[{"href":"https:\/\/importadoracristinateran.com\/index.php?rest_route=\/wp\/v2\/types\/product"}],"replies":[{"embeddable":true,"href":"https:\/\/importadoracristinateran.com\/index.php?rest_route=%2Fwp%2Fv2%2Fcomments&post=777"}],"wp:featuredmedia":[{"embeddable":true,"href":"https:\/\/importadoracristinateran.com\/index.php?rest_route=\/wp\/v2\/media\/778"}],"wp:attachment":[{"href":"https:\/\/importadoracristinateran.com\/index.php?rest_route=%2Fwp%2Fv2%2Fmedia&parent=777"}],"wp:term":[{"taxonomy":"product_brand","embeddable":true,"href":"https:\/\/importadoracristinateran.com\/index.php?rest_route=%2Fwp%2Fv2%2Fproduct_brand&post=777"},{"taxonomy":"product_cat","embeddable":true,"href":"https:\/\/importadoracristinateran.com\/index.php?rest_route=%2Fwp%2Fv2%2Fproduct_cat&post=777"},{"taxonomy":"product_tag","embeddable":true,"href":"https:\/\/importadoracristinateran.com\/index.php?rest_route=%2Fwp%2Fv2%2Fproduct_tag&post=777"}],"curies":[{"name":"wp","href":"https:\/\/api.w.org\/{rel}","templated":true}]}}