{"id":782,"date":"2025-04-01T00:24:09","date_gmt":"2025-04-01T00:24:09","guid":{"rendered":"https:\/\/importadoracristinateran.com\/?post_type=product&#038;p=782"},"modified":"2025-05-06T16:50:56","modified_gmt":"2025-05-06T16:50:56","slug":"kyrociclin-200","status":"publish","type":"product","link":"https:\/\/importadoracristinateran.com\/?product=kyrociclin-200","title":{"rendered":"Kyrociclin 200"},"content":{"rendered":"<h5 class=\"et_pb_toggle_title\">Composici\u00f3n<\/h5>\n<div class=\"et_pb_toggle_content clearfix\">\n<p>Cada tableta contiene Doxiciclina base 200mg<\/p>\n<h5 class=\"et_pb_toggle_title\">Dosis<\/h5>\n<div class=\"et_pb_toggle_content clearfix\">\n<p>Administrar v\u00eda oral, con el alimento o inmediatamente despu\u00e9s de la alimentaci\u00f3n. Ehrlichiosis aguda: 5 mg\/kg cada 12 horas o 10 mg\/kg cada 24 horas durante 14-16 d\u00edas, equivalente a \u00bd -1 tableta\/20 kg respectivamente. Ehrlichiosis cr\u00f3nica: 10 mg\/kg cada 24 horas equivalente a 1 tableta \/20 kg hasta por 30-42 d\u00edas. Anaplasmosis: 5-10 mg\/kg cada 12 horas, durante 7-10 d\u00edas, equivalente a \u00bd \u2013 1 tableta\/20 kg respectivamente.<\/p>\n<h5 class=\"et_pb_toggle_title\">Via de administraci\u00f3n<\/h5>\n<div class=\"et_pb_toggle_content clearfix\">\n<p>V\u00eda oral<\/p>\n<h5 class=\"et_pb_toggle_title\">Tiempo de retiro<\/h5>\n<div class=\"et_pb_toggle_content clearfix\">\n<p>No aplica<\/p>\n<h5 class=\"et_pb_toggle_title\">Pesentaci\u00f3n<\/h5>\n<div class=\"et_pb_toggle_content clearfix\">\n<p>Caja por 10 tabletas<\/p>\n<\/div>\n<\/div>\n<\/div>\n<\/div>\n<\/div>\n","protected":false},"excerpt":{"rendered":"<p>En Perros como tratamiento de primera elecci\u00f3n para los pat\u00f3genos:\u00a0<em>Ehrlichia canis,<\/em>\u00a0como segunda elecci\u00f3n en el tratamiento de las enfermedades ocasionadas por lo agentes susceptibles tales como:\u00a0<em>Corynebacterium spp., Streptococcus spp., Bordetella bronchiseptica, Borrelia burdogferi, Brucella canis, Campylobacter jejuni, Haemophilus spp., Leptospira spp., Pasteurella multocida, Chlamydia spp., Mycoplasma spp., Fusobacterium spp. y Staphylococcus spp.<\/em><\/p>\n","protected":false},"featured_media":783,"comment_status":"open","ping_status":"closed","template":"","meta":{"_uag_custom_page_level_css":"","site-sidebar-layout":"default","site-content-layout":"","ast-site-content-layout":"default","site-content-style":"default","site-sidebar-style":"default","ast-global-header-display":"","ast-banner-title-visibility":"","ast-main-header-display":"","ast-hfb-above-header-display":"","ast-hfb-below-header-display":"","ast-hfb-mobile-header-display":"","site-post-title":"","ast-breadcrumbs-content":"","ast-featured-img":"","footer-sml-layout":"","theme-transparent-header-meta":"default","adv-header-id-meta":"","stick-header-meta":"","header-above-stick-meta":"","header-main-stick-meta":"","header-below-stick-meta":"","astra-migrate-meta-layouts":"set","ast-page-background-enabled":"default","ast-page-background-meta":{"desktop":{"background-color":"var(--ast-global-color-5)","background-image":"","background-repeat":"repeat","background-position":"center center","background-size":"auto","background-attachment":"scroll","background-type":"","background-media":"","overlay-type":"","overlay-color":"","overlay-opacity":"","overlay-gradient":""},"tablet":{"background-color":"","background-image":"","background-repeat":"repeat","background-position":"center center","background-size":"auto","background-attachment":"scroll","background-type":"","background-media":"","overlay-type":"","overlay-color":"","overlay-opacity":"","overlay-gradient":""},"mobile":{"background-color":"","background-image":"","background-repeat":"repeat","background-position":"center center","background-size":"auto","background-attachment":"scroll","background-type":"","background-media":"","overlay-type":"","overlay-color":"","overlay-opacity":"","overlay-gradient":""}},"ast-content-background-meta":{"desktop":{"background-color":"var(--ast-global-color-4)","background-image":"","background-repeat":"repeat","background-position":"center center","background-size":"auto","background-attachment":"scroll","background-type":"","background-media":"","overlay-type":"","overlay-color":"","overlay-opacity":"","overlay-gradient":""},"tablet":{"background-color":"var(--ast-global-color-4)","background-image":"","background-repeat":"repeat","background-position":"center center","background-size":"auto","background-attachment":"scroll","background-type":"","background-media":"","overlay-type":"","overlay-color":"","overlay-opacity":"","overlay-gradient":""},"mobile":{"background-color":"var(--ast-global-color-4)","background-image":"","background-repeat":"repeat","background-position":"center center","background-size":"auto","background-attachment":"scroll","background-type":"","background-media":"","overlay-type":"","overlay-color":"","overlay-opacity":"","overlay-gradient":""}},"_joinchat":[]},"product_brand":[],"product_cat":[57],"product_tag":[95],"class_list":{"0":"post-782","1":"product","2":"type-product","3":"status-publish","4":"has-post-thumbnail","6":"product_cat-labkyrovet","7":"product_tag-comprimidos","8":"desktop-align-left","9":"tablet-align-left","10":"mobile-align-left","12":"first","13":"instock","14":"shipping-taxable","15":"product-type-external"},"aioseo_notices":[],"uagb_featured_image_src":{"full":["https:\/\/importadoracristinateran.com\/wp-content\/uploads\/2025\/04\/KYROCICLIN-200-MG-1000x696-1.jpg",1000,696,false],"thumbnail":["https:\/\/importadoracristinateran.com\/wp-content\/uploads\/2025\/04\/KYROCICLIN-200-MG-1000x696-1-150x150.jpg",150,150,true],"medium":["https:\/\/importadoracristinateran.com\/wp-content\/uploads\/2025\/04\/KYROCICLIN-200-MG-1000x696-1-300x209.jpg",300,209,true],"medium_large":["https:\/\/importadoracristinateran.com\/wp-content\/uploads\/2025\/04\/KYROCICLIN-200-MG-1000x696-1-768x535.jpg",768,535,true],"large":["https:\/\/importadoracristinateran.com\/wp-content\/uploads\/2025\/04\/KYROCICLIN-200-MG-1000x696-1.jpg",1000,696,false],"1536x1536":["https:\/\/importadoracristinateran.com\/wp-content\/uploads\/2025\/04\/KYROCICLIN-200-MG-1000x696-1.jpg",1000,696,false],"2048x2048":["https:\/\/importadoracristinateran.com\/wp-content\/uploads\/2025\/04\/KYROCICLIN-200-MG-1000x696-1.jpg",1000,696,false],"woocommerce_thumbnail":["https:\/\/importadoracristinateran.com\/wp-content\/uploads\/2025\/04\/KYROCICLIN-200-MG-1000x696-1-300x300.jpg",300,300,true],"woocommerce_single":["https:\/\/importadoracristinateran.com\/wp-content\/uploads\/2025\/04\/KYROCICLIN-200-MG-1000x696-1-600x418.jpg",600,418,true],"woocommerce_gallery_thumbnail":["https:\/\/importadoracristinateran.com\/wp-content\/uploads\/2025\/04\/KYROCICLIN-200-MG-1000x696-1-100x100.jpg",100,100,true],"dgwt-wcas-product-suggestion":["https:\/\/importadoracristinateran.com\/wp-content\/uploads\/2025\/04\/KYROCICLIN-200-MG-1000x696-1-64x45.jpg",64,45,true]},"uagb_author_info":{"display_name":"mcris.import@gmail.com","author_link":"https:\/\/importadoracristinateran.com\/?author=0"},"uagb_comment_info":0,"uagb_excerpt":"En Perros como tratamiento de primera elecci\u00f3n para los pat\u00f3genos:\u00a0Ehrlichia canis,\u00a0como segunda elecci\u00f3n en el tratamiento de las enfermedades ocasionadas por lo agentes susceptibles tales como:\u00a0Corynebacterium spp., Streptococcus spp., Bordetella bronchiseptica, Borrelia burdogferi, Brucella canis, Campylobacter jejuni, Haemophilus spp., Leptospira spp., Pasteurella multocida, Chlamydia spp., Mycoplasma spp., Fusobacterium spp. y Staphylococcus spp.","_links":{"self":[{"href":"https:\/\/importadoracristinateran.com\/index.php?rest_route=\/wp\/v2\/product\/782","targetHints":{"allow":["GET"]}}],"collection":[{"href":"https:\/\/importadoracristinateran.com\/index.php?rest_route=\/wp\/v2\/product"}],"about":[{"href":"https:\/\/importadoracristinateran.com\/index.php?rest_route=\/wp\/v2\/types\/product"}],"replies":[{"embeddable":true,"href":"https:\/\/importadoracristinateran.com\/index.php?rest_route=%2Fwp%2Fv2%2Fcomments&post=782"}],"wp:featuredmedia":[{"embeddable":true,"href":"https:\/\/importadoracristinateran.com\/index.php?rest_route=\/wp\/v2\/media\/783"}],"wp:attachment":[{"href":"https:\/\/importadoracristinateran.com\/index.php?rest_route=%2Fwp%2Fv2%2Fmedia&parent=782"}],"wp:term":[{"taxonomy":"product_brand","embeddable":true,"href":"https:\/\/importadoracristinateran.com\/index.php?rest_route=%2Fwp%2Fv2%2Fproduct_brand&post=782"},{"taxonomy":"product_cat","embeddable":true,"href":"https:\/\/importadoracristinateran.com\/index.php?rest_route=%2Fwp%2Fv2%2Fproduct_cat&post=782"},{"taxonomy":"product_tag","embeddable":true,"href":"https:\/\/importadoracristinateran.com\/index.php?rest_route=%2Fwp%2Fv2%2Fproduct_tag&post=782"}],"curies":[{"name":"wp","href":"https:\/\/api.w.org\/{rel}","templated":true}]}}