{"id":784,"date":"2025-04-01T00:28:04","date_gmt":"2025-04-01T00:28:04","guid":{"rendered":"https:\/\/importadoracristinateran.com\/?post_type=product&#038;p=784"},"modified":"2025-05-09T23:57:23","modified_gmt":"2025-05-09T23:57:23","slug":"kyrocur","status":"publish","type":"product","link":"https:\/\/importadoracristinateran.com\/?product=kyrocur","title":{"rendered":"Kyrocur"},"content":{"rendered":"<h5 class=\"et_pb_toggle_title\">Composici\u00f3n<\/h5>\n<div class=\"et_pb_toggle_content clearfix\">\n<p>Cada 100 mL contienen:<\/p>\n<p>Fenbendazol 10 g<br \/>\nExcipientes c.s.p.<\/p>\n<h5 class=\"et_pb_toggle_title\">Dosis<\/h5>\n<div class=\"et_pb_toggle_content clearfix\">\n<p>En Bovinos, Ovinos, Caprinos y Porcinos:<br \/>\nAdministrar 5 mL por cada 100 kg de peso vivo<br \/>\n(5 mg\/kg).<\/p>\n<p>En Equinos:<br \/>\nAdministrar 15 mL por cada 200 kg de peso vivo<br \/>\n(7.5 mg\/kg).<\/p>\n<p>VIA DE ADMINISTRACI\u00d3N:<\/p>\n<p>V\u00eda Oral.<\/p>\n<h5 class=\"et_pb_toggle_title\">Via de administraci\u00f3n<\/h5>\n<div class=\"et_pb_toggle_content clearfix\">\n<p>V\u00eda oral<\/p>\n<h5 class=\"et_pb_toggle_title\">Tiempo de retiro<\/h5>\n<div class=\"et_pb_toggle_content clearfix\">\n<p>Los animales tratados no deben sacrificarse para el consumo humano hasta 8 d\u00edas despu\u00e9s de finalizado el tratamiento.<\/p>\n<p>La leche producida durante el tratamiento y 96 horas despu\u00e9s de finalizado el mismo, no debe darse al consumo humano.<\/p>\n<h5 class=\"et_pb_toggle_title\">Pesentaci\u00f3n<\/h5>\n<div class=\"et_pb_toggle_content clearfix\">\n<p>Frasco fuelle por 20 mL, jeringa por 30 mL.<\/p>\n<p>Frascos pl\u00e1sticos por 100, 500, 1000 mL<\/p>\n<p>Garrafa por 2000 mL.<\/p>\n<\/div>\n<\/div>\n<\/div>\n<\/div>\n<\/div>\n","protected":false},"excerpt":{"rendered":"<p>Antihelm\u00edntico de amplio espectro, dirigido especialmente al ganado de leche en producci\u00f3n, debido a que su ingrediente activo (Fenbendazol) no produce residuos en leche. Por esta caracter\u00edstica de tipo farmacocin\u00e9tico, es un antihelm\u00edntico de amplio espectro aprobado en Estados Unidos y Europa para vacas en plena producci\u00f3n. Tambi\u00e9n se puede administrar como antiparasitario a equinos, caprinos, ovinos y porcinos.<\/p>\n<p>KYROCUR es un producto extremadamente seguro, que no ofrece riesgos de toxicidad aun en dosis excesivas, pudi\u00e9ndose utilizar en animales j\u00f3venes.<\/p>\n<p>USO EN:<br \/>\nBovinos, Equinos, Caprinos, Ovinos y Porcinos.<\/p>\n","protected":false},"featured_media":785,"comment_status":"open","ping_status":"closed","template":"","meta":{"_uag_custom_page_level_css":"","site-sidebar-layout":"default","site-content-layout":"","ast-site-content-layout":"default","site-content-style":"default","site-sidebar-style":"default","ast-global-header-display":"","ast-banner-title-visibility":"","ast-main-header-display":"","ast-hfb-above-header-display":"","ast-hfb-below-header-display":"","ast-hfb-mobile-header-display":"","site-post-title":"","ast-breadcrumbs-content":"","ast-featured-img":"","footer-sml-layout":"","theme-transparent-header-meta":"default","adv-header-id-meta":"","stick-header-meta":"","header-above-stick-meta":"","header-main-stick-meta":"","header-below-stick-meta":"","astra-migrate-meta-layouts":"set","ast-page-background-enabled":"default","ast-page-background-meta":{"desktop":{"background-color":"var(--ast-global-color-5)","background-image":"","background-repeat":"repeat","background-position":"center center","background-size":"auto","background-attachment":"scroll","background-type":"","background-media":"","overlay-type":"","overlay-color":"","overlay-opacity":"","overlay-gradient":""},"tablet":{"background-color":"","background-image":"","background-repeat":"repeat","background-position":"center center","background-size":"auto","background-attachment":"scroll","background-type":"","background-media":"","overlay-type":"","overlay-color":"","overlay-opacity":"","overlay-gradient":""},"mobile":{"background-color":"","background-image":"","background-repeat":"repeat","background-position":"center center","background-size":"auto","background-attachment":"scroll","background-type":"","background-media":"","overlay-type":"","overlay-color":"","overlay-opacity":"","overlay-gradient":""}},"ast-content-background-meta":{"desktop":{"background-color":"var(--ast-global-color-4)","background-image":"","background-repeat":"repeat","background-position":"center center","background-size":"auto","background-attachment":"scroll","background-type":"","background-media":"","overlay-type":"","overlay-color":"","overlay-opacity":"","overlay-gradient":""},"tablet":{"background-color":"var(--ast-global-color-4)","background-image":"","background-repeat":"repeat","background-position":"center center","background-size":"auto","background-attachment":"scroll","background-type":"","background-media":"","overlay-type":"","overlay-color":"","overlay-opacity":"","overlay-gradient":""},"mobile":{"background-color":"var(--ast-global-color-4)","background-image":"","background-repeat":"repeat","background-position":"center center","background-size":"auto","background-attachment":"scroll","background-type":"","background-media":"","overlay-type":"","overlay-color":"","overlay-opacity":"","overlay-gradient":""}},"_joinchat":[]},"product_brand":[],"product_cat":[57],"product_tag":[97],"class_list":{"0":"post-784","1":"product","2":"type-product","3":"status-publish","4":"has-post-thumbnail","6":"product_cat-labkyrovet","7":"product_tag-solucion-oral","8":"desktop-align-left","9":"tablet-align-left","10":"mobile-align-left","12":"first","13":"instock","14":"shipping-taxable","15":"product-type-external"},"aioseo_notices":[],"uagb_featured_image_src":{"full":["https:\/\/importadoracristinateran.com\/wp-content\/uploads\/2025\/04\/KYROCUR.jpg",1070,745,false],"thumbnail":["https:\/\/importadoracristinateran.com\/wp-content\/uploads\/2025\/04\/KYROCUR-150x150.jpg",150,150,true],"medium":["https:\/\/importadoracristinateran.com\/wp-content\/uploads\/2025\/04\/KYROCUR-300x209.jpg",300,209,true],"medium_large":["https:\/\/importadoracristinateran.com\/wp-content\/uploads\/2025\/04\/KYROCUR-768x535.jpg",768,535,true],"large":["https:\/\/importadoracristinateran.com\/wp-content\/uploads\/2025\/04\/KYROCUR-1024x713.jpg",1024,713,true],"1536x1536":["https:\/\/importadoracristinateran.com\/wp-content\/uploads\/2025\/04\/KYROCUR.jpg",1070,745,false],"2048x2048":["https:\/\/importadoracristinateran.com\/wp-content\/uploads\/2025\/04\/KYROCUR.jpg",1070,745,false],"woocommerce_thumbnail":["https:\/\/importadoracristinateran.com\/wp-content\/uploads\/2025\/04\/KYROCUR-300x300.jpg",300,300,true],"woocommerce_single":["https:\/\/importadoracristinateran.com\/wp-content\/uploads\/2025\/04\/KYROCUR-600x418.jpg",600,418,true],"woocommerce_gallery_thumbnail":["https:\/\/importadoracristinateran.com\/wp-content\/uploads\/2025\/04\/KYROCUR-100x100.jpg",100,100,true],"dgwt-wcas-product-suggestion":["https:\/\/importadoracristinateran.com\/wp-content\/uploads\/2025\/04\/KYROCUR-64x45.jpg",64,45,true]},"uagb_author_info":{"display_name":"mcris.import@gmail.com","author_link":"https:\/\/importadoracristinateran.com\/?author=0"},"uagb_comment_info":0,"uagb_excerpt":"Antihelm\u00edntico de amplio espectro, dirigido especialmente al ganado de leche en producci\u00f3n, debido a que su ingrediente activo (Fenbendazol) no produce residuos en leche. Por esta caracter\u00edstica de tipo farmacocin\u00e9tico, es un antihelm\u00edntico de amplio espectro aprobado en Estados Unidos y Europa para vacas en plena producci\u00f3n. Tambi\u00e9n se puede administrar como antiparasitario a equinos,&hellip;","_links":{"self":[{"href":"https:\/\/importadoracristinateran.com\/index.php?rest_route=\/wp\/v2\/product\/784","targetHints":{"allow":["GET"]}}],"collection":[{"href":"https:\/\/importadoracristinateran.com\/index.php?rest_route=\/wp\/v2\/product"}],"about":[{"href":"https:\/\/importadoracristinateran.com\/index.php?rest_route=\/wp\/v2\/types\/product"}],"replies":[{"embeddable":true,"href":"https:\/\/importadoracristinateran.com\/index.php?rest_route=%2Fwp%2Fv2%2Fcomments&post=784"}],"wp:featuredmedia":[{"embeddable":true,"href":"https:\/\/importadoracristinateran.com\/index.php?rest_route=\/wp\/v2\/media\/785"}],"wp:attachment":[{"href":"https:\/\/importadoracristinateran.com\/index.php?rest_route=%2Fwp%2Fv2%2Fmedia&parent=784"}],"wp:term":[{"taxonomy":"product_brand","embeddable":true,"href":"https:\/\/importadoracristinateran.com\/index.php?rest_route=%2Fwp%2Fv2%2Fproduct_brand&post=784"},{"taxonomy":"product_cat","embeddable":true,"href":"https:\/\/importadoracristinateran.com\/index.php?rest_route=%2Fwp%2Fv2%2Fproduct_cat&post=784"},{"taxonomy":"product_tag","embeddable":true,"href":"https:\/\/importadoracristinateran.com\/index.php?rest_route=%2Fwp%2Fv2%2Fproduct_tag&post=784"}],"curies":[{"name":"wp","href":"https:\/\/api.w.org\/{rel}","templated":true}]}}