{"id":802,"date":"2025-04-02T01:17:25","date_gmt":"2025-04-02T01:17:25","guid":{"rendered":"https:\/\/importadoracristinateran.com\/?post_type=product&#038;p=802"},"modified":"2025-04-02T01:17:25","modified_gmt":"2025-04-02T01:17:25","slug":"test-parvovirus","status":"publish","type":"product","link":"https:\/\/importadoracristinateran.com\/?product=test-parvovirus","title":{"rendered":"Test Parvovirus"},"content":{"rendered":"<p><strong>PRUEBA R\u00c1PIDA PARA PARVO Y CORONA VIRUS (CCV-CPV)<\/strong><br \/>\nLa prueba combinada del ant\u00edgeno de parvovirus y coronavirus canino es un<br \/>\nensayo inmunocromatogr\u00e1fico de flujo lateral para la detecci\u00f3n cualitativa del<br \/>\nant\u00edgeno del parvovirus canino (CPV Ag) y del ant\u00edgeno del coronavirus canino (CCV Ag) en las heces o muestras de v\u00f3mito de un perro. Tiene alta sensibilidad y especificidad.<\/p>\n<p><strong>Formato:<\/strong><br \/>\nCassete<br \/>\n<strong>Muestra:<\/strong><br \/>\nHeces o V\u00f3mito<br \/>\n<strong>Tama\u00f1o:<\/strong><br \/>\n10,0 cm-2,0 cm<br \/>\n<strong>Almacenamiento:<\/strong><br \/>\n4-30\u00baC a temperatura ambiente<br \/>\n<strong>Precisi\u00f3n:<\/strong><br \/>\n&gt; 99%<br \/>\n<strong>Tiempo de resultado:<\/strong><br \/>\n5 a 10 minutos<br \/>\n<strong>Tiempo de almacenamiento:<\/strong><br \/>\n24 meses<\/p>\n","protected":false},"excerpt":{"rendered":"<p>PRUEBA R\u00c1PIDA PARA PARVO Y CORONA VIRUS (CCV-CPV)<br \/>\nLa prueba combinada del ant\u00edgeno de parvovirus y coronavirus canino es un ensayo inmunocromatogr\u00e1fico de flujo lateral para la detecci\u00f3n cualitativa del ant\u00edgeno del parvovirus canino (CPV Ag) y del ant\u00edgeno del coronavirus canino (CCV Ag) en las heces o muestras de v\u00f3mito de un perro. Tiene alta sensibilidad y especificidad.<\/p>\n","protected":false},"featured_media":745,"comment_status":"open","ping_status":"closed","template":"","meta":{"_uag_custom_page_level_css":"","site-sidebar-layout":"default","site-content-layout":"","ast-site-content-layout":"default","site-content-style":"default","site-sidebar-style":"default","ast-global-header-display":"","ast-banner-title-visibility":"","ast-main-header-display":"","ast-hfb-above-header-display":"","ast-hfb-below-header-display":"","ast-hfb-mobile-header-display":"","site-post-title":"","ast-breadcrumbs-content":"","ast-featured-img":"","footer-sml-layout":"","theme-transparent-header-meta":"default","adv-header-id-meta":"","stick-header-meta":"","header-above-stick-meta":"","header-main-stick-meta":"","header-below-stick-meta":"","astra-migrate-meta-layouts":"set","ast-page-background-enabled":"default","ast-page-background-meta":{"desktop":{"background-color":"var(--ast-global-color-5)","background-image":"","background-repeat":"repeat","background-position":"center center","background-size":"auto","background-attachment":"scroll","background-type":"","background-media":"","overlay-type":"","overlay-color":"","overlay-opacity":"","overlay-gradient":""},"tablet":{"background-color":"","background-image":"","background-repeat":"repeat","background-position":"center center","background-size":"auto","background-attachment":"scroll","background-type":"","background-media":"","overlay-type":"","overlay-color":"","overlay-opacity":"","overlay-gradient":""},"mobile":{"background-color":"","background-image":"","background-repeat":"repeat","background-position":"center center","background-size":"auto","background-attachment":"scroll","background-type":"","background-media":"","overlay-type":"","overlay-color":"","overlay-opacity":"","overlay-gradient":""}},"ast-content-background-meta":{"desktop":{"background-color":"var(--ast-global-color-4)","background-image":"","background-repeat":"repeat","background-position":"center center","background-size":"auto","background-attachment":"scroll","background-type":"","background-media":"","overlay-type":"","overlay-color":"","overlay-opacity":"","overlay-gradient":""},"tablet":{"background-color":"var(--ast-global-color-4)","background-image":"","background-repeat":"repeat","background-position":"center center","background-size":"auto","background-attachment":"scroll","background-type":"","background-media":"","overlay-type":"","overlay-color":"","overlay-opacity":"","overlay-gradient":""},"mobile":{"background-color":"var(--ast-global-color-4)","background-image":"","background-repeat":"repeat","background-position":"center center","background-size":"auto","background-attachment":"scroll","background-type":"","background-media":"","overlay-type":"","overlay-color":"","overlay-opacity":"","overlay-gradient":""}},"_joinchat":[]},"product_brand":[],"product_cat":[60],"product_tag":[],"class_list":{"0":"post-802","1":"product","2":"type-product","3":"status-publish","4":"has-post-thumbnail","6":"product_cat-pruebasprotectores","7":"desktop-align-left","8":"tablet-align-left","9":"mobile-align-left","11":"first","12":"instock","13":"shipping-taxable","14":"product-type-simple"},"aioseo_notices":[],"uagb_featured_image_src":{"full":["https:\/\/importadoracristinateran.com\/wp-content\/uploads\/2025\/03\/rapidtest2.jpg",1080,1080,false],"thumbnail":["https:\/\/importadoracristinateran.com\/wp-content\/uploads\/2025\/03\/rapidtest2-150x150.jpg",150,150,true],"medium":["https:\/\/importadoracristinateran.com\/wp-content\/uploads\/2025\/03\/rapidtest2-300x300.jpg",300,300,true],"medium_large":["https:\/\/importadoracristinateran.com\/wp-content\/uploads\/2025\/03\/rapidtest2-768x768.jpg",768,768,true],"large":["https:\/\/importadoracristinateran.com\/wp-content\/uploads\/2025\/03\/rapidtest2-1024x1024.jpg",1024,1024,true],"1536x1536":["https:\/\/importadoracristinateran.com\/wp-content\/uploads\/2025\/03\/rapidtest2.jpg",1080,1080,false],"2048x2048":["https:\/\/importadoracristinateran.com\/wp-content\/uploads\/2025\/03\/rapidtest2.jpg",1080,1080,false],"woocommerce_thumbnail":["https:\/\/importadoracristinateran.com\/wp-content\/uploads\/2025\/03\/rapidtest2-300x300.jpg",300,300,true],"woocommerce_single":["https:\/\/importadoracristinateran.com\/wp-content\/uploads\/2025\/03\/rapidtest2-600x600.jpg",600,600,true],"woocommerce_gallery_thumbnail":["https:\/\/importadoracristinateran.com\/wp-content\/uploads\/2025\/03\/rapidtest2-100x100.jpg",100,100,true],"dgwt-wcas-product-suggestion":["https:\/\/importadoracristinateran.com\/wp-content\/uploads\/2025\/03\/rapidtest2-64x64.jpg",64,64,true]},"uagb_author_info":{"display_name":"mcris.import@gmail.com","author_link":"https:\/\/importadoracristinateran.com\/?author=0"},"uagb_comment_info":0,"uagb_excerpt":"PRUEBA R\u00c1PIDA PARA PARVO Y CORONA VIRUS (CCV-CPV) La prueba combinada del ant\u00edgeno de parvovirus y coronavirus canino es un ensayo inmunocromatogr\u00e1fico de flujo lateral para la detecci\u00f3n cualitativa del ant\u00edgeno del parvovirus canino (CPV Ag) y del ant\u00edgeno del coronavirus canino (CCV Ag) en las heces o muestras de v\u00f3mito de un perro. Tiene&hellip;","_links":{"self":[{"href":"https:\/\/importadoracristinateran.com\/index.php?rest_route=\/wp\/v2\/product\/802","targetHints":{"allow":["GET"]}}],"collection":[{"href":"https:\/\/importadoracristinateran.com\/index.php?rest_route=\/wp\/v2\/product"}],"about":[{"href":"https:\/\/importadoracristinateran.com\/index.php?rest_route=\/wp\/v2\/types\/product"}],"replies":[{"embeddable":true,"href":"https:\/\/importadoracristinateran.com\/index.php?rest_route=%2Fwp%2Fv2%2Fcomments&post=802"}],"wp:featuredmedia":[{"embeddable":true,"href":"https:\/\/importadoracristinateran.com\/index.php?rest_route=\/wp\/v2\/media\/745"}],"wp:attachment":[{"href":"https:\/\/importadoracristinateran.com\/index.php?rest_route=%2Fwp%2Fv2%2Fmedia&parent=802"}],"wp:term":[{"taxonomy":"product_brand","embeddable":true,"href":"https:\/\/importadoracristinateran.com\/index.php?rest_route=%2Fwp%2Fv2%2Fproduct_brand&post=802"},{"taxonomy":"product_cat","embeddable":true,"href":"https:\/\/importadoracristinateran.com\/index.php?rest_route=%2Fwp%2Fv2%2Fproduct_cat&post=802"},{"taxonomy":"product_tag","embeddable":true,"href":"https:\/\/importadoracristinateran.com\/index.php?rest_route=%2Fwp%2Fv2%2Fproduct_tag&post=802"}],"curies":[{"name":"wp","href":"https:\/\/api.w.org\/{rel}","templated":true}]}}