{"id":806,"date":"2025-04-02T01:57:30","date_gmt":"2025-04-02T01:57:30","guid":{"rendered":"https:\/\/importadoracristinateran.com\/?post_type=product&#038;p=806"},"modified":"2025-05-10T00:52:29","modified_gmt":"2025-05-10T00:52:29","slug":"loxic","status":"publish","type":"product","link":"https:\/\/importadoracristinateran.com\/?product=loxic","title":{"rendered":"Loxic"},"content":{"rendered":"<div class=\"mb-3\">\n<div class=\"caption\">COMPOSITION\u00a0:<\/div>\n<div>\n<div>\n<p>Cada mL contiene:<\/p>\n<p>Meloxicam\u2026.\u2026\u2026\u2026\u2026\u2026\u2026\u2026.5 mg<\/p>\n<p>Exp. q.s. a \u2026\u2026\u2026\u2026\u2026\u2026\u2026\u2026..1 mL<\/p>\n<\/div>\n<\/div>\n<\/div>\n<div class=\"mb-3\">\n<div class=\"caption\">INDICACIONES\u00a0:<\/div>\n<div>\n<div>\n<p>Perros: Alivio de la inflamaci\u00f3n y el dolor en trastornos musculoesquel\u00e9ticos agudos y cr\u00f3nicos. Reducci\u00f3n del dolor y la inflamaci\u00f3n postoperatorios despu\u00e9s de una cirug\u00eda ortop\u00e9dica y de tejidos blandos.<\/p>\n<p>Gatos: Reducci\u00f3n del dolor postoperatorio despu\u00e9s de ovariohisterectom\u00eda y cirug\u00eda menor de tejidos blandos.<\/p>\n<\/div>\n<\/div>\n<\/div>\n<div class=\"mb-3\">\n<div class=\"caption\">INSTRUCCIONES DE USO\u00a0:<\/div>\n<div>\n<div>\n<p><strong>Posolog\u00eda<\/strong><\/p>\n<p><strong>Perros:<\/strong><\/p>\n<p>Trastornos m\u00fasculo-esquel\u00e9ticos: Inyecci\u00f3n subcut\u00e1nea \u00fanica a una dosis de 0,2 mg de meloxicam \/ kg de peso corporal (es decir, 0,4 ml \/ 10 kg de peso corporal).<\/p>\n<p>Reducci\u00f3n del dolor postoperatorio (durante un per\u00edodo de 24 horas): inyecci\u00f3n \u00fanica intravenosa o subcut\u00e1nea a una dosis de 0,2 mg de meloxicam \/ kg de peso corporal (es decir, 0,4 ml \/ 10 kg de peso corporal) antes de la cirug\u00eda, por ejemplo, en el momento de la inducci\u00f3n de la anestesia.<\/p>\n<p><strong>Gatos:<\/strong><\/p>\n<p>Reducci\u00f3n del dolor postoperatorio: Inyecci\u00f3n subcut\u00e1nea \u00fanica a una dosis de 0,3 mg de meloxicam \/ kg de peso corporal (es decir, 0,06 ml \/ kg de peso corporal) antes de la cirug\u00eda, por ejemplo, en el momento de la inducci\u00f3n de la anestesia. Se debe tener especial cuidado con respecto a la precisi\u00f3n de la dosificaci\u00f3n. Evite la introducci\u00f3n de contaminaci\u00f3n durante el uso.<\/p>\n<\/div>\n<\/div>\n<\/div>\n<div class=\"mb-3\">\n<div class=\"caption\">ALMACENAMIENTO\u00a0:<\/div>\n<div>\n<div>\n<p>Almacenar en un lugar seco, por debajo de 30oC. Proteger de la luz. Mantener fuera del alcance de los ni\u00f1os.<\/p>\n<\/div>\n<\/div>\n<\/div>\n","protected":false},"excerpt":{"rendered":"<div class=\"caption\">INDICACIONES\u00a0:<\/div>\n<div>\n<div>\n<p>Perros: Alivio de la inflamaci\u00f3n y el dolor en trastornos musculoesquel\u00e9ticos agudos y cr\u00f3nicos. Reducci\u00f3n del dolor y la inflamaci\u00f3n postoperatorios despu\u00e9s de una cirug\u00eda ortop\u00e9dica y de tejidos blandos.<\/p>\n<p>Gatos: Reducci\u00f3n del dolor postoperatorio despu\u00e9s de ovariohisterectom\u00eda y cirug\u00eda menor de tejidos blandos.<\/p>\n<\/div>\n<\/div>\n","protected":false},"featured_media":807,"comment_status":"open","ping_status":"closed","template":"","meta":{"_uag_custom_page_level_css":"","site-sidebar-layout":"default","site-content-layout":"","ast-site-content-layout":"default","site-content-style":"default","site-sidebar-style":"default","ast-global-header-display":"","ast-banner-title-visibility":"","ast-main-header-display":"","ast-hfb-above-header-display":"","ast-hfb-below-header-display":"","ast-hfb-mobile-header-display":"","site-post-title":"","ast-breadcrumbs-content":"","ast-featured-img":"","footer-sml-layout":"","theme-transparent-header-meta":"default","adv-header-id-meta":"","stick-header-meta":"","header-above-stick-meta":"","header-main-stick-meta":"","header-below-stick-meta":"","astra-migrate-meta-layouts":"set","ast-page-background-enabled":"default","ast-page-background-meta":{"desktop":{"background-color":"var(--ast-global-color-5)","background-image":"","background-repeat":"repeat","background-position":"center center","background-size":"auto","background-attachment":"scroll","background-type":"","background-media":"","overlay-type":"","overlay-color":"","overlay-opacity":"","overlay-gradient":""},"tablet":{"background-color":"","background-image":"","background-repeat":"repeat","background-position":"center center","background-size":"auto","background-attachment":"scroll","background-type":"","background-media":"","overlay-type":"","overlay-color":"","overlay-opacity":"","overlay-gradient":""},"mobile":{"background-color":"","background-image":"","background-repeat":"repeat","background-position":"center center","background-size":"auto","background-attachment":"scroll","background-type":"","background-media":"","overlay-type":"","overlay-color":"","overlay-opacity":"","overlay-gradient":""}},"ast-content-background-meta":{"desktop":{"background-color":"var(--ast-global-color-4)","background-image":"","background-repeat":"repeat","background-position":"center center","background-size":"auto","background-attachment":"scroll","background-type":"","background-media":"","overlay-type":"","overlay-color":"","overlay-opacity":"","overlay-gradient":""},"tablet":{"background-color":"var(--ast-global-color-4)","background-image":"","background-repeat":"repeat","background-position":"center center","background-size":"auto","background-attachment":"scroll","background-type":"","background-media":"","overlay-type":"","overlay-color":"","overlay-opacity":"","overlay-gradient":""},"mobile":{"background-color":"var(--ast-global-color-4)","background-image":"","background-repeat":"repeat","background-position":"center center","background-size":"auto","background-attachment":"scroll","background-type":"","background-media":"","overlay-type":"","overlay-color":"","overlay-opacity":"","overlay-gradient":""}},"_joinchat":[]},"product_brand":[],"product_cat":[34],"product_tag":[28],"class_list":{"0":"post-806","1":"product","2":"type-product","3":"status-publish","4":"has-post-thumbnail","6":"product_cat-lab-vemedin","7":"product_tag-vacunas","8":"desktop-align-left","9":"tablet-align-left","10":"mobile-align-left","12":"first","13":"instock","14":"shipping-taxable","15":"product-type-external"},"aioseo_notices":[],"uagb_featured_image_src":{"full":["https:\/\/importadoracristinateran.com\/wp-content\/uploads\/2025\/04\/loxic.png",720,720,false],"thumbnail":["https:\/\/importadoracristinateran.com\/wp-content\/uploads\/2025\/04\/loxic-150x150.png",150,150,true],"medium":["https:\/\/importadoracristinateran.com\/wp-content\/uploads\/2025\/04\/loxic-300x300.png",300,300,true],"medium_large":["https:\/\/importadoracristinateran.com\/wp-content\/uploads\/2025\/04\/loxic.png",720,720,false],"large":["https:\/\/importadoracristinateran.com\/wp-content\/uploads\/2025\/04\/loxic.png",720,720,false],"1536x1536":["https:\/\/importadoracristinateran.com\/wp-content\/uploads\/2025\/04\/loxic.png",720,720,false],"2048x2048":["https:\/\/importadoracristinateran.com\/wp-content\/uploads\/2025\/04\/loxic.png",720,720,false],"woocommerce_thumbnail":["https:\/\/importadoracristinateran.com\/wp-content\/uploads\/2025\/04\/loxic-300x300.png",300,300,true],"woocommerce_single":["https:\/\/importadoracristinateran.com\/wp-content\/uploads\/2025\/04\/loxic-600x600.png",600,600,true],"woocommerce_gallery_thumbnail":["https:\/\/importadoracristinateran.com\/wp-content\/uploads\/2025\/04\/loxic-100x100.png",100,100,true],"dgwt-wcas-product-suggestion":["https:\/\/importadoracristinateran.com\/wp-content\/uploads\/2025\/04\/loxic-64x64.png",64,64,true]},"uagb_author_info":{"display_name":"mcris.import@gmail.com","author_link":"https:\/\/importadoracristinateran.com\/?author=0"},"uagb_comment_info":0,"uagb_excerpt":"INDICACIONES\u00a0: Perros: Alivio de la inflamaci\u00f3n y el dolor en trastornos musculoesquel\u00e9ticos agudos y cr\u00f3nicos. Reducci\u00f3n del dolor y la inflamaci\u00f3n postoperatorios despu\u00e9s de una cirug\u00eda ortop\u00e9dica y de tejidos blandos. Gatos: Reducci\u00f3n del dolor postoperatorio despu\u00e9s de ovariohisterectom\u00eda y cirug\u00eda menor de tejidos blandos.","_links":{"self":[{"href":"https:\/\/importadoracristinateran.com\/index.php?rest_route=\/wp\/v2\/product\/806","targetHints":{"allow":["GET"]}}],"collection":[{"href":"https:\/\/importadoracristinateran.com\/index.php?rest_route=\/wp\/v2\/product"}],"about":[{"href":"https:\/\/importadoracristinateran.com\/index.php?rest_route=\/wp\/v2\/types\/product"}],"replies":[{"embeddable":true,"href":"https:\/\/importadoracristinateran.com\/index.php?rest_route=%2Fwp%2Fv2%2Fcomments&post=806"}],"wp:featuredmedia":[{"embeddable":true,"href":"https:\/\/importadoracristinateran.com\/index.php?rest_route=\/wp\/v2\/media\/807"}],"wp:attachment":[{"href":"https:\/\/importadoracristinateran.com\/index.php?rest_route=%2Fwp%2Fv2%2Fmedia&parent=806"}],"wp:term":[{"taxonomy":"product_brand","embeddable":true,"href":"https:\/\/importadoracristinateran.com\/index.php?rest_route=%2Fwp%2Fv2%2Fproduct_brand&post=806"},{"taxonomy":"product_cat","embeddable":true,"href":"https:\/\/importadoracristinateran.com\/index.php?rest_route=%2Fwp%2Fv2%2Fproduct_cat&post=806"},{"taxonomy":"product_tag","embeddable":true,"href":"https:\/\/importadoracristinateran.com\/index.php?rest_route=%2Fwp%2Fv2%2Fproduct_tag&post=806"}],"curies":[{"name":"wp","href":"https:\/\/api.w.org\/{rel}","templated":true}]}}