{"id":808,"date":"2025-04-02T02:18:48","date_gmt":"2025-04-02T02:18:48","guid":{"rendered":"https:\/\/importadoracristinateran.com\/?post_type=product&#038;p=808"},"modified":"2025-05-06T16:50:38","modified_gmt":"2025-05-06T16:50:38","slug":"clamox-tab","status":"publish","type":"product","link":"https:\/\/importadoracristinateran.com\/?product=clamox-tab","title":{"rendered":"Clamox TAB"},"content":{"rendered":"<p><strong>Composici\u00f3n:<\/strong><br \/>\nAmoxicilina&#8230;&#8230;&#8230;&#8230;&#8230;&#8230;&#8230;&#8230;&#8230;&#8230;&#8230;&#8230;&#8230;&#8230;.200 mg<br \/>\n\u00c1cido clavul\u00e1nico&#8230;&#8230;&#8230;&#8230;&#8230;&#8230;&#8230;&#8230;&#8230;&#8230;..50 mg<\/p>\n<p><strong>Dosis:<\/strong><br \/>\nPara administraci\u00f3n oral directa.<br \/>\nPerros y gatos: 1 comprimido\/20 kg p.v. dos veces al d\u00eda, durante 5-7 d\u00edas o a las 48<br \/>\nhoras despu\u00e9s de cesar todos los s\u00edntomas. No utilizado durante 30 d\u00edas.<br \/>\nEn infecciones periodontales graves la dosis se puede duplicar a 1<br \/>\ncomprimido\/10 kg de peso dos veces al d\u00eda durante 7 d\u00edas.<\/p>\n<p><strong>Indicaci\u00f3n:<\/strong><br \/>\nPara el tratamiento de infecciones de la piel y<br \/>\ntejidos blandos, infecciones del tracto urinario,<br \/>\ninfecciones respiratorias, enteritis.<br \/>\nAlmacenamiento<br \/>\nGuardar en lugar fresco y seco.<br \/>\nEvite la luz solar directa.<br \/>\n<strong>Presentaci\u00f3n:<\/strong><br \/>\nCaja de 10 tabletas<\/p>\n","protected":false},"excerpt":{"rendered":"<p><strong>Dosis:<\/strong><br \/>\nPara administraci\u00f3n oral directa.<br \/>\nPerros y gatos: 1 comprimido\/20 kg p.v. dos veces al d\u00eda, durante 5-7 d\u00edas o a las 48<br \/>\nhoras despu\u00e9s de cesar todos los s\u00edntomas. No utilizado durante 30 d\u00edas.<br \/>\nEn infecciones periodontales graves la dosis se puede duplicar a 1<br \/>\ncomprimido\/10 kg de peso dos veces al d\u00eda durante 7 d\u00edas.<\/p>\n<p><strong>Destino:<\/strong><\/p>\n<p>Perros y gatos<\/p>\n","protected":false},"featured_media":809,"comment_status":"open","ping_status":"closed","template":"","meta":{"_uag_custom_page_level_css":"","site-sidebar-layout":"default","site-content-layout":"","ast-site-content-layout":"default","site-content-style":"default","site-sidebar-style":"default","ast-global-header-display":"","ast-banner-title-visibility":"","ast-main-header-display":"","ast-hfb-above-header-display":"","ast-hfb-below-header-display":"","ast-hfb-mobile-header-display":"","site-post-title":"","ast-breadcrumbs-content":"","ast-featured-img":"","footer-sml-layout":"","theme-transparent-header-meta":"default","adv-header-id-meta":"","stick-header-meta":"","header-above-stick-meta":"","header-main-stick-meta":"","header-below-stick-meta":"","astra-migrate-meta-layouts":"set","ast-page-background-enabled":"default","ast-page-background-meta":{"desktop":{"background-color":"var(--ast-global-color-5)","background-image":"","background-repeat":"repeat","background-position":"center center","background-size":"auto","background-attachment":"scroll","background-type":"","background-media":"","overlay-type":"","overlay-color":"","overlay-opacity":"","overlay-gradient":""},"tablet":{"background-color":"","background-image":"","background-repeat":"repeat","background-position":"center center","background-size":"auto","background-attachment":"scroll","background-type":"","background-media":"","overlay-type":"","overlay-color":"","overlay-opacity":"","overlay-gradient":""},"mobile":{"background-color":"","background-image":"","background-repeat":"repeat","background-position":"center center","background-size":"auto","background-attachment":"scroll","background-type":"","background-media":"","overlay-type":"","overlay-color":"","overlay-opacity":"","overlay-gradient":""}},"ast-content-background-meta":{"desktop":{"background-color":"var(--ast-global-color-4)","background-image":"","background-repeat":"repeat","background-position":"center center","background-size":"auto","background-attachment":"scroll","background-type":"","background-media":"","overlay-type":"","overlay-color":"","overlay-opacity":"","overlay-gradient":""},"tablet":{"background-color":"var(--ast-global-color-4)","background-image":"","background-repeat":"repeat","background-position":"center center","background-size":"auto","background-attachment":"scroll","background-type":"","background-media":"","overlay-type":"","overlay-color":"","overlay-opacity":"","overlay-gradient":""},"mobile":{"background-color":"var(--ast-global-color-4)","background-image":"","background-repeat":"repeat","background-position":"center center","background-size":"auto","background-attachment":"scroll","background-type":"","background-media":"","overlay-type":"","overlay-color":"","overlay-opacity":"","overlay-gradient":""}},"_joinchat":[]},"product_brand":[],"product_cat":[34],"product_tag":[95],"class_list":{"0":"post-808","1":"product","2":"type-product","3":"status-publish","4":"has-post-thumbnail","6":"product_cat-lab-vemedin","7":"product_tag-comprimidos","8":"desktop-align-left","9":"tablet-align-left","10":"mobile-align-left","12":"first","13":"instock","14":"shipping-taxable","15":"product-type-external"},"aioseo_notices":[],"uagb_featured_image_src":{"full":["https:\/\/importadoracristinateran.com\/wp-content\/uploads\/2025\/04\/clamox.jpg",398,312,false],"thumbnail":["https:\/\/importadoracristinateran.com\/wp-content\/uploads\/2025\/04\/clamox-150x150.jpg",150,150,true],"medium":["https:\/\/importadoracristinateran.com\/wp-content\/uploads\/2025\/04\/clamox-300x235.jpg",300,235,true],"medium_large":["https:\/\/importadoracristinateran.com\/wp-content\/uploads\/2025\/04\/clamox.jpg",398,312,false],"large":["https:\/\/importadoracristinateran.com\/wp-content\/uploads\/2025\/04\/clamox.jpg",398,312,false],"1536x1536":["https:\/\/importadoracristinateran.com\/wp-content\/uploads\/2025\/04\/clamox.jpg",398,312,false],"2048x2048":["https:\/\/importadoracristinateran.com\/wp-content\/uploads\/2025\/04\/clamox.jpg",398,312,false],"woocommerce_thumbnail":["https:\/\/importadoracristinateran.com\/wp-content\/uploads\/2025\/04\/clamox-300x300.jpg",300,300,true],"woocommerce_single":["https:\/\/importadoracristinateran.com\/wp-content\/uploads\/2025\/04\/clamox.jpg",398,312,false],"woocommerce_gallery_thumbnail":["https:\/\/importadoracristinateran.com\/wp-content\/uploads\/2025\/04\/clamox-100x100.jpg",100,100,true],"dgwt-wcas-product-suggestion":["https:\/\/importadoracristinateran.com\/wp-content\/uploads\/2025\/04\/clamox-64x50.jpg",64,50,true]},"uagb_author_info":{"display_name":"mcris.import@gmail.com","author_link":"https:\/\/importadoracristinateran.com\/?author=0"},"uagb_comment_info":0,"uagb_excerpt":"Dosis: Para administraci\u00f3n oral directa. Perros y gatos: 1 comprimido\/20 kg p.v. dos veces al d\u00eda, durante 5-7 d\u00edas o a las 48 horas despu\u00e9s de cesar todos los s\u00edntomas. No utilizado durante 30 d\u00edas. En infecciones periodontales graves la dosis se puede duplicar a 1 comprimido\/10 kg de peso dos veces al d\u00eda durante&hellip;","_links":{"self":[{"href":"https:\/\/importadoracristinateran.com\/index.php?rest_route=\/wp\/v2\/product\/808","targetHints":{"allow":["GET"]}}],"collection":[{"href":"https:\/\/importadoracristinateran.com\/index.php?rest_route=\/wp\/v2\/product"}],"about":[{"href":"https:\/\/importadoracristinateran.com\/index.php?rest_route=\/wp\/v2\/types\/product"}],"replies":[{"embeddable":true,"href":"https:\/\/importadoracristinateran.com\/index.php?rest_route=%2Fwp%2Fv2%2Fcomments&post=808"}],"wp:featuredmedia":[{"embeddable":true,"href":"https:\/\/importadoracristinateran.com\/index.php?rest_route=\/wp\/v2\/media\/809"}],"wp:attachment":[{"href":"https:\/\/importadoracristinateran.com\/index.php?rest_route=%2Fwp%2Fv2%2Fmedia&parent=808"}],"wp:term":[{"taxonomy":"product_brand","embeddable":true,"href":"https:\/\/importadoracristinateran.com\/index.php?rest_route=%2Fwp%2Fv2%2Fproduct_brand&post=808"},{"taxonomy":"product_cat","embeddable":true,"href":"https:\/\/importadoracristinateran.com\/index.php?rest_route=%2Fwp%2Fv2%2Fproduct_cat&post=808"},{"taxonomy":"product_tag","embeddable":true,"href":"https:\/\/importadoracristinateran.com\/index.php?rest_route=%2Fwp%2Fv2%2Fproduct_tag&post=808"}],"curies":[{"name":"wp","href":"https:\/\/api.w.org\/{rel}","templated":true}]}}