{"id":810,"date":"2025-04-02T02:24:33","date_gmt":"2025-04-02T02:24:33","guid":{"rendered":"https:\/\/importadoracristinateran.com\/?post_type=product&#038;p=810"},"modified":"2025-05-10T00:52:15","modified_gmt":"2025-05-10T00:52:15","slug":"goliver","status":"publish","type":"product","link":"https:\/\/importadoracristinateran.com\/?product=goliver","title":{"rendered":"Goliver"},"content":{"rendered":"<div class=\"mb-3\">\n<div class=\"caption\"><strong>COMPOSITION\u00a0:<\/strong><\/div>\n<div>\n<div>\n<p>Cada mL contiene:<\/p>\n<p>L-Arginina&#8230;\u2026\u2026\u2026\u2026\u2026\u2026\u2026.\u2026. 50 mg<\/p>\n<p>Methionina..\u2026\u2026\u2026\u2026\u2026\u2026\u2026\u2026 \u202620 mg<\/p>\n<p>Vitamina B1\u2026\u2026\u2026\u2026\u2026\u2026\u2026\u2026.\u2026.. 5 mg<\/p>\n<p>Vitamina B2..\u2026\u2026\u2026\u2026\u2026\u2026\u2026\u2026\u2026..5 mg<\/p>\n<p>Vitamina B5\u2026\u2026\u2026\u2026\u2026\u2026\u2026\u2026. 150 mcg<\/p>\n<p>Vitamina B6\u2026\u2026\u2026\u2026\u2026\u2026\u2026\u2026.\u2026\u2026..5 mg<\/p>\n<p>Vitamina B12\u2026\u2026\u2026\u2026\u2026\u2026\u2026&#8230;&#8230;.150 mg<\/p>\n<p>Vitamina PP\u2026\u2026\u2026\u2026\u2026\u2026\u2026\u2026\u2026\u2026\u202615 mg<\/p>\n<p>Sorbitol\u2026\u2026\u2026\u2026\u2026\u2026\u2026\u2026\u2026\u2026\u2026\u2026.100 mg<\/p>\n<\/div>\n<\/div>\n<\/div>\n<div class=\"mb-3\">\n<div class=\"caption\"><strong>INDICACIONES\u00a0<\/strong>:<\/div>\n<div>\n<div>\n<p>&#8211; Mejora la funci\u00f3n hep\u00e1tica y estimula la producci\u00f3n de bilis.<\/p>\n<p>&#8211; Ayuda con la digesti\u00f3n, el aumento de peso y mantiene una buena salud.<\/p>\n<p>-Previene el estre\u00f1imiento.<\/p>\n<\/div>\n<\/div>\n<\/div>\n<div class=\"mb-3\">\n<div class=\"caption\"><strong>INSTRUCCIONES DE USO\u00a0:<\/strong><\/div>\n<div>\n<div>\n<p>Inyecci\u00f3n ntramuscularo subcut\u00e1nea<\/p>\n<p>-Bovinos, equinos: 1 mL\/20 \u00a0kg pc \/d\u00eda<\/p>\n<p>&#8211; Ovejas, cabras: 1 mL\/10 kg pc\/d\u00eda<\/p>\n<p>-Perros, gatos. 1 mL\/10 kg pc\/d\u00eda<\/p>\n<p>Para mejorar a\u00a0funci\u00f3n\u00a0hep\u00e1tica prevenga elestre\u00f1imiento ua vez al\u00a0d\u00eda\u00a0durante 3-5 dias consecutivos.<\/p>\n<p>Para estimular el consumo de alimento y el aumento de peso: una o dos veces por semana<\/p>\n<\/div>\n<\/div>\n<\/div>\n<div class=\"mb-3\">\n<div class=\"caption\"><strong>ALMACENAMIENTO\u00a0:<\/strong><\/div>\n<div>\n<div>\n<p>En un lugar fresco y seco que no exceda los 30<sup>o<\/sup>C. Proteger de la luz. Mantener fuera del alcance de los ni\u00f1os<\/p>\n<\/div>\n<\/div>\n<\/div>\n","protected":false},"excerpt":{"rendered":"<div class=\"caption\"><strong>INDICACIONES\u00a0<\/strong>:<\/div>\n<div>\n<div>\n<p>&#8211; Mejora la funci\u00f3n hep\u00e1tica y estimula la producci\u00f3n de bilis.<\/p>\n<p>&#8211; Ayuda con la digesti\u00f3n, el aumento de peso y mantiene una buena salud.<\/p>\n<p>-Previene el estre\u00f1imiento.<\/p>\n<\/div>\n<\/div>\n","protected":false},"featured_media":811,"comment_status":"open","ping_status":"closed","template":"","meta":{"_uag_custom_page_level_css":"","site-sidebar-layout":"default","site-content-layout":"","ast-site-content-layout":"default","site-content-style":"default","site-sidebar-style":"default","ast-global-header-display":"","ast-banner-title-visibility":"","ast-main-header-display":"","ast-hfb-above-header-display":"","ast-hfb-below-header-display":"","ast-hfb-mobile-header-display":"","site-post-title":"","ast-breadcrumbs-content":"","ast-featured-img":"","footer-sml-layout":"","theme-transparent-header-meta":"default","adv-header-id-meta":"","stick-header-meta":"","header-above-stick-meta":"","header-main-stick-meta":"","header-below-stick-meta":"","astra-migrate-meta-layouts":"set","ast-page-background-enabled":"default","ast-page-background-meta":{"desktop":{"background-color":"var(--ast-global-color-5)","background-image":"","background-repeat":"repeat","background-position":"center center","background-size":"auto","background-attachment":"scroll","background-type":"","background-media":"","overlay-type":"","overlay-color":"","overlay-opacity":"","overlay-gradient":""},"tablet":{"background-color":"","background-image":"","background-repeat":"repeat","background-position":"center center","background-size":"auto","background-attachment":"scroll","background-type":"","background-media":"","overlay-type":"","overlay-color":"","overlay-opacity":"","overlay-gradient":""},"mobile":{"background-color":"","background-image":"","background-repeat":"repeat","background-position":"center center","background-size":"auto","background-attachment":"scroll","background-type":"","background-media":"","overlay-type":"","overlay-color":"","overlay-opacity":"","overlay-gradient":""}},"ast-content-background-meta":{"desktop":{"background-color":"var(--ast-global-color-4)","background-image":"","background-repeat":"repeat","background-position":"center center","background-size":"auto","background-attachment":"scroll","background-type":"","background-media":"","overlay-type":"","overlay-color":"","overlay-opacity":"","overlay-gradient":""},"tablet":{"background-color":"var(--ast-global-color-4)","background-image":"","background-repeat":"repeat","background-position":"center center","background-size":"auto","background-attachment":"scroll","background-type":"","background-media":"","overlay-type":"","overlay-color":"","overlay-opacity":"","overlay-gradient":""},"mobile":{"background-color":"var(--ast-global-color-4)","background-image":"","background-repeat":"repeat","background-position":"center center","background-size":"auto","background-attachment":"scroll","background-type":"","background-media":"","overlay-type":"","overlay-color":"","overlay-opacity":"","overlay-gradient":""}},"_joinchat":[]},"product_brand":[],"product_cat":[34],"product_tag":[28],"class_list":{"0":"post-810","1":"product","2":"type-product","3":"status-publish","4":"has-post-thumbnail","6":"product_cat-lab-vemedin","7":"product_tag-vacunas","8":"desktop-align-left","9":"tablet-align-left","10":"mobile-align-left","12":"first","13":"instock","14":"shipping-taxable","15":"product-type-external"},"aioseo_notices":[],"uagb_featured_image_src":{"full":["https:\/\/importadoracristinateran.com\/wp-content\/uploads\/2025\/04\/goliver.png",720,720,false],"thumbnail":["https:\/\/importadoracristinateran.com\/wp-content\/uploads\/2025\/04\/goliver-150x150.png",150,150,true],"medium":["https:\/\/importadoracristinateran.com\/wp-content\/uploads\/2025\/04\/goliver-300x300.png",300,300,true],"medium_large":["https:\/\/importadoracristinateran.com\/wp-content\/uploads\/2025\/04\/goliver.png",720,720,false],"large":["https:\/\/importadoracristinateran.com\/wp-content\/uploads\/2025\/04\/goliver.png",720,720,false],"1536x1536":["https:\/\/importadoracristinateran.com\/wp-content\/uploads\/2025\/04\/goliver.png",720,720,false],"2048x2048":["https:\/\/importadoracristinateran.com\/wp-content\/uploads\/2025\/04\/goliver.png",720,720,false],"woocommerce_thumbnail":["https:\/\/importadoracristinateran.com\/wp-content\/uploads\/2025\/04\/goliver-300x300.png",300,300,true],"woocommerce_single":["https:\/\/importadoracristinateran.com\/wp-content\/uploads\/2025\/04\/goliver-600x600.png",600,600,true],"woocommerce_gallery_thumbnail":["https:\/\/importadoracristinateran.com\/wp-content\/uploads\/2025\/04\/goliver-100x100.png",100,100,true],"dgwt-wcas-product-suggestion":["https:\/\/importadoracristinateran.com\/wp-content\/uploads\/2025\/04\/goliver-64x64.png",64,64,true]},"uagb_author_info":{"display_name":"mcris.import@gmail.com","author_link":"https:\/\/importadoracristinateran.com\/?author=0"},"uagb_comment_info":0,"uagb_excerpt":"INDICACIONES\u00a0: - Mejora la funci\u00f3n hep\u00e1tica y estimula la producci\u00f3n de bilis. - Ayuda con la digesti\u00f3n, el aumento de peso y mantiene una buena salud. -Previene el estre\u00f1imiento.","_links":{"self":[{"href":"https:\/\/importadoracristinateran.com\/index.php?rest_route=\/wp\/v2\/product\/810","targetHints":{"allow":["GET"]}}],"collection":[{"href":"https:\/\/importadoracristinateran.com\/index.php?rest_route=\/wp\/v2\/product"}],"about":[{"href":"https:\/\/importadoracristinateran.com\/index.php?rest_route=\/wp\/v2\/types\/product"}],"replies":[{"embeddable":true,"href":"https:\/\/importadoracristinateran.com\/index.php?rest_route=%2Fwp%2Fv2%2Fcomments&post=810"}],"wp:featuredmedia":[{"embeddable":true,"href":"https:\/\/importadoracristinateran.com\/index.php?rest_route=\/wp\/v2\/media\/811"}],"wp:attachment":[{"href":"https:\/\/importadoracristinateran.com\/index.php?rest_route=%2Fwp%2Fv2%2Fmedia&parent=810"}],"wp:term":[{"taxonomy":"product_brand","embeddable":true,"href":"https:\/\/importadoracristinateran.com\/index.php?rest_route=%2Fwp%2Fv2%2Fproduct_brand&post=810"},{"taxonomy":"product_cat","embeddable":true,"href":"https:\/\/importadoracristinateran.com\/index.php?rest_route=%2Fwp%2Fv2%2Fproduct_cat&post=810"},{"taxonomy":"product_tag","embeddable":true,"href":"https:\/\/importadoracristinateran.com\/index.php?rest_route=%2Fwp%2Fv2%2Fproduct_tag&post=810"}],"curies":[{"name":"wp","href":"https:\/\/api.w.org\/{rel}","templated":true}]}}