{"id":815,"date":"2025-04-02T02:39:54","date_gmt":"2025-04-02T02:39:54","guid":{"rendered":"https:\/\/importadoracristinateran.com\/?post_type=product&#038;p=815"},"modified":"2025-05-09T23:32:26","modified_gmt":"2025-05-09T23:32:26","slug":"marbovitryl-fd","status":"publish","type":"product","link":"https:\/\/importadoracristinateran.com\/?product=marbovitryl-fd","title":{"rendered":"Marbovitryl FD"},"content":{"rendered":"<div class=\"mb-3\">\n<div class=\"caption\">COMPOSITION\u00a0:<\/div>\n<div>\n<div>\n<p>Cada tableta contiene:<\/p>\n<p>Marbofloxacino\u2026\u2026\u2026\u2026\u2026\u2026\u2026 5 mg<\/p>\n<\/div>\n<\/div>\n<\/div>\n<div class=\"mb-3\">\n<div class=\"caption\">INDICACIONES\u00a0:<\/div>\n<div>\n<div>\n<p>Marbofloxacino est\u00e1 indicado en el tratamiento de las siguientes infecciones causadas por cepas de organismos susceptibles.<\/p>\n<p><strong>Perros<\/strong><\/p>\n<p>&#8211; Infecciones de la piel y tejidos blandos (pioderma de pliegues cut\u00e1neos, imp\u00e9tigo, foliculitis, furunculosis, celulitis)<\/p>\n<p>&#8211; Infecciones del tracto urinario (ITU) asociadas o no a prostatitis o epididimitis.<\/p>\n<p>&#8211; Infecciones del tracto respiratorio<\/p>\n<p><strong>Gatos<\/strong><\/p>\n<p>&#8211; Infecciones de piel y tejidos blandos (heridas, abscesos, flemones)<\/p>\n<p>&#8211; Infecciones del tracto respiratorio superior<\/p>\n<\/div>\n<\/div>\n<\/div>\n<div class=\"mb-3\">\n<div class=\"caption\">INSTRUCCIONES DE USO\u00a0:<\/div>\n<div>\n<div>\n<p>Para administraci\u00f3n oral.<\/p>\n<p>La tasa de dosis recomendada es de 2 mg \/ kg \/ d\u00eda en una sola administraci\u00f3n diaria (ver tabla a continuaci\u00f3n).<\/p>\n<figure class=\"table\">\n<table>\n<tbody>\n<tr>\n<td><strong>Peso Corporal<\/strong><\/td>\n<td><strong>Tabletas<\/strong><\/td>\n<\/tr>\n<tr>\n<td>1.3 \u2013 2.5 kg<\/td>\n<td>1<\/td>\n<\/tr>\n<tr>\n<td>2.6 \u2013 5.0 kg<\/td>\n<td>2<\/td>\n<\/tr>\n<\/tbody>\n<\/table>\n<\/figure>\n<p>Para asegurar una dosis correcta, se debe determinar el peso corporal con la mayor precisi\u00f3n posible para evitar una dosis insuficiente.<\/p>\n<p><strong>PERROS:<\/strong><\/p>\n<p>En infecciones de piel y tejidos blandos, la duraci\u00f3n del tratamiento es de al menos 5 d\u00edas. Dependiendo del curso de la enfermedad, puede extenderse hasta 40 d\u00edas.<\/p>\n<p>En las infecciones del tracto urinario, la duraci\u00f3n del tratamiento es de al menos 10 d\u00edas. Dependiendo del curso de la enfermedad, puede extenderse hasta 28 d\u00edas.<\/p>\n<p>En las infecciones respiratorias, la duraci\u00f3n del tratamiento es de al menos 7 d\u00edas y, dependiendo de la evoluci\u00f3n de la enfermedad, puede extenderse hasta 21 d\u00edas.<\/p>\n<p><strong>GATOS:<\/strong><\/p>\n<p>Para las infecciones de la piel y los tejidos blandos (heridas, abscesos, flemones) la duraci\u00f3n del tratamiento es de 3 a 5 d\u00edas.<\/p>\n<p>Para las infecciones de las v\u00edas respiratorias superiores, la duraci\u00f3n del tratamiento es de 5 d\u00edas.<\/p>\n<\/div>\n<\/div>\n<\/div>\n<div class=\"mb-3\">\n<div class=\"caption\">ALMACENAMIENTO\u00a0:<\/div>\n<div>\n<div>\n<p>Almacenar en un lugar seco a no m\u00e1s de 30oC. Proteger de la humedad.<\/p>\n<\/div>\n<\/div>\n<\/div>\n","protected":false},"excerpt":{"rendered":"<div class=\"mb-3\">\n<div class=\"caption\">COMPOSITION\u00a0:<\/div>\n<div>\n<div>\n<p>Cada tableta contiene:<\/p>\n<p>Marbofloxacino\u2026\u2026\u2026\u2026\u2026\u2026\u2026 5 mg<\/p>\n<\/div>\n<\/div>\n<\/div>\n<div class=\"mb-3\">\n<div class=\"caption\">INDICACIONES\u00a0:<\/div>\n<div>\n<div>\n<p>Marbofloxacino est\u00e1 indicado en el tratamiento de las siguientes infecciones causadas por cepas de organismos susceptibles.<\/p>\n<\/div>\n<\/div>\n<\/div>\n","protected":false},"featured_media":816,"comment_status":"open","ping_status":"closed","template":"","meta":{"_uag_custom_page_level_css":"","site-sidebar-layout":"default","site-content-layout":"","ast-site-content-layout":"default","site-content-style":"default","site-sidebar-style":"default","ast-global-header-display":"","ast-banner-title-visibility":"","ast-main-header-display":"","ast-hfb-above-header-display":"","ast-hfb-below-header-display":"","ast-hfb-mobile-header-display":"","site-post-title":"","ast-breadcrumbs-content":"","ast-featured-img":"","footer-sml-layout":"","theme-transparent-header-meta":"default","adv-header-id-meta":"","stick-header-meta":"","header-above-stick-meta":"","header-main-stick-meta":"","header-below-stick-meta":"","astra-migrate-meta-layouts":"set","ast-page-background-enabled":"default","ast-page-background-meta":{"desktop":{"background-color":"var(--ast-global-color-5)","background-image":"","background-repeat":"repeat","background-position":"center center","background-size":"auto","background-attachment":"scroll","background-type":"","background-media":"","overlay-type":"","overlay-color":"","overlay-opacity":"","overlay-gradient":""},"tablet":{"background-color":"","background-image":"","background-repeat":"repeat","background-position":"center center","background-size":"auto","background-attachment":"scroll","background-type":"","background-media":"","overlay-type":"","overlay-color":"","overlay-opacity":"","overlay-gradient":""},"mobile":{"background-color":"","background-image":"","background-repeat":"repeat","background-position":"center center","background-size":"auto","background-attachment":"scroll","background-type":"","background-media":"","overlay-type":"","overlay-color":"","overlay-opacity":"","overlay-gradient":""}},"ast-content-background-meta":{"desktop":{"background-color":"var(--ast-global-color-4)","background-image":"","background-repeat":"repeat","background-position":"center center","background-size":"auto","background-attachment":"scroll","background-type":"","background-media":"","overlay-type":"","overlay-color":"","overlay-opacity":"","overlay-gradient":""},"tablet":{"background-color":"var(--ast-global-color-4)","background-image":"","background-repeat":"repeat","background-position":"center center","background-size":"auto","background-attachment":"scroll","background-type":"","background-media":"","overlay-type":"","overlay-color":"","overlay-opacity":"","overlay-gradient":""},"mobile":{"background-color":"var(--ast-global-color-4)","background-image":"","background-repeat":"repeat","background-position":"center center","background-size":"auto","background-attachment":"scroll","background-type":"","background-media":"","overlay-type":"","overlay-color":"","overlay-opacity":"","overlay-gradient":""}},"_joinchat":[]},"product_brand":[],"product_cat":[34],"product_tag":[95],"class_list":{"0":"post-815","1":"product","2":"type-product","3":"status-publish","4":"has-post-thumbnail","6":"product_cat-lab-vemedin","7":"product_tag-comprimidos","8":"desktop-align-left","9":"tablet-align-left","10":"mobile-align-left","12":"first","13":"instock","14":"shipping-taxable","15":"product-type-external"},"aioseo_notices":[],"uagb_featured_image_src":{"full":["https:\/\/importadoracristinateran.com\/wp-content\/uploads\/2025\/04\/marbovitryl.png",720,720,false],"thumbnail":["https:\/\/importadoracristinateran.com\/wp-content\/uploads\/2025\/04\/marbovitryl-150x150.png",150,150,true],"medium":["https:\/\/importadoracristinateran.com\/wp-content\/uploads\/2025\/04\/marbovitryl-300x300.png",300,300,true],"medium_large":["https:\/\/importadoracristinateran.com\/wp-content\/uploads\/2025\/04\/marbovitryl.png",720,720,false],"large":["https:\/\/importadoracristinateran.com\/wp-content\/uploads\/2025\/04\/marbovitryl.png",720,720,false],"1536x1536":["https:\/\/importadoracristinateran.com\/wp-content\/uploads\/2025\/04\/marbovitryl.png",720,720,false],"2048x2048":["https:\/\/importadoracristinateran.com\/wp-content\/uploads\/2025\/04\/marbovitryl.png",720,720,false],"woocommerce_thumbnail":["https:\/\/importadoracristinateran.com\/wp-content\/uploads\/2025\/04\/marbovitryl-300x300.png",300,300,true],"woocommerce_single":["https:\/\/importadoracristinateran.com\/wp-content\/uploads\/2025\/04\/marbovitryl-600x600.png",600,600,true],"woocommerce_gallery_thumbnail":["https:\/\/importadoracristinateran.com\/wp-content\/uploads\/2025\/04\/marbovitryl-100x100.png",100,100,true],"dgwt-wcas-product-suggestion":["https:\/\/importadoracristinateran.com\/wp-content\/uploads\/2025\/04\/marbovitryl-64x64.png",64,64,true]},"uagb_author_info":{"display_name":"mcris.import@gmail.com","author_link":"https:\/\/importadoracristinateran.com\/?author=0"},"uagb_comment_info":0,"uagb_excerpt":"COMPOSITION\u00a0: Cada tableta contiene: Marbofloxacino\u2026\u2026\u2026\u2026\u2026\u2026\u2026 5 mg INDICACIONES\u00a0: Marbofloxacino est\u00e1 indicado en el tratamiento de las siguientes infecciones causadas por cepas de organismos susceptibles.","_links":{"self":[{"href":"https:\/\/importadoracristinateran.com\/index.php?rest_route=\/wp\/v2\/product\/815","targetHints":{"allow":["GET"]}}],"collection":[{"href":"https:\/\/importadoracristinateran.com\/index.php?rest_route=\/wp\/v2\/product"}],"about":[{"href":"https:\/\/importadoracristinateran.com\/index.php?rest_route=\/wp\/v2\/types\/product"}],"replies":[{"embeddable":true,"href":"https:\/\/importadoracristinateran.com\/index.php?rest_route=%2Fwp%2Fv2%2Fcomments&post=815"}],"wp:featuredmedia":[{"embeddable":true,"href":"https:\/\/importadoracristinateran.com\/index.php?rest_route=\/wp\/v2\/media\/816"}],"wp:attachment":[{"href":"https:\/\/importadoracristinateran.com\/index.php?rest_route=%2Fwp%2Fv2%2Fmedia&parent=815"}],"wp:term":[{"taxonomy":"product_brand","embeddable":true,"href":"https:\/\/importadoracristinateran.com\/index.php?rest_route=%2Fwp%2Fv2%2Fproduct_brand&post=815"},{"taxonomy":"product_cat","embeddable":true,"href":"https:\/\/importadoracristinateran.com\/index.php?rest_route=%2Fwp%2Fv2%2Fproduct_cat&post=815"},{"taxonomy":"product_tag","embeddable":true,"href":"https:\/\/importadoracristinateran.com\/index.php?rest_route=%2Fwp%2Fv2%2Fproduct_tag&post=815"}],"curies":[{"name":"wp","href":"https:\/\/api.w.org\/{rel}","templated":true}]}}