{"id":819,"date":"2025-04-02T02:59:33","date_gmt":"2025-04-02T02:59:33","guid":{"rendered":"https:\/\/importadoracristinateran.com\/?post_type=product&#038;p=819"},"modified":"2025-05-10T00:10:56","modified_gmt":"2025-05-10T00:10:56","slug":"malasone","status":"publish","type":"product","link":"https:\/\/importadoracristinateran.com\/?product=malasone","title":{"rendered":"Malasone"},"content":{"rendered":"<div>\n<p><strong>Tratamiento de las infecciones del o\u00eddo externo (otitis externa) en perros y gatos<\/strong><\/p>\n<\/div>\n<div class=\"mb-3\">\n<div class=\"caption\">COMPOSICI\u00d3N\u00a0:<\/div>\n<div>\n<div>\n<p><i><strong>Cada ml contiene:<\/strong><\/i><\/p>\n<p>Marbofloxacino&#8230;&#8230;&#8230;&#8230;&#8230;&#8230;&#8230;&#8230;\u2026&#8230;&#8230;3,0 mg<\/p>\n<p>Clotrimazol&#8230;&#8230;&#8230;&#8230;&#8230;&#8230;&#8230;&#8230;&#8230;&#8230;&#8230;&#8230;.10,0 mg<\/p>\n<p>Acetato de dexametasona\u2026\u2026\u2026..\u2026&#8230;.1 mg<\/p>\n<p>Exp. qs\u2026\u2026\u2026\u2026\u2026\u2026\u2026\u2026\u2026\u2026\u2026\u2026\u2026\u2026\u2026\u2026..\u20261 mL<\/p>\n<\/div>\n<\/div>\n<\/div>\n<div class=\"mb-3\">\n<div class=\"caption\">INDICACI\u00d3N\u00a0:<\/div>\n<div>\n<div>\n<p>Para el tratamiento de la otitis externa canina asociada a levaduras (\u00a0<i>Malassezia pachydermatis<\/i>\u00a0) sensibles al clotrimazol y bacterias (\u00a0<i>Staphylococcus spp., incluyendo S. intermedius, Pseudomonas aeruginosa, Proteus spp<\/i>\u00a0. y\u00a0<i>Streptococcus spp<\/i>\u00a0.) sensibles a la marbofloxacina.<br \/>\n<span style=\"font-size: 16px;\">DOSIS\u00a0<\/span><span style=\"font-size: 16px;\">:<\/span><\/p>\n<\/div>\n<\/div>\n<\/div>\n<div class=\"mb-3\">\n<div>\n<div>\n<p><strong>Agitar bien antes de usar.<\/strong><\/p>\n<p>Aplicar diez gotas en el o\u00eddo una vez al d\u00eda durante 7 a 14 d\u00edas.<\/p>\n<p>Despu\u00e9s de 7 d\u00edas de tratamiento, el veterinario deber\u00e1 evaluar la necesidad de extender el tratamiento una semana m\u00e1s.<br \/>\nUna gota de la preparaci\u00f3n contiene 71 mcg de marbofloxacino, 237 mcg de clotrimazol y 23,7 mcg de acetato de dexametasona.<br \/>\nDespu\u00e9s de la aplicaci\u00f3n, se puede masajear brevemente y suavemente la base de la oreja para permitir que la preparaci\u00f3n penetre hasta la parte inferior del canal auditivo.<br \/>\nCuando el producto est\u00e9 destinado a ser utilizado en varios perros, utilice una c\u00e1nula por perro.<\/p>\n<p><strong>Tiempo de retiro:<\/strong> No aplica<\/p>\n<\/div>\n<\/div>\n<\/div>\n<div class=\"mb-3\">\n<div class=\"caption\">ALMACENAMIENTO\u00a0:<\/div>\n<div>\n<div>\n<p>Conservar en lugar seco a temperatura no superior a 30\u00baC\u00a0<sup>.\u00a0<\/sup>Proteger de la humedad.<\/p>\n<\/div>\n<\/div>\n<\/div>\n","protected":false},"excerpt":{"rendered":"<div>\n<p><strong>Tratamiento de las infecciones del o\u00eddo externo (otitis externa) en perros y gatos<\/strong><\/p>\n<\/div>\n<div class=\"mb-3\">\n<div class=\"caption\">COMPOSICI\u00d3N\u00a0:<\/div>\n<div>\n<div>\n<p><i><strong>Cada ml contiene:<\/strong><\/i><\/p>\n<p>Marbofloxacino&#8230;&#8230;&#8230;&#8230;&#8230;&#8230;&#8230;&#8230;\u2026&#8230;&#8230;3,0 mg<\/p>\n<p>Clotrimazol&#8230;&#8230;&#8230;&#8230;&#8230;&#8230;&#8230;&#8230;&#8230;&#8230;&#8230;&#8230;.10,0 mg<\/p>\n<p>Acetato de dexametasona\u2026\u2026\u2026..\u2026&#8230;.1 mg<\/p>\n<p>Exp. qs\u2026\u2026\u2026\u2026\u2026\u2026\u2026\u2026\u2026\u2026\u2026\u2026\u2026\u2026\u2026\u2026..\u20261 mL<\/p>\n<\/div>\n<\/div>\n<\/div>\n","protected":false},"featured_media":820,"comment_status":"open","ping_status":"closed","template":"","meta":{"_uag_custom_page_level_css":"","site-sidebar-layout":"default","site-content-layout":"","ast-site-content-layout":"default","site-content-style":"default","site-sidebar-style":"default","ast-global-header-display":"","ast-banner-title-visibility":"","ast-main-header-display":"","ast-hfb-above-header-display":"","ast-hfb-below-header-display":"","ast-hfb-mobile-header-display":"","site-post-title":"","ast-breadcrumbs-content":"","ast-featured-img":"","footer-sml-layout":"","theme-transparent-header-meta":"default","adv-header-id-meta":"","stick-header-meta":"","header-above-stick-meta":"","header-main-stick-meta":"","header-below-stick-meta":"","astra-migrate-meta-layouts":"set","ast-page-background-enabled":"default","ast-page-background-meta":{"desktop":{"background-color":"var(--ast-global-color-5)","background-image":"","background-repeat":"repeat","background-position":"center center","background-size":"auto","background-attachment":"scroll","background-type":"","background-media":"","overlay-type":"","overlay-color":"","overlay-opacity":"","overlay-gradient":""},"tablet":{"background-color":"","background-image":"","background-repeat":"repeat","background-position":"center center","background-size":"auto","background-attachment":"scroll","background-type":"","background-media":"","overlay-type":"","overlay-color":"","overlay-opacity":"","overlay-gradient":""},"mobile":{"background-color":"","background-image":"","background-repeat":"repeat","background-position":"center center","background-size":"auto","background-attachment":"scroll","background-type":"","background-media":"","overlay-type":"","overlay-color":"","overlay-opacity":"","overlay-gradient":""}},"ast-content-background-meta":{"desktop":{"background-color":"var(--ast-global-color-4)","background-image":"","background-repeat":"repeat","background-position":"center center","background-size":"auto","background-attachment":"scroll","background-type":"","background-media":"","overlay-type":"","overlay-color":"","overlay-opacity":"","overlay-gradient":""},"tablet":{"background-color":"var(--ast-global-color-4)","background-image":"","background-repeat":"repeat","background-position":"center center","background-size":"auto","background-attachment":"scroll","background-type":"","background-media":"","overlay-type":"","overlay-color":"","overlay-opacity":"","overlay-gradient":""},"mobile":{"background-color":"var(--ast-global-color-4)","background-image":"","background-repeat":"repeat","background-position":"center center","background-size":"auto","background-attachment":"scroll","background-type":"","background-media":"","overlay-type":"","overlay-color":"","overlay-opacity":"","overlay-gradient":""}},"_joinchat":[]},"product_brand":[],"product_cat":[34],"product_tag":[101],"class_list":{"0":"post-819","1":"product","2":"type-product","3":"status-publish","4":"has-post-thumbnail","6":"product_cat-lab-vemedin","7":"product_tag-gotas","8":"desktop-align-left","9":"tablet-align-left","10":"mobile-align-left","12":"first","13":"instock","14":"shipping-taxable","15":"product-type-external"},"aioseo_notices":[],"uagb_featured_image_src":{"full":["https:\/\/importadoracristinateran.com\/wp-content\/uploads\/2025\/04\/malasone.png",720,720,false],"thumbnail":["https:\/\/importadoracristinateran.com\/wp-content\/uploads\/2025\/04\/malasone-150x150.png",150,150,true],"medium":["https:\/\/importadoracristinateran.com\/wp-content\/uploads\/2025\/04\/malasone-300x300.png",300,300,true],"medium_large":["https:\/\/importadoracristinateran.com\/wp-content\/uploads\/2025\/04\/malasone.png",720,720,false],"large":["https:\/\/importadoracristinateran.com\/wp-content\/uploads\/2025\/04\/malasone.png",720,720,false],"1536x1536":["https:\/\/importadoracristinateran.com\/wp-content\/uploads\/2025\/04\/malasone.png",720,720,false],"2048x2048":["https:\/\/importadoracristinateran.com\/wp-content\/uploads\/2025\/04\/malasone.png",720,720,false],"woocommerce_thumbnail":["https:\/\/importadoracristinateran.com\/wp-content\/uploads\/2025\/04\/malasone-300x300.png",300,300,true],"woocommerce_single":["https:\/\/importadoracristinateran.com\/wp-content\/uploads\/2025\/04\/malasone-600x600.png",600,600,true],"woocommerce_gallery_thumbnail":["https:\/\/importadoracristinateran.com\/wp-content\/uploads\/2025\/04\/malasone-100x100.png",100,100,true],"dgwt-wcas-product-suggestion":["https:\/\/importadoracristinateran.com\/wp-content\/uploads\/2025\/04\/malasone-64x64.png",64,64,true]},"uagb_author_info":{"display_name":"mcris.import@gmail.com","author_link":"https:\/\/importadoracristinateran.com\/?author=0"},"uagb_comment_info":0,"uagb_excerpt":"Tratamiento de las infecciones del o\u00eddo externo (otitis externa) en perros y gatos COMPOSICI\u00d3N\u00a0: Cada ml contiene: Marbofloxacino........................\u2026......3,0 mg Clotrimazol.....................................10,0 mg Acetato de dexametasona\u2026\u2026\u2026..\u2026....1 mg Exp. qs\u2026\u2026\u2026\u2026\u2026\u2026\u2026\u2026\u2026\u2026\u2026\u2026\u2026\u2026\u2026\u2026..\u20261 mL","_links":{"self":[{"href":"https:\/\/importadoracristinateran.com\/index.php?rest_route=\/wp\/v2\/product\/819","targetHints":{"allow":["GET"]}}],"collection":[{"href":"https:\/\/importadoracristinateran.com\/index.php?rest_route=\/wp\/v2\/product"}],"about":[{"href":"https:\/\/importadoracristinateran.com\/index.php?rest_route=\/wp\/v2\/types\/product"}],"replies":[{"embeddable":true,"href":"https:\/\/importadoracristinateran.com\/index.php?rest_route=%2Fwp%2Fv2%2Fcomments&post=819"}],"wp:featuredmedia":[{"embeddable":true,"href":"https:\/\/importadoracristinateran.com\/index.php?rest_route=\/wp\/v2\/media\/820"}],"wp:attachment":[{"href":"https:\/\/importadoracristinateran.com\/index.php?rest_route=%2Fwp%2Fv2%2Fmedia&parent=819"}],"wp:term":[{"taxonomy":"product_brand","embeddable":true,"href":"https:\/\/importadoracristinateran.com\/index.php?rest_route=%2Fwp%2Fv2%2Fproduct_brand&post=819"},{"taxonomy":"product_cat","embeddable":true,"href":"https:\/\/importadoracristinateran.com\/index.php?rest_route=%2Fwp%2Fv2%2Fproduct_cat&post=819"},{"taxonomy":"product_tag","embeddable":true,"href":"https:\/\/importadoracristinateran.com\/index.php?rest_route=%2Fwp%2Fv2%2Fproduct_tag&post=819"}],"curies":[{"name":"wp","href":"https:\/\/api.w.org\/{rel}","templated":true}]}}