{"id":827,"date":"2025-04-03T01:18:09","date_gmt":"2025-04-03T01:18:09","guid":{"rendered":"https:\/\/importadoracristinateran.com\/?post_type=product&#038;p=827"},"modified":"2025-05-10T00:51:18","modified_gmt":"2025-05-10T00:51:18","slug":"propovet","status":"publish","type":"product","link":"https:\/\/importadoracristinateran.com\/?product=propovet","title":{"rendered":"Propovet"},"content":{"rendered":"<div id=\"prodHeader\">\n<div id=\"prodDesc\"><\/div>\n<\/div>\n<div class=\"theContent\">\n<p>&nbsp;<\/p>\n<p><strong>DOSIFICACI\u00d3N<\/strong><\/p>\n<p><strong>EJEMPLO DE PROTOCOLO DE ANESTESIA:\u00a0<\/strong>La recomendaci\u00f3n es emplearlo en forma lenta, titulando la dosis en funci\u00f3n del efecto deseado. El tiempo de administraci\u00f3n ideal para realizar la inducci\u00f3n, evitando hipotensiones o apneas repentinas es de 3 minutos. Se continua con bolos a efecto, aproximadamente cada 30 segundos luego de haber llegado al plano anest\u00e9sico deseado.<\/p>\n<table>\n<tbody>\n<tr>\n<td>ESPECIE<\/td>\n<td>DOSIS (mg\/kg)<\/td>\n<td>EFECTO<\/td>\n<td>DURACI\u00d3N (min)<\/td>\n<td>PER\u00cdODO DE HIPNOSIS (min)<\/td>\n<\/tr>\n<tr>\n<td>GATO<\/td>\n<td>5 \u2013 8<\/td>\n<td>Anestesia quir\u00fargica<\/td>\n<td>5 \u2013 10<\/td>\n<td>20<\/td>\n<\/tr>\n<tr>\n<td>PERRO<\/td>\n<td>5 \u2013 7,5<\/td>\n<td>Anestesia quir\u00fargica<\/td>\n<td>5 \u2013 10<\/td>\n<td>15 \u2013 30<\/td>\n<\/tr>\n<tr>\n<td>CERDO<\/td>\n<td>2,5\u2013 3,5<\/td>\n<td>Anestesia quir\u00fargica<\/td>\n<td>5 \u2013 10<\/td>\n<td>10 \u2013 20<\/td>\n<\/tr>\n<tr>\n<td>PRIMATES<\/td>\n<td><\/td>\n<td>Anestesia quir\u00fargica<\/td>\n<td>5 \u2013 10<\/td>\n<td>10 \u2013 15<\/td>\n<\/tr>\n<tr>\n<td>QUELONIOS<\/td>\n<td>14<\/td>\n<td>Anestesia quir\u00fargica<\/td>\n<td><\/td>\n<td>Depende de la temperatura ambiente<\/td>\n<\/tr>\n<tr>\n<td>OTROS REPTILES<\/td>\n<td>10<\/td>\n<td>Anestesiaquir\u00fargica<\/td>\n<td><\/td>\n<td>Depende de la temperatura ambiente<\/td>\n<\/tr>\n<\/tbody>\n<\/table>\n<p>En equinos el Propofol (2 mg\/kg)\u00a0se administra luego de premedicar con Xilacina (0,5 \/ 1 mg\/kg), cuando no est\u00e1n premedicados es necesario una dosis de\u00a04 a\u00a08 mg\/kg.<\/p>\n<p><strong>ADVERTENCIAS<\/strong>Verificar que el sistema de inviolabilidad del producto y que sus condiciones de almacenamiento y conservaci\u00f3n previo a su uso sean las adecuadas.En todos los casos, las dosis y frecuencias quedan a criterio del m\u00e9dico veterinario actuante.De ninguna forma se debe destapar el producto, trasvasar o exponer su contenido al medio ambiente, maniobras que ponen en riesgo la correcta conservaci\u00f3n del mismo y la inviolabilidad del envase.Envase reciclable. Destruir luego de usar y arrojar en colectores de residuos y no en el campo o v\u00eda p\u00fablica.Consulte siempre a su m\u00e9dico veterinario.No ingerir. Mantener fuera del alcance de los ni\u00f1os y animales dom\u00e9sticos.\u00a0<strong>CONTRAINDICACIONES Y LIMITACIONES DE USO<\/strong>Est\u00e1 contraindicado en pacientes hipersensibles al pricipio activo.En pacientes en shock o bajo stress severo puede producir una depresi\u00f3n del sistema respiratorio y cardiovascular.En gatos con afecciones hep\u00e1ticas preexistentes puede producirse un alargamiento del tiempo de anestesia.El propofol atraviesa la placenta, y su seguridad durante la pre\u00f1ez no ha sido establecida.<\/p>\n<p>El\u00a0<strong>Propofol<\/strong>\u00a0puede producir depresi\u00f3n cardio- rrespiratoria, en estos cuadros se sugiere el uso de la ventilac\u00edon mec\u00e1nica y la instauraci\u00f3n de tratamiento sint\u00f3matico ( anticolin\u00e9rgicos, fluidos intravenosos, hipertensivos).<\/p>\n<p><strong>ALMACENAMIENTO\u00a0<\/strong>No conservar por encima de 30\u00ba C. Mantener al abrigo de la luz solar directa, conservando un lugar seco e higi\u00e9nico.<\/p>\n<p><strong>RESTRICCIONES<\/strong>No destinar a consumo humano o su industrializaci\u00f3n, la carne proveniente de los animales tratados hasta transcurridos por lo menos 5 d\u00edas de realizada la anestesia.<\/p>\n<p><strong>\u00a0SUGERENCIAS<\/strong>Mantener las normas de asepsia y antisepsia en el uso del producto ya que no contiene conservantes y la contaminaci\u00f3n qu\u00edmica y\/o biologica pueden alterar su condici\u00f3n.<\/p>\n<\/div>\n","protected":false},"excerpt":{"rendered":"<div id=\"prodHeader\">\n<div id=\"prodDesc\">\n<p><strong>Anest\u00e9sico de acci\u00f3n r\u00e1pida. Emulsi\u00f3n inyectable est\u00e9ril lista para usar.<\/strong><\/p>\n<div><span class=\"Apple-style-span\"><em>Propofol: \u00a0 \u00a01,0 g<\/em><\/span><\/div>\n<div><span class=\"Apple-style-span\"><em>Agentes de\u00a0<\/em><\/span><span class=\"Apple-style-span\"><em>formulaci\u00f3n c.s.p.: \u00a0 100,0 mL<\/em><\/span><\/div>\n<div id=\"prodFormula\">\n<div><span class=\"Apple-style-span\"><em>Propofol: \u00a0 \u00a01,0 g<\/em><\/span><\/div>\n<div><span class=\"Apple-style-span\"><em>Agentes de\u00a0<\/em><\/span><span class=\"Apple-style-span\"><em>formulaci\u00f3n c.s.p.: \u00a0 100,0 mL<\/em><\/span><\/div>\n<\/div>\n<\/div>\n<div class=\"clearBoth\"><\/div>\n<\/div>\n<div class=\"theContent\">\n<p><strong>ACCI\u00d3N<\/strong>Anest\u00e9sico inyectable de elecci\u00f3n para el mantenimiento de la anestesia mediante infusi\u00f3n continua.<\/p>\n<p><strong>INDICACIONES DE USO: Propovet<\/strong>, est\u00e1 especialmente indicado como agente de inducci\u00f3n (antes de intubaci\u00f3n endotraqueal para anestesia inhalatoria), como anest\u00e9sico de corta duraci\u00f3n para procedimientos menores (suturas de laceraciones, endoscopia, biopsias, procedimientos radiol\u00f3gicos u odontol\u00f3gicos).Para cirug\u00edas de larga duraci\u00f3n, se administran dosis repetidas o infusi\u00f3n cont\u00ednua.La administraci\u00f3n endovenosa de Propovet produce una anestesia de r\u00e1pida instauraci\u00f3n en un amplio rango de especies, con un tiempo de hipnosis similar al del tiopental. Los animales se recuperan r\u00e1pidamente y los periodos de hipnosis no se prolongan mucho tras dosis repetidas.Puede utilizarse solo o combinado con otros anest\u00e9sicos capaces de producir en combinaci\u00f3n un plano de relajaci\u00f3n y analgesia ideal.<\/p>\n<\/div>\n","protected":false},"featured_media":828,"comment_status":"open","ping_status":"closed","template":"","meta":{"_uag_custom_page_level_css":"","site-sidebar-layout":"default","site-content-layout":"","ast-site-content-layout":"default","site-content-style":"default","site-sidebar-style":"default","ast-global-header-display":"","ast-banner-title-visibility":"","ast-main-header-display":"","ast-hfb-above-header-display":"","ast-hfb-below-header-display":"","ast-hfb-mobile-header-display":"","site-post-title":"","ast-breadcrumbs-content":"","ast-featured-img":"","footer-sml-layout":"","theme-transparent-header-meta":"default","adv-header-id-meta":"","stick-header-meta":"","header-above-stick-meta":"","header-main-stick-meta":"","header-below-stick-meta":"","astra-migrate-meta-layouts":"set","ast-page-background-enabled":"default","ast-page-background-meta":{"desktop":{"background-color":"var(--ast-global-color-5)","background-image":"","background-repeat":"repeat","background-position":"center center","background-size":"auto","background-attachment":"scroll","background-type":"","background-media":"","overlay-type":"","overlay-color":"","overlay-opacity":"","overlay-gradient":""},"tablet":{"background-color":"","background-image":"","background-repeat":"repeat","background-position":"center center","background-size":"auto","background-attachment":"scroll","background-type":"","background-media":"","overlay-type":"","overlay-color":"","overlay-opacity":"","overlay-gradient":""},"mobile":{"background-color":"","background-image":"","background-repeat":"repeat","background-position":"center center","background-size":"auto","background-attachment":"scroll","background-type":"","background-media":"","overlay-type":"","overlay-color":"","overlay-opacity":"","overlay-gradient":""}},"ast-content-background-meta":{"desktop":{"background-color":"var(--ast-global-color-4)","background-image":"","background-repeat":"repeat","background-position":"center center","background-size":"auto","background-attachment":"scroll","background-type":"","background-media":"","overlay-type":"","overlay-color":"","overlay-opacity":"","overlay-gradient":""},"tablet":{"background-color":"var(--ast-global-color-4)","background-image":"","background-repeat":"repeat","background-position":"center center","background-size":"auto","background-attachment":"scroll","background-type":"","background-media":"","overlay-type":"","overlay-color":"","overlay-opacity":"","overlay-gradient":""},"mobile":{"background-color":"var(--ast-global-color-4)","background-image":"","background-repeat":"repeat","background-position":"center center","background-size":"auto","background-attachment":"scroll","background-type":"","background-media":"","overlay-type":"","overlay-color":"","overlay-opacity":"","overlay-gradient":""}},"_joinchat":[]},"product_brand":[],"product_cat":[36],"product_tag":[28],"class_list":{"0":"post-827","1":"product","2":"type-product","3":"status-publish","4":"has-post-thumbnail","6":"product_cat-labrichmond","7":"product_tag-vacunas","8":"desktop-align-left","9":"tablet-align-left","10":"mobile-align-left","12":"first","13":"instock","14":"shipping-taxable","15":"product-type-external"},"aioseo_notices":[],"uagb_featured_image_src":{"full":["https:\/\/importadoracristinateran.com\/wp-content\/uploads\/2025\/04\/PropoVet-50mL-V3.jpg",1000,1000,false],"thumbnail":["https:\/\/importadoracristinateran.com\/wp-content\/uploads\/2025\/04\/PropoVet-50mL-V3-150x150.jpg",150,150,true],"medium":["https:\/\/importadoracristinateran.com\/wp-content\/uploads\/2025\/04\/PropoVet-50mL-V3-300x300.jpg",300,300,true],"medium_large":["https:\/\/importadoracristinateran.com\/wp-content\/uploads\/2025\/04\/PropoVet-50mL-V3-768x768.jpg",768,768,true],"large":["https:\/\/importadoracristinateran.com\/wp-content\/uploads\/2025\/04\/PropoVet-50mL-V3.jpg",1000,1000,false],"1536x1536":["https:\/\/importadoracristinateran.com\/wp-content\/uploads\/2025\/04\/PropoVet-50mL-V3.jpg",1000,1000,false],"2048x2048":["https:\/\/importadoracristinateran.com\/wp-content\/uploads\/2025\/04\/PropoVet-50mL-V3.jpg",1000,1000,false],"woocommerce_thumbnail":["https:\/\/importadoracristinateran.com\/wp-content\/uploads\/2025\/04\/PropoVet-50mL-V3-300x300.jpg",300,300,true],"woocommerce_single":["https:\/\/importadoracristinateran.com\/wp-content\/uploads\/2025\/04\/PropoVet-50mL-V3-600x600.jpg",600,600,true],"woocommerce_gallery_thumbnail":["https:\/\/importadoracristinateran.com\/wp-content\/uploads\/2025\/04\/PropoVet-50mL-V3-100x100.jpg",100,100,true],"dgwt-wcas-product-suggestion":["https:\/\/importadoracristinateran.com\/wp-content\/uploads\/2025\/04\/PropoVet-50mL-V3-64x64.jpg",64,64,true]},"uagb_author_info":{"display_name":"mcris.import@gmail.com","author_link":"https:\/\/importadoracristinateran.com\/?author=0"},"uagb_comment_info":0,"uagb_excerpt":"Anest\u00e9sico de acci\u00f3n r\u00e1pida. Emulsi\u00f3n inyectable est\u00e9ril lista para usar. Propofol: \u00a0 \u00a01,0 g Agentes de\u00a0formulaci\u00f3n c.s.p.: \u00a0 100,0 mL Propofol: \u00a0 \u00a01,0 g Agentes de\u00a0formulaci\u00f3n c.s.p.: \u00a0 100,0 mL ACCI\u00d3NAnest\u00e9sico inyectable de elecci\u00f3n para el mantenimiento de la anestesia mediante infusi\u00f3n continua. INDICACIONES DE USO: Propovet, est\u00e1 especialmente indicado como agente de inducci\u00f3n (antes&hellip;","_links":{"self":[{"href":"https:\/\/importadoracristinateran.com\/index.php?rest_route=\/wp\/v2\/product\/827","targetHints":{"allow":["GET"]}}],"collection":[{"href":"https:\/\/importadoracristinateran.com\/index.php?rest_route=\/wp\/v2\/product"}],"about":[{"href":"https:\/\/importadoracristinateran.com\/index.php?rest_route=\/wp\/v2\/types\/product"}],"replies":[{"embeddable":true,"href":"https:\/\/importadoracristinateran.com\/index.php?rest_route=%2Fwp%2Fv2%2Fcomments&post=827"}],"wp:featuredmedia":[{"embeddable":true,"href":"https:\/\/importadoracristinateran.com\/index.php?rest_route=\/wp\/v2\/media\/828"}],"wp:attachment":[{"href":"https:\/\/importadoracristinateran.com\/index.php?rest_route=%2Fwp%2Fv2%2Fmedia&parent=827"}],"wp:term":[{"taxonomy":"product_brand","embeddable":true,"href":"https:\/\/importadoracristinateran.com\/index.php?rest_route=%2Fwp%2Fv2%2Fproduct_brand&post=827"},{"taxonomy":"product_cat","embeddable":true,"href":"https:\/\/importadoracristinateran.com\/index.php?rest_route=%2Fwp%2Fv2%2Fproduct_cat&post=827"},{"taxonomy":"product_tag","embeddable":true,"href":"https:\/\/importadoracristinateran.com\/index.php?rest_route=%2Fwp%2Fv2%2Fproduct_tag&post=827"}],"curies":[{"name":"wp","href":"https:\/\/api.w.org\/{rel}","templated":true}]}}