{"id":829,"date":"2025-04-03T01:29:51","date_gmt":"2025-04-03T01:29:51","guid":{"rendered":"https:\/\/importadoracristinateran.com\/?post_type=product&#038;p=829"},"modified":"2025-05-09T23:33:57","modified_gmt":"2025-05-09T23:33:57","slug":"fleanet-ag-plata","status":"publish","type":"product","link":"https:\/\/importadoracristinateran.com\/?product=fleanet-ag-plata","title":{"rendered":"Fleanet AG Plata"},"content":{"rendered":"<div class=\"woocommerce-product-details__short-description\">\n<div id=\"prodHeader\">\n<div id=\"prodDesc\">\n<p>&nbsp;<\/p>\n<p><strong>INDICACIONES DE USO:\u00a0<\/strong>Prevenci\u00f3n y tratamiento de la miasis, en heridas en general, descole, castraciones, descorn\u00e9, ombligo del reci\u00e9n nacido. En operaciones quir\u00fargicas, protegiendo la herida de una posible infecci\u00f3n.<\/p>\n<p><strong>USO EN:<\/strong>\u00a0Perros, bovinos, caballos, ovinos, caprinos y cerdos.<\/p>\n<p><strong>DOSIFICACION:<\/strong>\u00a0No corresponde.<\/p>\n<p><strong>INTERACCION CON OTRAS DROGAS:\u00a0<\/strong>No corresponde.<\/p>\n<p><strong>CONTRAINDICACIONES Y ADVERTENCIAS:<\/strong>\u00a0Evitar su inhalaci\u00f3n, aplicar a favor del viento. No fumar, beber ni comer mientras se utiliza. No perforar ni pulverizar sobre llama. Deben transcurrir 7 d\u00edas entre el \u00faltimo tratamiento y el destino de los animales a consumo humano. No destinar la leche a consumo humano o industrializaci\u00f3n hasta pasadas 72 hs.<\/p>\n<\/div>\n<\/div>\n<\/div>\n","protected":false},"excerpt":{"rendered":"<h1 class=\"product_title entry-title\"><strong style=\"font-size: 16px;\">NOMBRE DE PRODUCTO<\/strong><span style=\"font-size: 16px;\">: Fleanet AG<\/span><\/h1>\n<div class=\"woocommerce-product-details__short-description\">\n<div id=\"prodHeader\">\n<div id=\"prodDesc\">\n<p><strong>COMPOSICION:\u00a0<\/strong>Fenitroti\u00f3n: 0,538 g; Cipermetrina al 92% 0,423 g; Polvo de aluminio: 1,538 g; Sulfadiazina de plata: 0,038 g; Agentes de Formulaci\u00f3n y gases Propano\/Butano c.s.p. 100 g<\/p>\n<p><strong>ACCION:<\/strong>\u00a0Curabicheras en aerosol \u2013 Antimi\u00e1sico \u2013 Antis\u00e9ptico \u2013 Repelente \u2013 Cicatrizante<\/p>\n<\/div>\n<\/div>\n<\/div>\n","protected":false},"featured_media":830,"comment_status":"open","ping_status":"closed","template":"","meta":{"_uag_custom_page_level_css":"","site-sidebar-layout":"default","site-content-layout":"","ast-site-content-layout":"default","site-content-style":"default","site-sidebar-style":"default","ast-global-header-display":"","ast-banner-title-visibility":"","ast-main-header-display":"","ast-hfb-above-header-display":"","ast-hfb-below-header-display":"","ast-hfb-mobile-header-display":"","site-post-title":"","ast-breadcrumbs-content":"","ast-featured-img":"","footer-sml-layout":"","theme-transparent-header-meta":"default","adv-header-id-meta":"","stick-header-meta":"","header-above-stick-meta":"","header-main-stick-meta":"","header-below-stick-meta":"","astra-migrate-meta-layouts":"set","ast-page-background-enabled":"default","ast-page-background-meta":{"desktop":{"background-color":"var(--ast-global-color-5)","background-image":"","background-repeat":"repeat","background-position":"center center","background-size":"auto","background-attachment":"scroll","background-type":"","background-media":"","overlay-type":"","overlay-color":"","overlay-opacity":"","overlay-gradient":""},"tablet":{"background-color":"","background-image":"","background-repeat":"repeat","background-position":"center center","background-size":"auto","background-attachment":"scroll","background-type":"","background-media":"","overlay-type":"","overlay-color":"","overlay-opacity":"","overlay-gradient":""},"mobile":{"background-color":"","background-image":"","background-repeat":"repeat","background-position":"center center","background-size":"auto","background-attachment":"scroll","background-type":"","background-media":"","overlay-type":"","overlay-color":"","overlay-opacity":"","overlay-gradient":""}},"ast-content-background-meta":{"desktop":{"background-color":"var(--ast-global-color-4)","background-image":"","background-repeat":"repeat","background-position":"center center","background-size":"auto","background-attachment":"scroll","background-type":"","background-media":"","overlay-type":"","overlay-color":"","overlay-opacity":"","overlay-gradient":""},"tablet":{"background-color":"var(--ast-global-color-4)","background-image":"","background-repeat":"repeat","background-position":"center center","background-size":"auto","background-attachment":"scroll","background-type":"","background-media":"","overlay-type":"","overlay-color":"","overlay-opacity":"","overlay-gradient":""},"mobile":{"background-color":"var(--ast-global-color-4)","background-image":"","background-repeat":"repeat","background-position":"center center","background-size":"auto","background-attachment":"scroll","background-type":"","background-media":"","overlay-type":"","overlay-color":"","overlay-opacity":"","overlay-gradient":""}},"_joinchat":[]},"product_brand":[],"product_cat":[36],"product_tag":[],"class_list":{"0":"post-829","1":"product","2":"type-product","3":"status-publish","4":"has-post-thumbnail","6":"product_cat-labrichmond","7":"desktop-align-left","8":"tablet-align-left","9":"mobile-align-left","11":"first","12":"instock","13":"shipping-taxable","14":"product-type-external"},"aioseo_notices":[],"uagb_featured_image_src":{"full":["https:\/\/importadoracristinateran.com\/wp-content\/uploads\/2025\/04\/Fleanet-AG-Plata-Aero_Mesa-de-trabajo-1.jpg",821,803,false],"thumbnail":["https:\/\/importadoracristinateran.com\/wp-content\/uploads\/2025\/04\/Fleanet-AG-Plata-Aero_Mesa-de-trabajo-1-150x150.jpg",150,150,true],"medium":["https:\/\/importadoracristinateran.com\/wp-content\/uploads\/2025\/04\/Fleanet-AG-Plata-Aero_Mesa-de-trabajo-1-300x293.jpg",300,293,true],"medium_large":["https:\/\/importadoracristinateran.com\/wp-content\/uploads\/2025\/04\/Fleanet-AG-Plata-Aero_Mesa-de-trabajo-1-768x751.jpg",768,751,true],"large":["https:\/\/importadoracristinateran.com\/wp-content\/uploads\/2025\/04\/Fleanet-AG-Plata-Aero_Mesa-de-trabajo-1.jpg",821,803,false],"1536x1536":["https:\/\/importadoracristinateran.com\/wp-content\/uploads\/2025\/04\/Fleanet-AG-Plata-Aero_Mesa-de-trabajo-1.jpg",821,803,false],"2048x2048":["https:\/\/importadoracristinateran.com\/wp-content\/uploads\/2025\/04\/Fleanet-AG-Plata-Aero_Mesa-de-trabajo-1.jpg",821,803,false],"woocommerce_thumbnail":["https:\/\/importadoracristinateran.com\/wp-content\/uploads\/2025\/04\/Fleanet-AG-Plata-Aero_Mesa-de-trabajo-1-300x300.jpg",300,300,true],"woocommerce_single":["https:\/\/importadoracristinateran.com\/wp-content\/uploads\/2025\/04\/Fleanet-AG-Plata-Aero_Mesa-de-trabajo-1-600x587.jpg",600,587,true],"woocommerce_gallery_thumbnail":["https:\/\/importadoracristinateran.com\/wp-content\/uploads\/2025\/04\/Fleanet-AG-Plata-Aero_Mesa-de-trabajo-1-100x100.jpg",100,100,true],"dgwt-wcas-product-suggestion":["https:\/\/importadoracristinateran.com\/wp-content\/uploads\/2025\/04\/Fleanet-AG-Plata-Aero_Mesa-de-trabajo-1-64x63.jpg",64,63,true]},"uagb_author_info":{"display_name":"mcris.import@gmail.com","author_link":"https:\/\/importadoracristinateran.com\/?author=0"},"uagb_comment_info":0,"uagb_excerpt":"NOMBRE DE PRODUCTO: Fleanet AG COMPOSICION:\u00a0Fenitroti\u00f3n: 0,538 g; Cipermetrina al 92% 0,423 g; Polvo de aluminio: 1,538 g; Sulfadiazina de plata: 0,038 g; Agentes de Formulaci\u00f3n y gases Propano\/Butano c.s.p. 100 g ACCION:\u00a0Curabicheras en aerosol \u2013 Antimi\u00e1sico \u2013 Antis\u00e9ptico \u2013 Repelente \u2013 Cicatrizante","_links":{"self":[{"href":"https:\/\/importadoracristinateran.com\/index.php?rest_route=\/wp\/v2\/product\/829","targetHints":{"allow":["GET"]}}],"collection":[{"href":"https:\/\/importadoracristinateran.com\/index.php?rest_route=\/wp\/v2\/product"}],"about":[{"href":"https:\/\/importadoracristinateran.com\/index.php?rest_route=\/wp\/v2\/types\/product"}],"replies":[{"embeddable":true,"href":"https:\/\/importadoracristinateran.com\/index.php?rest_route=%2Fwp%2Fv2%2Fcomments&post=829"}],"wp:featuredmedia":[{"embeddable":true,"href":"https:\/\/importadoracristinateran.com\/index.php?rest_route=\/wp\/v2\/media\/830"}],"wp:attachment":[{"href":"https:\/\/importadoracristinateran.com\/index.php?rest_route=%2Fwp%2Fv2%2Fmedia&parent=829"}],"wp:term":[{"taxonomy":"product_brand","embeddable":true,"href":"https:\/\/importadoracristinateran.com\/index.php?rest_route=%2Fwp%2Fv2%2Fproduct_brand&post=829"},{"taxonomy":"product_cat","embeddable":true,"href":"https:\/\/importadoracristinateran.com\/index.php?rest_route=%2Fwp%2Fv2%2Fproduct_cat&post=829"},{"taxonomy":"product_tag","embeddable":true,"href":"https:\/\/importadoracristinateran.com\/index.php?rest_route=%2Fwp%2Fv2%2Fproduct_tag&post=829"}],"curies":[{"name":"wp","href":"https:\/\/api.w.org\/{rel}","templated":true}]}}