{"id":831,"date":"2025-04-03T01:33:54","date_gmt":"2025-04-03T01:33:54","guid":{"rendered":"https:\/\/importadoracristinateran.com\/?post_type=product&#038;p=831"},"modified":"2025-05-10T00:51:06","modified_gmt":"2025-05-10T00:51:06","slug":"xilacina20","status":"publish","type":"product","link":"https:\/\/importadoracristinateran.com\/?product=xilacina20","title":{"rendered":"Xilacina20"},"content":{"rendered":"<p><strong>INDICACIONES<\/strong><br \/>\nProcedimientos quir\u00fargicos menores de corta duraci\u00f3n, como sutura de laceraciones. Como agente pre-anest\u00e9sico, disminuyendo as\u00ed la dosis necesarias de agentes anest\u00e9sicos. Procedimientos ortop\u00e9dicos, examen semiol\u00f3gico en boca, orejas, palpaci\u00f3n abdominal, rectal, o vaginal. Cateterismo y radiograf\u00edas. Odontolog\u00eda. Utilizado en conjunto con anest\u00e9sicos locales.<\/p>\n<p><strong>CONTRAINDICACIONES Y ADVERTENCIAS<\/strong><br \/>\nNo administrar a animales que reciban epinefrina o que tengan arritmias ventriculares.<br \/>\nUsar con precauci\u00f3n en animales con disfunci\u00f3n card\u00edaca preexistente, hipotensi\u00f3n o shock. disfunci\u00f3n respiratoria, insuficiencia renal o hep\u00e1tica severa.<br \/>\nNo administrar en animales muy debilitados.<br \/>\nNo administrar en rumiantes deshidratados o con obstrucci\u00f3n del tracto urinario.<br \/>\nPuede provocar parto prematuro, no usar en \u00faltimo trimestre de gestaci\u00f3n.<br \/>\nLos animales se deben manejar cuidadosamente tras la administraci\u00f3n, un falso sentido de seguridad puede original un accidente ya que los animales pueden tener reacciones de manera defensiva.<\/p>\n<p><strong>EFECTOS COLATERALES<\/strong><br \/>\nEn caninos puede presentarse bradicardia, bloqueo card\u00edaco e hipotensi\u00f3n arterial aguda, as\u00ed como tambi\u00e9n timpanismo aparente por aerofagia.<br \/>\nDebido a que induce un marcado grado de salivaci\u00f3n en rumiantes se recomienda premedicar con atropina.<\/p>\n<p><strong>DOSIFICACI\u00d3N<\/strong><br \/>\nInyectable por v\u00edas subcut\u00e1nea (SC); intramuscular (IM); o endovenosa (EV). La dosis espec\u00edficas depender\u00e1n de las condiciones de uso y aplicaci\u00f3n del mismo.<br \/>\nEquinos: Endovenoso (EV) 0,5 a 1,1 mg\/kg equivalentes a 2,5 a 5,5 ml cada 100 kg de peso; intramuscular (IM) 1 a 2 mg\/kg equivalentes a 5 a 10 ml cada 100 kg de peso.<br \/>\nBovinos: Endovenoso (EV) 0,03 a 0,1 mg\/kg equivalentes a 0,15 a 0,5 ml cada 100 kg de peso; intramuscular (IM) 0,1 a 0,2 mg\/kg equivalentes a 0,5 a 1 ml cada 100 kg de peso.<br \/>\nOvinos: Endovenoso (EV) 0,5 a 1,1 mg\/kg equivalentes a 0,03 a 0,1 ml cada 50 kg de peso; intramuscular (IM) 0,1 a 0,3 mg\/kg equivalentes a 0,25 a 0,75 ml cada 50 kg de peso.<br \/>\nCabra: Endovenoso (EV) 0,01 a 0,5 mg\/kg equivalentes a 0,02 a 1,25 ml cada 50 kg de peso; intramuscular (IM) 0,05 a 0,5 mg\/kg equivalentes a 0,12 a 0,5 ml cada 50 kg de peso.<br \/>\nCerdo: Intramuscular (IM) 2 a 3 mg\/kg equivalentes a 5 a 7,5 ml cada 50 kg de peso.<br \/>\nPerro: Endovenoso (EV) 0,5 a 1 mg\/kg equivalentes a 0,25 a 0,55 ml cada 10 kg de peso; intramuscular (IM) 1 a 2 mg\/kg equivalentes a 0,5 a 1 ml cada 10 kg de peso.<br \/>\nGato: Endovenoso (EV) 0,5 a 1 mg\/kg equivalentes a 0,12 a 0,25 ml cada 5 kg de peso; intramuscular (IM) 1 a 2 mg\/kg equivalentes a 0,25 a 0,5 ml cada 5 kg de peso.<br \/>\nAves: Intramuscular (IM) 5 a 10 mg\/kg equivalentes a 1,25 a 2,5 ml cada 5 kg de peso.<\/p>\n","protected":false},"excerpt":{"rendered":"<p><b>Potente sedante, miorrelajante y analg\u00e9sico no narc\u00f3tico.<\/b><\/p>\n<p><em>Xilacina, clorhidrato: 2 g.<\/em><br \/>\n<em>Veh\u00edculos y excipientes c.s.p.: 100 ml.<\/em><\/p>\n<p><strong>ACCI\u00d3N<\/strong><br \/>\nPotente sedante, miorrelajante y analg\u00e9sico no narc\u00f3tico. La actividad sedante y analg\u00e9sica se relaciona con una depresi\u00f3n del sistema nervioso central. El efecto relajante muscular est\u00e1 basado en la inhibici\u00f3n de la transmisi\u00f3n intraneural de los impulsos en el sistema nervioso central; los efectos principales se desarrollan dentro de los 10 a 15 minutos despu\u00e9s de la inyecci\u00f3n intramuscular y dentro de los 3 a 5 minutos despu\u00e9s de la inyecci\u00f3n endovenosa.<br \/>\nUn estado similar al sue\u00f1o, cuya profundidad depende de la dosis, se mantiene 1 a 2 horas, mientras que la analgesia dura 15 a 30 minutos, post-aplicaci\u00f3n.<br \/>\nLuego de la inyecci\u00f3n intramuscular la droga es r\u00e1pidamente absorbida, pero la biodisponibilidad es variable seg\u00fan la especie: en el caballo es del 40 a 48%; en la oveja entre el 17 y el 73% y en el perro entre el 52 y 90 %.<\/p>\n","protected":false},"featured_media":832,"comment_status":"open","ping_status":"closed","template":"","meta":{"_uag_custom_page_level_css":"","site-sidebar-layout":"default","site-content-layout":"","ast-site-content-layout":"default","site-content-style":"default","site-sidebar-style":"default","ast-global-header-display":"","ast-banner-title-visibility":"","ast-main-header-display":"","ast-hfb-above-header-display":"","ast-hfb-below-header-display":"","ast-hfb-mobile-header-display":"","site-post-title":"","ast-breadcrumbs-content":"","ast-featured-img":"","footer-sml-layout":"","theme-transparent-header-meta":"default","adv-header-id-meta":"","stick-header-meta":"","header-above-stick-meta":"","header-main-stick-meta":"","header-below-stick-meta":"","astra-migrate-meta-layouts":"set","ast-page-background-enabled":"default","ast-page-background-meta":{"desktop":{"background-color":"var(--ast-global-color-5)","background-image":"","background-repeat":"repeat","background-position":"center center","background-size":"auto","background-attachment":"scroll","background-type":"","background-media":"","overlay-type":"","overlay-color":"","overlay-opacity":"","overlay-gradient":""},"tablet":{"background-color":"","background-image":"","background-repeat":"repeat","background-position":"center center","background-size":"auto","background-attachment":"scroll","background-type":"","background-media":"","overlay-type":"","overlay-color":"","overlay-opacity":"","overlay-gradient":""},"mobile":{"background-color":"","background-image":"","background-repeat":"repeat","background-position":"center center","background-size":"auto","background-attachment":"scroll","background-type":"","background-media":"","overlay-type":"","overlay-color":"","overlay-opacity":"","overlay-gradient":""}},"ast-content-background-meta":{"desktop":{"background-color":"var(--ast-global-color-4)","background-image":"","background-repeat":"repeat","background-position":"center center","background-size":"auto","background-attachment":"scroll","background-type":"","background-media":"","overlay-type":"","overlay-color":"","overlay-opacity":"","overlay-gradient":""},"tablet":{"background-color":"var(--ast-global-color-4)","background-image":"","background-repeat":"repeat","background-position":"center center","background-size":"auto","background-attachment":"scroll","background-type":"","background-media":"","overlay-type":"","overlay-color":"","overlay-opacity":"","overlay-gradient":""},"mobile":{"background-color":"var(--ast-global-color-4)","background-image":"","background-repeat":"repeat","background-position":"center center","background-size":"auto","background-attachment":"scroll","background-type":"","background-media":"","overlay-type":"","overlay-color":"","overlay-opacity":"","overlay-gradient":""}},"_joinchat":[]},"product_brand":[],"product_cat":[36],"product_tag":[28],"class_list":{"0":"post-831","1":"product","2":"type-product","3":"status-publish","4":"has-post-thumbnail","6":"product_cat-labrichmond","7":"product_tag-vacunas","8":"desktop-align-left","9":"tablet-align-left","10":"mobile-align-left","12":"first","13":"instock","14":"shipping-taxable","15":"product-type-external"},"aioseo_notices":[],"uagb_featured_image_src":{"full":["https:\/\/importadoracristinateran.com\/wp-content\/uploads\/2025\/04\/Xilacina-20-20mL-V3.jpg",1000,1000,false],"thumbnail":["https:\/\/importadoracristinateran.com\/wp-content\/uploads\/2025\/04\/Xilacina-20-20mL-V3-150x150.jpg",150,150,true],"medium":["https:\/\/importadoracristinateran.com\/wp-content\/uploads\/2025\/04\/Xilacina-20-20mL-V3-300x300.jpg",300,300,true],"medium_large":["https:\/\/importadoracristinateran.com\/wp-content\/uploads\/2025\/04\/Xilacina-20-20mL-V3-768x768.jpg",768,768,true],"large":["https:\/\/importadoracristinateran.com\/wp-content\/uploads\/2025\/04\/Xilacina-20-20mL-V3.jpg",1000,1000,false],"1536x1536":["https:\/\/importadoracristinateran.com\/wp-content\/uploads\/2025\/04\/Xilacina-20-20mL-V3.jpg",1000,1000,false],"2048x2048":["https:\/\/importadoracristinateran.com\/wp-content\/uploads\/2025\/04\/Xilacina-20-20mL-V3.jpg",1000,1000,false],"woocommerce_thumbnail":["https:\/\/importadoracristinateran.com\/wp-content\/uploads\/2025\/04\/Xilacina-20-20mL-V3-300x300.jpg",300,300,true],"woocommerce_single":["https:\/\/importadoracristinateran.com\/wp-content\/uploads\/2025\/04\/Xilacina-20-20mL-V3-600x600.jpg",600,600,true],"woocommerce_gallery_thumbnail":["https:\/\/importadoracristinateran.com\/wp-content\/uploads\/2025\/04\/Xilacina-20-20mL-V3-100x100.jpg",100,100,true],"dgwt-wcas-product-suggestion":["https:\/\/importadoracristinateran.com\/wp-content\/uploads\/2025\/04\/Xilacina-20-20mL-V3-64x64.jpg",64,64,true]},"uagb_author_info":{"display_name":"mcris.import@gmail.com","author_link":"https:\/\/importadoracristinateran.com\/?author=0"},"uagb_comment_info":0,"uagb_excerpt":"Potente sedante, miorrelajante y analg\u00e9sico no narc\u00f3tico. Xilacina, clorhidrato: 2 g. Veh\u00edculos y excipientes c.s.p.: 100 ml. ACCI\u00d3N Potente sedante, miorrelajante y analg\u00e9sico no narc\u00f3tico. La actividad sedante y analg\u00e9sica se relaciona con una depresi\u00f3n del sistema nervioso central. El efecto relajante muscular est\u00e1 basado en la inhibici\u00f3n de la transmisi\u00f3n intraneural de los impulsos&hellip;","_links":{"self":[{"href":"https:\/\/importadoracristinateran.com\/index.php?rest_route=\/wp\/v2\/product\/831","targetHints":{"allow":["GET"]}}],"collection":[{"href":"https:\/\/importadoracristinateran.com\/index.php?rest_route=\/wp\/v2\/product"}],"about":[{"href":"https:\/\/importadoracristinateran.com\/index.php?rest_route=\/wp\/v2\/types\/product"}],"replies":[{"embeddable":true,"href":"https:\/\/importadoracristinateran.com\/index.php?rest_route=%2Fwp%2Fv2%2Fcomments&post=831"}],"wp:featuredmedia":[{"embeddable":true,"href":"https:\/\/importadoracristinateran.com\/index.php?rest_route=\/wp\/v2\/media\/832"}],"wp:attachment":[{"href":"https:\/\/importadoracristinateran.com\/index.php?rest_route=%2Fwp%2Fv2%2Fmedia&parent=831"}],"wp:term":[{"taxonomy":"product_brand","embeddable":true,"href":"https:\/\/importadoracristinateran.com\/index.php?rest_route=%2Fwp%2Fv2%2Fproduct_brand&post=831"},{"taxonomy":"product_cat","embeddable":true,"href":"https:\/\/importadoracristinateran.com\/index.php?rest_route=%2Fwp%2Fv2%2Fproduct_cat&post=831"},{"taxonomy":"product_tag","embeddable":true,"href":"https:\/\/importadoracristinateran.com\/index.php?rest_route=%2Fwp%2Fv2%2Fproduct_tag&post=831"}],"curies":[{"name":"wp","href":"https:\/\/api.w.org\/{rel}","templated":true}]}}