{"id":837,"date":"2025-04-03T02:02:15","date_gmt":"2025-04-03T02:02:15","guid":{"rendered":"https:\/\/importadoracristinateran.com\/?post_type=product&#038;p=837"},"modified":"2025-05-06T16:49:30","modified_gmt":"2025-05-06T16:49:30","slug":"propantelina-triton","status":"publish","type":"product","link":"https:\/\/importadoracristinateran.com\/?product=propantelina-triton","title":{"rendered":"Propantelina Triton"},"content":{"rendered":"<p>Antiespasm\u00f3dico, para v\u00edas urogenitales y\/o digestivas, en comprimidos ranurados.<\/p>\n<p>Uso en Medicina Veterinaria<br \/>\nVenta bajo receta<br \/>\nMantener fuera del alcance de los ni\u00f1os yanimales dom\u00e9sticos.<br \/>\nConservar entre 15\u00ba y 30\u00baC.<br \/>\nUso en caninos y felinos<\/p>\n<p><strong>F\u00f3rmula:<\/strong><br \/>\nCada comprimido contienen:<br \/>\nBromuro de propantelina 5 mg<br \/>\nExcipientes c.s.p. 150 mg<br \/>\n<strong>Indicaciones:<\/strong><br \/>\nAntiespasm\u00f3dico del tracto urinario en patolog\u00edas tales como: c\u00f3lico renal,<br \/>\nurolitiasis, S\u00edndrome Urol\u00f3gico Felino, cistitis, espasticidad, inestabilidad e<br \/>\nincontenencia del m\u00fasculo detrusor vesical, vaciamiento vesical inapropiado.<br \/>\nanormalidades de la micturici\u00f3n.<br \/>\nAntiespasm\u00f3dico del tracto digestivo, en patolog\u00edas tales como: \u00falceras<br \/>\ngastro-duodenales, estados espasm\u00f3dicos del intestino (Colon irritable, colitis, diarrea), constipaci\u00f3n espasm\u00f3dica, colecistitis, disquinesias biliares.<br \/>\nEl Bromuro de Propantelina es una droga parasimpaticol\u00edtica de acci\u00f3n similar a la atropina, con capacidad de inhibir los movimientos perist\u00e1lticos y reducir la hiperreflexia del detrusor vesical (por dolor o irritaci\u00f3n). Esta droga interact\u00faa con los receptores muscar\u00ednicos de las c\u00e9lulas efectoras, y por antagonismo competitivo previene la fijaci\u00f3n de la acetilcolina sobre las c\u00e9lulas del m\u00fasculo liso, card\u00edaco y gl\u00e1ndulas. Este efecto bloqueante muscar\u00ednico ser\u00eda el responsable de su efecto antiespasm\u00f3dico sobre el m\u00fasculo liso, especialmente el gastrointestinal y urinario.<br \/>\n<strong>V\u00eda de administraci\u00f3n:<\/strong><br \/>\nOral.<br \/>\n<strong>Dosificaci\u00f3n:<\/strong><br \/>\n1 comprimido cada 10 kg de peso, cada 12 horas, durante 7 a 14 d\u00edas o seg\u00fan<br \/>\ncriterio profesional.<br \/>\nDosificaci\u00f3n del principio activo:<br \/>\nBromuro de Propantelina: 0.5 mg\/kg\/12 hs.<\/p>\n","protected":false},"excerpt":{"rendered":"<p>Antiespasm\u00f3dico, para v\u00edas urogenitales y\/o digestivas, en comprimidos ranurados.<\/p>\n<p>Uso en Medicina Veterinaria<br \/>\nVenta bajo receta<br \/>\nMantener fuera del alcance de los ni\u00f1os yanimales dom\u00e9sticos.<br \/>\nConservar entre 15\u00ba y 30\u00baC.<br \/>\nUso en caninos y felinos<\/p>\n<p><strong>F\u00f3rmula:<\/strong><br \/>\nCada comprimido contienen:<br \/>\nBromuro de propantelina 5 mg<br \/>\nExcipientes c.s.p. 150 mg<\/p>\n","protected":false},"featured_media":838,"comment_status":"open","ping_status":"closed","template":"","meta":{"_uag_custom_page_level_css":"","site-sidebar-layout":"default","site-content-layout":"","ast-site-content-layout":"default","site-content-style":"default","site-sidebar-style":"default","ast-global-header-display":"","ast-banner-title-visibility":"","ast-main-header-display":"","ast-hfb-above-header-display":"","ast-hfb-below-header-display":"","ast-hfb-mobile-header-display":"","site-post-title":"","ast-breadcrumbs-content":"","ast-featured-img":"","footer-sml-layout":"","theme-transparent-header-meta":"default","adv-header-id-meta":"","stick-header-meta":"","header-above-stick-meta":"","header-main-stick-meta":"","header-below-stick-meta":"","astra-migrate-meta-layouts":"set","ast-page-background-enabled":"default","ast-page-background-meta":{"desktop":{"background-color":"var(--ast-global-color-5)","background-image":"","background-repeat":"repeat","background-position":"center center","background-size":"auto","background-attachment":"scroll","background-type":"","background-media":"","overlay-type":"","overlay-color":"","overlay-opacity":"","overlay-gradient":""},"tablet":{"background-color":"","background-image":"","background-repeat":"repeat","background-position":"center center","background-size":"auto","background-attachment":"scroll","background-type":"","background-media":"","overlay-type":"","overlay-color":"","overlay-opacity":"","overlay-gradient":""},"mobile":{"background-color":"","background-image":"","background-repeat":"repeat","background-position":"center center","background-size":"auto","background-attachment":"scroll","background-type":"","background-media":"","overlay-type":"","overlay-color":"","overlay-opacity":"","overlay-gradient":""}},"ast-content-background-meta":{"desktop":{"background-color":"var(--ast-global-color-4)","background-image":"","background-repeat":"repeat","background-position":"center center","background-size":"auto","background-attachment":"scroll","background-type":"","background-media":"","overlay-type":"","overlay-color":"","overlay-opacity":"","overlay-gradient":""},"tablet":{"background-color":"var(--ast-global-color-4)","background-image":"","background-repeat":"repeat","background-position":"center center","background-size":"auto","background-attachment":"scroll","background-type":"","background-media":"","overlay-type":"","overlay-color":"","overlay-opacity":"","overlay-gradient":""},"mobile":{"background-color":"var(--ast-global-color-4)","background-image":"","background-repeat":"repeat","background-position":"center center","background-size":"auto","background-attachment":"scroll","background-type":"","background-media":"","overlay-type":"","overlay-color":"","overlay-opacity":"","overlay-gradient":""}},"_joinchat":[]},"product_brand":[],"product_cat":[17],"product_tag":[95],"class_list":{"0":"post-837","1":"product","2":"type-product","3":"status-publish","4":"has-post-thumbnail","6":"product_cat-labtritonvet","7":"product_tag-comprimidos","8":"desktop-align-left","9":"tablet-align-left","10":"mobile-align-left","12":"first","13":"instock","14":"shipping-taxable","15":"product-type-external"},"aioseo_notices":[],"uagb_featured_image_src":{"full":["https:\/\/importadoracristinateran.com\/wp-content\/uploads\/2025\/04\/Propantelina.jpg",700,800,false],"thumbnail":["https:\/\/importadoracristinateran.com\/wp-content\/uploads\/2025\/04\/Propantelina-150x150.jpg",150,150,true],"medium":["https:\/\/importadoracristinateran.com\/wp-content\/uploads\/2025\/04\/Propantelina-263x300.jpg",263,300,true],"medium_large":["https:\/\/importadoracristinateran.com\/wp-content\/uploads\/2025\/04\/Propantelina.jpg",700,800,false],"large":["https:\/\/importadoracristinateran.com\/wp-content\/uploads\/2025\/04\/Propantelina.jpg",700,800,false],"1536x1536":["https:\/\/importadoracristinateran.com\/wp-content\/uploads\/2025\/04\/Propantelina.jpg",700,800,false],"2048x2048":["https:\/\/importadoracristinateran.com\/wp-content\/uploads\/2025\/04\/Propantelina.jpg",700,800,false],"woocommerce_thumbnail":["https:\/\/importadoracristinateran.com\/wp-content\/uploads\/2025\/04\/Propantelina-300x300.jpg",300,300,true],"woocommerce_single":["https:\/\/importadoracristinateran.com\/wp-content\/uploads\/2025\/04\/Propantelina-600x686.jpg",600,686,true],"woocommerce_gallery_thumbnail":["https:\/\/importadoracristinateran.com\/wp-content\/uploads\/2025\/04\/Propantelina-100x100.jpg",100,100,true],"dgwt-wcas-product-suggestion":["https:\/\/importadoracristinateran.com\/wp-content\/uploads\/2025\/04\/Propantelina-64x73.jpg",64,73,true]},"uagb_author_info":{"display_name":"mcris.import@gmail.com","author_link":"https:\/\/importadoracristinateran.com\/?author=0"},"uagb_comment_info":0,"uagb_excerpt":"Antiespasm\u00f3dico, para v\u00edas urogenitales y\/o digestivas, en comprimidos ranurados. Uso en Medicina Veterinaria Venta bajo receta Mantener fuera del alcance de los ni\u00f1os yanimales dom\u00e9sticos. Conservar entre 15\u00ba y 30\u00baC. Uso en caninos y felinos F\u00f3rmula: Cada comprimido contienen: Bromuro de propantelina 5 mg Excipientes c.s.p. 150 mg","_links":{"self":[{"href":"https:\/\/importadoracristinateran.com\/index.php?rest_route=\/wp\/v2\/product\/837","targetHints":{"allow":["GET"]}}],"collection":[{"href":"https:\/\/importadoracristinateran.com\/index.php?rest_route=\/wp\/v2\/product"}],"about":[{"href":"https:\/\/importadoracristinateran.com\/index.php?rest_route=\/wp\/v2\/types\/product"}],"replies":[{"embeddable":true,"href":"https:\/\/importadoracristinateran.com\/index.php?rest_route=%2Fwp%2Fv2%2Fcomments&post=837"}],"wp:featuredmedia":[{"embeddable":true,"href":"https:\/\/importadoracristinateran.com\/index.php?rest_route=\/wp\/v2\/media\/838"}],"wp:attachment":[{"href":"https:\/\/importadoracristinateran.com\/index.php?rest_route=%2Fwp%2Fv2%2Fmedia&parent=837"}],"wp:term":[{"taxonomy":"product_brand","embeddable":true,"href":"https:\/\/importadoracristinateran.com\/index.php?rest_route=%2Fwp%2Fv2%2Fproduct_brand&post=837"},{"taxonomy":"product_cat","embeddable":true,"href":"https:\/\/importadoracristinateran.com\/index.php?rest_route=%2Fwp%2Fv2%2Fproduct_cat&post=837"},{"taxonomy":"product_tag","embeddable":true,"href":"https:\/\/importadoracristinateran.com\/index.php?rest_route=%2Fwp%2Fv2%2Fproduct_tag&post=837"}],"curies":[{"name":"wp","href":"https:\/\/api.w.org\/{rel}","templated":true}]}}