{"id":839,"date":"2025-04-03T02:10:22","date_gmt":"2025-04-03T02:10:22","guid":{"rendered":"https:\/\/importadoracristinateran.com\/?post_type=product&#038;p=839"},"modified":"2025-05-06T16:49:14","modified_gmt":"2025-05-06T16:49:14","slug":"spectryl-10","status":"publish","type":"product","link":"https:\/\/importadoracristinateran.com\/?product=spectryl-10","title":{"rendered":"Spectryl 10"},"content":{"rendered":"<p>Asociaci\u00f3n Antibi\u00f3tica para el Tratamiento de G\u00e9rmenes Aer\u00f3bicos y Anaer\u00f3bicos, en comprimidos ranurados.<\/p>\n<p>Uso en Medicina Veterinaria<br \/>\nVenta con receta veterinaria<br \/>\nConservar fuera del alcance de los ni\u00f1os y animales dom\u00e9sticos.<br \/>\nUso en Perros y Gatos<\/p>\n<p><strong>Indicaciones:<\/strong> Spectryl est\u00e1 indicado para el tratamiento de todas aquellas infecciones producidas por agentes microbiol\u00f3gicos susceptibles a la ciprofloxacina y\/o metronidazol.<br \/>\nEntre las principales indicaciones figuran:<br \/>\n\u2022 Tratamiento de infecciones de tejidos blandos, como ser abscesos, heridas traum\u00e1ticas, heridas por mordeduras, heridas tetanog\u00e9nicas.<br \/>\n\u2022 Infecciones del tracto gastrointestinal, con compromiso de flora aer\u00f3bica y anaer\u00f3bica, como ser diarreas infecciosas producidas por bacterias del g\u00e9nero Clostridium, Salmonella, E. coli, Campylobacter, y otras.<br \/>\n\u2022 Otra indicaci\u00f3n posible, es el tratamiento de infecciones bucales, como ser estomatitis, gingivitis, glositis.<br \/>\n\u2022 Se indica el empleo de este producto para el control microbiol\u00f3gico pre- y post-quir\u00fargico, sobre todo de cirug\u00edas traumatol\u00f3gicas, del tracto digestivo (abscesos abdominales, peritonitis) y de emergencias.<br \/>\n\u2022 La acci\u00f3n conjunta de la ciprofloxacina con metronidazol puede ser de utilidad terap\u00e9utica en el tratamiento de la helicobacteriosis felina, con su signo asociado de gastritis cr\u00f3nica.<br \/>\n\u2022 Del mismo modo, la colitis ulcerativa es una indicaci\u00f3n precisa para el empleo de estas dos drogas, incluso el efecto inmunomodulador del metronidazol permite indicarlo en afecciones inflamatorias<br \/>\nintestinales (inflammatory bowel disease).<br \/>\n\u2022 Se ha descripto la utilidad del metronidazol en el manejo de la hepatitis cr\u00f3nica, especialmente cuando ocurre encefalopat\u00eda hep\u00e1tica bacteriana.<br \/>\nEspectro antimicrobiano: Pseudomona aeruginosa, Staphilococcus coagulasa positivos y negativos, Staphilococcus beta-hemol\u00edticos, Staphilococcus intermedius, Staphilococcus aureus, Streptococcus spp, Pausterella multocida, Moraxella spp, Escherichia coli, Salmonella spp, Shigella spp, Brucella canis, Klebsiella spp, Campylobacter spp, Proteus spp, Bordetella bronchiseptica, Mycoplasma spp, Micobacterias, Arcanobacterium<br \/>\npyogenes, Yersinia, Enterobacter, Clostridium perfringens, Clostridium difficile, Giardia, Entamoeba, Tricomonas, Balantidium, Bacteroides, Porphyromona gingivalis, Porph. salivosa, Porph. circumdentaria.<br \/>\n<strong>V\u00eda de administraci\u00f3n:<\/strong> Oral.<br \/>\n<strong>Dosificaci\u00f3n:<\/strong> Spectryl 10: 1 comprimido cada 10 kg. de peso, cada 12 hs. durante 7 a 21 d\u00edas o seg\u00fan<br \/>\ncriterio profesional.<br \/>\n<strong>Spectryl 20:<\/strong> 1 comprimido cada 20 kg. de peso, cada 12 hs. durante 7 a 21 d\u00edas o seg\u00fan criterio<br \/>\nprofesional.<br \/>\n<strong>Dosificaci\u00f3n de los principios activos:<\/strong> Ciprofloxacina: 10 mg\/Kg.\/12 hs.<br \/>\n<strong>Metronidazol:<\/strong> 25 mg\/Kg.\/12 hs<\/p>\n","protected":false},"excerpt":{"rendered":"<p>Asociaci\u00f3n Antibi\u00f3tica para el Tratamiento de G\u00e9rmenes Aer\u00f3bicos y Anaer\u00f3bicos, en comprimidos ranurados.<\/p>\n<p>Uso en Medicina Veterinaria<br \/>\nVenta con receta veterinaria<br \/>\nConservar fuera del alcance de los ni\u00f1os y animales dom\u00e9sticos.<br \/>\nUso en Perros y Gatos<\/p>\n","protected":false},"featured_media":840,"comment_status":"open","ping_status":"closed","template":"","meta":{"_uag_custom_page_level_css":"","site-sidebar-layout":"default","site-content-layout":"","ast-site-content-layout":"default","site-content-style":"default","site-sidebar-style":"default","ast-global-header-display":"","ast-banner-title-visibility":"","ast-main-header-display":"","ast-hfb-above-header-display":"","ast-hfb-below-header-display":"","ast-hfb-mobile-header-display":"","site-post-title":"","ast-breadcrumbs-content":"","ast-featured-img":"","footer-sml-layout":"","theme-transparent-header-meta":"default","adv-header-id-meta":"","stick-header-meta":"","header-above-stick-meta":"","header-main-stick-meta":"","header-below-stick-meta":"","astra-migrate-meta-layouts":"set","ast-page-background-enabled":"default","ast-page-background-meta":{"desktop":{"background-color":"var(--ast-global-color-5)","background-image":"","background-repeat":"repeat","background-position":"center center","background-size":"auto","background-attachment":"scroll","background-type":"","background-media":"","overlay-type":"","overlay-color":"","overlay-opacity":"","overlay-gradient":""},"tablet":{"background-color":"","background-image":"","background-repeat":"repeat","background-position":"center center","background-size":"auto","background-attachment":"scroll","background-type":"","background-media":"","overlay-type":"","overlay-color":"","overlay-opacity":"","overlay-gradient":""},"mobile":{"background-color":"","background-image":"","background-repeat":"repeat","background-position":"center center","background-size":"auto","background-attachment":"scroll","background-type":"","background-media":"","overlay-type":"","overlay-color":"","overlay-opacity":"","overlay-gradient":""}},"ast-content-background-meta":{"desktop":{"background-color":"var(--ast-global-color-4)","background-image":"","background-repeat":"repeat","background-position":"center center","background-size":"auto","background-attachment":"scroll","background-type":"","background-media":"","overlay-type":"","overlay-color":"","overlay-opacity":"","overlay-gradient":""},"tablet":{"background-color":"var(--ast-global-color-4)","background-image":"","background-repeat":"repeat","background-position":"center center","background-size":"auto","background-attachment":"scroll","background-type":"","background-media":"","overlay-type":"","overlay-color":"","overlay-opacity":"","overlay-gradient":""},"mobile":{"background-color":"var(--ast-global-color-4)","background-image":"","background-repeat":"repeat","background-position":"center center","background-size":"auto","background-attachment":"scroll","background-type":"","background-media":"","overlay-type":"","overlay-color":"","overlay-opacity":"","overlay-gradient":""}},"_joinchat":[]},"product_brand":[],"product_cat":[17],"product_tag":[95],"class_list":{"0":"post-839","1":"product","2":"type-product","3":"status-publish","4":"has-post-thumbnail","6":"product_cat-labtritonvet","7":"product_tag-comprimidos","8":"desktop-align-left","9":"tablet-align-left","10":"mobile-align-left","12":"first","13":"instock","14":"shipping-taxable","15":"product-type-external"},"aioseo_notices":[],"uagb_featured_image_src":{"full":["https:\/\/importadoracristinateran.com\/wp-content\/uploads\/2025\/04\/spectryl10.jpg",700,800,false],"thumbnail":["https:\/\/importadoracristinateran.com\/wp-content\/uploads\/2025\/04\/spectryl10-150x150.jpg",150,150,true],"medium":["https:\/\/importadoracristinateran.com\/wp-content\/uploads\/2025\/04\/spectryl10-263x300.jpg",263,300,true],"medium_large":["https:\/\/importadoracristinateran.com\/wp-content\/uploads\/2025\/04\/spectryl10.jpg",700,800,false],"large":["https:\/\/importadoracristinateran.com\/wp-content\/uploads\/2025\/04\/spectryl10.jpg",700,800,false],"1536x1536":["https:\/\/importadoracristinateran.com\/wp-content\/uploads\/2025\/04\/spectryl10.jpg",700,800,false],"2048x2048":["https:\/\/importadoracristinateran.com\/wp-content\/uploads\/2025\/04\/spectryl10.jpg",700,800,false],"woocommerce_thumbnail":["https:\/\/importadoracristinateran.com\/wp-content\/uploads\/2025\/04\/spectryl10-300x300.jpg",300,300,true],"woocommerce_single":["https:\/\/importadoracristinateran.com\/wp-content\/uploads\/2025\/04\/spectryl10-600x686.jpg",600,686,true],"woocommerce_gallery_thumbnail":["https:\/\/importadoracristinateran.com\/wp-content\/uploads\/2025\/04\/spectryl10-100x100.jpg",100,100,true],"dgwt-wcas-product-suggestion":["https:\/\/importadoracristinateran.com\/wp-content\/uploads\/2025\/04\/spectryl10-64x73.jpg",64,73,true]},"uagb_author_info":{"display_name":"mcris.import@gmail.com","author_link":"https:\/\/importadoracristinateran.com\/?author=0"},"uagb_comment_info":0,"uagb_excerpt":"Asociaci\u00f3n Antibi\u00f3tica para el Tratamiento de G\u00e9rmenes Aer\u00f3bicos y Anaer\u00f3bicos, en comprimidos ranurados. Uso en Medicina Veterinaria Venta con receta veterinaria Conservar fuera del alcance de los ni\u00f1os y animales dom\u00e9sticos. Uso en Perros y Gatos","_links":{"self":[{"href":"https:\/\/importadoracristinateran.com\/index.php?rest_route=\/wp\/v2\/product\/839","targetHints":{"allow":["GET"]}}],"collection":[{"href":"https:\/\/importadoracristinateran.com\/index.php?rest_route=\/wp\/v2\/product"}],"about":[{"href":"https:\/\/importadoracristinateran.com\/index.php?rest_route=\/wp\/v2\/types\/product"}],"replies":[{"embeddable":true,"href":"https:\/\/importadoracristinateran.com\/index.php?rest_route=%2Fwp%2Fv2%2Fcomments&post=839"}],"wp:featuredmedia":[{"embeddable":true,"href":"https:\/\/importadoracristinateran.com\/index.php?rest_route=\/wp\/v2\/media\/840"}],"wp:attachment":[{"href":"https:\/\/importadoracristinateran.com\/index.php?rest_route=%2Fwp%2Fv2%2Fmedia&parent=839"}],"wp:term":[{"taxonomy":"product_brand","embeddable":true,"href":"https:\/\/importadoracristinateran.com\/index.php?rest_route=%2Fwp%2Fv2%2Fproduct_brand&post=839"},{"taxonomy":"product_cat","embeddable":true,"href":"https:\/\/importadoracristinateran.com\/index.php?rest_route=%2Fwp%2Fv2%2Fproduct_cat&post=839"},{"taxonomy":"product_tag","embeddable":true,"href":"https:\/\/importadoracristinateran.com\/index.php?rest_route=%2Fwp%2Fv2%2Fproduct_tag&post=839"}],"curies":[{"name":"wp","href":"https:\/\/api.w.org\/{rel}","templated":true}]}}