{"id":842,"date":"2025-04-03T02:32:38","date_gmt":"2025-04-03T02:32:38","guid":{"rendered":"https:\/\/importadoracristinateran.com\/?post_type=product&#038;p=842"},"modified":"2025-04-03T02:33:07","modified_gmt":"2025-04-03T02:33:07","slug":"otoflogin","status":"publish","type":"product","link":"https:\/\/importadoracristinateran.com\/?product=otoflogin","title":{"rendered":"Otoflogin"},"content":{"rendered":"<p>Soluci\u00f3n quimioter\u00e1pica, antiinflamatoria y antif\u00fangica para tratamiento de Uso en Medicina Veterinaria<br \/>\nVenta bajo receta<br \/>\nIndustria Argentina<\/p>\n<p>infecciones del conducto auditivo externo.<\/p>\n<p>Mantener fuera del alcance de los ni\u00f1os y animales dom\u00e9sticos.<br \/>\nConservar entre 15\u00ba y 30\u00baC.<br \/>\nUso en caninos y felinos<\/p>\n<p>F\u00f3rmula:<br \/>\n<strong>Frasco A)<\/strong><br \/>\nCada 100 mL de soluci\u00f3n contienen:<br \/>\nCiprofloxacina &#8230;&#8230;&#8230;&#8230;&#8230;&#8230;&#8230;&#8230;&#8230;&#8230;&#8230;&#8230;&#8230;&#8230;&#8230;&#8230;&#8230;&#8230;&#8230;&#8230;&#8230;&#8230;&#8230;.1 g<br \/>\nPolimixina B sulfato &#8230;&#8230;&#8230;&#8230;&#8230;&#8230;&#8230;&#8230;&#8230;&#8230;&#8230;&#8230;&#8230;&#8230;&#8230;&#8230;&#8230;&#8230;&#8230;. 0,1 g<br \/>\nClotrimazol &#8230;&#8230;&#8230;&#8230;&#8230;&#8230;&#8230;&#8230;&#8230;&#8230;&#8230;&#8230;&#8230;&#8230;&#8230;&#8230;&#8230;&#8230;&#8230;&#8230;&#8230;&#8230;&#8230;&#8230;.. 1 g<br \/>\nAgentes de formulaci\u00f3n c.s.p. &#8230;&#8230;&#8230;&#8230;&#8230;&#8230;&#8230;&#8230;&#8230;&#8230;&#8230;&#8230;. 100 mL<br \/>\n<strong>Frasco B)<\/strong><br \/>\nAcet\u00f3nido de Triamcinolona &#8230;&#8230;&#8230;&#8230;&#8230;&#8230;&#8230;&#8230;&#8230;&#8230;&#8230;&#8230;&#8230;&#8230; 0,1 g<br \/>\nAgentes de formulaci\u00f3n c.s.p. &#8230;&#8230;&#8230;&#8230;&#8230;&#8230;&#8230;&#8230;&#8230;&#8230;&#8230;&#8230;. 100 mL<br \/>\nIndicaciones:<br \/>\nQuimioter\u00e1pico y antiinflamatorio indicado espec\u00edficamente para el tratamiento de infecciones del canal auditivo externo producidas por bacterias grampositivas y\/o gramnegativas, as\u00ed como tambi\u00e9n por hongos.<br \/>\n<strong>Espectro antimicrobiano:<\/strong><br \/>\nPseudomona aeruginosa, Staphilococcus coagulasa positivos y negativos (incluye S. intermedius y S. aureus), Staphilococcus beta-hemol\u00edticos, Streptococcus spp, P. multocida, Moraxella spp, Eikenella corrodens, E. coli, Salmonella spp, Shigella spp, Brucella canis, Klebsiella spp, Campylobacter spp, Proteus spp, B. bronchiseptica, Mycoplasma spp,<br \/>\nMicobacterias, Arcanobacterium pyogenes, Yersinia, Enterobacter, Malassezia pachydermatis, Microsporum canis, Microsporum gypseon, Trichophyton mentagrophytes, Aspergillus fumigatus, Candida albicans.<br \/>\nb, c, f, g, i.<br \/>\n<strong>V\u00eda de administraci\u00f3n:<\/strong><br \/>\nT\u00f3pica, local en el canal auditivo externo.<\/p>\n","protected":false},"excerpt":{"rendered":"<p>Soluci\u00f3n quimioter\u00e1pica, antiinflamatoria y antif\u00fangica para tratamiento de Uso en Medicina Veterinaria<br \/>\nVenta bajo receta<br \/>\nIndustria Argentina<\/p>\n<p>infecciones del conducto auditivo externo.<\/p>\n<p>Mantener fuera del alcance de los ni\u00f1os y animales dom\u00e9sticos.<br \/>\nConservar entre 15\u00ba y 30\u00baC.<br \/>\nUso en caninos y felinos<\/p>\n","protected":false},"featured_media":843,"comment_status":"open","ping_status":"closed","template":"","meta":{"_uag_custom_page_level_css":"","site-sidebar-layout":"default","site-content-layout":"","ast-site-content-layout":"default","site-content-style":"default","site-sidebar-style":"default","ast-global-header-display":"","ast-banner-title-visibility":"","ast-main-header-display":"","ast-hfb-above-header-display":"","ast-hfb-below-header-display":"","ast-hfb-mobile-header-display":"","site-post-title":"","ast-breadcrumbs-content":"","ast-featured-img":"","footer-sml-layout":"","theme-transparent-header-meta":"default","adv-header-id-meta":"","stick-header-meta":"","header-above-stick-meta":"","header-main-stick-meta":"","header-below-stick-meta":"","astra-migrate-meta-layouts":"set","ast-page-background-enabled":"default","ast-page-background-meta":{"desktop":{"background-color":"var(--ast-global-color-5)","background-image":"","background-repeat":"repeat","background-position":"center center","background-size":"auto","background-attachment":"scroll","background-type":"","background-media":"","overlay-type":"","overlay-color":"","overlay-opacity":"","overlay-gradient":""},"tablet":{"background-color":"","background-image":"","background-repeat":"repeat","background-position":"center center","background-size":"auto","background-attachment":"scroll","background-type":"","background-media":"","overlay-type":"","overlay-color":"","overlay-opacity":"","overlay-gradient":""},"mobile":{"background-color":"","background-image":"","background-repeat":"repeat","background-position":"center center","background-size":"auto","background-attachment":"scroll","background-type":"","background-media":"","overlay-type":"","overlay-color":"","overlay-opacity":"","overlay-gradient":""}},"ast-content-background-meta":{"desktop":{"background-color":"var(--ast-global-color-4)","background-image":"","background-repeat":"repeat","background-position":"center center","background-size":"auto","background-attachment":"scroll","background-type":"","background-media":"","overlay-type":"","overlay-color":"","overlay-opacity":"","overlay-gradient":""},"tablet":{"background-color":"var(--ast-global-color-4)","background-image":"","background-repeat":"repeat","background-position":"center center","background-size":"auto","background-attachment":"scroll","background-type":"","background-media":"","overlay-type":"","overlay-color":"","overlay-opacity":"","overlay-gradient":""},"mobile":{"background-color":"var(--ast-global-color-4)","background-image":"","background-repeat":"repeat","background-position":"center center","background-size":"auto","background-attachment":"scroll","background-type":"","background-media":"","overlay-type":"","overlay-color":"","overlay-opacity":"","overlay-gradient":""}},"_joinchat":[]},"product_brand":[],"product_cat":[17],"product_tag":[],"class_list":{"0":"post-842","1":"product","2":"type-product","3":"status-publish","4":"has-post-thumbnail","6":"product_cat-labtritonvet","7":"desktop-align-left","8":"tablet-align-left","9":"mobile-align-left","11":"first","12":"instock","13":"shipping-taxable","14":"product-type-external"},"aioseo_notices":[],"uagb_featured_image_src":{"full":["https:\/\/importadoracristinateran.com\/wp-content\/uploads\/2025\/04\/Otoflogin.jpg",700,800,false],"thumbnail":["https:\/\/importadoracristinateran.com\/wp-content\/uploads\/2025\/04\/Otoflogin-150x150.jpg",150,150,true],"medium":["https:\/\/importadoracristinateran.com\/wp-content\/uploads\/2025\/04\/Otoflogin-263x300.jpg",263,300,true],"medium_large":["https:\/\/importadoracristinateran.com\/wp-content\/uploads\/2025\/04\/Otoflogin.jpg",700,800,false],"large":["https:\/\/importadoracristinateran.com\/wp-content\/uploads\/2025\/04\/Otoflogin.jpg",700,800,false],"1536x1536":["https:\/\/importadoracristinateran.com\/wp-content\/uploads\/2025\/04\/Otoflogin.jpg",700,800,false],"2048x2048":["https:\/\/importadoracristinateran.com\/wp-content\/uploads\/2025\/04\/Otoflogin.jpg",700,800,false],"woocommerce_thumbnail":["https:\/\/importadoracristinateran.com\/wp-content\/uploads\/2025\/04\/Otoflogin-300x300.jpg",300,300,true],"woocommerce_single":["https:\/\/importadoracristinateran.com\/wp-content\/uploads\/2025\/04\/Otoflogin-600x686.jpg",600,686,true],"woocommerce_gallery_thumbnail":["https:\/\/importadoracristinateran.com\/wp-content\/uploads\/2025\/04\/Otoflogin-100x100.jpg",100,100,true],"dgwt-wcas-product-suggestion":["https:\/\/importadoracristinateran.com\/wp-content\/uploads\/2025\/04\/Otoflogin-64x73.jpg",64,73,true]},"uagb_author_info":{"display_name":"mcris.import@gmail.com","author_link":"https:\/\/importadoracristinateran.com\/?author=0"},"uagb_comment_info":0,"uagb_excerpt":"Soluci\u00f3n quimioter\u00e1pica, antiinflamatoria y antif\u00fangica para tratamiento de Uso en Medicina Veterinaria Venta bajo receta Industria Argentina infecciones del conducto auditivo externo. Mantener fuera del alcance de los ni\u00f1os y animales dom\u00e9sticos. Conservar entre 15\u00ba y 30\u00baC. Uso en caninos y felinos","_links":{"self":[{"href":"https:\/\/importadoracristinateran.com\/index.php?rest_route=\/wp\/v2\/product\/842","targetHints":{"allow":["GET"]}}],"collection":[{"href":"https:\/\/importadoracristinateran.com\/index.php?rest_route=\/wp\/v2\/product"}],"about":[{"href":"https:\/\/importadoracristinateran.com\/index.php?rest_route=\/wp\/v2\/types\/product"}],"replies":[{"embeddable":true,"href":"https:\/\/importadoracristinateran.com\/index.php?rest_route=%2Fwp%2Fv2%2Fcomments&post=842"}],"wp:featuredmedia":[{"embeddable":true,"href":"https:\/\/importadoracristinateran.com\/index.php?rest_route=\/wp\/v2\/media\/843"}],"wp:attachment":[{"href":"https:\/\/importadoracristinateran.com\/index.php?rest_route=%2Fwp%2Fv2%2Fmedia&parent=842"}],"wp:term":[{"taxonomy":"product_brand","embeddable":true,"href":"https:\/\/importadoracristinateran.com\/index.php?rest_route=%2Fwp%2Fv2%2Fproduct_brand&post=842"},{"taxonomy":"product_cat","embeddable":true,"href":"https:\/\/importadoracristinateran.com\/index.php?rest_route=%2Fwp%2Fv2%2Fproduct_cat&post=842"},{"taxonomy":"product_tag","embeddable":true,"href":"https:\/\/importadoracristinateran.com\/index.php?rest_route=%2Fwp%2Fv2%2Fproduct_tag&post=842"}],"curies":[{"name":"wp","href":"https:\/\/api.w.org\/{rel}","templated":true}]}}