{"id":848,"date":"2025-04-03T02:53:36","date_gmt":"2025-04-03T02:53:36","guid":{"rendered":"https:\/\/importadoracristinateran.com\/?post_type=product&#038;p=848"},"modified":"2025-04-29T00:22:13","modified_gmt":"2025-04-29T00:22:13","slug":"tritohexidin-plus","status":"publish","type":"product","link":"https:\/\/importadoracristinateran.com\/?product=tritohexidin-plus","title":{"rendered":"Tritohexidin Plus"},"content":{"rendered":"<p>Soluci\u00f3n antis\u00e9ptica y antiinflamatoria de uso local.<\/p>\n<p>Uso en medicina veterinaria.<br \/>\nVenta bajo receta.<br \/>\nMantener fuera del alcance de los ni\u00f1os.<br \/>\nConservar entre 15\u00ba y 30\u00baC.<br \/>\nUso en Caninos y Felinos<\/p>\n<p>F\u00f3rmula: Acet\u00f3nido de Triamcinolona, 0,10 g; Digluconato de Clorhexidina al 20%, 2,50 g; Agentes de formulaci\u00f3n c.s.p.100,00 mL.<br \/>\nIndicaciones: Precauci\u00f3n y\/o tratamiento de contaminaci\u00f3n bacteriana (Grampositiva, Gramnegativa) y\/o f\u00fangica.<br \/>\nAcci\u00f3n antiinflamatoria local de heridas de diversas causas (traum\u00e1ticas, infecciosas, quir\u00fargicas, etc).<br \/>\nV\u00eda de administraci\u00f3n: T\u00f3pica.<br \/>\nDosificaci\u00f3n: Rociar la herida con el producto de acuerdo al tama\u00f1o de la misma, de 2 a 3 veces por d\u00eda, o seg\u00fan criterio profesional.<br \/>\nPrecauciones de uso: Evitar el contacto del producto con la mucosa ocular. En caso de que as\u00ed ocurriere, practicar lavajes con soluci\u00f3n fisiol\u00f3gica.<br \/>\nEl producto est\u00e1 contraindicado cuando se observen patolog\u00edas ulcerativas, procesos cicatrizales o procesos infecciosos no controlados mediante antibioticoterapia bactericida.<br \/>\nLos glucocorticoides aplicados de manera t\u00f3pica en grandes extensiones del cuerpo se absorben de manera significativa, por lo que pueden afectar el eje<br \/>\nhipot\u00e1lamo-hip\u00f3fisis-adrenal. En pacientes con cuadros de hiperadrenocorticismo adrenal y\/o diab\u00e9ticos se sugiere limitar el empleo de este medicamento al menor tiempo posible de tratamiento, debido a los efectos sist\u00e9micos derivados de la potencial absorci\u00f3n de la triamcinolona.<\/p>\n","protected":false},"excerpt":{"rendered":"<p>Soluci\u00f3n antis\u00e9ptica y antiinflamatoria de uso local.<\/p>\n<p>Uso en medicina veterinaria.<br \/>\nVenta bajo receta.<br \/>\nMantener fuera del alcance de los ni\u00f1os.<br \/>\nConservar entre 15\u00ba y 30\u00baC.<br \/>\nUso en Caninos y Felinos<\/p>\n","protected":false},"featured_media":1321,"comment_status":"open","ping_status":"closed","template":"","meta":{"_uag_custom_page_level_css":"","site-sidebar-layout":"default","site-content-layout":"","ast-site-content-layout":"default","site-content-style":"default","site-sidebar-style":"default","ast-global-header-display":"","ast-banner-title-visibility":"","ast-main-header-display":"","ast-hfb-above-header-display":"","ast-hfb-below-header-display":"","ast-hfb-mobile-header-display":"","site-post-title":"","ast-breadcrumbs-content":"","ast-featured-img":"","footer-sml-layout":"","theme-transparent-header-meta":"default","adv-header-id-meta":"","stick-header-meta":"","header-above-stick-meta":"","header-main-stick-meta":"","header-below-stick-meta":"","astra-migrate-meta-layouts":"set","ast-page-background-enabled":"default","ast-page-background-meta":{"desktop":{"background-color":"var(--ast-global-color-5)","background-image":"","background-repeat":"repeat","background-position":"center center","background-size":"auto","background-attachment":"scroll","background-type":"","background-media":"","overlay-type":"","overlay-color":"","overlay-opacity":"","overlay-gradient":""},"tablet":{"background-color":"","background-image":"","background-repeat":"repeat","background-position":"center center","background-size":"auto","background-attachment":"scroll","background-type":"","background-media":"","overlay-type":"","overlay-color":"","overlay-opacity":"","overlay-gradient":""},"mobile":{"background-color":"","background-image":"","background-repeat":"repeat","background-position":"center center","background-size":"auto","background-attachment":"scroll","background-type":"","background-media":"","overlay-type":"","overlay-color":"","overlay-opacity":"","overlay-gradient":""}},"ast-content-background-meta":{"desktop":{"background-color":"var(--ast-global-color-4)","background-image":"","background-repeat":"repeat","background-position":"center center","background-size":"auto","background-attachment":"scroll","background-type":"","background-media":"","overlay-type":"","overlay-color":"","overlay-opacity":"","overlay-gradient":""},"tablet":{"background-color":"var(--ast-global-color-4)","background-image":"","background-repeat":"repeat","background-position":"center center","background-size":"auto","background-attachment":"scroll","background-type":"","background-media":"","overlay-type":"","overlay-color":"","overlay-opacity":"","overlay-gradient":""},"mobile":{"background-color":"var(--ast-global-color-4)","background-image":"","background-repeat":"repeat","background-position":"center center","background-size":"auto","background-attachment":"scroll","background-type":"","background-media":"","overlay-type":"","overlay-color":"","overlay-opacity":"","overlay-gradient":""}},"_joinchat":[]},"product_brand":[],"product_cat":[17],"product_tag":[74,75],"class_list":{"0":"post-848","1":"product","2":"type-product","3":"status-publish","4":"has-post-thumbnail","6":"product_cat-labtritonvet","7":"product_tag-antiinflamatorio","8":"product_tag-antiseptico","9":"desktop-align-left","10":"tablet-align-left","11":"mobile-align-left","13":"first","14":"instock","15":"shipping-taxable","16":"product-type-external"},"aioseo_notices":[],"uagb_featured_image_src":{"full":["https:\/\/importadoracristinateran.com\/wp-content\/uploads\/2025\/04\/TritohexidinPlus50ml.png",1042,1042,false],"thumbnail":["https:\/\/importadoracristinateran.com\/wp-content\/uploads\/2025\/04\/TritohexidinPlus50ml-150x150.png",150,150,true],"medium":["https:\/\/importadoracristinateran.com\/wp-content\/uploads\/2025\/04\/TritohexidinPlus50ml-300x300.png",300,300,true],"medium_large":["https:\/\/importadoracristinateran.com\/wp-content\/uploads\/2025\/04\/TritohexidinPlus50ml-768x768.png",768,768,true],"large":["https:\/\/importadoracristinateran.com\/wp-content\/uploads\/2025\/04\/TritohexidinPlus50ml-1024x1024.png",1024,1024,true],"1536x1536":["https:\/\/importadoracristinateran.com\/wp-content\/uploads\/2025\/04\/TritohexidinPlus50ml.png",1042,1042,false],"2048x2048":["https:\/\/importadoracristinateran.com\/wp-content\/uploads\/2025\/04\/TritohexidinPlus50ml.png",1042,1042,false],"woocommerce_thumbnail":["https:\/\/importadoracristinateran.com\/wp-content\/uploads\/2025\/04\/TritohexidinPlus50ml-300x300.png",300,300,true],"woocommerce_single":["https:\/\/importadoracristinateran.com\/wp-content\/uploads\/2025\/04\/TritohexidinPlus50ml-600x600.png",600,600,true],"woocommerce_gallery_thumbnail":["https:\/\/importadoracristinateran.com\/wp-content\/uploads\/2025\/04\/TritohexidinPlus50ml-100x100.png",100,100,true],"dgwt-wcas-product-suggestion":["https:\/\/importadoracristinateran.com\/wp-content\/uploads\/2025\/04\/TritohexidinPlus50ml-64x64.png",64,64,true]},"uagb_author_info":{"display_name":"mcris.import@gmail.com","author_link":"https:\/\/importadoracristinateran.com\/?author=0"},"uagb_comment_info":0,"uagb_excerpt":"Soluci\u00f3n antis\u00e9ptica y antiinflamatoria de uso local. Uso en medicina veterinaria. Venta bajo receta. Mantener fuera del alcance de los ni\u00f1os. Conservar entre 15\u00ba y 30\u00baC. Uso en Caninos y Felinos","_links":{"self":[{"href":"https:\/\/importadoracristinateran.com\/index.php?rest_route=\/wp\/v2\/product\/848","targetHints":{"allow":["GET"]}}],"collection":[{"href":"https:\/\/importadoracristinateran.com\/index.php?rest_route=\/wp\/v2\/product"}],"about":[{"href":"https:\/\/importadoracristinateran.com\/index.php?rest_route=\/wp\/v2\/types\/product"}],"replies":[{"embeddable":true,"href":"https:\/\/importadoracristinateran.com\/index.php?rest_route=%2Fwp%2Fv2%2Fcomments&post=848"}],"wp:featuredmedia":[{"embeddable":true,"href":"https:\/\/importadoracristinateran.com\/index.php?rest_route=\/wp\/v2\/media\/1321"}],"wp:attachment":[{"href":"https:\/\/importadoracristinateran.com\/index.php?rest_route=%2Fwp%2Fv2%2Fmedia&parent=848"}],"wp:term":[{"taxonomy":"product_brand","embeddable":true,"href":"https:\/\/importadoracristinateran.com\/index.php?rest_route=%2Fwp%2Fv2%2Fproduct_brand&post=848"},{"taxonomy":"product_cat","embeddable":true,"href":"https:\/\/importadoracristinateran.com\/index.php?rest_route=%2Fwp%2Fv2%2Fproduct_cat&post=848"},{"taxonomy":"product_tag","embeddable":true,"href":"https:\/\/importadoracristinateran.com\/index.php?rest_route=%2Fwp%2Fv2%2Fproduct_tag&post=848"}],"curies":[{"name":"wp","href":"https:\/\/api.w.org\/{rel}","templated":true}]}}