{"id":850,"date":"2025-04-03T03:00:57","date_gmt":"2025-04-03T03:00:57","guid":{"rendered":"https:\/\/importadoracristinateran.com\/?post_type=product&#038;p=850"},"modified":"2025-04-03T03:00:57","modified_gmt":"2025-04-03T03:00:57","slug":"tritohexidin-solucion","status":"publish","type":"product","link":"https:\/\/importadoracristinateran.com\/?product=tritohexidin-solucion","title":{"rendered":"Tritohexidin Soluci\u00f3n"},"content":{"rendered":"<p>Soluci\u00f3n antis\u00e9ptica para uso \u00f3tico, t\u00f3pico, odontol\u00f3gico y ambiental.<br \/>\nUso en Caninos, Felinos, Bovinos, Equinos, Ovinos, Porcinos y Aves.<\/p>\n<p><strong>F\u00f3rmula:<\/strong><br \/>\nDigluconato de Clorhexidina al 20% &#8230;&#8230;&#8230; 2,50 g<br \/>\nAgentes de formulaci\u00f3n c.s.p. &#8230;&#8230;&#8230;&#8230;&#8230;.. 100,00 mL<br \/>\n<strong>Indicaciones:<\/strong><br \/>\n&#8211; Desinfecci\u00f3n de heridas, desinfecci\u00f3n de ubres post-orde\u00f1e, control<br \/>\ninfecciones por Tricophytum spp, prevenci\u00f3n de infecciones onfal\u00f3genas,<br \/>\ndesinfecci\u00f3n del campo quir\u00fargico, control de infecciones \u00f3ticas. La<br \/>\nclorhexidina posee una especial adherencia a piel y mucosas por lo que su<br \/>\nacci\u00f3n antis\u00e9ptica residual es muy prolongada.<br \/>\n&#8211; Desinfecci\u00f3n de material quir\u00fargico, de boxes, corrales, parideras etc.<br \/>\nLimpieza de equipos, veh\u00edculos de transporte, bandejas de incubadoras y<br \/>\nhuevos, galpones, camillas, pisos y paredes en \u00e1reas quir\u00fargicas y<br \/>\nsuperficies en general. La actividad antis\u00e9ptica de la clorhexidina se<br \/>\nmantiene a\u00fan en presencia de una moderada cantidad de materia org\u00e1nica<br \/>\n(pus, sangre, l\u00edquidos corporales).<br \/>\n&#8211; Prevenci\u00f3n de la formaci\u00f3n de placa bacteriana en piezas dentales.<br \/>\nControl de la Enfermedad Periodontal.<br \/>\n<strong>Precauciones:<\/strong><br \/>\n\u2022 En otitis evitar tratamientos que duren m\u00e1s all\u00e1 de los 30 d\u00edas.<br \/>\n\u2022 Evitar el uso ambiental con exageradas cantidades de materia org\u00e1nica<br \/>\npresente en la superficie a tratar.<br \/>\n\u2022 En uso ambiental, evitar diluir el producto con aguas duras, ya que<br \/>\ndisminuye su efectividad.<br \/>\n<strong>Contraindicaciones:<\/strong><br \/>\nPerforaci\u00f3n de la membrana timp\u00e1nica.<br \/>\n<strong>Dosificaci\u00f3n:<\/strong><br \/>\nOtitis: Preventivo: 1 a 3 mL\/24 hs.<br \/>\nCurativo: 3 a 5 mL\/24 hs.<\/p>\n","protected":false},"excerpt":{"rendered":"<p>Soluci\u00f3n antis\u00e9ptica para uso \u00f3tico, t\u00f3pico, odontol\u00f3gico y ambiental.<br \/>\nUso en Caninos, Felinos, Bovinos, Equinos, Ovinos, Porcinos y Aves.<\/p>\n<p><strong>F\u00f3rmula:<\/strong><br \/>\nDigluconato de Clorhexidina al 20% &#8230;&#8230;&#8230; 2,50 g<br \/>\nAgentes de formulaci\u00f3n c.s.p. &#8230;&#8230;&#8230;&#8230;&#8230;.. 100,00 mL<\/p>\n","protected":false},"featured_media":851,"comment_status":"open","ping_status":"closed","template":"","meta":{"_uag_custom_page_level_css":"","site-sidebar-layout":"default","site-content-layout":"","ast-site-content-layout":"default","site-content-style":"default","site-sidebar-style":"default","ast-global-header-display":"","ast-banner-title-visibility":"","ast-main-header-display":"","ast-hfb-above-header-display":"","ast-hfb-below-header-display":"","ast-hfb-mobile-header-display":"","site-post-title":"","ast-breadcrumbs-content":"","ast-featured-img":"","footer-sml-layout":"","theme-transparent-header-meta":"default","adv-header-id-meta":"","stick-header-meta":"","header-above-stick-meta":"","header-main-stick-meta":"","header-below-stick-meta":"","astra-migrate-meta-layouts":"set","ast-page-background-enabled":"default","ast-page-background-meta":{"desktop":{"background-color":"var(--ast-global-color-5)","background-image":"","background-repeat":"repeat","background-position":"center center","background-size":"auto","background-attachment":"scroll","background-type":"","background-media":"","overlay-type":"","overlay-color":"","overlay-opacity":"","overlay-gradient":""},"tablet":{"background-color":"","background-image":"","background-repeat":"repeat","background-position":"center center","background-size":"auto","background-attachment":"scroll","background-type":"","background-media":"","overlay-type":"","overlay-color":"","overlay-opacity":"","overlay-gradient":""},"mobile":{"background-color":"","background-image":"","background-repeat":"repeat","background-position":"center center","background-size":"auto","background-attachment":"scroll","background-type":"","background-media":"","overlay-type":"","overlay-color":"","overlay-opacity":"","overlay-gradient":""}},"ast-content-background-meta":{"desktop":{"background-color":"var(--ast-global-color-4)","background-image":"","background-repeat":"repeat","background-position":"center center","background-size":"auto","background-attachment":"scroll","background-type":"","background-media":"","overlay-type":"","overlay-color":"","overlay-opacity":"","overlay-gradient":""},"tablet":{"background-color":"var(--ast-global-color-4)","background-image":"","background-repeat":"repeat","background-position":"center center","background-size":"auto","background-attachment":"scroll","background-type":"","background-media":"","overlay-type":"","overlay-color":"","overlay-opacity":"","overlay-gradient":""},"mobile":{"background-color":"var(--ast-global-color-4)","background-image":"","background-repeat":"repeat","background-position":"center center","background-size":"auto","background-attachment":"scroll","background-type":"","background-media":"","overlay-type":"","overlay-color":"","overlay-opacity":"","overlay-gradient":""}},"_joinchat":[]},"product_brand":[],"product_cat":[17],"product_tag":[],"class_list":{"0":"post-850","1":"product","2":"type-product","3":"status-publish","4":"has-post-thumbnail","6":"product_cat-labtritonvet","7":"desktop-align-left","8":"tablet-align-left","9":"mobile-align-left","11":"first","12":"instock","13":"shipping-taxable","14":"product-type-external"},"aioseo_notices":[],"uagb_featured_image_src":{"full":["https:\/\/importadoracristinateran.com\/wp-content\/uploads\/2025\/04\/Tritohexidin-sol.jpg",700,800,false],"thumbnail":["https:\/\/importadoracristinateran.com\/wp-content\/uploads\/2025\/04\/Tritohexidin-sol-150x150.jpg",150,150,true],"medium":["https:\/\/importadoracristinateran.com\/wp-content\/uploads\/2025\/04\/Tritohexidin-sol-263x300.jpg",263,300,true],"medium_large":["https:\/\/importadoracristinateran.com\/wp-content\/uploads\/2025\/04\/Tritohexidin-sol.jpg",700,800,false],"large":["https:\/\/importadoracristinateran.com\/wp-content\/uploads\/2025\/04\/Tritohexidin-sol.jpg",700,800,false],"1536x1536":["https:\/\/importadoracristinateran.com\/wp-content\/uploads\/2025\/04\/Tritohexidin-sol.jpg",700,800,false],"2048x2048":["https:\/\/importadoracristinateran.com\/wp-content\/uploads\/2025\/04\/Tritohexidin-sol.jpg",700,800,false],"woocommerce_thumbnail":["https:\/\/importadoracristinateran.com\/wp-content\/uploads\/2025\/04\/Tritohexidin-sol-300x300.jpg",300,300,true],"woocommerce_single":["https:\/\/importadoracristinateran.com\/wp-content\/uploads\/2025\/04\/Tritohexidin-sol-600x686.jpg",600,686,true],"woocommerce_gallery_thumbnail":["https:\/\/importadoracristinateran.com\/wp-content\/uploads\/2025\/04\/Tritohexidin-sol-100x100.jpg",100,100,true],"dgwt-wcas-product-suggestion":["https:\/\/importadoracristinateran.com\/wp-content\/uploads\/2025\/04\/Tritohexidin-sol-64x73.jpg",64,73,true]},"uagb_author_info":{"display_name":"mcris.import@gmail.com","author_link":"https:\/\/importadoracristinateran.com\/?author=0"},"uagb_comment_info":0,"uagb_excerpt":"Soluci\u00f3n antis\u00e9ptica para uso \u00f3tico, t\u00f3pico, odontol\u00f3gico y ambiental. Uso en Caninos, Felinos, Bovinos, Equinos, Ovinos, Porcinos y Aves. F\u00f3rmula: Digluconato de Clorhexidina al 20% ......... 2,50 g Agentes de formulaci\u00f3n c.s.p. ................. 100,00 mL","_links":{"self":[{"href":"https:\/\/importadoracristinateran.com\/index.php?rest_route=\/wp\/v2\/product\/850","targetHints":{"allow":["GET"]}}],"collection":[{"href":"https:\/\/importadoracristinateran.com\/index.php?rest_route=\/wp\/v2\/product"}],"about":[{"href":"https:\/\/importadoracristinateran.com\/index.php?rest_route=\/wp\/v2\/types\/product"}],"replies":[{"embeddable":true,"href":"https:\/\/importadoracristinateran.com\/index.php?rest_route=%2Fwp%2Fv2%2Fcomments&post=850"}],"wp:featuredmedia":[{"embeddable":true,"href":"https:\/\/importadoracristinateran.com\/index.php?rest_route=\/wp\/v2\/media\/851"}],"wp:attachment":[{"href":"https:\/\/importadoracristinateran.com\/index.php?rest_route=%2Fwp%2Fv2%2Fmedia&parent=850"}],"wp:term":[{"taxonomy":"product_brand","embeddable":true,"href":"https:\/\/importadoracristinateran.com\/index.php?rest_route=%2Fwp%2Fv2%2Fproduct_brand&post=850"},{"taxonomy":"product_cat","embeddable":true,"href":"https:\/\/importadoracristinateran.com\/index.php?rest_route=%2Fwp%2Fv2%2Fproduct_cat&post=850"},{"taxonomy":"product_tag","embeddable":true,"href":"https:\/\/importadoracristinateran.com\/index.php?rest_route=%2Fwp%2Fv2%2Fproduct_tag&post=850"}],"curies":[{"name":"wp","href":"https:\/\/api.w.org\/{rel}","templated":true}]}}