{"id":852,"date":"2025-04-03T03:08:05","date_gmt":"2025-04-03T03:08:05","guid":{"rendered":"https:\/\/importadoracristinateran.com\/?post_type=product&#038;p=852"},"modified":"2025-04-03T03:08:47","modified_gmt":"2025-04-03T03:08:47","slug":"hidrodermyl","status":"publish","type":"product","link":"https:\/\/importadoracristinateran.com\/?product=hidrodermyl","title":{"rendered":"Hidrodermyl"},"content":{"rendered":"<p>Loci\u00f3n dermohidratante, antiseborreica y restauradora de la elasticidad del estrato c\u00f3rneo.<\/p>\n<p>Uso en medicina veterinaria VENTA LIBRE en locales con<br \/>\nasesoramiento profesional veterinario.<br \/>\nMantener fuera del alcance de los ni\u00f1os.<br \/>\nConservar entre 15\u00ba y 30\u00baC.<br \/>\nUso en Caninos y Felinos<\/p>\n<p><strong>F\u00f3rmula:<\/strong> Cada 100 ml contiene: Urea 10 g. Agentes de formulaci\u00f3n c.s.p. 100 mL.<br \/>\n<strong>Indicaciones:<\/strong><br \/>\n\u2022 Prevenci\u00f3n de la descamaci\u00f3n excesiva del estrato c\u00f3rneo, en seborreas<br \/>\nsecas primarias, idiop\u00e1ticas y\/o secundarias.<br \/>\n\u2022 Al\u00e9rgicas: Atop\u00eda de contacto, alimentarias, gonadales<br \/>\n\u2022 Ectoparasitarias: demodeccia, dermatitis, al\u00e9rgica por pulgas.<br \/>\n\u2022 Nutricionales: carencia de zinc, \u00e1cidos grasos<br \/>\n\u2022 Infecciosas: bacterianas (hipersensibilidad bacteriana), mic\u00f3ticas.<br \/>\n\u2022 Ambientales: baja humedad relativa ambiente<br \/>\n\u2022 Autoinmunes: P\u00e9nfigo foli\u00e1ceo, Lupus Eritomatoso Discoideo<br \/>\n\u2022 End\u00f3crinas: hipotiroidismo, s\u00edndrome de Cushing, diabetes felina,<br \/>\ndermititis miliar felina.<br \/>\n\u2022 Otitis seborreicas secas.<br \/>\nLoci\u00f3n hidratante para el tratamiento de procesos de hiperqueratinizaci\u00f3n localizados (nasodigital, codo y tarso). Loci\u00f3n dermohidratante y restauradora de la elasticidad del estrato c\u00f3rneo.<br \/>\nCoadyuvante del tratamiento a base de champ\u00faes desengrasantes en la seborrea oleosa.<br \/>\nSe aconseja combinar el tratamiento con Tritohexidin Shampoo.<br \/>\n<strong>V\u00edas de administraci\u00f3n:<\/strong> T\u00f3pica.<br \/>\n<strong>Modo de uso:<\/strong> Con ba\u00f1o previo: Asperjar con el pelaje h\u00famedo a contrapelo para facilitar el contacto del producto con la piel del paciente. Dejar secar.<br \/>\n<strong>Sin ba\u00f1o previo:<\/strong> Asperjar a contrapelo para facilitar el contacto del producto con la piel del paciente.<br \/>\n<strong>Dosificaci\u00f3n:<\/strong> Cantidad suficiente seg\u00fan tama\u00f1o del paciente, por lo menos 3 veces por semana, con un intervalo de 48 hs, o seg\u00fan criterio profesional.<br \/>\n<strong>Duraci\u00f3n del tratamiento:<\/strong> Hasta la remisi\u00f3n de la patolog\u00eda. En aquellas seborreas recidivantes, aplicar el producto por lo menos dos veces por semana como mantenimiento.<\/p>\n","protected":false},"excerpt":{"rendered":"<p>Loci\u00f3n dermohidratante, antiseborreica y restauradora de la elasticidad del estrato c\u00f3rneo.<\/p>\n<p>Uso en medicina veterinaria<br \/>\nVENTA LIBRE en locales con asesoramiento profesional veterinario.<br \/>\nMantener fuera del alcance de los ni\u00f1os.<br \/>\nConservar entre 15\u00ba y 30\u00baC.<br \/>\nUso en Caninos y Felinos<\/p>\n<p><strong>F\u00f3rmula:<\/strong> Cada 100 ml contiene: Urea 10 g. Agentes de formulaci\u00f3n c.s.p. 100 mL.<\/p>\n","protected":false},"featured_media":853,"comment_status":"open","ping_status":"closed","template":"","meta":{"_uag_custom_page_level_css":"","site-sidebar-layout":"default","site-content-layout":"","ast-site-content-layout":"default","site-content-style":"default","site-sidebar-style":"default","ast-global-header-display":"","ast-banner-title-visibility":"","ast-main-header-display":"","ast-hfb-above-header-display":"","ast-hfb-below-header-display":"","ast-hfb-mobile-header-display":"","site-post-title":"","ast-breadcrumbs-content":"","ast-featured-img":"","footer-sml-layout":"","theme-transparent-header-meta":"default","adv-header-id-meta":"","stick-header-meta":"","header-above-stick-meta":"","header-main-stick-meta":"","header-below-stick-meta":"","astra-migrate-meta-layouts":"set","ast-page-background-enabled":"default","ast-page-background-meta":{"desktop":{"background-color":"var(--ast-global-color-5)","background-image":"","background-repeat":"repeat","background-position":"center center","background-size":"auto","background-attachment":"scroll","background-type":"","background-media":"","overlay-type":"","overlay-color":"","overlay-opacity":"","overlay-gradient":""},"tablet":{"background-color":"","background-image":"","background-repeat":"repeat","background-position":"center center","background-size":"auto","background-attachment":"scroll","background-type":"","background-media":"","overlay-type":"","overlay-color":"","overlay-opacity":"","overlay-gradient":""},"mobile":{"background-color":"","background-image":"","background-repeat":"repeat","background-position":"center center","background-size":"auto","background-attachment":"scroll","background-type":"","background-media":"","overlay-type":"","overlay-color":"","overlay-opacity":"","overlay-gradient":""}},"ast-content-background-meta":{"desktop":{"background-color":"var(--ast-global-color-4)","background-image":"","background-repeat":"repeat","background-position":"center center","background-size":"auto","background-attachment":"scroll","background-type":"","background-media":"","overlay-type":"","overlay-color":"","overlay-opacity":"","overlay-gradient":""},"tablet":{"background-color":"var(--ast-global-color-4)","background-image":"","background-repeat":"repeat","background-position":"center center","background-size":"auto","background-attachment":"scroll","background-type":"","background-media":"","overlay-type":"","overlay-color":"","overlay-opacity":"","overlay-gradient":""},"mobile":{"background-color":"var(--ast-global-color-4)","background-image":"","background-repeat":"repeat","background-position":"center center","background-size":"auto","background-attachment":"scroll","background-type":"","background-media":"","overlay-type":"","overlay-color":"","overlay-opacity":"","overlay-gradient":""}},"_joinchat":[]},"product_brand":[],"product_cat":[17],"product_tag":[77],"class_list":{"0":"post-852","1":"product","2":"type-product","3":"status-publish","4":"has-post-thumbnail","6":"product_cat-labtritonvet","7":"product_tag-locion","8":"desktop-align-left","9":"tablet-align-left","10":"mobile-align-left","12":"first","13":"instock","14":"shipping-taxable","15":"product-type-external"},"aioseo_notices":[],"uagb_featured_image_src":{"full":["https:\/\/importadoracristinateran.com\/wp-content\/uploads\/2025\/04\/Hidrodermyl.jpg",700,800,false],"thumbnail":["https:\/\/importadoracristinateran.com\/wp-content\/uploads\/2025\/04\/Hidrodermyl-150x150.jpg",150,150,true],"medium":["https:\/\/importadoracristinateran.com\/wp-content\/uploads\/2025\/04\/Hidrodermyl-263x300.jpg",263,300,true],"medium_large":["https:\/\/importadoracristinateran.com\/wp-content\/uploads\/2025\/04\/Hidrodermyl.jpg",700,800,false],"large":["https:\/\/importadoracristinateran.com\/wp-content\/uploads\/2025\/04\/Hidrodermyl.jpg",700,800,false],"1536x1536":["https:\/\/importadoracristinateran.com\/wp-content\/uploads\/2025\/04\/Hidrodermyl.jpg",700,800,false],"2048x2048":["https:\/\/importadoracristinateran.com\/wp-content\/uploads\/2025\/04\/Hidrodermyl.jpg",700,800,false],"woocommerce_thumbnail":["https:\/\/importadoracristinateran.com\/wp-content\/uploads\/2025\/04\/Hidrodermyl-300x300.jpg",300,300,true],"woocommerce_single":["https:\/\/importadoracristinateran.com\/wp-content\/uploads\/2025\/04\/Hidrodermyl-600x686.jpg",600,686,true],"woocommerce_gallery_thumbnail":["https:\/\/importadoracristinateran.com\/wp-content\/uploads\/2025\/04\/Hidrodermyl-100x100.jpg",100,100,true],"dgwt-wcas-product-suggestion":["https:\/\/importadoracristinateran.com\/wp-content\/uploads\/2025\/04\/Hidrodermyl-64x73.jpg",64,73,true]},"uagb_author_info":{"display_name":"mcris.import@gmail.com","author_link":"https:\/\/importadoracristinateran.com\/?author=0"},"uagb_comment_info":0,"uagb_excerpt":"Loci\u00f3n dermohidratante, antiseborreica y restauradora de la elasticidad del estrato c\u00f3rneo. Uso en medicina veterinaria VENTA LIBRE en locales con asesoramiento profesional veterinario. Mantener fuera del alcance de los ni\u00f1os. Conservar entre 15\u00ba y 30\u00baC. Uso en Caninos y Felinos F\u00f3rmula: Cada 100 ml contiene: Urea 10 g. Agentes de formulaci\u00f3n c.s.p. 100 mL.","_links":{"self":[{"href":"https:\/\/importadoracristinateran.com\/index.php?rest_route=\/wp\/v2\/product\/852","targetHints":{"allow":["GET"]}}],"collection":[{"href":"https:\/\/importadoracristinateran.com\/index.php?rest_route=\/wp\/v2\/product"}],"about":[{"href":"https:\/\/importadoracristinateran.com\/index.php?rest_route=\/wp\/v2\/types\/product"}],"replies":[{"embeddable":true,"href":"https:\/\/importadoracristinateran.com\/index.php?rest_route=%2Fwp%2Fv2%2Fcomments&post=852"}],"wp:featuredmedia":[{"embeddable":true,"href":"https:\/\/importadoracristinateran.com\/index.php?rest_route=\/wp\/v2\/media\/853"}],"wp:attachment":[{"href":"https:\/\/importadoracristinateran.com\/index.php?rest_route=%2Fwp%2Fv2%2Fmedia&parent=852"}],"wp:term":[{"taxonomy":"product_brand","embeddable":true,"href":"https:\/\/importadoracristinateran.com\/index.php?rest_route=%2Fwp%2Fv2%2Fproduct_brand&post=852"},{"taxonomy":"product_cat","embeddable":true,"href":"https:\/\/importadoracristinateran.com\/index.php?rest_route=%2Fwp%2Fv2%2Fproduct_cat&post=852"},{"taxonomy":"product_tag","embeddable":true,"href":"https:\/\/importadoracristinateran.com\/index.php?rest_route=%2Fwp%2Fv2%2Fproduct_tag&post=852"}],"curies":[{"name":"wp","href":"https:\/\/api.w.org\/{rel}","templated":true}]}}