{"id":854,"date":"2025-04-03T03:13:35","date_gmt":"2025-04-03T03:13:35","guid":{"rendered":"https:\/\/importadoracristinateran.com\/?post_type=product&#038;p=854"},"modified":"2025-05-06T16:48:57","modified_gmt":"2025-05-06T16:48:57","slug":"tritonyl-300","status":"publish","type":"product","link":"https:\/\/importadoracristinateran.com\/?product=tritonyl-300","title":{"rendered":"Tritonyl 300"},"content":{"rendered":"<p>Antibi\u00f3tico de amplio espectro para caninos y felinos.<\/p>\n<p>Uso en Medicina Veterinaria<br \/>\nVenta con receta veterinaria<br \/>\nMantener fuera del alcance de los ni\u00f1os y animales dom\u00e9sticos.<br \/>\nUso en Perros y Gatos<\/p>\n<p><strong>F\u00f3rmula:<\/strong><br \/>\n<strong>Cada comprimido contiene:<\/strong><br \/>\nLincomicina clorhidrato monohidratado equivalente a 300 mg de Lincomicina base<br \/>\nExcipientes c.s.p. 500 mg<br \/>\n<strong>Indicaciones:<\/strong><br \/>\nProcesos infecciosos en los que se encuentran involucrados organismos Gram positivos (Staphilococcus, Streptococcus, Clostridium tetani; Clostridium welchii), Gram negativos (Mycoplasma, E. coli), Actinomyces y algunas Nocardias. Piodermitis, osteomielitis, abscesos prost\u00e1ticos, neumonitis, etc.<br \/>\n<strong>V\u00eda de administraci\u00f3n:<\/strong><br \/>\nOral.<br \/>\n<strong>Dosificaci\u00f3n:<\/strong><br \/>\nCaninos y Felinos: 15 mg\/Kg (1 comprimido cada 20 Kg de peso) cada 12 horas o seg\u00fan criterio profesional.<br \/>\n<strong>Precauciones de Uso:<\/strong><br \/>\nNo combinar con antibi\u00f3ticos bactericidas.<br \/>\nEvitar tratamientos que duren m\u00e1s all\u00e1 de los 30 d\u00edas.<br \/>\n<strong>Presentaciones:<\/strong><br \/>\nEstuches conteniendo 2 \u00f3 10 blisters de 8 comprimidos c\/u.<br \/>\nConservar entre 15\u00ba y 30\u00baC<\/p>\n","protected":false},"excerpt":{"rendered":"<p>Antibi\u00f3tico de amplio espectro para caninos y felinos.<\/p>\n<p>Uso en Medicina Veterinaria<br \/>\nVenta con receta veterinaria<br \/>\nMantener fuera del alcance de los ni\u00f1os y animales dom\u00e9sticos.<br \/>\nUso en Perros y Gatos<\/p>\n","protected":false},"featured_media":855,"comment_status":"open","ping_status":"closed","template":"","meta":{"_uag_custom_page_level_css":"","site-sidebar-layout":"default","site-content-layout":"","ast-site-content-layout":"default","site-content-style":"default","site-sidebar-style":"default","ast-global-header-display":"","ast-banner-title-visibility":"","ast-main-header-display":"","ast-hfb-above-header-display":"","ast-hfb-below-header-display":"","ast-hfb-mobile-header-display":"","site-post-title":"","ast-breadcrumbs-content":"","ast-featured-img":"","footer-sml-layout":"","theme-transparent-header-meta":"default","adv-header-id-meta":"","stick-header-meta":"","header-above-stick-meta":"","header-main-stick-meta":"","header-below-stick-meta":"","astra-migrate-meta-layouts":"set","ast-page-background-enabled":"default","ast-page-background-meta":{"desktop":{"background-color":"var(--ast-global-color-5)","background-image":"","background-repeat":"repeat","background-position":"center center","background-size":"auto","background-attachment":"scroll","background-type":"","background-media":"","overlay-type":"","overlay-color":"","overlay-opacity":"","overlay-gradient":""},"tablet":{"background-color":"","background-image":"","background-repeat":"repeat","background-position":"center center","background-size":"auto","background-attachment":"scroll","background-type":"","background-media":"","overlay-type":"","overlay-color":"","overlay-opacity":"","overlay-gradient":""},"mobile":{"background-color":"","background-image":"","background-repeat":"repeat","background-position":"center center","background-size":"auto","background-attachment":"scroll","background-type":"","background-media":"","overlay-type":"","overlay-color":"","overlay-opacity":"","overlay-gradient":""}},"ast-content-background-meta":{"desktop":{"background-color":"var(--ast-global-color-4)","background-image":"","background-repeat":"repeat","background-position":"center center","background-size":"auto","background-attachment":"scroll","background-type":"","background-media":"","overlay-type":"","overlay-color":"","overlay-opacity":"","overlay-gradient":""},"tablet":{"background-color":"var(--ast-global-color-4)","background-image":"","background-repeat":"repeat","background-position":"center center","background-size":"auto","background-attachment":"scroll","background-type":"","background-media":"","overlay-type":"","overlay-color":"","overlay-opacity":"","overlay-gradient":""},"mobile":{"background-color":"var(--ast-global-color-4)","background-image":"","background-repeat":"repeat","background-position":"center center","background-size":"auto","background-attachment":"scroll","background-type":"","background-media":"","overlay-type":"","overlay-color":"","overlay-opacity":"","overlay-gradient":""}},"_joinchat":[]},"product_brand":[],"product_cat":[17],"product_tag":[95],"class_list":{"0":"post-854","1":"product","2":"type-product","3":"status-publish","4":"has-post-thumbnail","6":"product_cat-labtritonvet","7":"product_tag-comprimidos","8":"desktop-align-left","9":"tablet-align-left","10":"mobile-align-left","12":"first","13":"instock","14":"shipping-taxable","15":"product-type-external"},"aioseo_notices":[],"uagb_featured_image_src":{"full":["https:\/\/importadoracristinateran.com\/wp-content\/uploads\/2025\/04\/tritonyl300.jpg",700,800,false],"thumbnail":["https:\/\/importadoracristinateran.com\/wp-content\/uploads\/2025\/04\/tritonyl300-150x150.jpg",150,150,true],"medium":["https:\/\/importadoracristinateran.com\/wp-content\/uploads\/2025\/04\/tritonyl300-263x300.jpg",263,300,true],"medium_large":["https:\/\/importadoracristinateran.com\/wp-content\/uploads\/2025\/04\/tritonyl300.jpg",700,800,false],"large":["https:\/\/importadoracristinateran.com\/wp-content\/uploads\/2025\/04\/tritonyl300.jpg",700,800,false],"1536x1536":["https:\/\/importadoracristinateran.com\/wp-content\/uploads\/2025\/04\/tritonyl300.jpg",700,800,false],"2048x2048":["https:\/\/importadoracristinateran.com\/wp-content\/uploads\/2025\/04\/tritonyl300.jpg",700,800,false],"woocommerce_thumbnail":["https:\/\/importadoracristinateran.com\/wp-content\/uploads\/2025\/04\/tritonyl300-300x300.jpg",300,300,true],"woocommerce_single":["https:\/\/importadoracristinateran.com\/wp-content\/uploads\/2025\/04\/tritonyl300-600x686.jpg",600,686,true],"woocommerce_gallery_thumbnail":["https:\/\/importadoracristinateran.com\/wp-content\/uploads\/2025\/04\/tritonyl300-100x100.jpg",100,100,true],"dgwt-wcas-product-suggestion":["https:\/\/importadoracristinateran.com\/wp-content\/uploads\/2025\/04\/tritonyl300-64x73.jpg",64,73,true]},"uagb_author_info":{"display_name":"mcris.import@gmail.com","author_link":"https:\/\/importadoracristinateran.com\/?author=0"},"uagb_comment_info":0,"uagb_excerpt":"Antibi\u00f3tico de amplio espectro para caninos y felinos. Uso en Medicina Veterinaria Venta con receta veterinaria Mantener fuera del alcance de los ni\u00f1os y animales dom\u00e9sticos. Uso en Perros y Gatos","_links":{"self":[{"href":"https:\/\/importadoracristinateran.com\/index.php?rest_route=\/wp\/v2\/product\/854","targetHints":{"allow":["GET"]}}],"collection":[{"href":"https:\/\/importadoracristinateran.com\/index.php?rest_route=\/wp\/v2\/product"}],"about":[{"href":"https:\/\/importadoracristinateran.com\/index.php?rest_route=\/wp\/v2\/types\/product"}],"replies":[{"embeddable":true,"href":"https:\/\/importadoracristinateran.com\/index.php?rest_route=%2Fwp%2Fv2%2Fcomments&post=854"}],"wp:featuredmedia":[{"embeddable":true,"href":"https:\/\/importadoracristinateran.com\/index.php?rest_route=\/wp\/v2\/media\/855"}],"wp:attachment":[{"href":"https:\/\/importadoracristinateran.com\/index.php?rest_route=%2Fwp%2Fv2%2Fmedia&parent=854"}],"wp:term":[{"taxonomy":"product_brand","embeddable":true,"href":"https:\/\/importadoracristinateran.com\/index.php?rest_route=%2Fwp%2Fv2%2Fproduct_brand&post=854"},{"taxonomy":"product_cat","embeddable":true,"href":"https:\/\/importadoracristinateran.com\/index.php?rest_route=%2Fwp%2Fv2%2Fproduct_cat&post=854"},{"taxonomy":"product_tag","embeddable":true,"href":"https:\/\/importadoracristinateran.com\/index.php?rest_route=%2Fwp%2Fv2%2Fproduct_tag&post=854"}],"curies":[{"name":"wp","href":"https:\/\/api.w.org\/{rel}","templated":true}]}}