{"id":856,"date":"2025-04-03T22:16:50","date_gmt":"2025-04-03T22:16:50","guid":{"rendered":"https:\/\/importadoracristinateran.com\/?post_type=product&#038;p=856"},"modified":"2025-04-29T02:25:23","modified_gmt":"2025-04-29T02:25:23","slug":"scavon-vet-crema","status":"publish","type":"product","link":"https:\/\/importadoracristinateran.com\/?product=scavon-vet-crema","title":{"rendered":"Scavon VET CREMA"},"content":{"rendered":"<p>Crema cicatrizante, antimicrobiana, antif\u00fangica y repelente<\/p>\n<p><strong>COMPOSICI\u00d3N:<\/strong>\u00a0Cada gramo de CREMA contiene:<\/p>\n<p><strong>Aceites:<\/strong><\/p>\n<p><em>Linum usitatissimum<\/em>\u00a050 mg<\/p>\n<p><em>Eucalyptus globulus<\/em>\u00a050 mg<\/p>\n<p><em>Cinnamomum camphora<\/em>\u00a0\u00a0\u00a0\u00a0\u00a0\u00a0\u00a0 25 mg<\/p>\n<p><em>Ocimum sanctum<\/em>\u00a012 mg<\/p>\n<p><em>Acorus calamus<\/em>\u00a07 mg<\/p>\n<p><strong>Polvo:<\/strong><\/p>\n<p>Yashada bhasma 25 mg<\/p>\n<p>Excipientes\u00a0\u00a0\u00a0\u00a0\u00a0\u00a0 1,0 g<\/p>\n<p><strong>CARACTER\u00cdSTICAS:\u00a0<\/strong>Efectivo tratamiento en una gran variedad de heridas, tales como abrasiones, cortaduras, laceraciones e incisiones. Promueve la colagenizaci\u00f3n y la epitelizaci\u00f3n. Estimula la proliferaci\u00f3n fibrobl\u00e1stica. Antagoniza el efecto de los mediadores inflamatorios.<\/p>\n","protected":false},"excerpt":{"rendered":"<p>Crema cicatrizante, antimicrobiana, antif\u00fangica y repelente<\/p>\n<p><strong>COMPOSICI\u00d3N:<\/strong>\u00a0Cada gramo de CREMA contiene:<\/p>\n<p><strong>Aceites:<\/strong><\/p>\n<p><em>Linum usitatissimum<\/em>\u00a050 mg<\/p>\n<p><em>Eucalyptus globulus<\/em>\u00a050 mg<\/p>\n<p><em>Cinnamomum camphora<\/em>\u00a0\u00a0\u00a0\u00a0\u00a0\u00a0\u00a0 25 mg<\/p>\n<p><em>Ocimum sanctum<\/em>\u00a012 mg<\/p>\n","protected":false},"featured_media":858,"comment_status":"open","ping_status":"closed","template":"","meta":{"_uag_custom_page_level_css":"","site-sidebar-layout":"default","site-content-layout":"","ast-site-content-layout":"default","site-content-style":"default","site-sidebar-style":"default","ast-global-header-display":"","ast-banner-title-visibility":"","ast-main-header-display":"","ast-hfb-above-header-display":"","ast-hfb-below-header-display":"","ast-hfb-mobile-header-display":"","site-post-title":"","ast-breadcrumbs-content":"","ast-featured-img":"","footer-sml-layout":"","theme-transparent-header-meta":"default","adv-header-id-meta":"","stick-header-meta":"","header-above-stick-meta":"","header-main-stick-meta":"","header-below-stick-meta":"","astra-migrate-meta-layouts":"set","ast-page-background-enabled":"default","ast-page-background-meta":{"desktop":{"background-color":"var(--ast-global-color-5)","background-image":"","background-repeat":"repeat","background-position":"center center","background-size":"auto","background-attachment":"scroll","background-type":"","background-media":"","overlay-type":"","overlay-color":"","overlay-opacity":"","overlay-gradient":""},"tablet":{"background-color":"","background-image":"","background-repeat":"repeat","background-position":"center center","background-size":"auto","background-attachment":"scroll","background-type":"","background-media":"","overlay-type":"","overlay-color":"","overlay-opacity":"","overlay-gradient":""},"mobile":{"background-color":"","background-image":"","background-repeat":"repeat","background-position":"center center","background-size":"auto","background-attachment":"scroll","background-type":"","background-media":"","overlay-type":"","overlay-color":"","overlay-opacity":"","overlay-gradient":""}},"ast-content-background-meta":{"desktop":{"background-color":"var(--ast-global-color-4)","background-image":"","background-repeat":"repeat","background-position":"center center","background-size":"auto","background-attachment":"scroll","background-type":"","background-media":"","overlay-type":"","overlay-color":"","overlay-opacity":"","overlay-gradient":""},"tablet":{"background-color":"var(--ast-global-color-4)","background-image":"","background-repeat":"repeat","background-position":"center center","background-size":"auto","background-attachment":"scroll","background-type":"","background-media":"","overlay-type":"","overlay-color":"","overlay-opacity":"","overlay-gradient":""},"mobile":{"background-color":"var(--ast-global-color-4)","background-image":"","background-repeat":"repeat","background-position":"center center","background-size":"auto","background-attachment":"scroll","background-type":"","background-media":"","overlay-type":"","overlay-color":"","overlay-opacity":"","overlay-gradient":""}},"_joinchat":[]},"product_brand":[],"product_cat":[38],"product_tag":[],"class_list":{"0":"post-856","1":"product","2":"type-product","3":"status-publish","4":"has-post-thumbnail","6":"product_cat-labmontana","7":"desktop-align-left","8":"tablet-align-left","9":"mobile-align-left","11":"first","12":"instock","13":"shipping-taxable","14":"product-type-external"},"aioseo_notices":[],"uagb_featured_image_src":{"full":["https:\/\/importadoracristinateran.com\/wp-content\/uploads\/2025\/04\/scavon-crema-1-1.png",1000,1000,false],"thumbnail":["https:\/\/importadoracristinateran.com\/wp-content\/uploads\/2025\/04\/scavon-crema-1-1-150x150.png",150,150,true],"medium":["https:\/\/importadoracristinateran.com\/wp-content\/uploads\/2025\/04\/scavon-crema-1-1-300x300.png",300,300,true],"medium_large":["https:\/\/importadoracristinateran.com\/wp-content\/uploads\/2025\/04\/scavon-crema-1-1-768x768.png",768,768,true],"large":["https:\/\/importadoracristinateran.com\/wp-content\/uploads\/2025\/04\/scavon-crema-1-1.png",1000,1000,false],"1536x1536":["https:\/\/importadoracristinateran.com\/wp-content\/uploads\/2025\/04\/scavon-crema-1-1.png",1000,1000,false],"2048x2048":["https:\/\/importadoracristinateran.com\/wp-content\/uploads\/2025\/04\/scavon-crema-1-1.png",1000,1000,false],"woocommerce_thumbnail":["https:\/\/importadoracristinateran.com\/wp-content\/uploads\/2025\/04\/scavon-crema-1-1-300x300.png",300,300,true],"woocommerce_single":["https:\/\/importadoracristinateran.com\/wp-content\/uploads\/2025\/04\/scavon-crema-1-1-600x600.png",600,600,true],"woocommerce_gallery_thumbnail":["https:\/\/importadoracristinateran.com\/wp-content\/uploads\/2025\/04\/scavon-crema-1-1-100x100.png",100,100,true],"dgwt-wcas-product-suggestion":["https:\/\/importadoracristinateran.com\/wp-content\/uploads\/2025\/04\/scavon-crema-1-1-64x64.png",64,64,true]},"uagb_author_info":{"display_name":"mcris.import@gmail.com","author_link":"https:\/\/importadoracristinateran.com\/?author=0"},"uagb_comment_info":0,"uagb_excerpt":"Crema cicatrizante, antimicrobiana, antif\u00fangica y repelente COMPOSICI\u00d3N:\u00a0Cada gramo de CREMA contiene: Aceites: Linum usitatissimum\u00a050 mg Eucalyptus globulus\u00a050 mg Cinnamomum camphora\u00a0\u00a0\u00a0\u00a0\u00a0\u00a0\u00a0 25 mg Ocimum sanctum\u00a012 mg","_links":{"self":[{"href":"https:\/\/importadoracristinateran.com\/index.php?rest_route=\/wp\/v2\/product\/856","targetHints":{"allow":["GET"]}}],"collection":[{"href":"https:\/\/importadoracristinateran.com\/index.php?rest_route=\/wp\/v2\/product"}],"about":[{"href":"https:\/\/importadoracristinateran.com\/index.php?rest_route=\/wp\/v2\/types\/product"}],"replies":[{"embeddable":true,"href":"https:\/\/importadoracristinateran.com\/index.php?rest_route=%2Fwp%2Fv2%2Fcomments&post=856"}],"wp:featuredmedia":[{"embeddable":true,"href":"https:\/\/importadoracristinateran.com\/index.php?rest_route=\/wp\/v2\/media\/858"}],"wp:attachment":[{"href":"https:\/\/importadoracristinateran.com\/index.php?rest_route=%2Fwp%2Fv2%2Fmedia&parent=856"}],"wp:term":[{"taxonomy":"product_brand","embeddable":true,"href":"https:\/\/importadoracristinateran.com\/index.php?rest_route=%2Fwp%2Fv2%2Fproduct_brand&post=856"},{"taxonomy":"product_cat","embeddable":true,"href":"https:\/\/importadoracristinateran.com\/index.php?rest_route=%2Fwp%2Fv2%2Fproduct_cat&post=856"},{"taxonomy":"product_tag","embeddable":true,"href":"https:\/\/importadoracristinateran.com\/index.php?rest_route=%2Fwp%2Fv2%2Fproduct_tag&post=856"}],"curies":[{"name":"wp","href":"https:\/\/api.w.org\/{rel}","templated":true}]}}