{"id":86,"date":"2025-03-10T05:16:53","date_gmt":"2025-03-10T05:16:53","guid":{"rendered":"https:\/\/importadoracristinateran.com\/?post_type=product&#038;p=86"},"modified":"2025-03-25T04:04:12","modified_gmt":"2025-03-25T04:04:12","slug":"hipradog-dp","status":"publish","type":"product","link":"https:\/\/importadoracristinateran.com\/?product=hipradog-dp","title":{"rendered":"HIPRADOG DP"},"content":{"rendered":"<h2>Descripci\u00f3n<\/h2>\n<h6><em>Hipradog DP (PARVO-MOQUILLO) x 1 dosis<\/em><\/h6>\n<p>HIPRADOG DP (PARVO-MOQUILLO) X 1 DOSIS Vacuna viva frente al moquillo, en liofilizado inyectable y parvovirosis canina, en suspensi\u00f3n inyectable.<\/p>\n<p>Vacuna viva, Moquillo, en liofilizado inyectable; y Parvovirosis<br \/>\ncanina, en suspensi\u00f3n inyectable<\/p>\n<h6><em>Composici\u00f3n por dosis (1 ml):<\/em><\/h6>\n<p>Fracci\u00f3n liofilizada:<br \/>\nVirus vivo moquillo (CDV) cepa Lederle \u2265 10 5 DICT50<\/p>\n<h6><em>Fracci\u00f3n l\u00edquida:<\/em><\/h6>\n<p>Virus vivo parvovirosis canina (CPV) cepa C-780916 \u2265 10 7 DICT50<br \/>\nLa Parvovirosis canina est\u00e1 producida por un virus del g\u00e9nero parvovirus, el Parvovirus canino (CPV), que produce una gastroenteritis hemorr\u00e1gica severa, el cual afecta, en la mayor parte de los casos, a cachorros en las primeras semanas despu\u00e9s del destete. El moquillo canino est\u00e1 producido por un morbilivirus de la familia de los paramixovirus, provocando trastornos nerviosos y respiratorios en perros de cualquier edad, sobre todo en las primeras semanas de vida, lleg\u00e1ndoles a producir incluso la muerte. Ambas enfermedades tienen una elevada prevalencia y son altamente contagiosas, siendo la vacunaci\u00f3n el m\u00e9todo de control m\u00e1s eficaz.<br \/>\nHIPRADOG DP, vacuna de alto t\u00edtulo antig\u00e9nico, es capaz de generar una respuesta inmune activa en cachorros, incluso durante el periodo de posible interferencia con los anticuerpos maternales, reduciendo al m\u00ednimo la posibilidad de fallos\u00a0 vacunales, contribuyendo as\u00ed, de forma muy importante, en la prevenci\u00f3n de los efectos de los virus de la parvovirosis y del moquillo caninos.<\/p>\n<h6><em>Indicaciones:<\/em><\/h6>\n<p>Perros: Prevenci\u00f3n de Parvovirosis y Moquillo.<\/p>\n<h6><em>Contraindicaciones:<\/em><\/h6>\n<p>\u2013 No usar la vacuna en animales con posibles parasitosis intestinales, en estado de estr\u00e9s o que est\u00e9n incubando una enfermedad infectocontagiosa.<br \/>\n\u2013 Como no se ha demostrado la inocuidad de esta vacuna en hembras gestantes, no se aconseja su utilizaci\u00f3n en estos animales.<\/p>\n<h6>Efectos secundarios:<\/h6>\n<p>\u2013 Pueden producirse reacciones aisladas de hipersensibilidad en animales vacunados, en cuyo caso debe administrarse el tratamiento sintom\u00e1tico adecuado.<\/p>\n<h6>V\u00eda de administraci\u00f3n: <em>Subcut\u00e1nea.<\/em><\/h6>\n<h6>Posolog\u00eda:<\/h6>\n<p>Perros: 1 ml\/perro, independientemente de su peso, edad, sexo y raza.<br \/>\nTrasvasar, mediante una jeringa, la fracci\u00f3n l\u00edquida al frasco que contiene la fracci\u00f3n liofilizada, asegurando una completa reconstituci\u00f3n de la vacuna, antes de proceder a su administraci\u00f3n.<br \/>\n\u2013 Es aconsejable administrar la primera vacuna a las 8 semanas y revacunar a las 12 semanas.<br \/>\n\u2013 En situaciones de riesgo, realizar la primovacunaci\u00f3n a las 4-6 semanas de edad y revacunar 3 a 4 semanas m\u00e1s tarde.<br \/>\n\u2013 Se recomienda una dosis de recuerdo anual.<\/p>\n<h6>Precauciones especiales:<\/h6>\n<p>\u2013 Usar la vacuna inmediatamente despu\u00e9s de ser reconstituida.<br \/>\n\u2013 Guardar entre +2 y +8 \u00baC, al abrigo de la luz. No congelar.<br \/>\n\u2013 Mant\u00e9ngase fuera del alcance y la vista de los ni\u00f1os.<\/p>\n<p>&nbsp;<\/p>\n","protected":false},"excerpt":{"rendered":"<p>Vacuna viva frente al moquillo, en liofilizado inyectable y parvovirosis canina, en suspensi\u00f3n inyectable.<\/p>\n","protected":false},"featured_media":87,"comment_status":"open","ping_status":"closed","template":"","meta":{"_uag_custom_page_level_css":"","site-sidebar-layout":"default","site-content-layout":"","ast-site-content-layout":"default","site-content-style":"default","site-sidebar-style":"default","ast-global-header-display":"","ast-banner-title-visibility":"","ast-main-header-display":"","ast-hfb-above-header-display":"","ast-hfb-below-header-display":"","ast-hfb-mobile-header-display":"","site-post-title":"","ast-breadcrumbs-content":"","ast-featured-img":"","footer-sml-layout":"","theme-transparent-header-meta":"default","adv-header-id-meta":"","stick-header-meta":"","header-above-stick-meta":"","header-main-stick-meta":"","header-below-stick-meta":"","astra-migrate-meta-layouts":"set","ast-page-background-enabled":"default","ast-page-background-meta":{"desktop":{"background-color":"var(--ast-global-color-5)","background-image":"","background-repeat":"repeat","background-position":"center center","background-size":"auto","background-attachment":"scroll","background-type":"","background-media":"","overlay-type":"","overlay-color":"","overlay-opacity":"","overlay-gradient":""},"tablet":{"background-color":"","background-image":"","background-repeat":"repeat","background-position":"center center","background-size":"auto","background-attachment":"scroll","background-type":"","background-media":"","overlay-type":"","overlay-color":"","overlay-opacity":"","overlay-gradient":""},"mobile":{"background-color":"","background-image":"","background-repeat":"repeat","background-position":"center center","background-size":"auto","background-attachment":"scroll","background-type":"","background-media":"","overlay-type":"","overlay-color":"","overlay-opacity":"","overlay-gradient":""}},"ast-content-background-meta":{"desktop":{"background-color":"var(--ast-global-color-4)","background-image":"","background-repeat":"repeat","background-position":"center center","background-size":"auto","background-attachment":"scroll","background-type":"","background-media":"","overlay-type":"","overlay-color":"","overlay-opacity":"","overlay-gradient":""},"tablet":{"background-color":"var(--ast-global-color-4)","background-image":"","background-repeat":"repeat","background-position":"center center","background-size":"auto","background-attachment":"scroll","background-type":"","background-media":"","overlay-type":"","overlay-color":"","overlay-opacity":"","overlay-gradient":""},"mobile":{"background-color":"var(--ast-global-color-4)","background-image":"","background-repeat":"repeat","background-position":"center center","background-size":"auto","background-attachment":"scroll","background-type":"","background-media":"","overlay-type":"","overlay-color":"","overlay-opacity":"","overlay-gradient":""}},"_joinchat":[]},"product_brand":[],"product_cat":[26,27],"product_tag":[28],"class_list":{"0":"post-86","1":"product","2":"type-product","3":"status-publish","4":"has-post-thumbnail","6":"product_cat-lab-hipra","7":"product_cat-vacunas","8":"product_tag-vacunas","9":"desktop-align-left","10":"tablet-align-left","11":"mobile-align-left","13":"first","14":"instock","15":"shipping-taxable","16":"product-type-external"},"aioseo_notices":[],"uagb_featured_image_src":{"full":["https:\/\/importadoracristinateran.com\/wp-content\/uploads\/2025\/03\/packaging-hipradog-dp.jpg",768,768,false],"thumbnail":["https:\/\/importadoracristinateran.com\/wp-content\/uploads\/2025\/03\/packaging-hipradog-dp-150x150.jpg",150,150,true],"medium":["https:\/\/importadoracristinateran.com\/wp-content\/uploads\/2025\/03\/packaging-hipradog-dp-300x300.jpg",300,300,true],"medium_large":["https:\/\/importadoracristinateran.com\/wp-content\/uploads\/2025\/03\/packaging-hipradog-dp.jpg",768,768,false],"large":["https:\/\/importadoracristinateran.com\/wp-content\/uploads\/2025\/03\/packaging-hipradog-dp.jpg",768,768,false],"1536x1536":["https:\/\/importadoracristinateran.com\/wp-content\/uploads\/2025\/03\/packaging-hipradog-dp.jpg",768,768,false],"2048x2048":["https:\/\/importadoracristinateran.com\/wp-content\/uploads\/2025\/03\/packaging-hipradog-dp.jpg",768,768,false],"woocommerce_thumbnail":["https:\/\/importadoracristinateran.com\/wp-content\/uploads\/2025\/03\/packaging-hipradog-dp-300x300.jpg",300,300,true],"woocommerce_single":["https:\/\/importadoracristinateran.com\/wp-content\/uploads\/2025\/03\/packaging-hipradog-dp-600x600.jpg",600,600,true],"woocommerce_gallery_thumbnail":["https:\/\/importadoracristinateran.com\/wp-content\/uploads\/2025\/03\/packaging-hipradog-dp-100x100.jpg",100,100,true],"dgwt-wcas-product-suggestion":["https:\/\/importadoracristinateran.com\/wp-content\/uploads\/2025\/03\/packaging-hipradog-dp.jpg",64,64,false]},"uagb_author_info":{"display_name":"mcris.import@gmail.com","author_link":"https:\/\/importadoracristinateran.com\/?author=0"},"uagb_comment_info":0,"uagb_excerpt":"Vacuna viva frente al moquillo, en liofilizado inyectable y parvovirosis canina, en suspensi\u00f3n inyectable.","_links":{"self":[{"href":"https:\/\/importadoracristinateran.com\/index.php?rest_route=\/wp\/v2\/product\/86","targetHints":{"allow":["GET"]}}],"collection":[{"href":"https:\/\/importadoracristinateran.com\/index.php?rest_route=\/wp\/v2\/product"}],"about":[{"href":"https:\/\/importadoracristinateran.com\/index.php?rest_route=\/wp\/v2\/types\/product"}],"replies":[{"embeddable":true,"href":"https:\/\/importadoracristinateran.com\/index.php?rest_route=%2Fwp%2Fv2%2Fcomments&post=86"}],"wp:featuredmedia":[{"embeddable":true,"href":"https:\/\/importadoracristinateran.com\/index.php?rest_route=\/wp\/v2\/media\/87"}],"wp:attachment":[{"href":"https:\/\/importadoracristinateran.com\/index.php?rest_route=%2Fwp%2Fv2%2Fmedia&parent=86"}],"wp:term":[{"taxonomy":"product_brand","embeddable":true,"href":"https:\/\/importadoracristinateran.com\/index.php?rest_route=%2Fwp%2Fv2%2Fproduct_brand&post=86"},{"taxonomy":"product_cat","embeddable":true,"href":"https:\/\/importadoracristinateran.com\/index.php?rest_route=%2Fwp%2Fv2%2Fproduct_cat&post=86"},{"taxonomy":"product_tag","embeddable":true,"href":"https:\/\/importadoracristinateran.com\/index.php?rest_route=%2Fwp%2Fv2%2Fproduct_tag&post=86"}],"curies":[{"name":"wp","href":"https:\/\/api.w.org\/{rel}","templated":true}]}}