{"id":861,"date":"2025-04-03T22:32:28","date_gmt":"2025-04-03T22:32:28","guid":{"rendered":"https:\/\/importadoracristinateran.com\/?post_type=product&#038;p=861"},"modified":"2025-04-04T00:11:21","modified_gmt":"2025-04-04T00:11:21","slug":"xtracal-tabs","status":"publish","type":"product","link":"https:\/\/importadoracristinateran.com\/?product=xtracal-tabs","title":{"rendered":"Xtracal Tabs"},"content":{"rendered":"<p class=\"text-sm text-gray-500\">Suplemento mineral<\/p>\n<div>\n<p><strong>Crecimiento y fortaleza \u00f3sea en el mejor suplemento mineral<\/strong><\/p>\n<p>XTRACAL TABS es un suplemento mineral para perros y gatos, que aporta una fuente palatable de calcio, f\u00f3sforo y vitamina D3. XTRACAL TABS es recomendado para aquellos animales que necesiten una suplementaci\u00f3n adicional de calcio, f\u00f3sforo y vitamina D3.<\/p>\n<p><strong>Presentaci\u00f3n:\u00a0<\/strong>Pote por 60 tabletas<\/p>\n<\/div>\n","protected":false},"excerpt":{"rendered":"<p><strong>Xtracal Tabs<\/strong><\/p>\n<p>Crecimiento y fortaleza \u00f3sea en el mejor suplemento mineral<\/p>\n<p><strong>COMPOSICI\u00d3N<\/strong><\/p>\n<p>Cada tableta de 3300 mg contiene:<\/p>\n<p>Calcio\u00a0 &#8211; \u00a0 20.00 %<\/p>\n<p>F\u00f3sforo\u00a0&#8211; \u00a014.00 %<\/p>\n<p>Cloruro de Sodio\u00a0&#8211; 0.10 %<\/p>\n<p>Magnesio\u00a0&#8211; \u00a00.06 %<\/p>\n<p>Vitamina D3 (Colecalciferol) &#8211;\u00a0 400 UI<\/p>\n<p>Prote\u00edna\u00a0&#8211;\u00a04.00 %<\/p>\n<p>Grasa &#8211; 1.00 %<\/p>\n<p><strong>INDICACIONES DE USO<\/strong><\/p>\n<p>XTRACAL TABS es un suplemento mineral para perros y gatos, que aporta una fuente palatable de calcio, f\u00f3sforo y vitamina D<sub>3<\/sub>. XTRACAL TABS es recomendado para aquellos animales que necesiten una suplementaci\u00f3n adicional de calcio, f\u00f3sforo y vitamina D<sub>3<\/sub>.<\/p>\n<p><strong>ADMINISTRACI\u00d3N Y DOSIS<\/strong><\/p>\n<p>Perros y gatos: Administrar 1 tableta por cada 10 Kg. de peso vivo al d\u00eda. XTRACAL TABS puede administrarse antes del alimento, o triturado y mezclado con el alimento.<\/p>\n<p><strong>PRECAUCIONES<\/strong><\/p>\n<p>Ninguna si se administra conforme a las recomendaciones.<\/p>\n<p><strong>USO VETERINARIO.<\/strong><\/p>\n<p><strong>MANTENER EL PRODUCTO FUERA DEL ALCANCE DE LOS NI\u00d1OS Y ANIMALES DOM\u00c9STICOS.<\/strong><\/p>\n<p><strong>CONSERVAR EL PRODUCTO EN UN AMBIENTE FRESCO Y SECO, ENTRE 15 \u00baC Y 30 \u00baC.<\/strong><\/p>\n<p><strong>VENTA LIBRE.<\/strong><\/p>\n<p><strong>Presentaci\u00f3n:\u00a0<\/strong>Pote por 60 tabletas<\/p>\n","protected":false},"featured_media":862,"comment_status":"open","ping_status":"closed","template":"","meta":{"_uag_custom_page_level_css":"","site-sidebar-layout":"default","site-content-layout":"","ast-site-content-layout":"default","site-content-style":"default","site-sidebar-style":"default","ast-global-header-display":"","ast-banner-title-visibility":"","ast-main-header-display":"","ast-hfb-above-header-display":"","ast-hfb-below-header-display":"","ast-hfb-mobile-header-display":"","site-post-title":"","ast-breadcrumbs-content":"","ast-featured-img":"","footer-sml-layout":"","theme-transparent-header-meta":"default","adv-header-id-meta":"","stick-header-meta":"","header-above-stick-meta":"","header-main-stick-meta":"","header-below-stick-meta":"","astra-migrate-meta-layouts":"set","ast-page-background-enabled":"default","ast-page-background-meta":{"desktop":{"background-color":"var(--ast-global-color-5)","background-image":"","background-repeat":"repeat","background-position":"center center","background-size":"auto","background-attachment":"scroll","background-type":"","background-media":"","overlay-type":"","overlay-color":"","overlay-opacity":"","overlay-gradient":""},"tablet":{"background-color":"","background-image":"","background-repeat":"repeat","background-position":"center center","background-size":"auto","background-attachment":"scroll","background-type":"","background-media":"","overlay-type":"","overlay-color":"","overlay-opacity":"","overlay-gradient":""},"mobile":{"background-color":"","background-image":"","background-repeat":"repeat","background-position":"center center","background-size":"auto","background-attachment":"scroll","background-type":"","background-media":"","overlay-type":"","overlay-color":"","overlay-opacity":"","overlay-gradient":""}},"ast-content-background-meta":{"desktop":{"background-color":"var(--ast-global-color-4)","background-image":"","background-repeat":"repeat","background-position":"center center","background-size":"auto","background-attachment":"scroll","background-type":"","background-media":"","overlay-type":"","overlay-color":"","overlay-opacity":"","overlay-gradient":""},"tablet":{"background-color":"var(--ast-global-color-4)","background-image":"","background-repeat":"repeat","background-position":"center center","background-size":"auto","background-attachment":"scroll","background-type":"","background-media":"","overlay-type":"","overlay-color":"","overlay-opacity":"","overlay-gradient":""},"mobile":{"background-color":"var(--ast-global-color-4)","background-image":"","background-repeat":"repeat","background-position":"center center","background-size":"auto","background-attachment":"scroll","background-type":"","background-media":"","overlay-type":"","overlay-color":"","overlay-opacity":"","overlay-gradient":""}},"_joinchat":[]},"product_brand":[],"product_cat":[38,78],"product_tag":[],"class_list":{"0":"post-861","1":"product","2":"type-product","3":"status-publish","4":"has-post-thumbnail","6":"product_cat-labmontana","7":"product_cat-suplemento","8":"desktop-align-left","9":"tablet-align-left","10":"mobile-align-left","12":"first","13":"instock","14":"featured","15":"shipping-taxable","16":"product-type-external"},"aioseo_notices":[],"uagb_featured_image_src":{"full":["https:\/\/importadoracristinateran.com\/wp-content\/uploads\/2025\/04\/xtracaltabs.jpg",1000,1000,false],"thumbnail":["https:\/\/importadoracristinateran.com\/wp-content\/uploads\/2025\/04\/xtracaltabs-150x150.jpg",150,150,true],"medium":["https:\/\/importadoracristinateran.com\/wp-content\/uploads\/2025\/04\/xtracaltabs-300x300.jpg",300,300,true],"medium_large":["https:\/\/importadoracristinateran.com\/wp-content\/uploads\/2025\/04\/xtracaltabs-768x768.jpg",768,768,true],"large":["https:\/\/importadoracristinateran.com\/wp-content\/uploads\/2025\/04\/xtracaltabs.jpg",1000,1000,false],"1536x1536":["https:\/\/importadoracristinateran.com\/wp-content\/uploads\/2025\/04\/xtracaltabs.jpg",1000,1000,false],"2048x2048":["https:\/\/importadoracristinateran.com\/wp-content\/uploads\/2025\/04\/xtracaltabs.jpg",1000,1000,false],"woocommerce_thumbnail":["https:\/\/importadoracristinateran.com\/wp-content\/uploads\/2025\/04\/xtracaltabs-300x300.jpg",300,300,true],"woocommerce_single":["https:\/\/importadoracristinateran.com\/wp-content\/uploads\/2025\/04\/xtracaltabs-600x600.jpg",600,600,true],"woocommerce_gallery_thumbnail":["https:\/\/importadoracristinateran.com\/wp-content\/uploads\/2025\/04\/xtracaltabs-100x100.jpg",100,100,true],"dgwt-wcas-product-suggestion":["https:\/\/importadoracristinateran.com\/wp-content\/uploads\/2025\/04\/xtracaltabs-64x64.jpg",64,64,true]},"uagb_author_info":{"display_name":"mcris.import@gmail.com","author_link":"https:\/\/importadoracristinateran.com\/?author=0"},"uagb_comment_info":0,"uagb_excerpt":"Xtracal Tabs Crecimiento y fortaleza \u00f3sea en el mejor suplemento mineral COMPOSICI\u00d3N Cada tableta de 3300 mg contiene: Calcio\u00a0 - \u00a0 20.00 % F\u00f3sforo\u00a0- \u00a014.00 % Cloruro de Sodio\u00a0- 0.10 % Magnesio\u00a0- \u00a00.06 % Vitamina D3 (Colecalciferol) -\u00a0 400 UI Prote\u00edna\u00a0-\u00a04.00 % Grasa - 1.00 % INDICACIONES DE USO XTRACAL TABS es un suplemento mineral&hellip;","_links":{"self":[{"href":"https:\/\/importadoracristinateran.com\/index.php?rest_route=\/wp\/v2\/product\/861","targetHints":{"allow":["GET"]}}],"collection":[{"href":"https:\/\/importadoracristinateran.com\/index.php?rest_route=\/wp\/v2\/product"}],"about":[{"href":"https:\/\/importadoracristinateran.com\/index.php?rest_route=\/wp\/v2\/types\/product"}],"replies":[{"embeddable":true,"href":"https:\/\/importadoracristinateran.com\/index.php?rest_route=%2Fwp%2Fv2%2Fcomments&post=861"}],"wp:featuredmedia":[{"embeddable":true,"href":"https:\/\/importadoracristinateran.com\/index.php?rest_route=\/wp\/v2\/media\/862"}],"wp:attachment":[{"href":"https:\/\/importadoracristinateran.com\/index.php?rest_route=%2Fwp%2Fv2%2Fmedia&parent=861"}],"wp:term":[{"taxonomy":"product_brand","embeddable":true,"href":"https:\/\/importadoracristinateran.com\/index.php?rest_route=%2Fwp%2Fv2%2Fproduct_brand&post=861"},{"taxonomy":"product_cat","embeddable":true,"href":"https:\/\/importadoracristinateran.com\/index.php?rest_route=%2Fwp%2Fv2%2Fproduct_cat&post=861"},{"taxonomy":"product_tag","embeddable":true,"href":"https:\/\/importadoracristinateran.com\/index.php?rest_route=%2Fwp%2Fv2%2Fproduct_tag&post=861"}],"curies":[{"name":"wp","href":"https:\/\/api.w.org\/{rel}","templated":true}]}}