{"id":866,"date":"2025-04-03T22:49:23","date_gmt":"2025-04-03T22:49:23","guid":{"rendered":"https:\/\/importadoracristinateran.com\/?post_type=product&#038;p=866"},"modified":"2025-04-29T20:03:36","modified_gmt":"2025-04-29T20:03:36","slug":"dominal-collar","status":"publish","type":"product","link":"https:\/\/importadoracristinateran.com\/?product=dominal-collar","title":{"rendered":"Dominal Collar"},"content":{"rendered":"<p>&nbsp;<\/p>\n<p><strong>F\u00f3rmula:<\/strong><br \/>\nCada 100 gramos contiene: Propoxur 12,00 gramos; Imidacloprid 5,00 gramos; Fenoxicarb, 1,00 gramos, excipientes c.s.<\/p>\n<p><strong>Indicaciones:<\/strong><br \/>\nAntiparasitario externo destinado a la prevenci\u00f3n y tratamiento de las infestaciones por pulgas, garrapatas y\/o piojos. La dosis necesaria es administrada seg\u00fan el peso del collar y la talla del animal.\u00a0 Se recomienda el recambio del collar cada 3 meses.<\/p>\n<p><strong>Administraci\u00f3n y dosis:<\/strong><br \/>\nUbicar el collar alrededor del cuello del animal y trabarlo luego de regular la medida. Dejar un espacio que permita introducir los dedos, de manera de evitar el ce\u00f1ido o flojedad excesivos. Cortar y tirar el trozo sobrante.<\/p>\n<p>En el caso de animales en crecimiento considerar el crecimiento del animal, dejar un excedente y regular peri\u00f3dicamente el collar.<\/p>\n<p>No aplicar a cachorros menores a 2 meses, ni a gatitos que pesen menos de 2 kg o tengan menos de 6 meses de edad. En el caso de que el animal sea la primera vez que usa este tipo de dispositivo, monitorear los primeros 45 minutos luego de colocado el collar para observar si existe resistencia marcada a la utilizaci\u00f3n del mismo, lo lame o muerde, en ese caso retirar el mismo inmediatamente. No utilizar en hembras pre\u00f1adas.<br \/>\nResistente a la lluvia y al calor del sol.<\/p>\n","protected":false},"excerpt":{"rendered":"<p><strong>Collar de matriz pl\u00e1stica.<\/strong><\/p>\n<p><strong>Presentaci\u00f3n:<\/strong><br \/>\nDominal Collar cachorros y perros chicos: Collar de 13,0 gramos; Dominal Collar perros medianos: Collar de 28,0 gramos; Dominal Collar perros grandes: Collar de 38,0 gramos, Dominal Collar Gatos: Collar de 13,0 gramos.<\/p>\n<p><strong>Collar antiparasitario externo.<br \/>\n<\/strong><strong>Productos antiparasitarios para perros y gatos.<\/strong><\/p>\n<p><strong>Descripci\u00f3n:<\/strong><br \/>\nAntiparasitario externo para caninos y felinos. Los activos est\u00e1n incorporados a la matriz pl\u00e1stica del collar en forma de micropart\u00edculas, que van migrando a la superficie en forma continua, manteniendo su eficacia en forma sostenida por el per\u00edodo de 3 meses.<\/p>\n","protected":false},"featured_media":867,"comment_status":"open","ping_status":"closed","template":"","meta":{"_uag_custom_page_level_css":"","site-sidebar-layout":"default","site-content-layout":"","ast-site-content-layout":"default","site-content-style":"default","site-sidebar-style":"default","ast-global-header-display":"","ast-banner-title-visibility":"","ast-main-header-display":"","ast-hfb-above-header-display":"","ast-hfb-below-header-display":"","ast-hfb-mobile-header-display":"","site-post-title":"","ast-breadcrumbs-content":"","ast-featured-img":"","footer-sml-layout":"","theme-transparent-header-meta":"default","adv-header-id-meta":"","stick-header-meta":"","header-above-stick-meta":"","header-main-stick-meta":"","header-below-stick-meta":"","astra-migrate-meta-layouts":"set","ast-page-background-enabled":"default","ast-page-background-meta":{"desktop":{"background-color":"var(--ast-global-color-5)","background-image":"","background-repeat":"repeat","background-position":"center center","background-size":"auto","background-attachment":"scroll","background-type":"","background-media":"","overlay-type":"","overlay-color":"","overlay-opacity":"","overlay-gradient":""},"tablet":{"background-color":"","background-image":"","background-repeat":"repeat","background-position":"center center","background-size":"auto","background-attachment":"scroll","background-type":"","background-media":"","overlay-type":"","overlay-color":"","overlay-opacity":"","overlay-gradient":""},"mobile":{"background-color":"","background-image":"","background-repeat":"repeat","background-position":"center center","background-size":"auto","background-attachment":"scroll","background-type":"","background-media":"","overlay-type":"","overlay-color":"","overlay-opacity":"","overlay-gradient":""}},"ast-content-background-meta":{"desktop":{"background-color":"var(--ast-global-color-4)","background-image":"","background-repeat":"repeat","background-position":"center center","background-size":"auto","background-attachment":"scroll","background-type":"","background-media":"","overlay-type":"","overlay-color":"","overlay-opacity":"","overlay-gradient":""},"tablet":{"background-color":"var(--ast-global-color-4)","background-image":"","background-repeat":"repeat","background-position":"center center","background-size":"auto","background-attachment":"scroll","background-type":"","background-media":"","overlay-type":"","overlay-color":"","overlay-opacity":"","overlay-gradient":""},"mobile":{"background-color":"var(--ast-global-color-4)","background-image":"","background-repeat":"repeat","background-position":"center center","background-size":"auto","background-attachment":"scroll","background-type":"","background-media":"","overlay-type":"","overlay-color":"","overlay-opacity":"","overlay-gradient":""}},"_joinchat":[]},"product_brand":[],"product_cat":[93],"product_tag":[],"class_list":{"0":"post-866","1":"product","2":"type-product","3":"status-publish","4":"has-post-thumbnail","6":"product_cat-labkonig","7":"desktop-align-left","8":"tablet-align-left","9":"mobile-align-left","11":"first","12":"instock","13":"shipping-taxable","14":"product-type-external"},"aioseo_notices":[],"uagb_featured_image_src":{"full":["https:\/\/importadoracristinateran.com\/wp-content\/uploads\/2025\/04\/Collares-Dominal-Composicion-480x480-1.jpg",480,480,false],"thumbnail":["https:\/\/importadoracristinateran.com\/wp-content\/uploads\/2025\/04\/Collares-Dominal-Composicion-480x480-1-150x150.jpg",150,150,true],"medium":["https:\/\/importadoracristinateran.com\/wp-content\/uploads\/2025\/04\/Collares-Dominal-Composicion-480x480-1-300x300.jpg",300,300,true],"medium_large":["https:\/\/importadoracristinateran.com\/wp-content\/uploads\/2025\/04\/Collares-Dominal-Composicion-480x480-1.jpg",480,480,false],"large":["https:\/\/importadoracristinateran.com\/wp-content\/uploads\/2025\/04\/Collares-Dominal-Composicion-480x480-1.jpg",480,480,false],"1536x1536":["https:\/\/importadoracristinateran.com\/wp-content\/uploads\/2025\/04\/Collares-Dominal-Composicion-480x480-1.jpg",480,480,false],"2048x2048":["https:\/\/importadoracristinateran.com\/wp-content\/uploads\/2025\/04\/Collares-Dominal-Composicion-480x480-1.jpg",480,480,false],"woocommerce_thumbnail":["https:\/\/importadoracristinateran.com\/wp-content\/uploads\/2025\/04\/Collares-Dominal-Composicion-480x480-1-300x300.jpg",300,300,true],"woocommerce_single":["https:\/\/importadoracristinateran.com\/wp-content\/uploads\/2025\/04\/Collares-Dominal-Composicion-480x480-1.jpg",480,480,false],"woocommerce_gallery_thumbnail":["https:\/\/importadoracristinateran.com\/wp-content\/uploads\/2025\/04\/Collares-Dominal-Composicion-480x480-1-100x100.jpg",100,100,true],"dgwt-wcas-product-suggestion":["https:\/\/importadoracristinateran.com\/wp-content\/uploads\/2025\/04\/Collares-Dominal-Composicion-480x480-1-64x64.jpg",64,64,true]},"uagb_author_info":{"display_name":"mcris.import@gmail.com","author_link":"https:\/\/importadoracristinateran.com\/?author=0"},"uagb_comment_info":0,"uagb_excerpt":"Collar de matriz pl\u00e1stica. Presentaci\u00f3n: Dominal Collar cachorros y perros chicos: Collar de 13,0 gramos; Dominal Collar perros medianos: Collar de 28,0 gramos; Dominal Collar perros grandes: Collar de 38,0 gramos, Dominal Collar Gatos: Collar de 13,0 gramos. Collar antiparasitario externo. Productos antiparasitarios para perros y gatos. Descripci\u00f3n: Antiparasitario externo para caninos y felinos. Los&hellip;","_links":{"self":[{"href":"https:\/\/importadoracristinateran.com\/index.php?rest_route=\/wp\/v2\/product\/866","targetHints":{"allow":["GET"]}}],"collection":[{"href":"https:\/\/importadoracristinateran.com\/index.php?rest_route=\/wp\/v2\/product"}],"about":[{"href":"https:\/\/importadoracristinateran.com\/index.php?rest_route=\/wp\/v2\/types\/product"}],"replies":[{"embeddable":true,"href":"https:\/\/importadoracristinateran.com\/index.php?rest_route=%2Fwp%2Fv2%2Fcomments&post=866"}],"wp:featuredmedia":[{"embeddable":true,"href":"https:\/\/importadoracristinateran.com\/index.php?rest_route=\/wp\/v2\/media\/867"}],"wp:attachment":[{"href":"https:\/\/importadoracristinateran.com\/index.php?rest_route=%2Fwp%2Fv2%2Fmedia&parent=866"}],"wp:term":[{"taxonomy":"product_brand","embeddable":true,"href":"https:\/\/importadoracristinateran.com\/index.php?rest_route=%2Fwp%2Fv2%2Fproduct_brand&post=866"},{"taxonomy":"product_cat","embeddable":true,"href":"https:\/\/importadoracristinateran.com\/index.php?rest_route=%2Fwp%2Fv2%2Fproduct_cat&post=866"},{"taxonomy":"product_tag","embeddable":true,"href":"https:\/\/importadoracristinateran.com\/index.php?rest_route=%2Fwp%2Fv2%2Fproduct_tag&post=866"}],"curies":[{"name":"wp","href":"https:\/\/api.w.org\/{rel}","templated":true}]}}