{"id":868,"date":"2025-04-03T22:56:59","date_gmt":"2025-04-03T22:56:59","guid":{"rendered":"https:\/\/importadoracristinateran.com\/?post_type=product&#038;p=868"},"modified":"2025-04-03T22:56:59","modified_gmt":"2025-04-03T22:56:59","slug":"antalvet-compuesto","status":"publish","type":"product","link":"https:\/\/importadoracristinateran.com\/?product=antalvet-compuesto","title":{"rendered":"Antalvet compuesto"},"content":{"rendered":"<p><strong>COMPOSICI\u00d3N<\/strong><\/p>\n<p>Cada 100 ml contiene:<\/p>\n<p>Dipirona\u00a0 \u00a0 \u00a0 \u00a0 \u00a0 \u00a0 \u00a0 \u00a0 \u00a0 \u00a0 \u00a0 \u00a0 \u00a0 \u00a0 \u00a0 \u00a0 \u00a0 \u00a0 \u00a0 \u00a0 \u00a0 50.0 g<\/p>\n<p>N -butilbromuro de hioscina\u00a0 \u00a0 \u00a0 \u00a0 0.5 g<\/p>\n<p>Veh\u00edculo c.s.p.\u00a0 \u00a0 \u00a0 \u00a0 \u00a0 \u00a0 \u00a0 \u00a0 \u00a0 \u00a0 \u00a0 \u00a0 \u00a0 \u00a0 \u00a0 100 ml<\/p>\n<p><strong>ACCI\u00d3N TERAP\u00c9UTICA<\/strong><\/p>\n<p>Potente analg\u00e9sico, antipir\u00e9tico y antiespasm\u00f3dico. Act\u00faa inhibiendo la s\u00edntesis de prostaglandinas de manera que disminuye el dolor y controla la FIebre al actuar en el centro hipotal\u00e1mico.<\/p>\n<p><strong>INDICACIONES DE USO<\/strong><\/p>\n<p>ANTALVET\u00ae COMPUESTO incorpora el m\u00e1s efectivo principio activo para combatir y aliviar en pocos minutos los c\u00f3licos y espasmos gastrointestinales. Se indica para calmar todo tipo de traumatismos, heridas y dolores post-operatorios. Su poderosa acci\u00f3n antipir\u00e9tica y analg\u00e9sica elimina r\u00e1pidamente la fiebre y los malestares asociados con procesos febriles e infecciosos.<\/p>\n<p><strong>ADMINISTRACI\u00d3N Y DOSIS<\/strong><\/p>\n<p>Se administra por v\u00eda intramuscular, intravenosa o subcut\u00e1nea.<\/p>\n<p><strong>&#8211; Bovinos y equinos:<\/strong>\u00a06 &#8211; 8 ml por cada 100 kg de peso vivo (equivalente a 3 &#8211; 4 g de dipirona y 0.03 &#8211; 0.04 g de N-butilbromuro de hioscina)<\/p>\n<p><strong>&#8211; Ovinos, caprinos y cam\u00e9lidos sudamericanos:<\/strong>\u00a02-4 ml por animal (equivalente a 1 &#8211; 2 g de dipirona y 0.01 &#8211; 0.02 g de N-butilbromuro de hioscina)<\/p>\n<p><strong>&#8211; Porcinos<\/strong>\u00a0(dosificaci\u00f3n por animal)<\/p>\n<p>Lechones: 1 ml (equivalente a 0.5 g de dipirona de 0.005 g de N-butilbormuro de hioscina)<\/p>\n<p>Gorrinos: 3 &#8211; 8 ml (equivalente a 1.5 &#8211; 4 g de dipirona y 0.015 &#8211; 0.04 g de N-butilbromuro de hioscina)<\/p>\n<p>Marranas: 8 &#8211; 12 ml (equivalente a 4 &#8211; 6 g de dipirona y 0.04 &#8211; 0.24 g de N-butilbromuro de hioscina)<\/p>\n<p>Verracos: 15 ml (equivalente a 7.5 g de dipirona y 0.075 g de N-butilbromuro de hioscina)<\/p>\n<p><strong>&#8211; Caninos:<\/strong>\u00a01 &#8211; 2 ml (equivalente a 0.5 &#8211; 1 g de dipirona y 0.005 &#8211; 0.01 g de N-butilbromuro de hioscina)<\/p>\n<p><strong>PRECAUCIONES<\/strong><\/p>\n<p>En tratamientos prolongados este producto puede producir enteritis (constipaci\u00f3n).<\/p>\n<p><strong>PERIODO DE RETIRO<\/strong><\/p>\n<p>Este producto no lo requiere.<\/p>\n<p><strong>PRESENTACI\u00d3N<\/strong><\/p>\n<p>Frasco por 50, 100 y 250 ml.<\/p>\n<p><strong>USO VETERINARIO.<\/strong>\u00a0<strong>MANTENER EL PRODUCTO FUERA DEL ALCANCE DE LOS NI\u00d1OS Y ANIMALES DOM\u00c9STICOS.<\/strong><\/p>\n<p><strong>CONSERVAR EL PRODUCTO EN UN AMBIENTE FRESCO Y SECO, ENTRE 15 \u00baC Y 30 \u00baC.<\/strong><\/p>\n<p><strong>VENTA BAJO RECETA M\u00c9DICA.<\/strong><\/p>\n","protected":false},"excerpt":{"rendered":"<p><strong>Analg\u00e9sico &#8211; Antipir\u00e9tico &#8211; Antiespasm\u00f3dico<\/strong><\/p>\n<p>Potente analg\u00e9sico, antipir\u00e9tico y antiespasm\u00f3dico. Act\u00faa inhibiendo la s\u00edntesis de prostaglandinas de manera que disminuye el dolor y controla la fiebre al actuar en el centro hipotal\u00e1mico.<\/p>\n","protected":false},"featured_media":869,"comment_status":"open","ping_status":"closed","template":"","meta":{"_uag_custom_page_level_css":"","site-sidebar-layout":"default","site-content-layout":"","ast-site-content-layout":"default","site-content-style":"default","site-sidebar-style":"default","ast-global-header-display":"","ast-banner-title-visibility":"","ast-main-header-display":"","ast-hfb-above-header-display":"","ast-hfb-below-header-display":"","ast-hfb-mobile-header-display":"","site-post-title":"","ast-breadcrumbs-content":"","ast-featured-img":"","footer-sml-layout":"","theme-transparent-header-meta":"default","adv-header-id-meta":"","stick-header-meta":"","header-above-stick-meta":"","header-main-stick-meta":"","header-below-stick-meta":"","astra-migrate-meta-layouts":"set","ast-page-background-enabled":"default","ast-page-background-meta":{"desktop":{"background-color":"var(--ast-global-color-5)","background-image":"","background-repeat":"repeat","background-position":"center center","background-size":"auto","background-attachment":"scroll","background-type":"","background-media":"","overlay-type":"","overlay-color":"","overlay-opacity":"","overlay-gradient":""},"tablet":{"background-color":"","background-image":"","background-repeat":"repeat","background-position":"center center","background-size":"auto","background-attachment":"scroll","background-type":"","background-media":"","overlay-type":"","overlay-color":"","overlay-opacity":"","overlay-gradient":""},"mobile":{"background-color":"","background-image":"","background-repeat":"repeat","background-position":"center center","background-size":"auto","background-attachment":"scroll","background-type":"","background-media":"","overlay-type":"","overlay-color":"","overlay-opacity":"","overlay-gradient":""}},"ast-content-background-meta":{"desktop":{"background-color":"var(--ast-global-color-4)","background-image":"","background-repeat":"repeat","background-position":"center center","background-size":"auto","background-attachment":"scroll","background-type":"","background-media":"","overlay-type":"","overlay-color":"","overlay-opacity":"","overlay-gradient":""},"tablet":{"background-color":"var(--ast-global-color-4)","background-image":"","background-repeat":"repeat","background-position":"center center","background-size":"auto","background-attachment":"scroll","background-type":"","background-media":"","overlay-type":"","overlay-color":"","overlay-opacity":"","overlay-gradient":""},"mobile":{"background-color":"var(--ast-global-color-4)","background-image":"","background-repeat":"repeat","background-position":"center center","background-size":"auto","background-attachment":"scroll","background-type":"","background-media":"","overlay-type":"","overlay-color":"","overlay-opacity":"","overlay-gradient":""}},"_joinchat":[]},"product_brand":[],"product_cat":[38],"product_tag":[62,64],"class_list":{"0":"post-868","1":"product","2":"type-product","3":"status-publish","4":"has-post-thumbnail","6":"product_cat-labmontana","7":"product_tag-analgesico","8":"product_tag-antipiretico","9":"desktop-align-left","10":"tablet-align-left","11":"mobile-align-left","13":"first","14":"instock","15":"shipping-taxable","16":"product-type-external"},"aioseo_notices":[],"uagb_featured_image_src":{"full":["https:\/\/importadoracristinateran.com\/wp-content\/uploads\/2025\/04\/antalvetcompuesto.jpg",1000,1000,false],"thumbnail":["https:\/\/importadoracristinateran.com\/wp-content\/uploads\/2025\/04\/antalvetcompuesto-150x150.jpg",150,150,true],"medium":["https:\/\/importadoracristinateran.com\/wp-content\/uploads\/2025\/04\/antalvetcompuesto-300x300.jpg",300,300,true],"medium_large":["https:\/\/importadoracristinateran.com\/wp-content\/uploads\/2025\/04\/antalvetcompuesto-768x768.jpg",768,768,true],"large":["https:\/\/importadoracristinateran.com\/wp-content\/uploads\/2025\/04\/antalvetcompuesto.jpg",1000,1000,false],"1536x1536":["https:\/\/importadoracristinateran.com\/wp-content\/uploads\/2025\/04\/antalvetcompuesto.jpg",1000,1000,false],"2048x2048":["https:\/\/importadoracristinateran.com\/wp-content\/uploads\/2025\/04\/antalvetcompuesto.jpg",1000,1000,false],"woocommerce_thumbnail":["https:\/\/importadoracristinateran.com\/wp-content\/uploads\/2025\/04\/antalvetcompuesto-300x300.jpg",300,300,true],"woocommerce_single":["https:\/\/importadoracristinateran.com\/wp-content\/uploads\/2025\/04\/antalvetcompuesto-600x600.jpg",600,600,true],"woocommerce_gallery_thumbnail":["https:\/\/importadoracristinateran.com\/wp-content\/uploads\/2025\/04\/antalvetcompuesto-100x100.jpg",100,100,true],"dgwt-wcas-product-suggestion":["https:\/\/importadoracristinateran.com\/wp-content\/uploads\/2025\/04\/antalvetcompuesto-64x64.jpg",64,64,true]},"uagb_author_info":{"display_name":"mcris.import@gmail.com","author_link":"https:\/\/importadoracristinateran.com\/?author=0"},"uagb_comment_info":0,"uagb_excerpt":"Analg\u00e9sico - Antipir\u00e9tico - Antiespasm\u00f3dico Potente analg\u00e9sico, antipir\u00e9tico y antiespasm\u00f3dico. Act\u00faa inhibiendo la s\u00edntesis de prostaglandinas de manera que disminuye el dolor y controla la fiebre al actuar en el centro hipotal\u00e1mico.","_links":{"self":[{"href":"https:\/\/importadoracristinateran.com\/index.php?rest_route=\/wp\/v2\/product\/868","targetHints":{"allow":["GET"]}}],"collection":[{"href":"https:\/\/importadoracristinateran.com\/index.php?rest_route=\/wp\/v2\/product"}],"about":[{"href":"https:\/\/importadoracristinateran.com\/index.php?rest_route=\/wp\/v2\/types\/product"}],"replies":[{"embeddable":true,"href":"https:\/\/importadoracristinateran.com\/index.php?rest_route=%2Fwp%2Fv2%2Fcomments&post=868"}],"wp:featuredmedia":[{"embeddable":true,"href":"https:\/\/importadoracristinateran.com\/index.php?rest_route=\/wp\/v2\/media\/869"}],"wp:attachment":[{"href":"https:\/\/importadoracristinateran.com\/index.php?rest_route=%2Fwp%2Fv2%2Fmedia&parent=868"}],"wp:term":[{"taxonomy":"product_brand","embeddable":true,"href":"https:\/\/importadoracristinateran.com\/index.php?rest_route=%2Fwp%2Fv2%2Fproduct_brand&post=868"},{"taxonomy":"product_cat","embeddable":true,"href":"https:\/\/importadoracristinateran.com\/index.php?rest_route=%2Fwp%2Fv2%2Fproduct_cat&post=868"},{"taxonomy":"product_tag","embeddable":true,"href":"https:\/\/importadoracristinateran.com\/index.php?rest_route=%2Fwp%2Fv2%2Fproduct_tag&post=868"}],"curies":[{"name":"wp","href":"https:\/\/api.w.org\/{rel}","templated":true}]}}