{"id":870,"date":"2025-04-03T23:05:46","date_gmt":"2025-04-03T23:05:46","guid":{"rendered":"https:\/\/importadoracristinateran.com\/?post_type=product&#038;p=870"},"modified":"2025-04-03T23:05:46","modified_gmt":"2025-04-03T23:05:46","slug":"meloxisan-pets","status":"publish","type":"product","link":"https:\/\/importadoracristinateran.com\/?product=meloxisan-pets","title":{"rendered":"Meloxisan PETS"},"content":{"rendered":"<p><strong>Meloxisan\u00ae<\/strong><\/p>\n<p>Antiinflamatorio no corticoide de \u00faltima generaci\u00f3n.<\/p>\n<p><strong>COMPOSICI\u00d3N<\/strong><\/p>\n<p>Cada 100 ml contiene:<\/p>\n<p>Meloxicam 2 g<\/p>\n<p>Veh\u00edculo c.s.p. 100 ml<\/p>\n<p><strong>ACCI\u00d3N TERAP\u00c9UTICA<\/strong><\/p>\n<p>MELOXISAN\u00ae es un antiinflamatorio no corticoide, con acci\u00f3n antiinflamatoria, antipir\u00e9tica y analg\u00e9sica, siendo su acci\u00f3n directa sobre la inhibici\u00f3n de la enzima de la prostanglandina sintetasa (ciclooxigenasa 2).<\/p>\n<p><strong>INDICACIONES DE USO<\/strong><\/p>\n<p>MELOXISAN\u00ae est\u00e1 indicado como tratamiento paralelo al antibi\u00f3tico, en enfermedades infecciosas (neumon\u00edas, gastroenteritis, mastitis, pederas, etc.) y para cualquier inflamaci\u00f3n musculoesquel\u00e9tica.<\/p>\n<p><strong>ADMINISTRACI\u00d3N Y DOSIS<\/strong><\/p>\n<p>Se recomienda administrar por v\u00eda intramuscular, subcut\u00e1nea o endovenosa las siguientes dosis:<\/p>\n<p>\u2022\u00a0<strong>Bovinos y equinos:<\/strong>\u00a01 ml \/ 40 kg de peso vivo.<\/p>\n<p>\u2022<strong>\u00a0Porcinos y ovinos:<\/strong>\u00a01 ml \/ 50 kg de peso vivo.<\/p>\n<p>Repetir la dosis por 3 d\u00edas consecutivos o seg\u00fan recomendaci\u00f3n del M\u00e9dico Veterinario.<\/p>\n<p><strong>PRECAUCIONES<\/strong><\/p>\n<p>\u2022 Como cualquier antiinflamatorio no esteroide, debe administrarse con precauci\u00f3n en animales con da\u00f1o renal, cardiaco, hep\u00e1tico y\/o con ulceraci\u00f3n g\u00e1strica.<\/p>\n<p>\u2022 No debe administrarse en hembras en el \u00faltimo tercio de la gestaci\u00f3n.<\/p>\n<p>\u2022 No administrar en animales deprimidos.<\/p>\n<p><strong>PERIODO DE RETIRO<\/strong><\/p>\n<p><strong>Bovinos y ovinos:<\/strong><\/p>\n<p>Carne: 15 d\u00edas.<\/p>\n<p>Leche: 5 d\u00edas.<\/p>\n<p><strong>Porcinos:<\/strong><\/p>\n<p>Carne: 5 d\u00edas.<\/p>\n<p><strong>Equinos:<\/strong><\/p>\n<p>Carne: 5 d\u00edas.<\/p>\n<p>Leche: No utilizar en yeguas productoras de leche destinada al consumo humano.<\/p>\n<p><strong>Presentaci\u00f3n:\u00a0<\/strong>Frasco por 100 y 250 ml.<\/p>\n<p><strong>USO VETERINARIO.<\/strong><\/p>\n<p><strong>MANTENER EL PRODUCTO FUERA DEL ALCANCE DE LOS NI\u00d1OS Y ANIMALES DOM\u00c9STICOS.<\/strong><\/p>\n<p><strong>CONSERVAR EL PRODUCTO EN UN AMBIENTE FRESCO Y SECO, ENTRE 15 \u00baC Y 30 \u00baC.<\/strong><\/p>\n<p><strong>VENTA BAJO RECETA M\u00c9DICA.<\/strong><\/p>\n","protected":false},"excerpt":{"rendered":"<p><strong>Antiinflamatorio no corticoide de \u00faltima generaci\u00f3n<\/strong><\/p>\n<p>MELOXISAN\u00ae es un antiinflamatorio no corticoide, con acci\u00f3n antiinflamatoria, antipir\u00e9tica y analg\u00e9sica, siendo su acci\u00f3n directa sobre la inhibici\u00f3n de la enzima de la prostanglandina sintetasa (ciclooxigenasa 2).<\/p>\n","protected":false},"featured_media":871,"comment_status":"open","ping_status":"closed","template":"","meta":{"_uag_custom_page_level_css":"","site-sidebar-layout":"default","site-content-layout":"","ast-site-content-layout":"default","site-content-style":"default","site-sidebar-style":"default","ast-global-header-display":"","ast-banner-title-visibility":"","ast-main-header-display":"","ast-hfb-above-header-display":"","ast-hfb-below-header-display":"","ast-hfb-mobile-header-display":"","site-post-title":"","ast-breadcrumbs-content":"","ast-featured-img":"","footer-sml-layout":"","theme-transparent-header-meta":"default","adv-header-id-meta":"","stick-header-meta":"","header-above-stick-meta":"","header-main-stick-meta":"","header-below-stick-meta":"","astra-migrate-meta-layouts":"set","ast-page-background-enabled":"default","ast-page-background-meta":{"desktop":{"background-color":"var(--ast-global-color-5)","background-image":"","background-repeat":"repeat","background-position":"center center","background-size":"auto","background-attachment":"scroll","background-type":"","background-media":"","overlay-type":"","overlay-color":"","overlay-opacity":"","overlay-gradient":""},"tablet":{"background-color":"","background-image":"","background-repeat":"repeat","background-position":"center center","background-size":"auto","background-attachment":"scroll","background-type":"","background-media":"","overlay-type":"","overlay-color":"","overlay-opacity":"","overlay-gradient":""},"mobile":{"background-color":"","background-image":"","background-repeat":"repeat","background-position":"center center","background-size":"auto","background-attachment":"scroll","background-type":"","background-media":"","overlay-type":"","overlay-color":"","overlay-opacity":"","overlay-gradient":""}},"ast-content-background-meta":{"desktop":{"background-color":"var(--ast-global-color-4)","background-image":"","background-repeat":"repeat","background-position":"center center","background-size":"auto","background-attachment":"scroll","background-type":"","background-media":"","overlay-type":"","overlay-color":"","overlay-opacity":"","overlay-gradient":""},"tablet":{"background-color":"var(--ast-global-color-4)","background-image":"","background-repeat":"repeat","background-position":"center center","background-size":"auto","background-attachment":"scroll","background-type":"","background-media":"","overlay-type":"","overlay-color":"","overlay-opacity":"","overlay-gradient":""},"mobile":{"background-color":"var(--ast-global-color-4)","background-image":"","background-repeat":"repeat","background-position":"center center","background-size":"auto","background-attachment":"scroll","background-type":"","background-media":"","overlay-type":"","overlay-color":"","overlay-opacity":"","overlay-gradient":""}},"_joinchat":[]},"product_brand":[],"product_cat":[38],"product_tag":[74],"class_list":{"0":"post-870","1":"product","2":"type-product","3":"status-publish","4":"has-post-thumbnail","6":"product_cat-labmontana","7":"product_tag-antiinflamatorio","8":"desktop-align-left","9":"tablet-align-left","10":"mobile-align-left","12":"first","13":"instock","14":"shipping-taxable","15":"product-type-external"},"aioseo_notices":[],"uagb_featured_image_src":{"full":["https:\/\/importadoracristinateran.com\/wp-content\/uploads\/2025\/04\/meloxisan.jpg",1000,1000,false],"thumbnail":["https:\/\/importadoracristinateran.com\/wp-content\/uploads\/2025\/04\/meloxisan-150x150.jpg",150,150,true],"medium":["https:\/\/importadoracristinateran.com\/wp-content\/uploads\/2025\/04\/meloxisan-300x300.jpg",300,300,true],"medium_large":["https:\/\/importadoracristinateran.com\/wp-content\/uploads\/2025\/04\/meloxisan-768x768.jpg",768,768,true],"large":["https:\/\/importadoracristinateran.com\/wp-content\/uploads\/2025\/04\/meloxisan.jpg",1000,1000,false],"1536x1536":["https:\/\/importadoracristinateran.com\/wp-content\/uploads\/2025\/04\/meloxisan.jpg",1000,1000,false],"2048x2048":["https:\/\/importadoracristinateran.com\/wp-content\/uploads\/2025\/04\/meloxisan.jpg",1000,1000,false],"woocommerce_thumbnail":["https:\/\/importadoracristinateran.com\/wp-content\/uploads\/2025\/04\/meloxisan-300x300.jpg",300,300,true],"woocommerce_single":["https:\/\/importadoracristinateran.com\/wp-content\/uploads\/2025\/04\/meloxisan-600x600.jpg",600,600,true],"woocommerce_gallery_thumbnail":["https:\/\/importadoracristinateran.com\/wp-content\/uploads\/2025\/04\/meloxisan-100x100.jpg",100,100,true],"dgwt-wcas-product-suggestion":["https:\/\/importadoracristinateran.com\/wp-content\/uploads\/2025\/04\/meloxisan-64x64.jpg",64,64,true]},"uagb_author_info":{"display_name":"mcris.import@gmail.com","author_link":"https:\/\/importadoracristinateran.com\/?author=0"},"uagb_comment_info":0,"uagb_excerpt":"Antiinflamatorio no corticoide de \u00faltima generaci\u00f3n MELOXISAN\u00ae es un antiinflamatorio no corticoide, con acci\u00f3n antiinflamatoria, antipir\u00e9tica y analg\u00e9sica, siendo su acci\u00f3n directa sobre la inhibici\u00f3n de la enzima de la prostanglandina sintetasa (ciclooxigenasa 2).","_links":{"self":[{"href":"https:\/\/importadoracristinateran.com\/index.php?rest_route=\/wp\/v2\/product\/870","targetHints":{"allow":["GET"]}}],"collection":[{"href":"https:\/\/importadoracristinateran.com\/index.php?rest_route=\/wp\/v2\/product"}],"about":[{"href":"https:\/\/importadoracristinateran.com\/index.php?rest_route=\/wp\/v2\/types\/product"}],"replies":[{"embeddable":true,"href":"https:\/\/importadoracristinateran.com\/index.php?rest_route=%2Fwp%2Fv2%2Fcomments&post=870"}],"wp:featuredmedia":[{"embeddable":true,"href":"https:\/\/importadoracristinateran.com\/index.php?rest_route=\/wp\/v2\/media\/871"}],"wp:attachment":[{"href":"https:\/\/importadoracristinateran.com\/index.php?rest_route=%2Fwp%2Fv2%2Fmedia&parent=870"}],"wp:term":[{"taxonomy":"product_brand","embeddable":true,"href":"https:\/\/importadoracristinateran.com\/index.php?rest_route=%2Fwp%2Fv2%2Fproduct_brand&post=870"},{"taxonomy":"product_cat","embeddable":true,"href":"https:\/\/importadoracristinateran.com\/index.php?rest_route=%2Fwp%2Fv2%2Fproduct_cat&post=870"},{"taxonomy":"product_tag","embeddable":true,"href":"https:\/\/importadoracristinateran.com\/index.php?rest_route=%2Fwp%2Fv2%2Fproduct_tag&post=870"}],"curies":[{"name":"wp","href":"https:\/\/api.w.org\/{rel}","templated":true}]}}