{"id":872,"date":"2025-04-03T23:12:44","date_gmt":"2025-04-03T23:12:44","guid":{"rendered":"https:\/\/importadoracristinateran.com\/?post_type=product&#038;p=872"},"modified":"2025-05-09T23:30:21","modified_gmt":"2025-05-09T23:30:21","slug":"foxmax","status":"publish","type":"product","link":"https:\/\/importadoracristinateran.com\/?product=foxmax","title":{"rendered":"Foxmax\u00ae"},"content":{"rendered":"<p><strong>Foxmax\u00ae<\/strong><\/p>\n<p>Reconstituyente con F\u00f3sforo Org\u00e1nico y Vitamina B12 en Soluci\u00f3n Inyectable<\/p>\n<p><strong>COMPOSICI\u00d3N<\/strong><\/p>\n<p>Cada 100 ml contiene:<\/p>\n<p>Butafosf\u00e1n\u00a0 \u00a0 \u00a0 \u00a0 \u00a0 \u00a0 \u00a0 \u00a0 \u00a0 \u00a0 \u00a0 \u00a0 \u00a0 \u00a0 \u00a0 \u00a0 \u00a0 \u00a0 \u00a0 \u00a0 \u00a0 \u00a0 \u00a0 \u00a0 10 g<\/p>\n<p>Cianocobalamina (vitamina B12)\u00a0 \u00a0 \u00a0 \u00a0 \u00a0 \u00a0 5 mg<\/p>\n<p>Excipientes c.s.p.\u00a0 \u00a0 \u00a0 \u00a0 \u00a0 \u00a0 \u00a0 \u00a0 \u00a0 \u00a0 \u00a0 \u00a0 \u00a0 \u00a0 \u00a0 \u00a0 \u00a0 \u00a0 100 ml<\/p>\n<p><strong>ACCI\u00d3N TERAP\u00c9UTICA<\/strong><\/p>\n<p>El Butafosfan es un compuesto de f\u00f3sforo org\u00e1nico utilizado como una fuente inyectable de f\u00f3sforo en animales dom\u00e9sticos, siendo fuente primaria en el metabolismo de la energ\u00eda por ser componente del adenosin trifosfato (ATP), controlando los niveles de f\u00f3sforo s\u00e9rico para mantener el pH corporal, apoyando la funci\u00f3n del h\u00edgado y estimulando el m\u00fasculo cardiaco.<\/p>\n<p>La cianocobalamina o vitamina B12, es uno de los miembros de la familia del complejo B, importante en el metabolismo de las prote\u00ednas, grasas y az\u00facares (hidratos de carbono). Una de las funciones de esta vitamina es la de ayudar a mantener las vainas de mielina que protegen los nervios. Su deficiencia puede causar anemia, pues la cianocobalamina es fundamental para la producci\u00f3n de gl\u00f3bulos rojos. Tambi\u00e9n ayuda a mantener la fertilidad.<\/p>\n<p><strong>INDICACIONES DE USO<\/strong><\/p>\n<p>FOXMAX\u00ae est\u00e1 indicado como tratamiento paralelo al antibi\u00f3tico en:<\/p>\n<p>\u2022 Enfermedades agudas y\/o trastornos metab\u00f3licos agudos como: Paresia, acetonemia, inapetencia y disminuci\u00f3n de la producci\u00f3n l\u00e1ctea por diversas etiolog\u00edas, hipocalcemia, etc.<\/p>\n<p><strong>\u2022\u00a0<\/strong>Como adyuvante en intoxicaciones y para cualquier trastorno que cause debilidad en los animales j\u00f3venes.<\/p>\n<p><strong>\u2022\u00a0<\/strong>Enfermedades cr\u00f3nicas y\/o trastornos metab\u00f3licos cr\u00f3nicos: Para cualquier trastorno del crecimiento en animales, estados de debilidad, estr\u00e9s o fatiga, como mejorador de la fertilidad en animales reproductores, etc.<\/p>\n<p><strong>\u2022\u00a0<\/strong>Como reconstituyente en cualquier cuadro de anemia y parasitosis en general.<\/p>\n<p><strong>\u2022<\/strong>\u00a0Trastornos metab\u00f3licos generales de animales dom\u00e9sticos causados por alimentaci\u00f3n inadecuada: Principalmente en \u00e9pocas de sequ\u00eda o por cualquier desbalance en la dieta.<\/p>\n<p><strong>ADMINISTRACI\u00d3N Y DOSIS<\/strong><\/p>\n<p>Administrar por v\u00eda intramuscular, subcut\u00e1nea o intravenosa en las siguientes dosis:<\/p>\n<p>Bovinos y equinos: J\u00f3venes 5 a 12 ml<\/p>\n<p>Adultos 10 a 20 ml<\/p>\n<p>Ovinos, caprinos y cam\u00e9lidos sudamericanos:<\/p>\n<p>J\u00f3venes 1 a 2,5 ml<\/p>\n<p>Adultos 3 a 5 ml<\/p>\n<p>Porcinos:<\/p>\n<p>J\u00f3venes 1 a 2,5 ml<\/p>\n<p>Adultos 3 a 10 ml<\/p>\n<p>Caninos: 0,5 a 5 ml dependiendo del tama\u00f1o<\/p>\n<p>Felinos y aves: 0,5 a 1 ml<\/p>\n<p><strong>PERIODO DE RETIRO<\/strong><\/p>\n<p>Este producto no lo requiere.<\/p>\n<p><strong>USO VETERINARIO.<\/strong><\/p>\n<p><strong>MANTENER EL PRODUCTO FUERA DEL ALCANCE DE LOS NI\u00d1OS Y ANIMALES DOM\u00c9STICOS.<\/strong><\/p>\n<p><strong>CONSERVAR EL PRODUCTO EN UN AMBIENTE FRESCO Y SECO, ENTRE 15 \u00baC Y 30 \u00baC.<\/strong><\/p>\n<p><strong>VENTA BAJO RECETA M\u00c9DICA.<\/strong><\/p>\n<p><strong>Presentaci\u00f3n:\u00a0<\/strong>Frasco por 50, 100 y 250 ml.<\/p>\n","protected":false},"excerpt":{"rendered":"<p><strong>Reconstituyente con F\u00f3sforo Org\u00e1nico y Vitamina B12 en Soluci\u00f3n Inyectable<\/strong><\/p>\n<p>El Butafosfan es un compuesto de f\u00f3sforo org\u00e1nico utilizado como una fuente inyectable de f\u00f3sforo en animales dom\u00e9sticos, siendo fuente primaria en el metabolismo de la energ\u00eda por ser componente del adenosin trifosfato (ATP), controlando los niveles de f\u00f3sforo s\u00e9rico para mantener el pH corporal, apoyando la funci\u00f3n del h\u00edgado y estimulando el m\u00fasculo cardiaco.<\/p>\n","protected":false},"featured_media":873,"comment_status":"open","ping_status":"closed","template":"","meta":{"_uag_custom_page_level_css":"","site-sidebar-layout":"default","site-content-layout":"","ast-site-content-layout":"default","site-content-style":"default","site-sidebar-style":"default","ast-global-header-display":"","ast-banner-title-visibility":"","ast-main-header-display":"","ast-hfb-above-header-display":"","ast-hfb-below-header-display":"","ast-hfb-mobile-header-display":"","site-post-title":"","ast-breadcrumbs-content":"","ast-featured-img":"","footer-sml-layout":"","theme-transparent-header-meta":"default","adv-header-id-meta":"","stick-header-meta":"","header-above-stick-meta":"","header-main-stick-meta":"","header-below-stick-meta":"","astra-migrate-meta-layouts":"set","ast-page-background-enabled":"default","ast-page-background-meta":{"desktop":{"background-color":"var(--ast-global-color-5)","background-image":"","background-repeat":"repeat","background-position":"center center","background-size":"auto","background-attachment":"scroll","background-type":"","background-media":"","overlay-type":"","overlay-color":"","overlay-opacity":"","overlay-gradient":""},"tablet":{"background-color":"","background-image":"","background-repeat":"repeat","background-position":"center center","background-size":"auto","background-attachment":"scroll","background-type":"","background-media":"","overlay-type":"","overlay-color":"","overlay-opacity":"","overlay-gradient":""},"mobile":{"background-color":"","background-image":"","background-repeat":"repeat","background-position":"center center","background-size":"auto","background-attachment":"scroll","background-type":"","background-media":"","overlay-type":"","overlay-color":"","overlay-opacity":"","overlay-gradient":""}},"ast-content-background-meta":{"desktop":{"background-color":"var(--ast-global-color-4)","background-image":"","background-repeat":"repeat","background-position":"center center","background-size":"auto","background-attachment":"scroll","background-type":"","background-media":"","overlay-type":"","overlay-color":"","overlay-opacity":"","overlay-gradient":""},"tablet":{"background-color":"var(--ast-global-color-4)","background-image":"","background-repeat":"repeat","background-position":"center center","background-size":"auto","background-attachment":"scroll","background-type":"","background-media":"","overlay-type":"","overlay-color":"","overlay-opacity":"","overlay-gradient":""},"mobile":{"background-color":"var(--ast-global-color-4)","background-image":"","background-repeat":"repeat","background-position":"center center","background-size":"auto","background-attachment":"scroll","background-type":"","background-media":"","overlay-type":"","overlay-color":"","overlay-opacity":"","overlay-gradient":""}},"_joinchat":[]},"product_brand":[],"product_cat":[38],"product_tag":[83,82],"class_list":{"0":"post-872","1":"product","2":"type-product","3":"status-publish","4":"has-post-thumbnail","6":"product_cat-labmontana","7":"product_tag-metabolismo","8":"product_tag-vitaminas","9":"desktop-align-left","10":"tablet-align-left","11":"mobile-align-left","13":"first","14":"instock","15":"shipping-taxable","16":"product-type-external"},"aioseo_notices":[],"uagb_featured_image_src":{"full":["https:\/\/importadoracristinateran.com\/wp-content\/uploads\/2025\/04\/foxmax.jpg",1000,1000,false],"thumbnail":["https:\/\/importadoracristinateran.com\/wp-content\/uploads\/2025\/04\/foxmax-150x150.jpg",150,150,true],"medium":["https:\/\/importadoracristinateran.com\/wp-content\/uploads\/2025\/04\/foxmax-300x300.jpg",300,300,true],"medium_large":["https:\/\/importadoracristinateran.com\/wp-content\/uploads\/2025\/04\/foxmax-768x768.jpg",768,768,true],"large":["https:\/\/importadoracristinateran.com\/wp-content\/uploads\/2025\/04\/foxmax.jpg",1000,1000,false],"1536x1536":["https:\/\/importadoracristinateran.com\/wp-content\/uploads\/2025\/04\/foxmax.jpg",1000,1000,false],"2048x2048":["https:\/\/importadoracristinateran.com\/wp-content\/uploads\/2025\/04\/foxmax.jpg",1000,1000,false],"woocommerce_thumbnail":["https:\/\/importadoracristinateran.com\/wp-content\/uploads\/2025\/04\/foxmax-300x300.jpg",300,300,true],"woocommerce_single":["https:\/\/importadoracristinateran.com\/wp-content\/uploads\/2025\/04\/foxmax-600x600.jpg",600,600,true],"woocommerce_gallery_thumbnail":["https:\/\/importadoracristinateran.com\/wp-content\/uploads\/2025\/04\/foxmax-100x100.jpg",100,100,true],"dgwt-wcas-product-suggestion":["https:\/\/importadoracristinateran.com\/wp-content\/uploads\/2025\/04\/foxmax-64x64.jpg",64,64,true]},"uagb_author_info":{"display_name":"mcris.import@gmail.com","author_link":"https:\/\/importadoracristinateran.com\/?author=0"},"uagb_comment_info":0,"uagb_excerpt":"Reconstituyente con F\u00f3sforo Org\u00e1nico y Vitamina B12 en Soluci\u00f3n Inyectable El Butafosfan es un compuesto de f\u00f3sforo org\u00e1nico utilizado como una fuente inyectable de f\u00f3sforo en animales dom\u00e9sticos, siendo fuente primaria en el metabolismo de la energ\u00eda por ser componente del adenosin trifosfato (ATP), controlando los niveles de f\u00f3sforo s\u00e9rico para mantener el pH corporal,&hellip;","_links":{"self":[{"href":"https:\/\/importadoracristinateran.com\/index.php?rest_route=\/wp\/v2\/product\/872","targetHints":{"allow":["GET"]}}],"collection":[{"href":"https:\/\/importadoracristinateran.com\/index.php?rest_route=\/wp\/v2\/product"}],"about":[{"href":"https:\/\/importadoracristinateran.com\/index.php?rest_route=\/wp\/v2\/types\/product"}],"replies":[{"embeddable":true,"href":"https:\/\/importadoracristinateran.com\/index.php?rest_route=%2Fwp%2Fv2%2Fcomments&post=872"}],"wp:featuredmedia":[{"embeddable":true,"href":"https:\/\/importadoracristinateran.com\/index.php?rest_route=\/wp\/v2\/media\/873"}],"wp:attachment":[{"href":"https:\/\/importadoracristinateran.com\/index.php?rest_route=%2Fwp%2Fv2%2Fmedia&parent=872"}],"wp:term":[{"taxonomy":"product_brand","embeddable":true,"href":"https:\/\/importadoracristinateran.com\/index.php?rest_route=%2Fwp%2Fv2%2Fproduct_brand&post=872"},{"taxonomy":"product_cat","embeddable":true,"href":"https:\/\/importadoracristinateran.com\/index.php?rest_route=%2Fwp%2Fv2%2Fproduct_cat&post=872"},{"taxonomy":"product_tag","embeddable":true,"href":"https:\/\/importadoracristinateran.com\/index.php?rest_route=%2Fwp%2Fv2%2Fproduct_tag&post=872"}],"curies":[{"name":"wp","href":"https:\/\/api.w.org\/{rel}","templated":true}]}}