{"id":875,"date":"2025-04-03T23:17:55","date_gmt":"2025-04-03T23:17:55","guid":{"rendered":"https:\/\/importadoracristinateran.com\/?post_type=product&#038;p=875"},"modified":"2025-05-09T23:29:57","modified_gmt":"2025-05-09T23:29:57","slug":"hematotal-atp","status":"publish","type":"product","link":"https:\/\/importadoracristinateran.com\/?product=hematotal-atp","title":{"rendered":"Hematotal\u00ae ATP"},"content":{"rendered":"<p>Reconstituyente general + Complejo energ\u00e9tico<\/p>\n<p><strong>COMPOSICI\u00d3N<\/strong><\/p>\n<p>Cada 100 ml contiene:<\/p>\n<p>Vitamina B12\u00a0 \u00a0 \u00a0 \u00a0 \u00a0 \u00a0 \u00a0 \u00a0 \u00a0 \u00a0 \u00a0 \u00a0 \u00a0 \u00a0 \u00a0 \u00a01.00mg<\/p>\n<p>Acetato de cobalto\u00a0 \u00a0 \u00a0 \u00a0 \u00a0 \u00a0 \u00a0 \u00a0 \u00a0 \u00a0 \u00a0 \u00a00.05 g<\/p>\n<p>Adenosin trifosfato (ATP)\u00a0 \u00a0 \u00a0 \u00a0 \u00a0 \u00a0 0.10 g<\/p>\n<p>Citrato f\u00e9rrico amoniacal\u00a0 \u00a0 \u00a0 \u00a0 \u00a0 \u00a0 2.00 g<\/p>\n<p>Cacodilato s\u00f3dico\u00a0 \u00a0 \u00a0 \u00a0 \u00a0 \u00a0 \u00a0 \u00a0 \u00a0 \u00a0 \u00a0 \u00a0 \u00a0 3.00 g<\/p>\n<p>Histidina HCl\u00a0 \u00a0 \u00a0 \u00a0 \u00a0 \u00a0 \u00a0 \u00a0 \u00a0 \u00a0 \u00a0 \u00a0 \u00a0 \u00a0 \u00a0 \u00a0 \u00a0 0.50 g<\/p>\n<p>Metionina\u00a0 \u00a0 \u00a0 \u00a0 \u00a0 \u00a0 \u00a0 \u00a0 \u00a0 \u00a0 \u00a0 \u00a0 \u00a0 \u00a0 \u00a0 \u00a0 \u00a0 \u00a0 \u00a0 \u00a01.00 g<\/p>\n<p>Nicotinamida\u00a0 \u00a0 \u00a0 \u00a0 \u00a0 \u00a0 \u00a0 \u00a0 \u00a0 \u00a0 \u00a0 \u00a0 \u00a0 \u00a0 \u00a0 \u00a010.00 g<\/p>\n<p>Tript\u00f3fano\u00a0 \u00a0 \u00a0 \u00a0 \u00a0 \u00a0 \u00a0 \u00a0 \u00a0 \u00a0 \u00a0 \u00a0 \u00a0 \u00a0 \u00a0 \u00a0 \u00a0 \u00a0 \u00a0 0.25 g<\/p>\n<p>Veh\u00edculo c.s.p.\u00a0 \u00a0 \u00a0 \u00a0 \u00a0 \u00a0 \u00a0 \u00a0 \u00a0 \u00a0 \u00a0 \u00a0 \u00a0100.00 ml<\/p>\n<p><strong>ACCI\u00d3N TERAP\u00c9UTICA<\/strong><\/p>\n<p>HEMATOTAL\u00ae ATP combina minerales, vitaminas, amino\u00e1cidos y otros complejos energ\u00e9ticos interviniendo en el mejoramiento de las funciones vitales del animal y permitiendo su r\u00e1pida recuperaci\u00f3n. El aporte adicional de ATP constituye una fuente inmediata de energ\u00eda.<\/p>\n<p><strong>INDICACIONES DE USO<\/strong><\/p>\n<p>HEMATOTAL\u00ae ATP se encuentra indicado en las siguientes especies: bovinos, caprinos, ovinos, equinos, porcinos, cam\u00e9lidos sudamericanos, caninos y aves.<\/p>\n<p>HEMATOTAL\u00ae ATP es un reconstituyente general, recomendado para el control de cuadros de anemia, convalecencia por problemas infecciosos, parasitarios, intoxicaciones, etc. Especialmente recomendado para combatir estados de debilidad, estr\u00e9s y agotamiento, por lo que su administraci\u00f3n es ideal en la preparaci\u00f3n de animales de competencia o sometidos a trabajos extremos.<\/p>\n<p><strong>ADMINISTRACI\u00d3N Y DOSIS<\/strong><\/p>\n<p>V\u00eda de administraci\u00f3n: Intramuscular, subcut\u00e1nea o intravenosa.<\/p>\n<p><strong>Especie\u00a0 \u00a0 \u00a0 \u00a0 \u00a0 \u00a0 \u00a0 \u00a0 \u00a0 \u00a0 \u00a0 \u00a0 \u00a0 \u00a0 \u00a0 \u00a0 \u00a0 \u00a0 \u00a0 \u00a0 \u00a0 \u00a0 \u00a0 \u00a0 \u00a0 \u00a0 \u00a0 \u00a0 \u00a0 \u00a0 \u00a0 \u00a0 \u00a0 \u00a0 \u00a0 \u00a0 \u00a0 \u00a0 \u00a0 Dosificaci\u00f3n \/ animal<\/strong><\/p>\n<p>Bovinos y equinos:\u00a0 \u00a0 \u00a0 \u00a0 \u00a0 \u00a0 \u00a0 \u00a0 \u00a0 \u00a0 \u00a0 \u00a0 \u00a0 \u00a0 \u00a0 \u00a0 \u00a0 \u00a0 \u00a0 \u00a0 \u00a0 \u00a0 \u00a0 \u00a0 \u00a0 \u00a0 \u00a0 \u00a0 \u00a0 \u00a0 \u00a0 \u00a0 0.8 ml cada 20 kg<\/p>\n<p>Terneros, potrillos y ovinos:\u00a0 \u00a0 \u00a0 \u00a0 \u00a0 \u00a0 \u00a0 \u00a0 \u00a0 \u00a0 \u00a0 \u00a0 \u00a0 \u00a0 \u00a0 \u00a0 \u00a0 \u00a0 \u00a0 \u00a0 \u00a0 \u00a0 \u00a0 \u00a0 \u00a0 1.4 ml cada 20 kg<\/p>\n<p>Porcinos, caprinos, cam\u00e9lidos sudamericanos:\u00a0 \u00a0 \u00a0 \u00a0 \u00a0 \u00a0 \u00a0 \u00a0 \u00a0 \u00a0 1.2 ml cada 20 kg<\/p>\n<p>Caninos:\u00a0 \u00a0 \u00a0 \u00a0 \u00a0 \u00a0 \u00a0 \u00a0 \u00a0 \u00a0 \u00a0 \u00a0 \u00a0 \u00a0 \u00a0 \u00a0 \u00a0 \u00a0 \u00a0 \u00a0 \u00a0 \u00a0 \u00a0 \u00a0 \u00a0 \u00a0 \u00a0 \u00a0 \u00a0 \u00a0 \u00a0 \u00a0 \u00a0 \u00a0 \u00a0 \u00a0 \u00a0 \u00a0 \u00a0 \u00a0 \u00a01 ml cada 10 kg<\/p>\n<p>Gallos de pelea:\u00a0 \u00a0 \u00a0 \u00a0 \u00a0 \u00a0 \u00a0 \u00a0 \u00a0 \u00a0 \u00a0 \u00a0 \u00a0 \u00a0 \u00a0 \u00a0 \u00a0 \u00a0 \u00a0 \u00a0 \u00a0 \u00a0 \u00a0 \u00a0 \u00a0 \u00a0 \u00a0 \u00a0 \u00a0 \u00a0 \u00a0 \u00a0 \u00a0 \u00a0 \u00a0 \u00a0 \u00a0 0.5 ml\/ave<\/p>\n<p>\u2022 Despu\u00e9s del ejercicio:\u00a0 \u00a0 \u00a0 \u00a0 \u00a0 \u00a0 \u00a0 \u00a0 \u00a0 \u00a0 \u00a0 \u00a0 \u00a0 \u00a0 \u00a0 \u00a0 \u00a0 \u00a0 \u00a0 \u00a0 \u00a0 \u00a0 \u00a0 \u00a0 \u00a0 \u00a0 \u00a0 \u00a0 \u00a0 \u00a0 \u00a0 \u00a0 0.5 ml<\/p>\n<p>\u2022 2 horas antes de la pelea:\u00a0 \u00a0 \u00a0 \u00a0 \u00a0 \u00a0 \u00a0 \u00a0 \u00a0 \u00a0 \u00a0 \u00a0 \u00a0 \u00a0 \u00a0 \u00a0 \u00a0 \u00a0 \u00a0 \u00a0 \u00a0 \u00a0 \u00a0 \u00a0 \u00a0 \u00a0 \u00a0 \u00a0 \u00a0 0.5 ml<\/p>\n<p>De ser necesario, la dosis puede repetirse por tres d\u00edas consecutivos. Consulte a su M\u00e9dico Veterinario.<\/p>\n<p><strong>PRECAUCIONES<\/strong><\/p>\n<p>La aplicaci\u00f3n de HEMATOTAL\u00ae ATP v\u00eda endovenosa se debe realizar de manera lenta a temperatura corporal.<\/p>\n<p><strong>PERIODO DE RETIRO<\/strong><\/p>\n<p>Este producto no lo requiere.<\/p>\n<p><strong>USO VETERINARIO.<\/strong><\/p>\n<p><strong>MANTENER EL PRODUCTO FUERA DEL ALCANCE DE LOS NI\u00d1OS Y ANIMALES DOM\u00c9STICOS.<\/strong><\/p>\n<p><strong>CONSERVAR EL PRODUCTO EN UN AMBIENTE FRESCO Y SECO, ENTRE 15 \u00baC Y 30 \u00baC.<\/strong><\/p>\n<p><strong>VENTA BAJO RECETA M\u00c9DICA.<\/strong><\/p>\n<p><strong>PRESENTACI\u00d3N<\/strong><\/p>\n<p>Frasco por 50, 100, 250, 500 ml y 6 ampollas de 10 ml.<\/p>\n","protected":false},"excerpt":{"rendered":"<p class=\"text-sm text-gray-500\">Reconstituyente general + Complejo energ\u00e9tico<\/p>\n<div>\n<p>HEMATOTAL\u00ae ATP combina minerales, vitaminas, amino\u00e1cidos y otros complejos energ\u00e9ticos interviniendo en el mejoramiento de las funciones vitales del animal y permitiendo su r\u00e1pida recuperaci\u00f3n. El aporte adicional de ATP constituye una fuente inmediata de energ\u00eda.<\/p>\n<\/div>\n","protected":false},"featured_media":876,"comment_status":"open","ping_status":"closed","template":"","meta":{"_uag_custom_page_level_css":"","site-sidebar-layout":"default","site-content-layout":"","ast-site-content-layout":"default","site-content-style":"default","site-sidebar-style":"default","ast-global-header-display":"","ast-banner-title-visibility":"","ast-main-header-display":"","ast-hfb-above-header-display":"","ast-hfb-below-header-display":"","ast-hfb-mobile-header-display":"","site-post-title":"","ast-breadcrumbs-content":"","ast-featured-img":"","footer-sml-layout":"","theme-transparent-header-meta":"default","adv-header-id-meta":"","stick-header-meta":"","header-above-stick-meta":"","header-main-stick-meta":"","header-below-stick-meta":"","astra-migrate-meta-layouts":"set","ast-page-background-enabled":"default","ast-page-background-meta":{"desktop":{"background-color":"var(--ast-global-color-5)","background-image":"","background-repeat":"repeat","background-position":"center center","background-size":"auto","background-attachment":"scroll","background-type":"","background-media":"","overlay-type":"","overlay-color":"","overlay-opacity":"","overlay-gradient":""},"tablet":{"background-color":"","background-image":"","background-repeat":"repeat","background-position":"center center","background-size":"auto","background-attachment":"scroll","background-type":"","background-media":"","overlay-type":"","overlay-color":"","overlay-opacity":"","overlay-gradient":""},"mobile":{"background-color":"","background-image":"","background-repeat":"repeat","background-position":"center center","background-size":"auto","background-attachment":"scroll","background-type":"","background-media":"","overlay-type":"","overlay-color":"","overlay-opacity":"","overlay-gradient":""}},"ast-content-background-meta":{"desktop":{"background-color":"var(--ast-global-color-4)","background-image":"","background-repeat":"repeat","background-position":"center center","background-size":"auto","background-attachment":"scroll","background-type":"","background-media":"","overlay-type":"","overlay-color":"","overlay-opacity":"","overlay-gradient":""},"tablet":{"background-color":"var(--ast-global-color-4)","background-image":"","background-repeat":"repeat","background-position":"center center","background-size":"auto","background-attachment":"scroll","background-type":"","background-media":"","overlay-type":"","overlay-color":"","overlay-opacity":"","overlay-gradient":""},"mobile":{"background-color":"var(--ast-global-color-4)","background-image":"","background-repeat":"repeat","background-position":"center center","background-size":"auto","background-attachment":"scroll","background-type":"","background-media":"","overlay-type":"","overlay-color":"","overlay-opacity":"","overlay-gradient":""}},"_joinchat":[]},"product_brand":[],"product_cat":[38],"product_tag":[82],"class_list":{"0":"post-875","1":"product","2":"type-product","3":"status-publish","4":"has-post-thumbnail","6":"product_cat-labmontana","7":"product_tag-vitaminas","8":"desktop-align-left","9":"tablet-align-left","10":"mobile-align-left","12":"first","13":"instock","14":"shipping-taxable","15":"product-type-external"},"aioseo_notices":[],"uagb_featured_image_src":{"full":["https:\/\/importadoracristinateran.com\/wp-content\/uploads\/2025\/04\/hematotal.jpg",1000,1000,false],"thumbnail":["https:\/\/importadoracristinateran.com\/wp-content\/uploads\/2025\/04\/hematotal-150x150.jpg",150,150,true],"medium":["https:\/\/importadoracristinateran.com\/wp-content\/uploads\/2025\/04\/hematotal-300x300.jpg",300,300,true],"medium_large":["https:\/\/importadoracristinateran.com\/wp-content\/uploads\/2025\/04\/hematotal-768x768.jpg",768,768,true],"large":["https:\/\/importadoracristinateran.com\/wp-content\/uploads\/2025\/04\/hematotal.jpg",1000,1000,false],"1536x1536":["https:\/\/importadoracristinateran.com\/wp-content\/uploads\/2025\/04\/hematotal.jpg",1000,1000,false],"2048x2048":["https:\/\/importadoracristinateran.com\/wp-content\/uploads\/2025\/04\/hematotal.jpg",1000,1000,false],"woocommerce_thumbnail":["https:\/\/importadoracristinateran.com\/wp-content\/uploads\/2025\/04\/hematotal-300x300.jpg",300,300,true],"woocommerce_single":["https:\/\/importadoracristinateran.com\/wp-content\/uploads\/2025\/04\/hematotal-600x600.jpg",600,600,true],"woocommerce_gallery_thumbnail":["https:\/\/importadoracristinateran.com\/wp-content\/uploads\/2025\/04\/hematotal-100x100.jpg",100,100,true],"dgwt-wcas-product-suggestion":["https:\/\/importadoracristinateran.com\/wp-content\/uploads\/2025\/04\/hematotal-64x64.jpg",64,64,true]},"uagb_author_info":{"display_name":"mcris.import@gmail.com","author_link":"https:\/\/importadoracristinateran.com\/?author=0"},"uagb_comment_info":0,"uagb_excerpt":"Reconstituyente general + Complejo energ\u00e9tico HEMATOTAL\u00ae ATP combina minerales, vitaminas, amino\u00e1cidos y otros complejos energ\u00e9ticos interviniendo en el mejoramiento de las funciones vitales del animal y permitiendo su r\u00e1pida recuperaci\u00f3n. El aporte adicional de ATP constituye una fuente inmediata de energ\u00eda.","_links":{"self":[{"href":"https:\/\/importadoracristinateran.com\/index.php?rest_route=\/wp\/v2\/product\/875","targetHints":{"allow":["GET"]}}],"collection":[{"href":"https:\/\/importadoracristinateran.com\/index.php?rest_route=\/wp\/v2\/product"}],"about":[{"href":"https:\/\/importadoracristinateran.com\/index.php?rest_route=\/wp\/v2\/types\/product"}],"replies":[{"embeddable":true,"href":"https:\/\/importadoracristinateran.com\/index.php?rest_route=%2Fwp%2Fv2%2Fcomments&post=875"}],"wp:featuredmedia":[{"embeddable":true,"href":"https:\/\/importadoracristinateran.com\/index.php?rest_route=\/wp\/v2\/media\/876"}],"wp:attachment":[{"href":"https:\/\/importadoracristinateran.com\/index.php?rest_route=%2Fwp%2Fv2%2Fmedia&parent=875"}],"wp:term":[{"taxonomy":"product_brand","embeddable":true,"href":"https:\/\/importadoracristinateran.com\/index.php?rest_route=%2Fwp%2Fv2%2Fproduct_brand&post=875"},{"taxonomy":"product_cat","embeddable":true,"href":"https:\/\/importadoracristinateran.com\/index.php?rest_route=%2Fwp%2Fv2%2Fproduct_cat&post=875"},{"taxonomy":"product_tag","embeddable":true,"href":"https:\/\/importadoracristinateran.com\/index.php?rest_route=%2Fwp%2Fv2%2Fproduct_tag&post=875"}],"curies":[{"name":"wp","href":"https:\/\/api.w.org\/{rel}","templated":true}]}}