{"id":882,"date":"2025-04-04T00:09:03","date_gmt":"2025-04-04T00:09:03","guid":{"rendered":"https:\/\/importadoracristinateran.com\/?post_type=product&#038;p=882"},"modified":"2025-05-10T00:46:12","modified_gmt":"2025-05-10T00:46:12","slug":"clean-happy","status":"publish","type":"product","link":"https:\/\/importadoracristinateran.com\/?product=clean-happy","title":{"rendered":"Clean &#038; Happy"},"content":{"rendered":"<p><strong>Clean&amp;Happy<sup>\u00ae<\/sup><\/strong><\/p>\n<p>Shampoo &#8211; acondicionar &#8211; antipulgas<\/p>\n<p><strong>COMPOSICI\u00d3N<\/strong><\/p>\n<p>Cada 100 ml contiene:<\/p>\n<p>Deltametrina 0.07 g<\/p>\n<p>D-Pantenol 0.50 g<\/p>\n<p>Veh\u00edculo c.s.p. 100.00 ml<\/p>\n<p>Clean &amp; Happy<sup>\u00ae<\/sup>, es un producto cuidadosamente formulado para su perro. Este 3 en 1 es la soluci\u00f3n ideal para dejar un pelo limpio, suave, manejable, con brillo y libre de pulgas. Adem\u00e1s, a diferencia de otros productos antipulgas, es muy seguro para la salud de su mascota.<\/p>\n<p>La composici\u00f3n especial de Clean &amp; Happy<sup>\u00ae<\/sup>\u00a0consigue lo siguiente:<\/p>\n<p>\u2022 El insecticida act\u00faa eliminando las pulgas de su mascota.<\/p>\n<p>\u2022 El shampoo elimina la suciedad del pelaje y la piel.<\/p>\n<p>\u2022 El acondicionador deja el pelo suave, con brillo y f\u00e1cil de cepillar.<\/p>\n<p><strong>MODO DE USO<\/strong><\/p>\n<p>\u2022 Mojar bien el pelaje del perro con agua tibia antes de aplicar el shampoo.<\/p>\n<p>\u2022 Aplicar el shampoo y masajear cuidadosamente, evitando enredar el pelo de la mascota.<\/p>\n<p>\u2022 Dejar actuar el producto de 5 a 10 minutos.<\/p>\n<p>\u2022 Enjuagar con abundante agua.<\/p>\n<p>\u2022 Repetir si es necesario.<\/p>\n<p>\u2022 Secar el pelo con una secadora mientras se cepilla.<\/p>\n<p>\u2022 Se recomienda realizar el ba\u00f1o cada 15 \u00f3 30 d\u00edas o seg\u00fan indicaci\u00f3n de su M\u00e9dico Veterinario.<\/p>\n<p><strong>PRECAUCI\u00d3N<\/strong><\/p>\n<p>No usar en cachorros lactantes.<\/p>\n<p><strong>USO VETERINARIO.<\/strong><\/p>\n<p><strong>MANTENER EL PRODUCTO FUERA DEL ALCANCE DE LOS NI\u00d1OS Y ANIMALES DOM\u00c9STICOS.<\/strong><\/p>\n<p><strong>CONSERVAR EL PRODUCTO EN UN AMBIENTE FRESCO Y SECO, ENTRE 15 \u00baC Y 30 \u00baC.<\/strong><\/p>\n<p><strong>VENTA LIBRE<\/strong><strong>.<\/strong><\/p>\n<p><strong>PRESENTACI\u00d3N<\/strong><\/p>\n<p>Frasco por 250 ml y 400 ml.<\/p>\n","protected":false},"excerpt":{"rendered":"<p class=\"text-sm text-gray-500\">Shampoo \u2013 Acondicionador \u2013 Antipulgas<\/p>\n<div>\n<p><strong>Shampoo &#8211; Acondicionador &#8211; Antipulgas<\/strong><\/p>\n<p>Clean &amp; Happy<sup>\u00ae<\/sup>, es un producto cuidadosamente formulado para su perro. Este 3 en 1 es la soluci\u00f3n ideal para dejar un pelo limpio, suave, manejable, con brillo y libre de pulgas. Adem\u00e1s, a diferencia de otros productos antipulgas, es muy seguro para la salud de su mascota.<\/p>\n<\/div>\n","protected":false},"featured_media":883,"comment_status":"open","ping_status":"closed","template":"","meta":{"_uag_custom_page_level_css":"","site-sidebar-layout":"default","site-content-layout":"","ast-site-content-layout":"default","site-content-style":"default","site-sidebar-style":"default","ast-global-header-display":"","ast-banner-title-visibility":"","ast-main-header-display":"","ast-hfb-above-header-display":"","ast-hfb-below-header-display":"","ast-hfb-mobile-header-display":"","site-post-title":"","ast-breadcrumbs-content":"","ast-featured-img":"","footer-sml-layout":"","theme-transparent-header-meta":"default","adv-header-id-meta":"","stick-header-meta":"","header-above-stick-meta":"","header-main-stick-meta":"","header-below-stick-meta":"","astra-migrate-meta-layouts":"set","ast-page-background-enabled":"default","ast-page-background-meta":{"desktop":{"background-color":"var(--ast-global-color-5)","background-image":"","background-repeat":"repeat","background-position":"center center","background-size":"auto","background-attachment":"scroll","background-type":"","background-media":"","overlay-type":"","overlay-color":"","overlay-opacity":"","overlay-gradient":""},"tablet":{"background-color":"","background-image":"","background-repeat":"repeat","background-position":"center center","background-size":"auto","background-attachment":"scroll","background-type":"","background-media":"","overlay-type":"","overlay-color":"","overlay-opacity":"","overlay-gradient":""},"mobile":{"background-color":"","background-image":"","background-repeat":"repeat","background-position":"center center","background-size":"auto","background-attachment":"scroll","background-type":"","background-media":"","overlay-type":"","overlay-color":"","overlay-opacity":"","overlay-gradient":""}},"ast-content-background-meta":{"desktop":{"background-color":"var(--ast-global-color-4)","background-image":"","background-repeat":"repeat","background-position":"center center","background-size":"auto","background-attachment":"scroll","background-type":"","background-media":"","overlay-type":"","overlay-color":"","overlay-opacity":"","overlay-gradient":""},"tablet":{"background-color":"var(--ast-global-color-4)","background-image":"","background-repeat":"repeat","background-position":"center center","background-size":"auto","background-attachment":"scroll","background-type":"","background-media":"","overlay-type":"","overlay-color":"","overlay-opacity":"","overlay-gradient":""},"mobile":{"background-color":"var(--ast-global-color-4)","background-image":"","background-repeat":"repeat","background-position":"center center","background-size":"auto","background-attachment":"scroll","background-type":"","background-media":"","overlay-type":"","overlay-color":"","overlay-opacity":"","overlay-gradient":""}},"_joinchat":[]},"product_brand":[],"product_cat":[38],"product_tag":[85,86,84],"class_list":{"0":"post-882","1":"product","2":"type-product","3":"status-publish","4":"has-post-thumbnail","6":"product_cat-labmontana","7":"product_tag-acondicionador","8":"product_tag-antipulgas","9":"product_tag-shampoo","10":"desktop-align-left","11":"tablet-align-left","12":"mobile-align-left","14":"first","15":"instock","16":"shipping-taxable","17":"product-type-external"},"aioseo_notices":[],"uagb_featured_image_src":{"full":["https:\/\/importadoracristinateran.com\/wp-content\/uploads\/2025\/04\/cleanhappy.jpg",1000,1000,false],"thumbnail":["https:\/\/importadoracristinateran.com\/wp-content\/uploads\/2025\/04\/cleanhappy-150x150.jpg",150,150,true],"medium":["https:\/\/importadoracristinateran.com\/wp-content\/uploads\/2025\/04\/cleanhappy-300x300.jpg",300,300,true],"medium_large":["https:\/\/importadoracristinateran.com\/wp-content\/uploads\/2025\/04\/cleanhappy-768x768.jpg",768,768,true],"large":["https:\/\/importadoracristinateran.com\/wp-content\/uploads\/2025\/04\/cleanhappy.jpg",1000,1000,false],"1536x1536":["https:\/\/importadoracristinateran.com\/wp-content\/uploads\/2025\/04\/cleanhappy.jpg",1000,1000,false],"2048x2048":["https:\/\/importadoracristinateran.com\/wp-content\/uploads\/2025\/04\/cleanhappy.jpg",1000,1000,false],"woocommerce_thumbnail":["https:\/\/importadoracristinateran.com\/wp-content\/uploads\/2025\/04\/cleanhappy-300x300.jpg",300,300,true],"woocommerce_single":["https:\/\/importadoracristinateran.com\/wp-content\/uploads\/2025\/04\/cleanhappy-600x600.jpg",600,600,true],"woocommerce_gallery_thumbnail":["https:\/\/importadoracristinateran.com\/wp-content\/uploads\/2025\/04\/cleanhappy-100x100.jpg",100,100,true],"dgwt-wcas-product-suggestion":["https:\/\/importadoracristinateran.com\/wp-content\/uploads\/2025\/04\/cleanhappy-64x64.jpg",64,64,true]},"uagb_author_info":{"display_name":"mcris.import@gmail.com","author_link":"https:\/\/importadoracristinateran.com\/?author=0"},"uagb_comment_info":0,"uagb_excerpt":"Shampoo \u2013 Acondicionador \u2013 Antipulgas Shampoo - Acondicionador - Antipulgas Clean &amp; Happy\u00ae, es un producto cuidadosamente formulado para su perro. Este 3 en 1 es la soluci\u00f3n ideal para dejar un pelo limpio, suave, manejable, con brillo y libre de pulgas. Adem\u00e1s, a diferencia de otros productos antipulgas, es muy seguro para la salud&hellip;","_links":{"self":[{"href":"https:\/\/importadoracristinateran.com\/index.php?rest_route=\/wp\/v2\/product\/882","targetHints":{"allow":["GET"]}}],"collection":[{"href":"https:\/\/importadoracristinateran.com\/index.php?rest_route=\/wp\/v2\/product"}],"about":[{"href":"https:\/\/importadoracristinateran.com\/index.php?rest_route=\/wp\/v2\/types\/product"}],"replies":[{"embeddable":true,"href":"https:\/\/importadoracristinateran.com\/index.php?rest_route=%2Fwp%2Fv2%2Fcomments&post=882"}],"wp:featuredmedia":[{"embeddable":true,"href":"https:\/\/importadoracristinateran.com\/index.php?rest_route=\/wp\/v2\/media\/883"}],"wp:attachment":[{"href":"https:\/\/importadoracristinateran.com\/index.php?rest_route=%2Fwp%2Fv2%2Fmedia&parent=882"}],"wp:term":[{"taxonomy":"product_brand","embeddable":true,"href":"https:\/\/importadoracristinateran.com\/index.php?rest_route=%2Fwp%2Fv2%2Fproduct_brand&post=882"},{"taxonomy":"product_cat","embeddable":true,"href":"https:\/\/importadoracristinateran.com\/index.php?rest_route=%2Fwp%2Fv2%2Fproduct_cat&post=882"},{"taxonomy":"product_tag","embeddable":true,"href":"https:\/\/importadoracristinateran.com\/index.php?rest_route=%2Fwp%2Fv2%2Fproduct_tag&post=882"}],"curies":[{"name":"wp","href":"https:\/\/api.w.org\/{rel}","templated":true}]}}