{"id":904,"date":"2025-04-07T21:48:37","date_gmt":"2025-04-07T21:48:37","guid":{"rendered":"https:\/\/importadoracristinateran.com\/?post_type=product&#038;p=904"},"modified":"2025-05-10T00:50:31","modified_gmt":"2025-05-10T00:50:31","slug":"904","status":"publish","type":"product","link":"https:\/\/importadoracristinateran.com\/?product=904","title":{"rendered":"Espiramic"},"content":{"rendered":"<h5><strong>Antibi\u00f3tico de amplio espectro<\/strong><\/h5>\n<h5><strong>para bovinos, ovinos, caprinos, suinos, caninos, felinos y aves.<\/strong><\/h5>\n<h5><strong>Soluci\u00f3n inyectable<\/strong><\/h5>\n<p><strong>Composici\u00f3n:<\/strong><\/p>\n<p>Cada 100 mL contiene:<\/p>\n<p>Espiramicina adipato 17,13 g.(*)<\/p>\n<p>Excipientes c.s.p. 100 mL<\/p>\n<p>(*) corresponde a 60.000.000 U.I.<\/p>\n<p><strong>Indicaciones:<\/strong><\/p>\n<p>ESPIRAMIC est\u00e1 indicada para la prevenci\u00f3n y tratamiento de cuadros infecciosos provocados por g\u00e9rmenes Gram positivos, Gram negativos, Micoplasmas, ciertas Coccidias y Rickettsias.<\/p>\n<p><strong>Especies animales a las que se destina:<\/strong><\/p>\n<p>Bovinos, ovinos, caprinos, suinos, aves, caninos y felinos.<\/p>\n<p><strong>V\u00eda de administraci\u00f3n:<\/strong><\/p>\n<p>Parenteral, intramuscular profunda.<\/p>\n<p><strong>Dosis:<\/strong><\/p>\n<p>Bovinos: Adultos: 1 ml cada 20 kg de peso vivo. Terneros: 1 ml cada 10 kg de peso vivo.<\/p>\n<p>Ovinos y caprinos: 1 ml cada 8 kg de peso vivo.<\/p>\n<p>Porcinos: Lechones: 4 a 5 ml. Cachorros: 2,5 ml cada 20 kg de peso vivo. Adultos y reproductores: 15 a 25 ml.<\/p>\n<p>Caninos y felinos: 0,5 ml cada 4 kg de peso vivo<\/p>\n<p>Aves: 0,5\/1 ml por cada kg de peso vivo.<\/p>\n","protected":false},"excerpt":{"rendered":"<h5><strong>Antibi\u00f3tico de amplio espectro<\/strong><\/h5>\n<h5><strong>para bovinos, ovinos, caprinos, suinos, caninos, felinos y aves.<\/strong><\/h5>\n<h5><strong>Soluci\u00f3n inyectable<\/strong><\/h5>\n<p><strong>Composici\u00f3n:<\/strong><\/p>\n<p>Cada 100 mL contiene:<\/p>\n<p>Espiramicina adipato 17,13 g.(*)<\/p>\n<p>Excipientes c.s.p. 100 mL<\/p>\n<p>(*) corresponde a 60.000.000 U.I.<\/p>\n","protected":false},"featured_media":905,"comment_status":"open","ping_status":"closed","template":"","meta":{"_uag_custom_page_level_css":"","site-sidebar-layout":"default","site-content-layout":"","ast-site-content-layout":"default","site-content-style":"default","site-sidebar-style":"default","ast-global-header-display":"","ast-banner-title-visibility":"","ast-main-header-display":"","ast-hfb-above-header-display":"","ast-hfb-below-header-display":"","ast-hfb-mobile-header-display":"","site-post-title":"","ast-breadcrumbs-content":"","ast-featured-img":"","footer-sml-layout":"","theme-transparent-header-meta":"default","adv-header-id-meta":"","stick-header-meta":"","header-above-stick-meta":"","header-main-stick-meta":"","header-below-stick-meta":"","astra-migrate-meta-layouts":"set","ast-page-background-enabled":"default","ast-page-background-meta":{"desktop":{"background-color":"var(--ast-global-color-5)","background-image":"","background-repeat":"repeat","background-position":"center center","background-size":"auto","background-attachment":"scroll","background-type":"","background-media":"","overlay-type":"","overlay-color":"","overlay-opacity":"","overlay-gradient":""},"tablet":{"background-color":"","background-image":"","background-repeat":"repeat","background-position":"center center","background-size":"auto","background-attachment":"scroll","background-type":"","background-media":"","overlay-type":"","overlay-color":"","overlay-opacity":"","overlay-gradient":""},"mobile":{"background-color":"","background-image":"","background-repeat":"repeat","background-position":"center center","background-size":"auto","background-attachment":"scroll","background-type":"","background-media":"","overlay-type":"","overlay-color":"","overlay-opacity":"","overlay-gradient":""}},"ast-content-background-meta":{"desktop":{"background-color":"var(--ast-global-color-4)","background-image":"","background-repeat":"repeat","background-position":"center center","background-size":"auto","background-attachment":"scroll","background-type":"","background-media":"","overlay-type":"","overlay-color":"","overlay-opacity":"","overlay-gradient":""},"tablet":{"background-color":"var(--ast-global-color-4)","background-image":"","background-repeat":"repeat","background-position":"center center","background-size":"auto","background-attachment":"scroll","background-type":"","background-media":"","overlay-type":"","overlay-color":"","overlay-opacity":"","overlay-gradient":""},"mobile":{"background-color":"var(--ast-global-color-4)","background-image":"","background-repeat":"repeat","background-position":"center center","background-size":"auto","background-attachment":"scroll","background-type":"","background-media":"","overlay-type":"","overlay-color":"","overlay-opacity":"","overlay-gradient":""}},"_joinchat":[]},"product_brand":[],"product_cat":[58],"product_tag":[28],"class_list":{"0":"post-904","1":"product","2":"type-product","3":"status-publish","4":"has-post-thumbnail","6":"product_cat-labmicrosules","7":"product_tag-vacunas","8":"desktop-align-left","9":"tablet-align-left","10":"mobile-align-left","12":"first","13":"instock","14":"shipping-taxable","15":"product-type-external"},"aioseo_notices":[],"uagb_featured_image_src":{"full":["https:\/\/importadoracristinateran.com\/wp-content\/uploads\/2025\/04\/Espiramic_4aaaba603e052-2.jpg",700,700,false],"thumbnail":["https:\/\/importadoracristinateran.com\/wp-content\/uploads\/2025\/04\/Espiramic_4aaaba603e052-2-150x150.jpg",150,150,true],"medium":["https:\/\/importadoracristinateran.com\/wp-content\/uploads\/2025\/04\/Espiramic_4aaaba603e052-2-300x300.jpg",300,300,true],"medium_large":["https:\/\/importadoracristinateran.com\/wp-content\/uploads\/2025\/04\/Espiramic_4aaaba603e052-2.jpg",700,700,false],"large":["https:\/\/importadoracristinateran.com\/wp-content\/uploads\/2025\/04\/Espiramic_4aaaba603e052-2.jpg",700,700,false],"1536x1536":["https:\/\/importadoracristinateran.com\/wp-content\/uploads\/2025\/04\/Espiramic_4aaaba603e052-2.jpg",700,700,false],"2048x2048":["https:\/\/importadoracristinateran.com\/wp-content\/uploads\/2025\/04\/Espiramic_4aaaba603e052-2.jpg",700,700,false],"woocommerce_thumbnail":["https:\/\/importadoracristinateran.com\/wp-content\/uploads\/2025\/04\/Espiramic_4aaaba603e052-2-300x300.jpg",300,300,true],"woocommerce_single":["https:\/\/importadoracristinateran.com\/wp-content\/uploads\/2025\/04\/Espiramic_4aaaba603e052-2-600x600.jpg",600,600,true],"woocommerce_gallery_thumbnail":["https:\/\/importadoracristinateran.com\/wp-content\/uploads\/2025\/04\/Espiramic_4aaaba603e052-2-100x100.jpg",100,100,true],"dgwt-wcas-product-suggestion":["https:\/\/importadoracristinateran.com\/wp-content\/uploads\/2025\/04\/Espiramic_4aaaba603e052-2-64x64.jpg",64,64,true]},"uagb_author_info":{"display_name":"mcris.import@gmail.com","author_link":"https:\/\/importadoracristinateran.com\/?author=0"},"uagb_comment_info":0,"uagb_excerpt":"Antibi\u00f3tico de amplio espectro para bovinos, ovinos, caprinos, suinos, caninos, felinos y aves. Soluci\u00f3n inyectable Composici\u00f3n: Cada 100 mL contiene: Espiramicina adipato 17,13 g.(*) Excipientes c.s.p. 100 mL (*) corresponde a 60.000.000 U.I.","_links":{"self":[{"href":"https:\/\/importadoracristinateran.com\/index.php?rest_route=\/wp\/v2\/product\/904","targetHints":{"allow":["GET"]}}],"collection":[{"href":"https:\/\/importadoracristinateran.com\/index.php?rest_route=\/wp\/v2\/product"}],"about":[{"href":"https:\/\/importadoracristinateran.com\/index.php?rest_route=\/wp\/v2\/types\/product"}],"replies":[{"embeddable":true,"href":"https:\/\/importadoracristinateran.com\/index.php?rest_route=%2Fwp%2Fv2%2Fcomments&post=904"}],"wp:featuredmedia":[{"embeddable":true,"href":"https:\/\/importadoracristinateran.com\/index.php?rest_route=\/wp\/v2\/media\/905"}],"wp:attachment":[{"href":"https:\/\/importadoracristinateran.com\/index.php?rest_route=%2Fwp%2Fv2%2Fmedia&parent=904"}],"wp:term":[{"taxonomy":"product_brand","embeddable":true,"href":"https:\/\/importadoracristinateran.com\/index.php?rest_route=%2Fwp%2Fv2%2Fproduct_brand&post=904"},{"taxonomy":"product_cat","embeddable":true,"href":"https:\/\/importadoracristinateran.com\/index.php?rest_route=%2Fwp%2Fv2%2Fproduct_cat&post=904"},{"taxonomy":"product_tag","embeddable":true,"href":"https:\/\/importadoracristinateran.com\/index.php?rest_route=%2Fwp%2Fv2%2Fproduct_tag&post=904"}],"curies":[{"name":"wp","href":"https:\/\/api.w.org\/{rel}","templated":true}]}}