{"id":907,"date":"2025-04-07T21:58:27","date_gmt":"2025-04-07T21:58:27","guid":{"rendered":"https:\/\/importadoracristinateran.com\/?post_type=product&#038;p=907"},"modified":"2025-05-10T00:50:15","modified_gmt":"2025-05-10T00:50:15","slug":"estreptopenicilina","status":"publish","type":"product","link":"https:\/\/importadoracristinateran.com\/?product=estreptopenicilina","title":{"rendered":"Estreptopenicilina"},"content":{"rendered":"<p><strong>Composici\u00f3n:<\/strong><\/p>\n<p>Cada mL contiene:<\/p>\n<p>Proca\u00edna Penicilina G 200.000 UI<\/p>\n<p>(200.000 UI de Proca\u00edna Penicilina G equivalente a 200 mg de Penicilina G)<\/p>\n<p>Sulfato de Dihidroestreptomicina 314 mg<\/p>\n<p>(equivalente a dihidroestreptomicina 250 mg)<\/p>\n<p>Proca\u00edna hidrocloruro 20 mg<\/p>\n<p>Excipientes c.s.p. 1 mL<\/p>\n<p>&nbsp;<\/p>\n<p><strong>Indicaciones:<\/strong><\/p>\n<p>Para el control y tratamiento de infecciones con localizaci\u00f3n en aparato respiratorio, tracto urinario, gastrointestinal, reproductivo, gl\u00e1ndula mamaria, piel, etc.<\/p>\n<p><strong>Especies animales a las que se destina:<\/strong><\/p>\n<p>Bovinos, Ovinos, Equinos, Porcinos, Caninos, Felinos.<\/p>\n<p><strong>V\u00eda de administraci\u00f3n:<\/strong><\/p>\n<p>Agitar bien antes de administrar.<\/p>\n<p>V\u00eda parenteral: inyecci\u00f3n intramuscular.<\/p>\n<p><strong>Dosis:<\/strong><\/p>\n<p>La dosis recomendada es:<\/p>\n<ul>\n<li>Grandes animales: 5 ml cada 100 kg de peso por d\u00eda<\/li>\n<li>Peque\u00f1os animales: 1 ml cada 10 kg de peso, duraci\u00f3n del tratamiento: 3 a 5 d\u00edas o seg\u00fan criterio del M\u00e9dico Veterinario.<\/li>\n<\/ul>\n","protected":false},"excerpt":{"rendered":"<p><strong>Composici\u00f3n:<\/strong><\/p>\n<p>Cada mL contiene:<\/p>\n<p>Proca\u00edna Penicilina G 200.000 UI<\/p>\n<p>(200.000 UI de Proca\u00edna Penicilina G equivalente a 200 mg de Penicilina G)<\/p>\n<p>Sulfato de Dihidroestreptomicina 314 mg<\/p>\n<p>(equivalente a dihidroestreptomicina 250 mg)<\/p>\n<p>Proca\u00edna hidrocloruro 20 mg<\/p>\n<p>Excipientes c.s.p. 1 mL<\/p>\n","protected":false},"featured_media":908,"comment_status":"open","ping_status":"closed","template":"","meta":{"_uag_custom_page_level_css":"","site-sidebar-layout":"default","site-content-layout":"","ast-site-content-layout":"default","site-content-style":"default","site-sidebar-style":"default","ast-global-header-display":"","ast-banner-title-visibility":"","ast-main-header-display":"","ast-hfb-above-header-display":"","ast-hfb-below-header-display":"","ast-hfb-mobile-header-display":"","site-post-title":"","ast-breadcrumbs-content":"","ast-featured-img":"","footer-sml-layout":"","theme-transparent-header-meta":"default","adv-header-id-meta":"","stick-header-meta":"","header-above-stick-meta":"","header-main-stick-meta":"","header-below-stick-meta":"","astra-migrate-meta-layouts":"set","ast-page-background-enabled":"default","ast-page-background-meta":{"desktop":{"background-color":"var(--ast-global-color-5)","background-image":"","background-repeat":"repeat","background-position":"center center","background-size":"auto","background-attachment":"scroll","background-type":"","background-media":"","overlay-type":"","overlay-color":"","overlay-opacity":"","overlay-gradient":""},"tablet":{"background-color":"","background-image":"","background-repeat":"repeat","background-position":"center center","background-size":"auto","background-attachment":"scroll","background-type":"","background-media":"","overlay-type":"","overlay-color":"","overlay-opacity":"","overlay-gradient":""},"mobile":{"background-color":"","background-image":"","background-repeat":"repeat","background-position":"center center","background-size":"auto","background-attachment":"scroll","background-type":"","background-media":"","overlay-type":"","overlay-color":"","overlay-opacity":"","overlay-gradient":""}},"ast-content-background-meta":{"desktop":{"background-color":"var(--ast-global-color-4)","background-image":"","background-repeat":"repeat","background-position":"center center","background-size":"auto","background-attachment":"scroll","background-type":"","background-media":"","overlay-type":"","overlay-color":"","overlay-opacity":"","overlay-gradient":""},"tablet":{"background-color":"var(--ast-global-color-4)","background-image":"","background-repeat":"repeat","background-position":"center center","background-size":"auto","background-attachment":"scroll","background-type":"","background-media":"","overlay-type":"","overlay-color":"","overlay-opacity":"","overlay-gradient":""},"mobile":{"background-color":"var(--ast-global-color-4)","background-image":"","background-repeat":"repeat","background-position":"center center","background-size":"auto","background-attachment":"scroll","background-type":"","background-media":"","overlay-type":"","overlay-color":"","overlay-opacity":"","overlay-gradient":""}},"_joinchat":[]},"product_brand":[],"product_cat":[58],"product_tag":[28],"class_list":{"0":"post-907","1":"product","2":"type-product","3":"status-publish","4":"has-post-thumbnail","6":"product_cat-labmicrosules","7":"product_tag-vacunas","8":"desktop-align-left","9":"tablet-align-left","10":"mobile-align-left","12":"first","13":"instock","14":"shipping-taxable","15":"product-type-external"},"aioseo_notices":[],"uagb_featured_image_src":{"full":["https:\/\/importadoracristinateran.com\/wp-content\/uploads\/2025\/04\/Estreptopenicili_4ad4b19d33c64-2.jpg",700,700,false],"thumbnail":["https:\/\/importadoracristinateran.com\/wp-content\/uploads\/2025\/04\/Estreptopenicili_4ad4b19d33c64-2-150x150.jpg",150,150,true],"medium":["https:\/\/importadoracristinateran.com\/wp-content\/uploads\/2025\/04\/Estreptopenicili_4ad4b19d33c64-2-300x300.jpg",300,300,true],"medium_large":["https:\/\/importadoracristinateran.com\/wp-content\/uploads\/2025\/04\/Estreptopenicili_4ad4b19d33c64-2.jpg",700,700,false],"large":["https:\/\/importadoracristinateran.com\/wp-content\/uploads\/2025\/04\/Estreptopenicili_4ad4b19d33c64-2.jpg",700,700,false],"1536x1536":["https:\/\/importadoracristinateran.com\/wp-content\/uploads\/2025\/04\/Estreptopenicili_4ad4b19d33c64-2.jpg",700,700,false],"2048x2048":["https:\/\/importadoracristinateran.com\/wp-content\/uploads\/2025\/04\/Estreptopenicili_4ad4b19d33c64-2.jpg",700,700,false],"woocommerce_thumbnail":["https:\/\/importadoracristinateran.com\/wp-content\/uploads\/2025\/04\/Estreptopenicili_4ad4b19d33c64-2-300x300.jpg",300,300,true],"woocommerce_single":["https:\/\/importadoracristinateran.com\/wp-content\/uploads\/2025\/04\/Estreptopenicili_4ad4b19d33c64-2-600x600.jpg",600,600,true],"woocommerce_gallery_thumbnail":["https:\/\/importadoracristinateran.com\/wp-content\/uploads\/2025\/04\/Estreptopenicili_4ad4b19d33c64-2-100x100.jpg",100,100,true],"dgwt-wcas-product-suggestion":["https:\/\/importadoracristinateran.com\/wp-content\/uploads\/2025\/04\/Estreptopenicili_4ad4b19d33c64-2-64x64.jpg",64,64,true]},"uagb_author_info":{"display_name":"mcris.import@gmail.com","author_link":"https:\/\/importadoracristinateran.com\/?author=0"},"uagb_comment_info":0,"uagb_excerpt":"Composici\u00f3n: Cada mL contiene: Proca\u00edna Penicilina G 200.000 UI (200.000 UI de Proca\u00edna Penicilina G equivalente a 200 mg de Penicilina G) Sulfato de Dihidroestreptomicina 314 mg (equivalente a dihidroestreptomicina 250 mg) Proca\u00edna hidrocloruro 20 mg Excipientes c.s.p. 1 mL","_links":{"self":[{"href":"https:\/\/importadoracristinateran.com\/index.php?rest_route=\/wp\/v2\/product\/907","targetHints":{"allow":["GET"]}}],"collection":[{"href":"https:\/\/importadoracristinateran.com\/index.php?rest_route=\/wp\/v2\/product"}],"about":[{"href":"https:\/\/importadoracristinateran.com\/index.php?rest_route=\/wp\/v2\/types\/product"}],"replies":[{"embeddable":true,"href":"https:\/\/importadoracristinateran.com\/index.php?rest_route=%2Fwp%2Fv2%2Fcomments&post=907"}],"wp:featuredmedia":[{"embeddable":true,"href":"https:\/\/importadoracristinateran.com\/index.php?rest_route=\/wp\/v2\/media\/908"}],"wp:attachment":[{"href":"https:\/\/importadoracristinateran.com\/index.php?rest_route=%2Fwp%2Fv2%2Fmedia&parent=907"}],"wp:term":[{"taxonomy":"product_brand","embeddable":true,"href":"https:\/\/importadoracristinateran.com\/index.php?rest_route=%2Fwp%2Fv2%2Fproduct_brand&post=907"},{"taxonomy":"product_cat","embeddable":true,"href":"https:\/\/importadoracristinateran.com\/index.php?rest_route=%2Fwp%2Fv2%2Fproduct_cat&post=907"},{"taxonomy":"product_tag","embeddable":true,"href":"https:\/\/importadoracristinateran.com\/index.php?rest_route=%2Fwp%2Fv2%2Fproduct_tag&post=907"}],"curies":[{"name":"wp","href":"https:\/\/api.w.org\/{rel}","templated":true}]}}