{"id":909,"date":"2025-04-07T22:08:34","date_gmt":"2025-04-07T22:08:34","guid":{"rendered":"https:\/\/importadoracristinateran.com\/?post_type=product&#038;p=909"},"modified":"2025-05-10T00:50:01","modified_gmt":"2025-05-10T00:50:01","slug":"ganamic","status":"publish","type":"product","link":"https:\/\/importadoracristinateran.com\/?product=ganamic","title":{"rendered":"Ganamic"},"content":{"rendered":"<h3><strong>T\u00f3nico reconstituyente, roborante, estimulante del estado general.<\/strong><\/h3>\n<h3><strong>Soluci\u00f3n inyectable<\/strong><\/h3>\n<p><u>\u00a0<\/u><\/p>\n<p><strong>Composici\u00f3n:<\/strong><\/p>\n<p>Cada 100 mL contiene:<\/p>\n<p>Fosforilcolina cloruro de c\u00e1lcio 5,0 g.<\/p>\n<p>Digerido enzim\u00e1tico de case\u00edna 5,0 g.<\/p>\n<p>Selenito de s\u00f3dio 0,0022 g<\/p>\n<p>Cianocobalamina (Vitamina B12) 0,005 g<\/p>\n<p>Tiamina (Vitamina B1) 0,10 g.<\/p>\n<p>Piridoxina (Vitamina B6) 0,06 g.<strong>\u00a0\u00a0<\/strong><\/p>\n<p>Excipientes c.s.p. 100 mL<\/p>\n<p><strong>Indicaciones:<\/strong><\/p>\n<p>T\u00f3nico reconstituyente, roborante, estimulante del estado general.<\/p>\n<p>Para el tratamiento y la prevenci\u00f3n de enfermedades relacionadas con trastornos del metabolismo, debilidad, anorexia, reci\u00e9n nacidos, tetanias, problemas reproductivos. Coadyuvante en el tratamiento del restablecimiento del estado general y en la convalecencia de las enfermedades infecciosas, parasitarias, anemias, destete precoz, stress, agotamiento, indigestiones, decaimiento del estado general, desnutrici\u00f3n, reproductores en per\u00edodo de descanso, soporte de crecimiento, estimulante del apetito, etc.<\/p>\n<p>Sus componentes promueven un ahorro de energ\u00eda y el desarrollo de una flora normal para un \u00f3ptimo aprovechamiento de los alimentos.<\/p>\n<p><strong>Especies animales a las que se destina:<\/strong><\/p>\n<p>Bovinos, ovinos, caprinos, equinos, suinos (porcinos), caninos, felinos y animales de peleter\u00eda.<\/p>\n<p><strong>\u00a0<\/strong><strong>V\u00eda de administraci\u00f3n:<\/strong><\/p>\n<p>Parenteral, inyectable por v\u00eda subcut\u00e1nea, intramuscular o intravenosa seg\u00fan la indicaci\u00f3n para cada especie.<\/p>\n<p><strong>\u00a0<\/strong><strong>Dosificaci\u00f3n:<\/strong><\/p>\n<p>Posolog\u00eda recomendada:<\/p>\n<p>Bovinos adultos: 10 a 25 ml. \u2013 Terneros: 5 a 15 ml., I\/V o S\/C.<\/p>\n<p>Equinos adultos: 15 a 20 ml. \u2013 Potrillos: 5 a 15 ml., S\/C.<\/p>\n<p>Ovinos y caprinos adultos: 3 a 5 ml. \u2013 Corderos y cabritos: 2 a 3 ml., I\/M o S\/C.<\/p>\n<p>Suinos (porcinos) adultos: 5 a 10 ml. \u2013 Lechones: 3 a 5 ml., S\/C.<\/p>\n<p>Caninos: 0,5 a 5 ml., I\/M o S\/C.<\/p>\n<p>Felinos y animales de peleter\u00eda: 0,5 a 2,5 ml., I\/M o S\/C.<\/p>\n<p>En animales sanos administrar la mitad de la dosis acorde a los requerimientos y exigencias de cada caso, indicados por el profesional actuante.<\/p>\n","protected":false},"excerpt":{"rendered":"<h3><strong>T\u00f3nico reconstituyente, roborante, estimulante del estado general.<\/strong><\/h3>\n<h3><strong>Soluci\u00f3n inyectable<\/strong><\/h3>\n<p><u>\u00a0<\/u><\/p>\n<p><strong>Composici\u00f3n:<\/strong><\/p>\n<p>Cada 100 mL contiene:<\/p>\n<p>Fosforilcolina cloruro de c\u00e1lcio 5,0 g.<\/p>\n<p>Digerido enzim\u00e1tico de case\u00edna 5,0 g.<\/p>\n<p>Selenito de s\u00f3dio 0,0022 g<\/p>\n<p>Cianocobalamina (Vitamina B12) 0,005 g<\/p>\n<p>Tiamina (Vitamina B1) 0,10 g.<\/p>\n<p>Piridoxina (Vitamina B6) 0,06 g.<strong>\u00a0\u00a0<\/strong><\/p>\n<p>Excipientes c.s.p. 100 mL<\/p>\n","protected":false},"featured_media":910,"comment_status":"open","ping_status":"closed","template":"","meta":{"_uag_custom_page_level_css":"","site-sidebar-layout":"default","site-content-layout":"","ast-site-content-layout":"default","site-content-style":"default","site-sidebar-style":"default","ast-global-header-display":"","ast-banner-title-visibility":"","ast-main-header-display":"","ast-hfb-above-header-display":"","ast-hfb-below-header-display":"","ast-hfb-mobile-header-display":"","site-post-title":"","ast-breadcrumbs-content":"","ast-featured-img":"","footer-sml-layout":"","theme-transparent-header-meta":"default","adv-header-id-meta":"","stick-header-meta":"","header-above-stick-meta":"","header-main-stick-meta":"","header-below-stick-meta":"","astra-migrate-meta-layouts":"set","ast-page-background-enabled":"default","ast-page-background-meta":{"desktop":{"background-color":"var(--ast-global-color-5)","background-image":"","background-repeat":"repeat","background-position":"center center","background-size":"auto","background-attachment":"scroll","background-type":"","background-media":"","overlay-type":"","overlay-color":"","overlay-opacity":"","overlay-gradient":""},"tablet":{"background-color":"","background-image":"","background-repeat":"repeat","background-position":"center center","background-size":"auto","background-attachment":"scroll","background-type":"","background-media":"","overlay-type":"","overlay-color":"","overlay-opacity":"","overlay-gradient":""},"mobile":{"background-color":"","background-image":"","background-repeat":"repeat","background-position":"center center","background-size":"auto","background-attachment":"scroll","background-type":"","background-media":"","overlay-type":"","overlay-color":"","overlay-opacity":"","overlay-gradient":""}},"ast-content-background-meta":{"desktop":{"background-color":"var(--ast-global-color-4)","background-image":"","background-repeat":"repeat","background-position":"center center","background-size":"auto","background-attachment":"scroll","background-type":"","background-media":"","overlay-type":"","overlay-color":"","overlay-opacity":"","overlay-gradient":""},"tablet":{"background-color":"var(--ast-global-color-4)","background-image":"","background-repeat":"repeat","background-position":"center center","background-size":"auto","background-attachment":"scroll","background-type":"","background-media":"","overlay-type":"","overlay-color":"","overlay-opacity":"","overlay-gradient":""},"mobile":{"background-color":"var(--ast-global-color-4)","background-image":"","background-repeat":"repeat","background-position":"center center","background-size":"auto","background-attachment":"scroll","background-type":"","background-media":"","overlay-type":"","overlay-color":"","overlay-opacity":"","overlay-gradient":""}},"_joinchat":[]},"product_brand":[],"product_cat":[58],"product_tag":[28],"class_list":{"0":"post-909","1":"product","2":"type-product","3":"status-publish","4":"has-post-thumbnail","6":"product_cat-labmicrosules","7":"product_tag-vacunas","8":"desktop-align-left","9":"tablet-align-left","10":"mobile-align-left","12":"first","13":"instock","14":"shipping-taxable","15":"product-type-external"},"aioseo_notices":[],"uagb_featured_image_src":{"full":["https:\/\/importadoracristinateran.com\/wp-content\/uploads\/2025\/04\/Ganamic_4ad4b6658ea8f-2.jpg",593,700,false],"thumbnail":["https:\/\/importadoracristinateran.com\/wp-content\/uploads\/2025\/04\/Ganamic_4ad4b6658ea8f-2-150x150.jpg",150,150,true],"medium":["https:\/\/importadoracristinateran.com\/wp-content\/uploads\/2025\/04\/Ganamic_4ad4b6658ea8f-2-254x300.jpg",254,300,true],"medium_large":["https:\/\/importadoracristinateran.com\/wp-content\/uploads\/2025\/04\/Ganamic_4ad4b6658ea8f-2.jpg",593,700,false],"large":["https:\/\/importadoracristinateran.com\/wp-content\/uploads\/2025\/04\/Ganamic_4ad4b6658ea8f-2.jpg",593,700,false],"1536x1536":["https:\/\/importadoracristinateran.com\/wp-content\/uploads\/2025\/04\/Ganamic_4ad4b6658ea8f-2.jpg",593,700,false],"2048x2048":["https:\/\/importadoracristinateran.com\/wp-content\/uploads\/2025\/04\/Ganamic_4ad4b6658ea8f-2.jpg",593,700,false],"woocommerce_thumbnail":["https:\/\/importadoracristinateran.com\/wp-content\/uploads\/2025\/04\/Ganamic_4ad4b6658ea8f-2-300x300.jpg",300,300,true],"woocommerce_single":["https:\/\/importadoracristinateran.com\/wp-content\/uploads\/2025\/04\/Ganamic_4ad4b6658ea8f-2.jpg",593,700,false],"woocommerce_gallery_thumbnail":["https:\/\/importadoracristinateran.com\/wp-content\/uploads\/2025\/04\/Ganamic_4ad4b6658ea8f-2-100x100.jpg",100,100,true],"dgwt-wcas-product-suggestion":["https:\/\/importadoracristinateran.com\/wp-content\/uploads\/2025\/04\/Ganamic_4ad4b6658ea8f-2-64x76.jpg",64,76,true]},"uagb_author_info":{"display_name":"mcris.import@gmail.com","author_link":"https:\/\/importadoracristinateran.com\/?author=0"},"uagb_comment_info":0,"uagb_excerpt":"T\u00f3nico reconstituyente, roborante, estimulante del estado general. Soluci\u00f3n inyectable \u00a0 Composici\u00f3n: Cada 100 mL contiene: Fosforilcolina cloruro de c\u00e1lcio 5,0 g. Digerido enzim\u00e1tico de case\u00edna 5,0 g. Selenito de s\u00f3dio 0,0022 g Cianocobalamina (Vitamina B12) 0,005 g Tiamina (Vitamina B1) 0,10 g. Piridoxina (Vitamina B6) 0,06 g.\u00a0\u00a0 Excipientes c.s.p. 100 mL","_links":{"self":[{"href":"https:\/\/importadoracristinateran.com\/index.php?rest_route=\/wp\/v2\/product\/909","targetHints":{"allow":["GET"]}}],"collection":[{"href":"https:\/\/importadoracristinateran.com\/index.php?rest_route=\/wp\/v2\/product"}],"about":[{"href":"https:\/\/importadoracristinateran.com\/index.php?rest_route=\/wp\/v2\/types\/product"}],"replies":[{"embeddable":true,"href":"https:\/\/importadoracristinateran.com\/index.php?rest_route=%2Fwp%2Fv2%2Fcomments&post=909"}],"wp:featuredmedia":[{"embeddable":true,"href":"https:\/\/importadoracristinateran.com\/index.php?rest_route=\/wp\/v2\/media\/910"}],"wp:attachment":[{"href":"https:\/\/importadoracristinateran.com\/index.php?rest_route=%2Fwp%2Fv2%2Fmedia&parent=909"}],"wp:term":[{"taxonomy":"product_brand","embeddable":true,"href":"https:\/\/importadoracristinateran.com\/index.php?rest_route=%2Fwp%2Fv2%2Fproduct_brand&post=909"},{"taxonomy":"product_cat","embeddable":true,"href":"https:\/\/importadoracristinateran.com\/index.php?rest_route=%2Fwp%2Fv2%2Fproduct_cat&post=909"},{"taxonomy":"product_tag","embeddable":true,"href":"https:\/\/importadoracristinateran.com\/index.php?rest_route=%2Fwp%2Fv2%2Fproduct_tag&post=909"}],"curies":[{"name":"wp","href":"https:\/\/api.w.org\/{rel}","templated":true}]}}