{"id":911,"date":"2025-04-07T22:13:37","date_gmt":"2025-04-07T22:13:37","guid":{"rendered":"https:\/\/importadoracristinateran.com\/?post_type=product&#038;p=911"},"modified":"2025-05-10T00:49:45","modified_gmt":"2025-05-10T00:49:45","slug":"hematomic-plus","status":"publish","type":"product","link":"https:\/\/importadoracristinateran.com\/?product=hematomic-plus","title":{"rendered":"Hematomic Plus"},"content":{"rendered":"<h4><strong>T\u00d3NICO RECONSTITUYENTE \u2013 HEMAT\u00cdNICO INYECTABLE<\/strong><\/h4>\n<h4><strong>Precursor de la Hematopoyesis<\/strong><\/h4>\n<h4><strong>Soluci\u00f3n inyectable.<\/strong><\/h4>\n<p><strong>Composici\u00f3n:<\/strong><\/p>\n<p>Cianocobalamina (Vitamina B12) 0,0015 g \u2013 (50% de exceso)<\/p>\n<p>Cloruro de Cobalto Hexahidrato 0,05 g<\/p>\n<p>Triptofano 0,25 g<\/p>\n<p>Histidina Clorhidrato 0,50 g<\/p>\n<p>L-Metionina 1,00 g<\/p>\n<p>Citrato de Hierro Amoniacal 2,00 g<\/p>\n<p>Cacodilato de sodio 3,00 g<\/p>\n<p>Glicerofosfato de Magnesio 1,50 g<\/p>\n<p>Excipientes c.s.p. 100 ml<\/p>\n<p><strong>\u00a0<\/strong><strong>Indicaciones:<\/strong><\/p>\n<p>T\u00f3nico reconstituyente y antian\u00e9mico hemat\u00ednico (precursor de la hematopoyesis).<\/p>\n<p>Para el tratamiento y la prevenci\u00f3n de enfermedades relacionadas con trastornos de la hematopoyesis, como anemias. Coadyuvante en el tratamiento del restablecimiento del estado general y en la convalecencia de las enfermedades infecciosas y parasitarias. Suplemento de amino\u00e1cidos por desnutrici\u00f3n. Reproductores en per\u00edodo de descanso. Soporte de crecimiento. Estimulante del apetito.<\/p>\n<p><strong>Especies animales a las que se destina:<\/strong><\/p>\n<p>Bovinos, ovinos, caprinos, equinos, porcinos, caninos y felinos.<\/p>\n<p><strong>V\u00eda de aplicaci\u00f3n:<\/strong><\/p>\n<p>Parenteral por v\u00eda subcut\u00e1nea, intramuscular o intravenosa.<\/p>\n<p><strong>Dosificaci\u00f3n:<\/strong><\/p>\n<p>Estas dosis y frecuencias podr\u00e1n ser modificadas acorde al criterio del Veterinario actuante.<\/p>\n<p>Animales grandes: 10 a 20 ml por d\u00eda.<\/p>\n<p>Animales medianos: 5 a 10 ml, repetir cada 4 o 5 d\u00edas.<\/p>\n<p>Animales j\u00f3venes: 2 a 5 ml, repetir cada 2 d\u00edas.<\/p>\n<p>Porcinos: 1 ml cada 10 kg de peso, repetir cada 2 d\u00edas.<\/p>\n<p>Caninos: 1 ml cada 5 kg de peso.<\/p>\n<p>Felinos: 0,5 a 2 ml.<\/p>\n","protected":false},"excerpt":{"rendered":"<h4><strong>T\u00d3NICO RECONSTITUYENTE \u2013 HEMAT\u00cdNICO INYECTABLE<\/strong><\/h4>\n<h4><strong>Precursor de la Hematopoyesis<\/strong><\/h4>\n<h4><strong>Soluci\u00f3n inyectable.<\/strong><\/h4>\n<p>&nbsp;<\/p>\n<p><strong>Composici\u00f3n:<\/strong><\/p>\n<p>Cianocobalamina (Vitamina B12) 0,0015 g \u2013 (50% de exceso)<\/p>\n<p>Cloruro de Cobalto Hexahidrato 0,05 g<\/p>\n<p>Triptofano 0,25 g<\/p>\n<p>Histidina Clorhidrato 0,50 g<\/p>\n<p>L-Metionina 1,00 g<\/p>\n<p>Citrato de Hierro Amoniacal 2,00 g<\/p>\n<p>Cacodilato de sodio 3,00 g<\/p>\n<p>Glicerofosfato de Magnesio 1,50 g<\/p>\n<p>Excipientes c.s.p. 100 ml<\/p>\n","protected":false},"featured_media":912,"comment_status":"open","ping_status":"closed","template":"","meta":{"_uag_custom_page_level_css":"","site-sidebar-layout":"default","site-content-layout":"","ast-site-content-layout":"default","site-content-style":"default","site-sidebar-style":"default","ast-global-header-display":"","ast-banner-title-visibility":"","ast-main-header-display":"","ast-hfb-above-header-display":"","ast-hfb-below-header-display":"","ast-hfb-mobile-header-display":"","site-post-title":"","ast-breadcrumbs-content":"","ast-featured-img":"","footer-sml-layout":"","theme-transparent-header-meta":"default","adv-header-id-meta":"","stick-header-meta":"","header-above-stick-meta":"","header-main-stick-meta":"","header-below-stick-meta":"","astra-migrate-meta-layouts":"set","ast-page-background-enabled":"default","ast-page-background-meta":{"desktop":{"background-color":"var(--ast-global-color-5)","background-image":"","background-repeat":"repeat","background-position":"center center","background-size":"auto","background-attachment":"scroll","background-type":"","background-media":"","overlay-type":"","overlay-color":"","overlay-opacity":"","overlay-gradient":""},"tablet":{"background-color":"","background-image":"","background-repeat":"repeat","background-position":"center center","background-size":"auto","background-attachment":"scroll","background-type":"","background-media":"","overlay-type":"","overlay-color":"","overlay-opacity":"","overlay-gradient":""},"mobile":{"background-color":"","background-image":"","background-repeat":"repeat","background-position":"center center","background-size":"auto","background-attachment":"scroll","background-type":"","background-media":"","overlay-type":"","overlay-color":"","overlay-opacity":"","overlay-gradient":""}},"ast-content-background-meta":{"desktop":{"background-color":"var(--ast-global-color-4)","background-image":"","background-repeat":"repeat","background-position":"center center","background-size":"auto","background-attachment":"scroll","background-type":"","background-media":"","overlay-type":"","overlay-color":"","overlay-opacity":"","overlay-gradient":""},"tablet":{"background-color":"var(--ast-global-color-4)","background-image":"","background-repeat":"repeat","background-position":"center center","background-size":"auto","background-attachment":"scroll","background-type":"","background-media":"","overlay-type":"","overlay-color":"","overlay-opacity":"","overlay-gradient":""},"mobile":{"background-color":"var(--ast-global-color-4)","background-image":"","background-repeat":"repeat","background-position":"center center","background-size":"auto","background-attachment":"scroll","background-type":"","background-media":"","overlay-type":"","overlay-color":"","overlay-opacity":"","overlay-gradient":""}},"_joinchat":[]},"product_brand":[],"product_cat":[58],"product_tag":[28],"class_list":{"0":"post-911","1":"product","2":"type-product","3":"status-publish","4":"has-post-thumbnail","6":"product_cat-labmicrosules","7":"product_tag-vacunas","8":"desktop-align-left","9":"tablet-align-left","10":"mobile-align-left","12":"first","13":"instock","14":"shipping-taxable","15":"product-type-external"},"aioseo_notices":[],"uagb_featured_image_src":{"full":["https:\/\/importadoracristinateran.com\/wp-content\/uploads\/2025\/04\/Hematomic_Plus_4a8c71d18ad07-2.jpg",700,700,false],"thumbnail":["https:\/\/importadoracristinateran.com\/wp-content\/uploads\/2025\/04\/Hematomic_Plus_4a8c71d18ad07-2-150x150.jpg",150,150,true],"medium":["https:\/\/importadoracristinateran.com\/wp-content\/uploads\/2025\/04\/Hematomic_Plus_4a8c71d18ad07-2-300x300.jpg",300,300,true],"medium_large":["https:\/\/importadoracristinateran.com\/wp-content\/uploads\/2025\/04\/Hematomic_Plus_4a8c71d18ad07-2.jpg",700,700,false],"large":["https:\/\/importadoracristinateran.com\/wp-content\/uploads\/2025\/04\/Hematomic_Plus_4a8c71d18ad07-2.jpg",700,700,false],"1536x1536":["https:\/\/importadoracristinateran.com\/wp-content\/uploads\/2025\/04\/Hematomic_Plus_4a8c71d18ad07-2.jpg",700,700,false],"2048x2048":["https:\/\/importadoracristinateran.com\/wp-content\/uploads\/2025\/04\/Hematomic_Plus_4a8c71d18ad07-2.jpg",700,700,false],"woocommerce_thumbnail":["https:\/\/importadoracristinateran.com\/wp-content\/uploads\/2025\/04\/Hematomic_Plus_4a8c71d18ad07-2-300x300.jpg",300,300,true],"woocommerce_single":["https:\/\/importadoracristinateran.com\/wp-content\/uploads\/2025\/04\/Hematomic_Plus_4a8c71d18ad07-2-600x600.jpg",600,600,true],"woocommerce_gallery_thumbnail":["https:\/\/importadoracristinateran.com\/wp-content\/uploads\/2025\/04\/Hematomic_Plus_4a8c71d18ad07-2-100x100.jpg",100,100,true],"dgwt-wcas-product-suggestion":["https:\/\/importadoracristinateran.com\/wp-content\/uploads\/2025\/04\/Hematomic_Plus_4a8c71d18ad07-2-64x64.jpg",64,64,true]},"uagb_author_info":{"display_name":"mcris.import@gmail.com","author_link":"https:\/\/importadoracristinateran.com\/?author=0"},"uagb_comment_info":0,"uagb_excerpt":"T\u00d3NICO RECONSTITUYENTE \u2013 HEMAT\u00cdNICO INYECTABLE Precursor de la Hematopoyesis Soluci\u00f3n inyectable. &nbsp; Composici\u00f3n: Cianocobalamina (Vitamina B12) 0,0015 g \u2013 (50% de exceso) Cloruro de Cobalto Hexahidrato 0,05 g Triptofano 0,25 g Histidina Clorhidrato 0,50 g L-Metionina 1,00 g Citrato de Hierro Amoniacal 2,00 g Cacodilato de sodio 3,00 g Glicerofosfato de Magnesio 1,50 g Excipientes&hellip;","_links":{"self":[{"href":"https:\/\/importadoracristinateran.com\/index.php?rest_route=\/wp\/v2\/product\/911","targetHints":{"allow":["GET"]}}],"collection":[{"href":"https:\/\/importadoracristinateran.com\/index.php?rest_route=\/wp\/v2\/product"}],"about":[{"href":"https:\/\/importadoracristinateran.com\/index.php?rest_route=\/wp\/v2\/types\/product"}],"replies":[{"embeddable":true,"href":"https:\/\/importadoracristinateran.com\/index.php?rest_route=%2Fwp%2Fv2%2Fcomments&post=911"}],"wp:featuredmedia":[{"embeddable":true,"href":"https:\/\/importadoracristinateran.com\/index.php?rest_route=\/wp\/v2\/media\/912"}],"wp:attachment":[{"href":"https:\/\/importadoracristinateran.com\/index.php?rest_route=%2Fwp%2Fv2%2Fmedia&parent=911"}],"wp:term":[{"taxonomy":"product_brand","embeddable":true,"href":"https:\/\/importadoracristinateran.com\/index.php?rest_route=%2Fwp%2Fv2%2Fproduct_brand&post=911"},{"taxonomy":"product_cat","embeddable":true,"href":"https:\/\/importadoracristinateran.com\/index.php?rest_route=%2Fwp%2Fv2%2Fproduct_cat&post=911"},{"taxonomy":"product_tag","embeddable":true,"href":"https:\/\/importadoracristinateran.com\/index.php?rest_route=%2Fwp%2Fv2%2Fproduct_tag&post=911"}],"curies":[{"name":"wp","href":"https:\/\/api.w.org\/{rel}","templated":true}]}}