{"id":913,"date":"2025-04-07T22:20:24","date_gmt":"2025-04-07T22:20:24","guid":{"rendered":"https:\/\/importadoracristinateran.com\/?post_type=product&#038;p=913"},"modified":"2025-05-09T23:28:31","modified_gmt":"2025-05-09T23:28:31","slug":"dmso-solucion","status":"publish","type":"product","link":"https:\/\/importadoracristinateran.com\/?product=dmso-solucion","title":{"rendered":"Dmso Soluci\u00f3n"},"content":{"rendered":"<h3><strong>Antinflamatorio y analg\u00e9sico<\/strong><\/h3>\n<p><strong>\u00a0<\/strong><strong>Composici\u00f3n:<\/strong><\/p>\n<p>Dimetilsulf\u00f3xido (DMSO) 90,0 ml<\/p>\n<p>Excipientes c.s.p. 100,0 ml<\/p>\n<p><strong>Indicaciones:<\/strong><\/p>\n<p>Antiinflamatorio, analg\u00e9sico de uso t\u00f3pico.<\/p>\n<p>Para el tratamiento de procesos inflamatorios de m\u00fasculos, tendones, articulaciones, ligamentos, bursitis, miositis; traumatismos diversos ocasionados por causas de origen deportivo, alivio del dolor muscular, luxaciones, contusiones; tratamiento de hematomas, edemas y seromas.<\/p>\n<p>Por su particularidad de penetraci\u00f3n, como transportador o veh\u00edculo de sustancias, antiinflamatorios no esteroideos (AINEs), antiinflamatorios esteroideos (AIEs) y antibi\u00f3ticos.\u00a0\u00a0\u00a0\u00a0\u00a0\u00a0\u00a0\u00a0 Posee asimismo un leve efecto diur\u00e9tico.<\/p>\n<p><strong>Especies animales a las que se destina:<\/strong><\/p>\n<p>Equinos, caninos y felinos.<\/p>\n<p><strong>V\u00eda de administraci\u00f3n:<\/strong><\/p>\n<p>T\u00f3pica. Colocar sobre la zona afectada limpia, con un pincel o hisopo de algod\u00f3n limpios.<\/p>\n<p>No aplicar sobre heridas abiertas, a menos que se pretenda usar su capacidad de solubilizar el col\u00e1geno para reblandecer costras y evitar la formaci\u00f3n de Queloides.<\/p>\n<p>Se recomienda el uso de guantes de goma para la aplicaci\u00f3n.<\/p>\n<p>De ser necesario se puede repetir 2 a 3 veces diarias, quedando a criterio del profesional actuante.<\/p>\n","protected":false},"excerpt":{"rendered":"<h3><strong>Antinflamatorio y analg\u00e9sico<\/strong><\/h3>\n<p><strong>\u00a0<\/strong><strong>Composici\u00f3n:<\/strong><\/p>\n<p>Dimetilsulf\u00f3xido (DMSO) 90,0 ml<\/p>\n<p>Excipientes c.s.p. 100,0 ml<\/p>\n<p><strong>Indicaciones:<\/strong><\/p>\n<p>Antiinflamatorio, analg\u00e9sico de uso t\u00f3pico.<\/p>\n<p>Para el tratamiento de procesos inflamatorios de m\u00fasculos, tendones, articulaciones, ligamentos, bursitis, miositis; traumatismos diversos ocasionados por causas de origen deportivo, alivio del dolor muscular, luxaciones, contusiones; tratamiento de hematomas, edemas y seromas.<\/p>\n<p>Por su particularidad de penetraci\u00f3n, como transportador o veh\u00edculo de sustancias, antiinflamatorios no esteroideos (AINEs), antiinflamatorios esteroideos (AIEs) y antibi\u00f3ticos.\u00a0\u00a0\u00a0\u00a0\u00a0\u00a0\u00a0\u00a0 Posee asimismo un leve efecto diur\u00e9tico.<\/p>\n","protected":false},"featured_media":914,"comment_status":"open","ping_status":"closed","template":"","meta":{"_uag_custom_page_level_css":"","site-sidebar-layout":"default","site-content-layout":"","ast-site-content-layout":"default","site-content-style":"default","site-sidebar-style":"default","ast-global-header-display":"","ast-banner-title-visibility":"","ast-main-header-display":"","ast-hfb-above-header-display":"","ast-hfb-below-header-display":"","ast-hfb-mobile-header-display":"","site-post-title":"","ast-breadcrumbs-content":"","ast-featured-img":"","footer-sml-layout":"","theme-transparent-header-meta":"default","adv-header-id-meta":"","stick-header-meta":"","header-above-stick-meta":"","header-main-stick-meta":"","header-below-stick-meta":"","astra-migrate-meta-layouts":"set","ast-page-background-enabled":"default","ast-page-background-meta":{"desktop":{"background-color":"var(--ast-global-color-5)","background-image":"","background-repeat":"repeat","background-position":"center center","background-size":"auto","background-attachment":"scroll","background-type":"","background-media":"","overlay-type":"","overlay-color":"","overlay-opacity":"","overlay-gradient":""},"tablet":{"background-color":"","background-image":"","background-repeat":"repeat","background-position":"center center","background-size":"auto","background-attachment":"scroll","background-type":"","background-media":"","overlay-type":"","overlay-color":"","overlay-opacity":"","overlay-gradient":""},"mobile":{"background-color":"","background-image":"","background-repeat":"repeat","background-position":"center center","background-size":"auto","background-attachment":"scroll","background-type":"","background-media":"","overlay-type":"","overlay-color":"","overlay-opacity":"","overlay-gradient":""}},"ast-content-background-meta":{"desktop":{"background-color":"var(--ast-global-color-4)","background-image":"","background-repeat":"repeat","background-position":"center center","background-size":"auto","background-attachment":"scroll","background-type":"","background-media":"","overlay-type":"","overlay-color":"","overlay-opacity":"","overlay-gradient":""},"tablet":{"background-color":"var(--ast-global-color-4)","background-image":"","background-repeat":"repeat","background-position":"center center","background-size":"auto","background-attachment":"scroll","background-type":"","background-media":"","overlay-type":"","overlay-color":"","overlay-opacity":"","overlay-gradient":""},"mobile":{"background-color":"var(--ast-global-color-4)","background-image":"","background-repeat":"repeat","background-position":"center center","background-size":"auto","background-attachment":"scroll","background-type":"","background-media":"","overlay-type":"","overlay-color":"","overlay-opacity":"","overlay-gradient":""}},"_joinchat":[]},"product_brand":[],"product_cat":[58],"product_tag":[],"class_list":{"0":"post-913","1":"product","2":"type-product","3":"status-publish","4":"has-post-thumbnail","6":"product_cat-labmicrosules","7":"desktop-align-left","8":"tablet-align-left","9":"mobile-align-left","11":"first","12":"instock","13":"shipping-taxable","14":"product-type-external"},"aioseo_notices":[],"uagb_featured_image_src":{"full":["https:\/\/importadoracristinateran.com\/wp-content\/uploads\/2025\/04\/DMSO_Soluci__n_4a8c5b0faf0f0.jpg",700,700,false],"thumbnail":["https:\/\/importadoracristinateran.com\/wp-content\/uploads\/2025\/04\/DMSO_Soluci__n_4a8c5b0faf0f0-150x150.jpg",150,150,true],"medium":["https:\/\/importadoracristinateran.com\/wp-content\/uploads\/2025\/04\/DMSO_Soluci__n_4a8c5b0faf0f0-300x300.jpg",300,300,true],"medium_large":["https:\/\/importadoracristinateran.com\/wp-content\/uploads\/2025\/04\/DMSO_Soluci__n_4a8c5b0faf0f0.jpg",700,700,false],"large":["https:\/\/importadoracristinateran.com\/wp-content\/uploads\/2025\/04\/DMSO_Soluci__n_4a8c5b0faf0f0.jpg",700,700,false],"1536x1536":["https:\/\/importadoracristinateran.com\/wp-content\/uploads\/2025\/04\/DMSO_Soluci__n_4a8c5b0faf0f0.jpg",700,700,false],"2048x2048":["https:\/\/importadoracristinateran.com\/wp-content\/uploads\/2025\/04\/DMSO_Soluci__n_4a8c5b0faf0f0.jpg",700,700,false],"woocommerce_thumbnail":["https:\/\/importadoracristinateran.com\/wp-content\/uploads\/2025\/04\/DMSO_Soluci__n_4a8c5b0faf0f0-300x300.jpg",300,300,true],"woocommerce_single":["https:\/\/importadoracristinateran.com\/wp-content\/uploads\/2025\/04\/DMSO_Soluci__n_4a8c5b0faf0f0-600x600.jpg",600,600,true],"woocommerce_gallery_thumbnail":["https:\/\/importadoracristinateran.com\/wp-content\/uploads\/2025\/04\/DMSO_Soluci__n_4a8c5b0faf0f0-100x100.jpg",100,100,true],"dgwt-wcas-product-suggestion":["https:\/\/importadoracristinateran.com\/wp-content\/uploads\/2025\/04\/DMSO_Soluci__n_4a8c5b0faf0f0-64x64.jpg",64,64,true]},"uagb_author_info":{"display_name":"mcris.import@gmail.com","author_link":"https:\/\/importadoracristinateran.com\/?author=0"},"uagb_comment_info":0,"uagb_excerpt":"Antinflamatorio y analg\u00e9sico \u00a0Composici\u00f3n: Dimetilsulf\u00f3xido (DMSO) 90,0 ml Excipientes c.s.p. 100,0 ml Indicaciones: Antiinflamatorio, analg\u00e9sico de uso t\u00f3pico. Para el tratamiento de procesos inflamatorios de m\u00fasculos, tendones, articulaciones, ligamentos, bursitis, miositis; traumatismos diversos ocasionados por causas de origen deportivo, alivio del dolor muscular, luxaciones, contusiones; tratamiento de hematomas, edemas y seromas. Por su particularidad de&hellip;","_links":{"self":[{"href":"https:\/\/importadoracristinateran.com\/index.php?rest_route=\/wp\/v2\/product\/913","targetHints":{"allow":["GET"]}}],"collection":[{"href":"https:\/\/importadoracristinateran.com\/index.php?rest_route=\/wp\/v2\/product"}],"about":[{"href":"https:\/\/importadoracristinateran.com\/index.php?rest_route=\/wp\/v2\/types\/product"}],"replies":[{"embeddable":true,"href":"https:\/\/importadoracristinateran.com\/index.php?rest_route=%2Fwp%2Fv2%2Fcomments&post=913"}],"wp:featuredmedia":[{"embeddable":true,"href":"https:\/\/importadoracristinateran.com\/index.php?rest_route=\/wp\/v2\/media\/914"}],"wp:attachment":[{"href":"https:\/\/importadoracristinateran.com\/index.php?rest_route=%2Fwp%2Fv2%2Fmedia&parent=913"}],"wp:term":[{"taxonomy":"product_brand","embeddable":true,"href":"https:\/\/importadoracristinateran.com\/index.php?rest_route=%2Fwp%2Fv2%2Fproduct_brand&post=913"},{"taxonomy":"product_cat","embeddable":true,"href":"https:\/\/importadoracristinateran.com\/index.php?rest_route=%2Fwp%2Fv2%2Fproduct_cat&post=913"},{"taxonomy":"product_tag","embeddable":true,"href":"https:\/\/importadoracristinateran.com\/index.php?rest_route=%2Fwp%2Fv2%2Fproduct_tag&post=913"}],"curies":[{"name":"wp","href":"https:\/\/api.w.org\/{rel}","templated":true}]}}